{"id":507,"date":"2019-11-11T20:27:41","date_gmt":"2019-11-11T19:27:41","guid":{"rendered":"https:\/\/agora.xtec.cat\/esc-santa-maria-avia\/?page_id=507"},"modified":"2023-01-28T16:51:24","modified_gmt":"2023-01-28T15:51:24","slug":"projectes-i-activitats-descola","status":"publish","type":"page","link":"https:\/\/agora.xtec.cat\/esc-santa-maria-avia\/projectes-i-activitats-descola\/","title":{"rendered":"Projectes i activitats d&#8217;escola"},"content":{"rendered":"<p class=\"_04xlpA direction-ltr align-start para-style-body\"><span style=\"color: #ff6600;\"><strong><span class=\"JsGRdQ\">Escola Verda:<\/span><\/strong><\/span><\/p>\n<p class=\"_04xlpA direction-ltr align-start para-style-body\"><span class=\"JsGRdQ\">Som respectuosos amb el medi. Hi ha un comit\u00e8 que vetlla per aconseguir una escola m\u00e9s sostenible.<\/span><\/p>\n<p><span style=\"color: #ff6600;\"><strong>Projecte AICLE:<\/strong><\/span><\/p>\n<p>Realitzaci\u00f3 de part d&#8217;\u00e0rees en llengua anglesa.\u00a0A Cicle Inicial es fan algunes sessions de pl\u00e0stica, a CM i CS una hora setmana de Science i a 6\u00e8 una sessi\u00f3 d&#8217;Educaci\u00f3 F\u00edsica.<\/p>\n<p class=\"_04xlpA direction-ltr align-start para-style-body\"><span style=\"color: #ff6600;\"><strong><span class=\"JsGRdQ\">Pla Catal\u00e0 de l\u2019Esport:<\/span><\/strong><\/span><\/p>\n<p class=\"_04xlpA direction-ltr align-start para-style-body\"><span class=\"JsGRdQ\">Gaudim aprenent nous jocs i esports (trobades esportives amb altres escoles, patis tem\u00e0tics, <\/span><span class=\"JsGRdQ\">foment de la participaci\u00f3 en activitats esportives comarcals, curs d\u2019esqu\u00ed escolar\u2026).<\/span><\/p>\n<p class=\"_04xlpA direction-ltr align-start para-style-body\"><span style=\"color: #ff6600;\"><strong><span class=\"JsGRdQ\">Esport Blanc Escolar:<\/span><\/strong><\/span><\/p>\n<p class=\"_04xlpA direction-ltr align-start para-style-body\"><span class=\"JsGRdQ\">Programa per acostar els esports d\u2019hivern als alumnes de Cicle Mitj\u00e0.<\/span><\/p>\n<p class=\"_04xlpA direction-ltr align-start para-style-body\"><span style=\"color: #ff6600;\"><strong><span class=\"JsGRdQ\">Taller de r\u00e0dio:<\/span><\/strong><\/span><\/p>\n<p class=\"_04xlpA direction-ltr align-start para-style-body\"><span class=\"JsGRdQ\">A<\/span><span class=\"JsGRdQ\">prenem amb les noves tecnologies i donem a con\u00e8ixer les activitats que fem.\u00a0<\/span><\/p>\n<p class=\"_04xlpA direction-ltr align-start para-style-body\"><span style=\"color: #ff6600;\"><strong><span class=\"JsGRdQ\">Revista L\u2019Esclopet: <\/span><\/strong><\/span><\/p>\n<p class=\"_04xlpA direction-ltr align-start para-style-body\"><span class=\"JsGRdQ\">Els alumnes de Cicle Mitj\u00e0 redactem i editem una revista.<\/span><\/p>\n<p class=\"_04xlpA direction-ltr align-start para-style-body\"><span style=\"color: #ff6600;\"><strong><span class=\"JsGRdQ\">Ambients a Educaci\u00f3 Infantil:<\/span><\/strong><\/span><\/p>\n<p class=\"_04xlpA direction-ltr align-start para-style-body\"><span class=\"JsGRdQ\">Fomentem l&#8217;autonomia, la creativitat i una actitud activa davant dels nous aprenentatges.<\/span><\/p>\n<p class=\"_04xlpA direction-ltr align-start para-style-body\"><span style=\"color: #ff6600;\"><strong><span class=\"JsGRdQ\">Treball per projectes: <\/span><\/strong><\/span><\/p>\n<p class=\"_04xlpA direction-ltr align-start para-style-body\"><span class=\"JsGRdQ\">Potenciem una metodologia de treball que ajuda als alumnes a aprendre a aprendre, els motiva a descobrir i, el m\u00e9s important, aconsegueixen un aprenentatge significatiu.<\/span><\/p>\n<p class=\"_04xlpA direction-ltr align-start para-style-body\"><span style=\"color: #ff6600;\"><strong><span class=\"JsGRdQ\">Padrins de lectura:<\/span><\/strong><\/span><\/p>\n<p class=\"_04xlpA direction-ltr align-start para-style-body\"><span class=\"JsGRdQ\">Aprenem junts a gaudir de la lectura.<\/span><\/p>\n<p class=\"_04xlpA direction-ltr align-start para-style-body\"><span style=\"color: #ff6600;\"><strong><span class=\"JsGRdQ\">Parelles de matem\u00e0tiques:<\/span><\/strong><\/span><\/p>\n<p class=\"_04xlpA direction-ltr align-start para-style-body\"><span class=\"JsGRdQ\">Aprenem entre iguals i ens adonem de la utilitat de les matem\u00e0tiques a la vida quotidiana.<\/span><\/p>\n<p class=\"_04xlpA direction-ltr align-start para-style-body\"><span class=\"JsGRdQ\">A trav\u00e9s de <strong><span style=\"color: #ff6600;\">l\u2019\u00fas de les <\/span><\/strong><\/span><strong><span style=\"color: #ff6600;\"><span class=\"JsGRdQ\">noves tecnologies<\/span><\/span><\/strong><span class=\"JsGRdQ\"> afavorim la construcci\u00f3 de coneixement dels infants.<\/span><\/p>\n<p class=\"_04xlpA direction-ltr align-start para-style-body\"><span style=\"color: #ff6600;\"><strong><span class=\"JsGRdQ\">Celebraci\u00f3 de les festes:<\/span><\/strong><\/span><\/p>\n<p class=\"_04xlpA direction-ltr align-start para-style-body\"><span class=\"JsGRdQ\">Gaudim de les festes com a part de la nostra cultura i com a punt de trobada.<\/span><\/p>\n<p class=\"_04xlpA direction-ltr align-start para-style-body\"><strong><span class=\"JsGRdQ\" style=\"color: #ff6600;\">Sortides escolars: <\/span><\/strong><\/p>\n<p class=\"_04xlpA direction-ltr align-start para-style-body\"><span class=\"JsGRdQ\">Aprenem de l\u2019entorn (excursions, teatres, obra de teatre en angl\u00e8s, activitats amb el Camp d\u2019Aprenentatge de l\u2019Alt Bergued\u00e0 i a l\u2019entorn proper).<\/span><\/p>\n<p class=\"_04xlpA direction-ltr align-start para-style-body\"><strong><span style=\"color: #ff6600;\"><span class=\"JsGRdQ\">Assemblees de classe i consell de delegats<\/span><span class=\"JsGRdQ\">: <\/span><\/span><\/strong><\/p>\n<p class=\"_04xlpA direction-ltr align-start para-style-body\"><span class=\"JsGRdQ\">Participem en el funcionament de la nostra escola.<\/span><\/p>\n<p class=\"_04xlpA direction-ltr align-start para-style-body\"><span style=\"color: #ff6600;\"><strong><span class=\"JsGRdQ\">Intercanvis intergeneracionals<\/span><span class=\"JsGRdQ\">: <\/span><\/strong><\/span><\/p>\n<p class=\"_04xlpA direction-ltr align-start para-style-body\"><span class=\"JsGRdQ\">Compartim experi\u00e8ncies amb la gent gran i els m\u00e9s petits.<\/span><\/p>\n<p class=\"_04xlpA direction-ltr align-start para-style-body\"><span style=\"color: #ff6600;\"><strong><span class=\"JsGRdQ\">Confer\u00e8ncies de 1r a 4t<\/span><span class=\"JsGRdQ\">: <\/span><\/strong><\/span><\/p>\n<p class=\"_04xlpA direction-ltr align-start para-style-body\"><span class=\"JsGRdQ\">Fem exposicions orals sobre temes que ens interessen.<\/span><\/p>\n<p class=\"_04xlpA direction-ltr align-start para-style-body\"><span class=\"JsGRdQ\" style=\"color: #ff6600;\"><strong>Tallers de pl\u00e0stica<\/strong>:<\/span><\/p>\n<p class=\"_04xlpA direction-ltr align-start para-style-body\"><span class=\"JsGRdQ\">Treballem diferents t\u00e8cniques juntament amb els\/les companys\/es del cicle.<\/span><\/p>\n<p class=\"_04xlpA direction-ltr align-start para-style-body\"><span style=\"color: #ff6600;\"><strong><span class=\"JsGRdQ\">Activitats d\u2019Aprenentatge-servei:<\/span><span class=\"JsGRdQ\">\u00a0 <\/span><\/strong><\/span><\/p>\n<p class=\"_04xlpA direction-ltr align-start para-style-body\"><span class=\"JsGRdQ\">Aprenem i realitzem un servei a la comunitat (Taller Coloma).<\/span><\/p>\n<p><strong><span style=\"color: #ff6600;\">Projecte Superfilharm\u00f2nics<\/span><\/strong><\/p>\n<p>Aprenem a tocar un instrument de vent.<\/p>\n<p><strong><span style=\"color: #ff6600;\">Capit\u00e0 Vitamines<\/span><\/strong><\/p>\n<p>Aprenem h\u00e0bits saludables.<\/p>\n\r\n\t<div class=\"slideshow_container slideshow_container_style-light\" style=\"height: 300px; \" data-slideshow-id=\"771\" data-style-name=\"style-light\" data-style-version=\"2.3.1\" >\r\n\r\n\t\t\t\t\t<div class=\"slideshow_loading_icon\"><\/div>\r\n\t\t\r\n\t\t<div class=\"slideshow_content\" style=\"display: none;\">\r\n\r\n\t\t\t<div class=\"slideshow_view\">\r\n\t\t\t\t<div class=\"slideshow_slide slideshow_slide_image\">\r\n\t\t\t\t\t\t\t\t\t\t\t<img src=\"https:\/\/agora.xtec.cat\/esc-santa-maria-avia\/wp-content\/uploads\/usu1515\/2020\/07\/p_ambients-2.jpg\" alt=\"Ambients Educaci\u00f3 Infantil\" width=\"1024\" height=\"682\" \/>\r\n\t\t\t\t\t\t\t\t\t\t<div class=\"slideshow_description_box slideshow_transparent\">\r\n\t\t\t\t\t\t<div class=\"slideshow_title\">Ambients Educaci\u00f3 Infantil<\/div>\t\t\t\t\t\t\t\t\t\t\t<\/div>\r\n\t\t\t\t<\/div>\r\n\r\n\t\t\t\t\t\t<div style=\"clear: both;\"><\/div><\/div><div class=\"slideshow_view\">\r\n\t\t\t\t<div class=\"slideshow_slide slideshow_slide_image\">\r\n\t\t\t\t\t\t\t\t\t\t\t<img src=\"https:\/\/agora.xtec.cat\/esc-santa-maria-avia\/wp-content\/uploads\/usu1515\/2020\/07\/p_ambients-1.jpg\" alt=\"Ambients Educaci\u00f3 Infantil\" width=\"1024\" height=\"682\" \/>\r\n\t\t\t\t\t\t\t\t\t\t<div class=\"slideshow_description_box slideshow_transparent\">\r\n\t\t\t\t\t\t<div class=\"slideshow_title\">Ambients Educaci\u00f3 Infantil<\/div>\t\t\t\t\t\t\t\t\t\t\t<\/div>\r\n\t\t\t\t<\/div>\r\n\r\n\t\t\t\t\t\t<div style=\"clear: both;\"><\/div><\/div><div class=\"slideshow_view\">\r\n\t\t\t\t<div class=\"slideshow_slide slideshow_slide_image\">\r\n\t\t\t\t\t\t\t\t\t\t\t<img src=\"https:\/\/agora.xtec.cat\/esc-santa-maria-avia\/wp-content\/uploads\/usu1515\/2020\/07\/p_conferencies-1.jpg\" alt=\"Confer\u00e8ncies\" width=\"1024\" height=\"768\" \/>\r\n\t\t\t\t\t\t\t\t\t\t<div class=\"slideshow_description_box slideshow_transparent\">\r\n\t\t\t\t\t\t<div class=\"slideshow_title\">Confer\u00e8ncies<\/div>\t\t\t\t\t\t\t\t\t\t\t<\/div>\r\n\t\t\t\t<\/div>\r\n\r\n\t\t\t\t\t\t<div style=\"clear: both;\"><\/div><\/div><div class=\"slideshow_view\">\r\n\t\t\t\t<div class=\"slideshow_slide slideshow_slide_image\">\r\n\t\t\t\t\t\t\t\t\t\t\t<img src=\"https:\/\/agora.xtec.cat\/esc-santa-maria-avia\/wp-content\/uploads\/usu1515\/2020\/07\/p_esport_blanc.jpg\" alt=\"Esport Blanc Escolar\" width=\"1024\" height=\"768\" \/>\r\n\t\t\t\t\t\t\t\t\t\t<div class=\"slideshow_description_box slideshow_transparent\">\r\n\t\t\t\t\t\t<div class=\"slideshow_title\">Esport Blanc Escolar<\/div>\t\t\t\t\t\t\t\t\t\t\t<\/div>\r\n\t\t\t\t<\/div>\r\n\r\n\t\t\t\t\t\t<div style=\"clear: both;\"><\/div><\/div><div class=\"slideshow_view\">\r\n\t\t\t\t<div class=\"slideshow_slide slideshow_slide_image\">\r\n\t\t\t\t\t\t\t\t\t\t\t<img src=\"https:\/\/agora.xtec.cat\/esc-santa-maria-avia\/wp-content\/uploads\/usu1515\/2020\/07\/p_informatica-1.jpg\" alt=\"Activitats de rob\u00f2tica\" width=\"1024\" height=\"682\" \/>\r\n\t\t\t\t\t\t\t\t\t\t<div class=\"slideshow_description_box slideshow_transparent\">\r\n\t\t\t\t\t\t<div class=\"slideshow_title\">Activitats de rob\u00f2tica<\/div>\t\t\t\t\t\t\t\t\t\t\t<\/div>\r\n\t\t\t\t<\/div>\r\n\r\n\t\t\t\t\t\t<div style=\"clear: both;\"><\/div><\/div><div class=\"slideshow_view\">\r\n\t\t\t\t<div class=\"slideshow_slide slideshow_slide_image\">\r\n\t\t\t\t\t\t\t\t\t\t\t<img src=\"https:\/\/agora.xtec.cat\/esc-santa-maria-avia\/wp-content\/uploads\/usu1515\/2020\/07\/p_parelles_lectores-1.jpg\" alt=\"Parelles lectores\" width=\"1024\" height=\"682\" \/>\r\n\t\t\t\t\t\t\t\t\t\t<div class=\"slideshow_description_box slideshow_transparent\">\r\n\t\t\t\t\t\t<div class=\"slideshow_title\">Parelles lectores<\/div>\t\t\t\t\t\t\t\t\t\t\t<\/div>\r\n\t\t\t\t<\/div>\r\n\r\n\t\t\t\t\t\t<div style=\"clear: both;\"><\/div><\/div><div class=\"slideshow_view\">\r\n\t\t\t\t<div class=\"slideshow_slide slideshow_slide_image\">\r\n\t\t\t\t\t\t\t\t\t\t\t<img src=\"https:\/\/agora.xtec.cat\/esc-santa-maria-avia\/wp-content\/uploads\/usu1515\/2020\/07\/pec_entorn.jpg\" alt=\"Sortides\" width=\"1024\" height=\"768\" \/>\r\n\t\t\t\t\t\t\t\t\t\t<div class=\"slideshow_description_box slideshow_transparent\">\r\n\t\t\t\t\t\t<div class=\"slideshow_title\">Sortides<\/div>\t\t\t\t\t\t\t\t\t\t\t<\/div>\r\n\t\t\t\t<\/div>\r\n\r\n\t\t\t\t\t\t<div style=\"clear: both;\"><\/div><\/div><div class=\"slideshow_view\">\r\n\t\t\t\t<div class=\"slideshow_slide slideshow_slide_image\">\r\n\t\t\t\t\t\t\t\t\t\t\t<img src=\"https:\/\/agora.xtec.cat\/esc-santa-maria-avia\/wp-content\/uploads\/usu1515\/2020\/07\/p_sortides-3.jpg\" alt=\"Sortides\" width=\"1024\" height=\"576\" \/>\r\n\t\t\t\t\t\t\t\t\t\t<div class=\"slideshow_description_box slideshow_transparent\">\r\n\t\t\t\t\t\t<div class=\"slideshow_title\">Sortides<\/div>\t\t\t\t\t\t\t\t\t\t\t<\/div>\r\n\t\t\t\t<\/div>\r\n\r\n\t\t\t\t\t\t<div style=\"clear: both;\"><\/div><\/div><div class=\"slideshow_view\">\r\n\t\t\t\t<div class=\"slideshow_slide slideshow_slide_image\">\r\n\t\t\t\t\t\t\t\t\t\t\t<img src=\"https:\/\/agora.xtec.cat\/esc-santa-maria-avia\/wp-content\/uploads\/usu1515\/2020\/07\/p_tallers-2.jpg\" alt=\"Tallers\" width=\"1024\" height=\"768\" \/>\r\n\t\t\t\t\t\t\t\t\t\t<div class=\"slideshow_description_box slideshow_transparent\">\r\n\t\t\t\t\t\t<div class=\"slideshow_title\">Tallers<\/div>\t\t\t\t\t\t\t\t\t\t\t<\/div>\r\n\t\t\t\t<\/div>\r\n\r\n\t\t\t\t\t\t<div style=\"clear: both;\"><\/div><\/div>\r\n\t\t<\/div>\r\n\r\n\t\t<div class=\"slideshow_controlPanel slideshow_transparent\" style=\"display: none;\"><ul><li class=\"slideshow_togglePlay\" data-play-text=\"Visualitza\" data-pause-text=\"Pausa\"><\/li><\/ul><\/div>\r\n\r\n\t\t<div class=\"slideshow_button slideshow_previous slideshow_transparent\" role=\"button\" data-previous-text=\"Anterior\" style=\"display: none;\"><\/div>\r\n\t\t<div class=\"slideshow_button slideshow_next slideshow_transparent\" role=\"button\" data-next-text=\"Seg\u00fcent\" style=\"display: none;\"><\/div>\r\n\r\n\t\t<div class=\"slideshow_pagination\" style=\"display: none;\" data-go-to-text=\"V\u00e9s a la diapositiva\"><div class=\"slideshow_pagination_center\"><\/div><\/div>\r\n\r\n\t\t<!-- WordPress Slideshow Version 2.3.1 -->\r\n\r\n\t\t\t<\/div>\r\n\r\n\n","protected":false},"excerpt":{"rendered":"<p>Escola Verda:<br \/>\nSom respectuosos amb el medi. Hi ha un comit\u00e8 que vetlla per aconseguir una escola m\u00e9s sostenible.<br \/>\nProjecte AICLE:<br \/>\nRealitzaci\u00f3 de part d&#8217;\u00e0rees en llengua anglesa.\u00a0A Cicle Inicial es fan algunes sessions de pl\u00e0stica, a CM i CS una hora setmana de Science i a 6\u00e8&hellip;  <a href=\"https:\/\/agora.xtec.cat\/esc-santa-maria-avia\/projectes-i-activitats-descola\/\" title=\"Read Projectes i activitats d&#8217;escola\">Llegeix m\u00e9s\u00bb<\/a><\/p>\n","protected":false},"author":1,"featured_media":0,"parent":0,"menu_order":0,"comment_status":"closed","ping_status":"closed","template":"","meta":{"_bbp_topic_count":0,"_bbp_reply_count":0,"_bbp_total_topic_count":0,"_bbp_total_reply_count":0,"_bbp_voice_count":0,"_bbp_anonymous_reply_count":0,"_bbp_topic_count_hidden":0,"_bbp_reply_count_hidden":0,"_bbp_forum_subforum_count":0,"footnotes":""},"class_list":["post-507","page","type-page","status-publish","hentry"],"post_mailing_queue_ids":[],"_links":{"self":[{"href":"https:\/\/agora.xtec.cat\/esc-santa-maria-avia\/wp-json\/wp\/v2\/pages\/507","targetHints":{"allow":["GET"]}}],"collection":[{"href":"https:\/\/agora.xtec.cat\/esc-santa-maria-avia\/wp-json\/wp\/v2\/pages"}],"about":[{"href":"https:\/\/agora.xtec.cat\/esc-santa-maria-avia\/wp-json\/wp\/v2\/types\/page"}],"author":[{"embeddable":true,"href":"https:\/\/agora.xtec.cat\/esc-santa-maria-avia\/wp-json\/wp\/v2\/users\/1"}],"replies":[{"embeddable":true,"href":"https:\/\/agora.xtec.cat\/esc-santa-maria-avia\/wp-json\/wp\/v2\/comments?post=507"}],"version-history":[{"count":4,"href":"https:\/\/agora.xtec.cat\/esc-santa-maria-avia\/wp-json\/wp\/v2\/pages\/507\/revisions"}],"predecessor-version":[{"id":29900,"href":"https:\/\/agora.xtec.cat\/esc-santa-maria-avia\/wp-json\/wp\/v2\/pages\/507\/revisions\/29900"}],"wp:attachment":[{"href":"https:\/\/agora.xtec.cat\/esc-santa-maria-avia\/wp-json\/wp\/v2\/media?parent=507"}],"curies":[{"name":"wp","href":"https:\/\/api.w.org\/{rel}","templated":true}]}}