{"id":36,"date":"2014-09-18T12:33:11","date_gmt":"2014-09-18T11:33:11","guid":{"rendered":"http:\/\/agora.xtec.cat\/esc-santa-maria-avia\/?page_id=36"},"modified":"2025-09-03T15:08:09","modified_gmt":"2025-09-03T13:08:09","slug":"material-escolar","status":"publish","type":"page","link":"https:\/\/agora.xtec.cat\/esc-santa-maria-avia\/lescola\/material-escolar\/","title":{"rendered":"Equip educatiu"},"content":{"rendered":"<p><span class=\"JsGRdQ\">L&#8217;equip docent de l&#8217;escola est\u00e0 format per <strong>21<\/strong><span style=\"color: #ff6600;\"><span style=\"color: #000000;\"><strong>\u00a0mestres, <\/strong>amb \u00a0e<\/span><\/span><span style=\"color: #000000;\">s<\/span>pecialistes de llengua anglesa, educaci\u00f3 musical, educaci\u00f3 f\u00edsica, educaci\u00f3 especial i religi\u00f3.<\/span><\/p>\n<p><span style=\"color: #000000;\"><strong>L&#8217;equip directiu<\/strong> est\u00e0 format per:<\/span><\/p>\n<ul>\n<li><span style=\"color: #000000;\">Directora: Queralt M\u00e0rquez Sala<\/span><\/li>\n<li><span style=\"color: #000000;\">Cap d&#8217;estudis: Elisabet Mas Vidal<\/span><\/li>\n<li><span style=\"color: #000000;\">Secret\u00e0ria: Anna Belmonte Gonfaus<\/span><\/li>\n<\/ul>\n<p><span class=\"JsGRdQ\" style=\"color: #000000;\">Tamb\u00e9 es disposa dels serveis dels seg\u00fcents <strong>professionals externs<\/strong>:<\/span><\/p>\n<ul>\n<li><span class=\"JsGRdQ\" style=\"color: #000000;\">Psicopedagoga i treballador social de l\u2019EAP<\/span><\/li>\n<li><span class=\"JsGRdQ\" style=\"color: #000000;\">Educador social Ajuntament<\/span><\/li>\n<li><span class=\"JsGRdQ\" style=\"color: #000000;\">Logopeda del CREDA<\/span><\/li>\n<\/ul>\n<p><span style=\"color: #000000;\">El <strong>personal no docent<\/strong> est\u00e0 format per:<\/span><\/p>\n<ul>\n<li><span style=\"color: #000000;\">Auxiliar administrativa<\/span><\/li>\n<li><span style=\"color: #000000;\">Conserge<\/span><\/li>\n<li><span style=\"color: #000000;\">Bibliotec\u00e0ria<\/span><\/li>\n<\/ul>\n<p><span style=\"color: #000000;\">El <strong>servei de menjador<\/strong> compta amb 8 monitors\/es i hi ha 3 persones treballant a la cuina.<\/span><\/p>\n","protected":false},"excerpt":{"rendered":"<p>L&#8217;equip docent de l&#8217;escola est\u00e0 format per 21\u00a0mestres, amb \u00a0especialistes de llengua anglesa, educaci\u00f3 musical, educaci\u00f3 f\u00edsica, educaci\u00f3 especial i religi\u00f3.<br \/>\nL&#8217;equip directiu est\u00e0 format per:<\/p>\n<ul>\n<li>Directora: Queralt M\u00e0rquez Sala<\/li>\n<li>Cap d&#8217;estudis: Elisabet Mas Vidal<\/li>\n<li>Secret\u00e0ria: Anna Belmonte Gonfaus<\/li>\n<\/ul>\n<p>Tamb\u00e9 es disposa dels serveis dels seg\u00fcents professionals externs:<\/p>\n<ul>\n<li>Psicopedagoga i treballador&hellip;  <a href=\"https:\/\/agora.xtec.cat\/esc-santa-maria-avia\/lescola\/material-escolar\/\" title=\"Read Equip educatiu\">Llegeix m\u00e9s\u00bb<\/a><br \/>\n","protected":false},"author":1,"featured_media":0,"parent":22,"menu_order":40,"comment_status":"closed","ping_status":"closed","template":"page-templates\/side-menu.php","meta":{"_bbp_topic_count":0,"_bbp_reply_count":0,"_bbp_total_topic_count":0,"_bbp_total_reply_count":0,"_bbp_voice_count":0,"_bbp_anonymous_reply_count":0,"_bbp_topic_count_hidden":0,"_bbp_reply_count_hidden":0,"_bbp_forum_subforum_count":0,"footnotes":""},"class_list":["post-36","page","type-page","status-publish","hentry"],"post_mailing_queue_ids":[],"_links":{"self":[{"href":"https:\/\/agora.xtec.cat\/esc-santa-maria-avia\/wp-json\/wp\/v2\/pages\/36","targetHints":{"allow":["GET"]}}],"collection":[{"href":"https:\/\/agora.xtec.cat\/esc-santa-maria-avia\/wp-json\/wp\/v2\/pages"}],"about":[{"href":"https:\/\/agora.xtec.cat\/esc-santa-maria-avia\/wp-json\/wp\/v2\/types\/page"}],"author":[{"embeddable":true,"href":"https:\/\/agora.xtec.cat\/esc-santa-maria-avia\/wp-json\/wp\/v2\/users\/1"}],"replies":[{"embeddable":true,"href":"https:\/\/agora.xtec.cat\/esc-santa-maria-avia\/wp-json\/wp\/v2\/comments?post=36"}],"version-history":[{"count":5,"href":"https:\/\/agora.xtec.cat\/esc-santa-maria-avia\/wp-json\/wp\/v2\/pages\/36\/revisions"}],"predecessor-version":[{"id":30919,"href":"https:\/\/agora.xtec.cat\/esc-santa-maria-avia\/wp-json\/wp\/v2\/pages\/36\/revisions\/30919"}],"up":[{"embeddable":true,"href":"https:\/\/agora.xtec.cat\/esc-santa-maria-avia\/wp-json\/wp\/v2\/pages\/22"}],"wp:attachment":[{"href":"https:\/\/agora.xtec.cat\/esc-santa-maria-avia\/wp-json\/wp\/v2\/media?parent=36"}],"curies":[{"name":"wp","href":"https:\/\/api.w.org\/{rel}","templated":true}]}}