{"id":28,"date":"2014-09-18T12:29:35","date_gmt":"2014-09-18T11:29:35","guid":{"rendered":"http:\/\/agora.xtec.cat\/esc-santa-maria-avia\/?page_id=28"},"modified":"2024-12-02T15:15:16","modified_gmt":"2024-12-02T14:15:16","slug":"consell-escolar","status":"publish","type":"page","link":"https:\/\/agora.xtec.cat\/esc-santa-maria-avia\/lescola\/consell-escolar\/","title":{"rendered":"Consell escolar"},"content":{"rendered":"<p>Composici\u00f3 del Consell Escolar:<\/p>\n<div class=\"row\" style=\"margin-bottom: 1em !important;\">\n<div class=\"small-12 large-6 columns\">Directora:<\/div>\n<div class=\"small-12 large-6 columns\">Queralt M\u00e0rquez Sala<\/div>\n<\/div>\n<div class=\"row\" style=\"margin-bottom: 1em !important;\">\n<div class=\"small-12 large-6 columns\">Cap d&#8217;estudis:<\/div>\n<div class=\"small-12 large-6 columns\">Montse Perarnau Viladomat<\/div>\n<\/div>\n<div class=\"row\" style=\"margin-bottom: 1em !important;\">\n<div class=\"small-12 large-6 columns\">Secret\u00e0ria:<\/div>\n<div class=\"small-12 large-6 columns\">Carme Freixa Escriu<\/div>\n<\/div>\n<div class=\"row\" style=\"margin-bottom: 1em !important;\">\n<div class=\"small-12 large-6 columns\">Sector mestres:<\/div>\n<div class=\"small-12 large-6 columns\"><span style=\"font-weight: 400;\">Elisabet Calv\u00e9s Canudas, Bet Mas Vidal, Mar Fidalgo Mestre, Anna Belmonte Gonfaus, Sandra Al\u00edas Tort i Meritxell Serra Corominas<br \/>\n<\/span><\/div>\n<\/div>\n<div class=\"row\" style=\"margin-bottom: 1em !important;\">\n<div class=\"small-12 large-6 columns\">Sector fam\u00edlies:<\/div>\n<div class=\"small-12 large-6 columns\"><span style=\"font-weight: 400;\">Esther Mej\u00edas Manzano, Anna Febrero Torner, Xavier Mart\u00edn Fern\u00e1ndez, Lea Llorens S\u00e1nchez i Marta Sim\u00f3n Rovira<\/span><span style=\"font-weight: 400;\">\u00a0<\/span><\/div>\n<\/div>\n<div class=\"row\" style=\"margin-bottom: 1em !important;\">\n<div class=\"small-12 large-6 columns\">AFA:<\/div>\n<div class=\"small-12 large-6 columns\">Anna Romera Ramos<\/div>\n<\/div>\n<div class=\"row\" style=\"margin-bottom: 1em !important;\">\n<div class=\"small-12 large-6 columns\">Ajuntament:<\/div>\n<div class=\"small-12 large-6 columns\">Patrocini Canal Burniol<\/div>\n<\/div>\n<div class=\"row\" style=\"margin-bottom: 1em !important;\">\n<div class=\"small-12 large-6 columns\">Personal d&#8217;aministraci\u00f3 i serveis<\/div>\n<div class=\"small-12 large-6 columns\">\u00c0lex Fuster Hurtado<\/div>\n<\/div>\n<div><\/div>\n<div>\n<p>&nbsp;<\/p>\n<\/div>\n","protected":false},"excerpt":{"rendered":"<p>Composici\u00f3 del Consell Escolar:<\/p>\n<p>Directora:<br \/>\nQueralt M\u00e0rquez Sala<\/p>\n<p>Cap d&#8217;estudis:<br \/>\nMontse Perarnau Viladomat<\/p>\n<p>Secret\u00e0ria:<br \/>\nCarme Freixa Escriu<\/p>\n<p>Sector mestres:<br \/>\nElisabet Calv\u00e9s Canudas, Bet Mas Vidal, Mar Fidalgo Mestre, Anna Belmonte Gonfaus, Sandra Al\u00edas Tort i Meritxell Serra Corominas<\/p>\n<p>Sector fam\u00edlies:<br \/>\nEsther Mej\u00edas Manzano, Anna Febrero Torner, Xavier Mart\u00edn Fern\u00e1ndez, Lea Llorens S\u00e1nchez i Marta Sim\u00f3n&hellip;  <a href=\"https:\/\/agora.xtec.cat\/esc-santa-maria-avia\/lescola\/consell-escolar\/\" title=\"Read Consell escolar\">Llegeix m\u00e9s\u00bb<\/a><\/p>\n","protected":false},"author":1,"featured_media":0,"parent":22,"menu_order":50,"comment_status":"closed","ping_status":"closed","template":"page-templates\/side-menu.php","meta":{"_bbp_topic_count":0,"_bbp_reply_count":0,"_bbp_total_topic_count":0,"_bbp_total_reply_count":0,"_bbp_voice_count":0,"_bbp_anonymous_reply_count":0,"_bbp_topic_count_hidden":0,"_bbp_reply_count_hidden":0,"_bbp_forum_subforum_count":0,"footnotes":""},"class_list":["post-28","page","type-page","status-publish","hentry"],"post_mailing_queue_ids":[],"_links":{"self":[{"href":"https:\/\/agora.xtec.cat\/esc-santa-maria-avia\/wp-json\/wp\/v2\/pages\/28","targetHints":{"allow":["GET"]}}],"collection":[{"href":"https:\/\/agora.xtec.cat\/esc-santa-maria-avia\/wp-json\/wp\/v2\/pages"}],"about":[{"href":"https:\/\/agora.xtec.cat\/esc-santa-maria-avia\/wp-json\/wp\/v2\/types\/page"}],"author":[{"embeddable":true,"href":"https:\/\/agora.xtec.cat\/esc-santa-maria-avia\/wp-json\/wp\/v2\/users\/1"}],"replies":[{"embeddable":true,"href":"https:\/\/agora.xtec.cat\/esc-santa-maria-avia\/wp-json\/wp\/v2\/comments?post=28"}],"version-history":[{"count":7,"href":"https:\/\/agora.xtec.cat\/esc-santa-maria-avia\/wp-json\/wp\/v2\/pages\/28\/revisions"}],"predecessor-version":[{"id":30686,"href":"https:\/\/agora.xtec.cat\/esc-santa-maria-avia\/wp-json\/wp\/v2\/pages\/28\/revisions\/30686"}],"up":[{"embeddable":true,"href":"https:\/\/agora.xtec.cat\/esc-santa-maria-avia\/wp-json\/wp\/v2\/pages\/22"}],"wp:attachment":[{"href":"https:\/\/agora.xtec.cat\/esc-santa-maria-avia\/wp-json\/wp\/v2\/media?parent=28"}],"curies":[{"name":"wp","href":"https:\/\/api.w.org\/{rel}","templated":true}]}}