{"id":26,"date":"2014-09-18T12:24:32","date_gmt":"2014-09-18T11:24:32","guid":{"rendered":"http:\/\/agora.xtec.cat\/esc-santa-maria-avia\/?page_id=26"},"modified":"2021-10-11T13:48:56","modified_gmt":"2021-10-11T11:48:56","slug":"historia","status":"publish","type":"page","link":"https:\/\/agora.xtec.cat\/esc-santa-maria-avia\/lescola\/historia\/","title":{"rendered":"Hist\u00f2ria"},"content":{"rendered":"<p>A la primavera de 1977, despr\u00e9s de deu anys de treball i d&#8217;esfor\u00e7, la coalici\u00f3 formada per un comunista conven\u00e7ut, un capell\u00e0, un representant dels caps de fam\u00edlia del poble, un alcalde accidental i el seu amic, diputat franquista, va aconseguir que el poble d&#8217;Avi\u00e0 compt\u00e9s amb una escola adequada als nous temps. La bona entesa i la capacitat de treballar vers un objectiu com\u00fa per sobre de les idees personals, que van donar cos a la nostra escola, havien de ser i han estat, els que sens dubte l&#8217;han dotat de personalitat pr\u00f2pia. Aix\u00ed doncs, fer dels principis democr\u00e0tics una manera de viure i, retrobar la nostra catalanitat tants anys silenciada, van ser des del seu comen\u00e7ament les directrius cap on encaminar la tasca docent.<\/p>\n<p>Al curs 1981-82 la fundaci\u00f3 Jaume I ens va atorgar el Premi Baldiri Reixac en reconeixement a la tasca portada a terme vers la catalanitzaci\u00f3 de l&#8217;escola. Sens dubte rebre un premi com aquest \u00e9s un motiu d&#8217;alegria, per\u00f2 en el si del nostre centre sabem que la manera d&#8217;avan\u00e7ar \u00e9s amb el treball que fem dia a dia, que no surt als diaris, per\u00f2 que es nota al llarg del temps. Conven\u00e7uts que aquest \u00e9s el cam\u00ed adequat hem anat participant i aplicant diversos projectes i programes d&#8217;innovaci\u00f3 pedag\u00f2gica amb la finalitat de millorar tant el curr\u00edculum de les diferents disciplines (l&#8217;aprenentatge de la lectoescriptura segons la teoria constructivista, l&#8217;ensenyament de les Ci\u00e8ncies segons els programes Ci\u00e8ncia 6-12 i Ci\u00e8ncia 3-6, l\u00b4avan\u00e7ament de la llengua anglesa a Educaci\u00f3 Infantil, la introducci\u00f3 de les noves tecnologies a tots els nivells, escola inclusiva, etc.), com els principis i valors, promovent el sentit \u00e8tic i c\u00edvic vers l&#8217;entorn en el Projecte Escoles Verdes, fomentant la solidaritat vers altres realitats participant en el projecte d\u2019agermanament de l\u00b4Ateneu d\u00b4Avi\u00e0 amb la poblaci\u00f3 ind\u00edgena de Charcay, afavorint les relacions intergeneracionals treballant peri\u00f2dicament amb el grup de la Gent Gran.<\/p>\n<p>Que els nostres alumnes aprenguin a aprendre i a conviure \u00e9s sens dubte l\u2019objectiu final del nostre treball. Aprendre a aprendre per poder adaptar-se a una societat sovint canviant, aprendre a conviure en el seu si com a ciutadans participatius, responsables i respectuosos amb l&#8217;entorn i les persones, de manera que anar a l&#8217;escola es converteixi en una experi\u00e8ncia gratificant.<\/p>\n","protected":false},"excerpt":{"rendered":"<p>A la primavera de 1977, despr\u00e9s de deu anys de treball i d&#8217;esfor\u00e7, la coalici\u00f3 formada per un comunista conven\u00e7ut, un capell\u00e0, un representant dels caps de fam\u00edlia del poble, un alcalde accidental i el seu amic, diputat franquista, va aconseguir que el poble d&#8217;Avi\u00e0&hellip;  <a href=\"https:\/\/agora.xtec.cat\/esc-santa-maria-avia\/lescola\/historia\/\" title=\"Read Hist\u00f2ria\">Llegeix m\u00e9s\u00bb<\/a><\/p>\n","protected":false},"author":1,"featured_media":0,"parent":22,"menu_order":30,"comment_status":"closed","ping_status":"closed","template":"page-templates\/side-menu.php","meta":{"_bbp_topic_count":0,"_bbp_reply_count":0,"_bbp_total_topic_count":0,"_bbp_total_reply_count":0,"_bbp_voice_count":0,"_bbp_anonymous_reply_count":0,"_bbp_topic_count_hidden":0,"_bbp_reply_count_hidden":0,"_bbp_forum_subforum_count":0,"footnotes":""},"class_list":["post-26","page","type-page","status-publish","hentry"],"post_mailing_queue_ids":[],"_links":{"self":[{"href":"https:\/\/agora.xtec.cat\/esc-santa-maria-avia\/wp-json\/wp\/v2\/pages\/26","targetHints":{"allow":["GET"]}}],"collection":[{"href":"https:\/\/agora.xtec.cat\/esc-santa-maria-avia\/wp-json\/wp\/v2\/pages"}],"about":[{"href":"https:\/\/agora.xtec.cat\/esc-santa-maria-avia\/wp-json\/wp\/v2\/types\/page"}],"author":[{"embeddable":true,"href":"https:\/\/agora.xtec.cat\/esc-santa-maria-avia\/wp-json\/wp\/v2\/users\/1"}],"replies":[{"embeddable":true,"href":"https:\/\/agora.xtec.cat\/esc-santa-maria-avia\/wp-json\/wp\/v2\/comments?post=26"}],"version-history":[{"count":3,"href":"https:\/\/agora.xtec.cat\/esc-santa-maria-avia\/wp-json\/wp\/v2\/pages\/26\/revisions"}],"predecessor-version":[{"id":29196,"href":"https:\/\/agora.xtec.cat\/esc-santa-maria-avia\/wp-json\/wp\/v2\/pages\/26\/revisions\/29196"}],"up":[{"embeddable":true,"href":"https:\/\/agora.xtec.cat\/esc-santa-maria-avia\/wp-json\/wp\/v2\/pages\/22"}],"wp:attachment":[{"href":"https:\/\/agora.xtec.cat\/esc-santa-maria-avia\/wp-json\/wp\/v2\/media?parent=26"}],"curies":[{"name":"wp","href":"https:\/\/api.w.org\/{rel}","templated":true}]}}