{"id":805,"date":"2018-07-17T14:17:21","date_gmt":"2018-07-17T12:17:21","guid":{"rendered":"http:\/\/agora.xtec.cat\/esc-sant-esteve-de-guialbes\/?page_id=805"},"modified":"2025-04-12T21:42:43","modified_gmt":"2025-04-12T19:42:43","slug":"llengua-catalana","status":"publish","type":"page","link":"https:\/\/agora.xtec.cat\/esc-sant-esteve-de-guialbes\/projecte-educatiu\/llengua-catalana\/","title":{"rendered":"Llengua catalana i castellana"},"content":{"rendered":"<p>El catal\u00e0, com a llengua pr\u00f2pia de Catalunya, ho \u00e9s tamb\u00e9 de l\u2019ensenyament, i per tant \u00e9s la llengua vehicular de les diferents activitats d\u2019ensenyament i aprenentatge del centre. La llengua catalana \u00e9s l\u2019eina de cohesi\u00f3 i integraci\u00f3 entre totes les persones del centre i \u00e9s el vehicle d\u2019expressi\u00f3 de les diferents activitats acad\u00e8miques.<br \/>\nEn el nostre centre, per tal que l\u2019ensenyament de la llengua sigui m\u00e9s significatiu i contextualitzat, l\u2019\u00e0rea de llengua no s\u2019imparteix com a una assignatura a\u00efllada, sin\u00f3 que s\u2019enfoca de manera globalitzada integrant el seu estudi i aprenentatge en tota la resta d\u2019\u00e0rees i activitats d\u2019aprenentatge del centre a partir de la metodologia del treball per projectes que utilitzem a la nostra escola. El nostre objectiu \u00e9s\u00a0aconseguir un treball per projectes que acabi englobant totes les \u00e0rees, i que tingui la llengua com a vehicle de comunicaci\u00f3, fent-ne un treball m\u00e9s espec\u00edfic quan sigui necessari.<\/p>\n<p>Algunes de les activitats de llengua que realitzem s\u00f3n: confer\u00e8ncies, llibreta d&#8217;escriptura, diari d&#8217;aula, pr\u00e9stec de llibres i club de lectura.<\/p>\n\r\n\t<div class=\"slideshow_container slideshow_container_style-light\" style=\"height: 300px; \" data-slideshow-id=\"3878\" data-style-name=\"style-light\" data-style-version=\"2.3.1\" >\r\n\r\n\t\t\t\t\t<div class=\"slideshow_loading_icon\"><\/div>\r\n\t\t\r\n\t\t<div class=\"slideshow_content\" style=\"display: none;\">\r\n\r\n\t\t\t<div class=\"slideshow_view\">\r\n\t\t\t\t<div class=\"slideshow_slide slideshow_slide_image\">\r\n\t\t\t\t\t\t\t\t\t\t\t<img src=\"https:\/\/agora.xtec.cat\/esc-sant-esteve-de-guialbes\/wp-content\/uploads\/usu1805\/2024\/04\/A8A91806-2FD6-4C7F-987C-947D902C33A0.jpg\" alt=\"A8A91806-2FD6-4C7F-987C-947D902C33A0\" width=\"1440\" height=\"1440\" \/>\r\n\t\t\t\t\t\t\t\t\t\t<div class=\"slideshow_description_box slideshow_transparent\">\r\n\t\t\t\t\t\t<div class=\"slideshow_title\">A8A91806-2FD6-4C7F-987C-947D902C33A0<\/div>\t\t\t\t\t\t\t\t\t\t\t<\/div>\r\n\t\t\t\t<\/div>\r\n\r\n\t\t\t\t\t\t\r\n\t\t\t\t<div class=\"slideshow_slide slideshow_slide_image\">\r\n\t\t\t\t\t\t\t\t\t\t\t<img src=\"https:\/\/agora.xtec.cat\/esc-sant-esteve-de-guialbes\/wp-content\/uploads\/usu1805\/2024\/04\/5B7CE01F-6E28-403A-AB1D-BE056C8B94EA.jpg\" alt=\"5B7CE01F-6E28-403A-AB1D-BE056C8B94EA\" width=\"1440\" height=\"1440\" \/>\r\n\t\t\t\t\t\t\t\t\t\t<div class=\"slideshow_description_box slideshow_transparent\">\r\n\t\t\t\t\t\t<div class=\"slideshow_title\">5B7CE01F-6E28-403A-AB1D-BE056C8B94EA<\/div>\t\t\t\t\t\t\t\t\t\t\t<\/div>\r\n\t\t\t\t<\/div>\r\n\r\n\t\t\t\t\t\t<div style=\"clear: both;\"><\/div><\/div>\r\n\t\t<\/div>\r\n\r\n\t\t<div class=\"slideshow_controlPanel slideshow_transparent\" style=\"display: none;\"><ul><li class=\"slideshow_togglePlay\" data-play-text=\"Visualitza\" data-pause-text=\"Pausa\"><\/li><\/ul><\/div>\r\n\r\n\t\t<div class=\"slideshow_button slideshow_previous slideshow_transparent\" role=\"button\" data-previous-text=\"Anterior\" style=\"display: none;\"><\/div>\r\n\t\t<div class=\"slideshow_button slideshow_next slideshow_transparent\" role=\"button\" data-next-text=\"Seg\u00fcent\" style=\"display: none;\"><\/div>\r\n\r\n\t\t<div class=\"slideshow_pagination\" style=\"display: none;\" data-go-to-text=\"V\u00e9s a la diapositiva\"><div class=\"slideshow_pagination_center\"><\/div><\/div>\r\n\r\n\t\t<!-- WordPress Slideshow Version 2.3.1 -->\r\n\r\n\t\t\t<\/div>\r\n\r\n\n<p>La llengua castellana s\u2019introdueix de forma sistem\u00e0tica a 1r i es porta a terme al llarg de tota l\u2019educaci\u00f3 prim\u00e0ria. A I5 es comen\u00e7a a introduir l\u2019expressi\u00f3 oral en castell\u00e0 de manera l\u00fadica, a trav\u00e9s de can\u00e7ons, contes\u2026<\/p>\n<p>A\u00a0<strong>cicle inicial<\/strong>\u00a0es comen\u00e7a potenciant l\u2019<strong>\u00fas oral<\/strong>\u00a0de la llengua, per m\u00e9s endavant consolidar de forma efectiva la lectura i l\u2019escriptura.<\/p>\n<p>Tots els alumnes a partir de 2n, fan una<strong>\u00a0confer\u00e8ncia<\/strong>\u00a0en castell\u00e0 al llarg del curs. Ells escullen un tema lliure i es preparen una exposici\u00f3 oral amb la seva fam\u00edlia. Es converteixen en experts sobre el tema que han escollit, i a l\u2019hora de l\u2019exposici\u00f3 poden portar el material complementari que vulguin.<\/p>\n<p>Aquest curs 2024 &#8211; 2025, l&#8217;alumnat de 4t ha creat una hist\u00f2ria anomenada\u00a0<span style=\"text-decoration: underline;\"><strong>APOCALIPSIS<\/strong><\/span><span style=\"text-decoration: underline;\">,<\/span> on 13 cient\u00edfics i cient\u00edfiques investiguen en el seu laboratori tot sobre els virus. Investigant i provant, descobreixen que els virus es poden teletransportar, \u00e9s per aix\u00f2, que els virus estan per tot el m\u00f3n.<\/p>\n<p>Si en vols llegir m\u00e9s fes clic al seg\u00fcent enlla\u00e7: <a href=\"https:\/\/agora.xtec.cat\/esc-sant-esteve-de-guialbes\/wp-content\/uploads\/usu1805\/2025\/04\/APOCALIPSIS_compressed.pdf\">APOCALIPSIS<\/a><\/p>\n","protected":false},"excerpt":{"rendered":"<p>El catal\u00e0, com a llengua pr\u00f2pia de Catalunya, ho \u00e9s tamb\u00e9 de l\u2019ensenyament, i per tant \u00e9s la llengua vehicular [&hellip;]<\/p>\n","protected":false},"author":1,"featured_media":0,"parent":64,"menu_order":8,"comment_status":"closed","ping_status":"closed","template":"page-templates\/side-menu.php","meta":{"_bbp_topic_count":0,"_bbp_reply_count":0,"_bbp_total_topic_count":0,"_bbp_total_reply_count":0,"_bbp_voice_count":0,"_bbp_anonymous_reply_count":0,"_bbp_topic_count_hidden":0,"_bbp_reply_count_hidden":0,"_bbp_forum_subforum_count":0,"site-sidebar-layout":"default","site-content-layout":"","ast-site-content-layout":"default","site-content-style":"default","site-sidebar-style":"default","ast-global-header-display":"","ast-banner-title-visibility":"","ast-main-header-display":"","ast-hfb-above-header-display":"","ast-hfb-below-header-display":"","ast-hfb-mobile-header-display":"","site-post-title":"","ast-breadcrumbs-content":"","ast-featured-img":"","footer-sml-layout":"","theme-transparent-header-meta":"","adv-header-id-meta":"","stick-header-meta":"","header-above-stick-meta":"","header-main-stick-meta":"","header-below-stick-meta":"","astra-migrate-meta-layouts":"set","ast-page-background-enabled":"default","ast-page-background-meta":{"desktop":{"background-color":"var(--ast-global-color-4)","background-image":"","background-repeat":"repeat","background-position":"center center","background-size":"auto","background-attachment":"scroll","background-type":"","background-media":"","overlay-type":"","overlay-color":"","overlay-opacity":"","overlay-gradient":""},"tablet":{"background-color":"","background-image":"","background-repeat":"repeat","background-position":"center center","background-size":"auto","background-attachment":"scroll","background-type":"","background-media":"","overlay-type":"","overlay-color":"","overlay-opacity":"","overlay-gradient":""},"mobile":{"background-color":"","background-image":"","background-repeat":"repeat","background-position":"center center","background-size":"auto","background-attachment":"scroll","background-type":"","background-media":"","overlay-type":"","overlay-color":"","overlay-opacity":"","overlay-gradient":""}},"ast-content-background-meta":{"desktop":{"background-color":"var(--ast-global-color-5)","background-image":"","background-repeat":"repeat","background-position":"center center","background-size":"auto","background-attachment":"scroll","background-type":"","background-media":"","overlay-type":"","overlay-color":"","overlay-opacity":"","overlay-gradient":""},"tablet":{"background-color":"var(--ast-global-color-5)","background-image":"","background-repeat":"repeat","background-position":"center center","background-size":"auto","background-attachment":"scroll","background-type":"","background-media":"","overlay-type":"","overlay-color":"","overlay-opacity":"","overlay-gradient":""},"mobile":{"background-color":"var(--ast-global-color-5)","background-image":"","background-repeat":"repeat","background-position":"center center","background-size":"auto","background-attachment":"scroll","background-type":"","background-media":"","overlay-type":"","overlay-color":"","overlay-opacity":"","overlay-gradient":""}},"footnotes":""},"class_list":["post-805","page","type-page","status-publish","hentry"],"post_mailing_queue_ids":[],"_links":{"self":[{"href":"https:\/\/agora.xtec.cat\/esc-sant-esteve-de-guialbes\/wp-json\/wp\/v2\/pages\/805","targetHints":{"allow":["GET"]}}],"collection":[{"href":"https:\/\/agora.xtec.cat\/esc-sant-esteve-de-guialbes\/wp-json\/wp\/v2\/pages"}],"about":[{"href":"https:\/\/agora.xtec.cat\/esc-sant-esteve-de-guialbes\/wp-json\/wp\/v2\/types\/page"}],"author":[{"embeddable":true,"href":"https:\/\/agora.xtec.cat\/esc-sant-esteve-de-guialbes\/wp-json\/wp\/v2\/users\/1"}],"replies":[{"embeddable":true,"href":"https:\/\/agora.xtec.cat\/esc-sant-esteve-de-guialbes\/wp-json\/wp\/v2\/comments?post=805"}],"version-history":[{"count":6,"href":"https:\/\/agora.xtec.cat\/esc-sant-esteve-de-guialbes\/wp-json\/wp\/v2\/pages\/805\/revisions"}],"predecessor-version":[{"id":4095,"href":"https:\/\/agora.xtec.cat\/esc-sant-esteve-de-guialbes\/wp-json\/wp\/v2\/pages\/805\/revisions\/4095"}],"up":[{"embeddable":true,"href":"https:\/\/agora.xtec.cat\/esc-sant-esteve-de-guialbes\/wp-json\/wp\/v2\/pages\/64"}],"wp:attachment":[{"href":"https:\/\/agora.xtec.cat\/esc-sant-esteve-de-guialbes\/wp-json\/wp\/v2\/media?parent=805"}],"curies":[{"name":"wp","href":"https:\/\/api.w.org\/{rel}","templated":true}]}}