{"id":591,"date":"2018-05-17T10:26:57","date_gmt":"2018-05-17T08:26:57","guid":{"rendered":"http:\/\/agora.xtec.cat\/esc-sant-esteve-de-guialbes\/?page_id=591"},"modified":"2024-05-11T17:08:57","modified_gmt":"2024-05-11T15:08:57","slug":"english","status":"publish","type":"page","link":"https:\/\/agora.xtec.cat\/esc-sant-esteve-de-guialbes\/projecte-educatiu\/english\/","title":{"rendered":"English"},"content":{"rendered":"<p style=\"text-align: justify;\"><a href=\"https:\/\/agora.xtec.cat\/esc-sant-esteve-de-guialbes\/wp-content\/uploads\/usu1805\/2024\/05\/Angles-1.jpg\"><img loading=\"lazy\" decoding=\"async\" class=\" wp-image-3895 alignleft\" src=\"https:\/\/agora.xtec.cat\/esc-sant-esteve-de-guialbes\/wp-content\/uploads\/usu1805\/2024\/05\/Angles-1-768x1024.jpg\" alt=\"\" width=\"209\" height=\"279\" srcset=\"https:\/\/agora.xtec.cat\/esc-sant-esteve-de-guialbes\/wp-content\/uploads\/usu1805\/2024\/05\/Angles-1-768x1024.jpg 768w, https:\/\/agora.xtec.cat\/esc-sant-esteve-de-guialbes\/wp-content\/uploads\/usu1805\/2024\/05\/Angles-1-225x300.jpg 225w, https:\/\/agora.xtec.cat\/esc-sant-esteve-de-guialbes\/wp-content\/uploads\/usu1805\/2024\/05\/Angles-1.jpg 1024w\" sizes=\"auto, (max-width: 209px) 100vw, 209px\" \/><\/a>A la nostra escola introdu\u00efm la llengua anglesa a I3. Es tracta d\u2019un primer contacte en qu\u00e8 l&#8217;alumnat interactuen amb la mestra a partir de \u2018nursery rhymes\u2019 o contes breus. Durant aquestes estones es busca que l\u2019alumnat gaudeixi de la llengua anglesa i que s\u2019hi comenci a familiaritzar.<\/p>\n<p style=\"text-align: justify;\">A I4 i I5 ja disposem d\u2019estones m\u00e9s llargues en les que el treball gira al voltant de contes i can\u00e7ons. Partint d\u2019una tem\u00e0tica, realitzem activitats per promoure l&#8217;adquisici\u00f3 de vocabulari i estructures b\u00e0siques, com tamb\u00e9 per motivar l\u2019aprenentatge de l\u2019angl\u00e8s en situacions quotidianes pr\u00f2pies de l\u2019aula.<\/p>\n<p style=\"text-align: justify;\">A prim\u00e0ria es treballa la llengua anglesa a partir de diferents activitats per tal de permetre que l\u2019alumnat pugui adquirir les quatre habilitats b\u00e0siques Listening, Speaking, Reading i Writing. Aquestes habilitats es treballaran de manera progressiva, donant especial import\u00e0ncia a la comunicaci\u00f3 oral a Cicle Inicial, per anar progressant cap a una bona adquisici\u00f3 de la comunicaci\u00f3 escrita, apropiada a l\u2019edat, en acabar l\u2019educaci\u00f3 prim\u00e0ria.<\/p>\n<p style=\"text-align: justify;\">Amb l\u2019objectiu d\u2019incrementar el contacte de l\u2019alumnat amb l\u2019angl\u00e8s, realitzem un taller trimestral amb el grup de grans en aquesta llengua. Aquestes sessions es desenvolupen mitjan\u00e7ant la metodologia CLIL (Content and Language Integrated Learning) o AICLE (Aprenentatge integrat de continguts i llengua estrangera) en catal\u00e0.<\/p>\n","protected":false},"excerpt":{"rendered":"<p>A la nostra escola introdu\u00efm la llengua anglesa a I3. Es tracta d\u2019un primer contacte en qu\u00e8 l&#8217;alumnat interactuen amb [&hellip;]<\/p>\n","protected":false},"author":1,"featured_media":0,"parent":64,"menu_order":10,"comment_status":"closed","ping_status":"closed","template":"page-templates\/side-menu.php","meta":{"_bbp_topic_count":0,"_bbp_reply_count":0,"_bbp_total_topic_count":0,"_bbp_total_reply_count":0,"_bbp_voice_count":0,"_bbp_anonymous_reply_count":0,"_bbp_topic_count_hidden":0,"_bbp_reply_count_hidden":0,"_bbp_forum_subforum_count":0,"site-sidebar-layout":"default","site-content-layout":"","ast-site-content-layout":"","site-content-style":"default","site-sidebar-style":"default","ast-global-header-display":"","ast-banner-title-visibility":"","ast-main-header-display":"","ast-hfb-above-header-display":"","ast-hfb-below-header-display":"","ast-hfb-mobile-header-display":"","site-post-title":"","ast-breadcrumbs-content":"","ast-featured-img":"","footer-sml-layout":"","theme-transparent-header-meta":"","adv-header-id-meta":"","stick-header-meta":"","header-above-stick-meta":"","header-main-stick-meta":"","header-below-stick-meta":"","astra-migrate-meta-layouts":"default","ast-page-background-enabled":"default","ast-page-background-meta":{"desktop":{"background-color":"var(--ast-global-color-4)","background-image":"","background-repeat":"repeat","background-position":"center center","background-size":"auto","background-attachment":"scroll","background-type":"","background-media":"","overlay-type":"","overlay-color":"","overlay-opacity":"","overlay-gradient":""},"tablet":{"background-color":"","background-image":"","background-repeat":"repeat","background-position":"center center","background-size":"auto","background-attachment":"scroll","background-type":"","background-media":"","overlay-type":"","overlay-color":"","overlay-opacity":"","overlay-gradient":""},"mobile":{"background-color":"","background-image":"","background-repeat":"repeat","background-position":"center center","background-size":"auto","background-attachment":"scroll","background-type":"","background-media":"","overlay-type":"","overlay-color":"","overlay-opacity":"","overlay-gradient":""}},"ast-content-background-meta":{"desktop":{"background-color":"var(--ast-global-color-5)","background-image":"","background-repeat":"repeat","background-position":"center center","background-size":"auto","background-attachment":"scroll","background-type":"","background-media":"","overlay-type":"","overlay-color":"","overlay-opacity":"","overlay-gradient":""},"tablet":{"background-color":"var(--ast-global-color-5)","background-image":"","background-repeat":"repeat","background-position":"center center","background-size":"auto","background-attachment":"scroll","background-type":"","background-media":"","overlay-type":"","overlay-color":"","overlay-opacity":"","overlay-gradient":""},"mobile":{"background-color":"var(--ast-global-color-5)","background-image":"","background-repeat":"repeat","background-position":"center center","background-size":"auto","background-attachment":"scroll","background-type":"","background-media":"","overlay-type":"","overlay-color":"","overlay-opacity":"","overlay-gradient":""}},"footnotes":""},"class_list":["post-591","page","type-page","status-publish","hentry"],"post_mailing_queue_ids":[],"_links":{"self":[{"href":"https:\/\/agora.xtec.cat\/esc-sant-esteve-de-guialbes\/wp-json\/wp\/v2\/pages\/591","targetHints":{"allow":["GET"]}}],"collection":[{"href":"https:\/\/agora.xtec.cat\/esc-sant-esteve-de-guialbes\/wp-json\/wp\/v2\/pages"}],"about":[{"href":"https:\/\/agora.xtec.cat\/esc-sant-esteve-de-guialbes\/wp-json\/wp\/v2\/types\/page"}],"author":[{"embeddable":true,"href":"https:\/\/agora.xtec.cat\/esc-sant-esteve-de-guialbes\/wp-json\/wp\/v2\/users\/1"}],"replies":[{"embeddable":true,"href":"https:\/\/agora.xtec.cat\/esc-sant-esteve-de-guialbes\/wp-json\/wp\/v2\/comments?post=591"}],"version-history":[{"count":6,"href":"https:\/\/agora.xtec.cat\/esc-sant-esteve-de-guialbes\/wp-json\/wp\/v2\/pages\/591\/revisions"}],"predecessor-version":[{"id":3896,"href":"https:\/\/agora.xtec.cat\/esc-sant-esteve-de-guialbes\/wp-json\/wp\/v2\/pages\/591\/revisions\/3896"}],"up":[{"embeddable":true,"href":"https:\/\/agora.xtec.cat\/esc-sant-esteve-de-guialbes\/wp-json\/wp\/v2\/pages\/64"}],"wp:attachment":[{"href":"https:\/\/agora.xtec.cat\/esc-sant-esteve-de-guialbes\/wp-json\/wp\/v2\/media?parent=591"}],"curies":[{"name":"wp","href":"https:\/\/api.w.org\/{rel}","templated":true}]}}