{"id":3829,"date":"2024-02-26T16:06:05","date_gmt":"2024-02-26T15:06:05","guid":{"rendered":"https:\/\/agora.xtec.cat\/esc-sant-esteve-de-guialbes\/?page_id=3829"},"modified":"2024-05-11T17:26:08","modified_gmt":"2024-05-11T15:26:08","slug":"educacio-artistica-visual-i-plastica","status":"publish","type":"page","link":"https:\/\/agora.xtec.cat\/esc-sant-esteve-de-guialbes\/projecte-educatiu\/educacio-artistica-visual-i-plastica\/","title":{"rendered":"Educaci\u00f3 art\u00edstica &#8211; visual i pl\u00e0stica"},"content":{"rendered":"<p>Partim de la premissa que tots els \u00e9ssers humans tenim una mem\u00f2ria org\u00e0nica que \u00e9s universal i que s&#8217;expressa a trav\u00e9s del dibuix lliure i espontani.<\/p>\n<p><strong><a href=\"https:\/\/agora.xtec.cat\/esc-sant-esteve-de-guialbes\/wp-content\/uploads\/usu1805\/2024\/05\/Taller-art-i-creacio-infantil-1.jpg\"><img loading=\"lazy\" decoding=\"async\" class=\"wp-image-3899 alignleft\" src=\"https:\/\/agora.xtec.cat\/esc-sant-esteve-de-guialbes\/wp-content\/uploads\/usu1805\/2024\/05\/Taller-art-i-creacio-infantil-1-768x1024.jpg\" alt=\"\" width=\"256\" height=\"342\" srcset=\"https:\/\/agora.xtec.cat\/esc-sant-esteve-de-guialbes\/wp-content\/uploads\/usu1805\/2024\/05\/Taller-art-i-creacio-infantil-1-768x1024.jpg 768w, https:\/\/agora.xtec.cat\/esc-sant-esteve-de-guialbes\/wp-content\/uploads\/usu1805\/2024\/05\/Taller-art-i-creacio-infantil-1-225x300.jpg 225w, https:\/\/agora.xtec.cat\/esc-sant-esteve-de-guialbes\/wp-content\/uploads\/usu1805\/2024\/05\/Taller-art-i-creacio-infantil-1.jpg 1024w\" sizes=\"auto, (max-width: 256px) 100vw, 256px\" \/><\/a>EDUCACI\u00d3 INFANTIL i 1r\u00a0<\/strong><\/p>\n<p>Oferim un Taller d\u2019Expressi\u00f3 pl\u00e0stica basat els principis de l\u2019Educaci\u00f3 creadora, formulats pel pedagog Arno Stern. Aquest \u00e9s un espai on l\u2019alumne pot desenvolupar la seva capacitat d\u2019expressi\u00f3 a trav\u00e9s del tra\u00e7, la pintura, el modelat i creaci\u00f3 d\u2019objectes amb volum, sense valoracions ni judicis. L\u2019expressi\u00f3 pl\u00e0stica s\u2019ent\u00e9n aqu\u00ed com un joc natural i espontani en l\u2019infant, el paper de l\u2019educador \u00e9s el d\u2019assistent d\u2019aquest joc, est\u00e0 al servei de la manifestaci\u00f3 d\u2019aquest llenguatge espontani.<\/p>\n<p>S\u2019organitzar\u00e0 trimestralment com a:<br \/>\n-Taller de pintura<br \/>\n-Taller de modelatge en fang<br \/>\n-Taller dels invents (creaci\u00f3 d\u2019objectes a partir de materials de rebuig).<\/p>\n<ul>\n<li><strong>EDUCACI\u00d3 PRIM\u00c0RIA<\/strong><\/li>\n<\/ul>\n<p>El taller d\u2019educaci\u00f3 visual i pl\u00e0stica a l\u2019etapa de prim\u00e0ria estar\u00e0 orientat a desenvolupar les compet\u00e8ncies b\u00e0siques de l\u2019\u00e0mbit art\u00edstic.<\/p>\n<p><a href=\"https:\/\/agora.xtec.cat\/esc-sant-esteve-de-guialbes\/wp-content\/uploads\/usu1805\/2024\/05\/Plastica-1-e1715441100860.jpg\"><img loading=\"lazy\" decoding=\"async\" class=\"alignnone size-full wp-image-3901\" src=\"https:\/\/agora.xtec.cat\/esc-sant-esteve-de-guialbes\/wp-content\/uploads\/usu1805\/2024\/05\/Plastica-1-e1715441100860.jpg\" alt=\"\" width=\"1022\" height=\"466\" srcset=\"https:\/\/agora.xtec.cat\/esc-sant-esteve-de-guialbes\/wp-content\/uploads\/usu1805\/2024\/05\/Plastica-1-e1715441100860.jpg 1022w, https:\/\/agora.xtec.cat\/esc-sant-esteve-de-guialbes\/wp-content\/uploads\/usu1805\/2024\/05\/Plastica-1-e1715441100860-300x137.jpg 300w, https:\/\/agora.xtec.cat\/esc-sant-esteve-de-guialbes\/wp-content\/uploads\/usu1805\/2024\/05\/Plastica-1-e1715441100860-768x350.jpg 768w\" sizes=\"auto, (max-width: 1022px) 100vw, 1022px\" \/><\/a><\/p>\n","protected":false},"excerpt":{"rendered":"<p>Partim de la premissa que tots els \u00e9ssers humans tenim una mem\u00f2ria org\u00e0nica que \u00e9s universal i que s&#8217;expressa a [&hellip;]<\/p>\n","protected":false},"author":1,"featured_media":0,"parent":64,"menu_order":12,"comment_status":"closed","ping_status":"closed","template":"page-templates\/side-menu.php","meta":{"_bbp_topic_count":0,"_bbp_reply_count":0,"_bbp_total_topic_count":0,"_bbp_total_reply_count":0,"_bbp_voice_count":0,"_bbp_anonymous_reply_count":0,"_bbp_topic_count_hidden":0,"_bbp_reply_count_hidden":0,"_bbp_forum_subforum_count":0,"site-sidebar-layout":"default","site-content-layout":"","ast-site-content-layout":"","site-content-style":"default","site-sidebar-style":"default","ast-global-header-display":"","ast-banner-title-visibility":"","ast-main-header-display":"","ast-hfb-above-header-display":"","ast-hfb-below-header-display":"","ast-hfb-mobile-header-display":"","site-post-title":"","ast-breadcrumbs-content":"","ast-featured-img":"","footer-sml-layout":"","theme-transparent-header-meta":"","adv-header-id-meta":"","stick-header-meta":"","header-above-stick-meta":"","header-main-stick-meta":"","header-below-stick-meta":"","astra-migrate-meta-layouts":"default","ast-page-background-enabled":"default","ast-page-background-meta":{"desktop":{"background-color":"var(--ast-global-color-4)","background-image":"","background-repeat":"repeat","background-position":"center center","background-size":"auto","background-attachment":"scroll","background-type":"","background-media":"","overlay-type":"","overlay-color":"","overlay-opacity":"","overlay-gradient":""},"tablet":{"background-color":"","background-image":"","background-repeat":"repeat","background-position":"center center","background-size":"auto","background-attachment":"scroll","background-type":"","background-media":"","overlay-type":"","overlay-color":"","overlay-opacity":"","overlay-gradient":""},"mobile":{"background-color":"","background-image":"","background-repeat":"repeat","background-position":"center center","background-size":"auto","background-attachment":"scroll","background-type":"","background-media":"","overlay-type":"","overlay-color":"","overlay-opacity":"","overlay-gradient":""}},"ast-content-background-meta":{"desktop":{"background-color":"var(--ast-global-color-5)","background-image":"","background-repeat":"repeat","background-position":"center center","background-size":"auto","background-attachment":"scroll","background-type":"","background-media":"","overlay-type":"","overlay-color":"","overlay-opacity":"","overlay-gradient":""},"tablet":{"background-color":"var(--ast-global-color-5)","background-image":"","background-repeat":"repeat","background-position":"center center","background-size":"auto","background-attachment":"scroll","background-type":"","background-media":"","overlay-type":"","overlay-color":"","overlay-opacity":"","overlay-gradient":""},"mobile":{"background-color":"var(--ast-global-color-5)","background-image":"","background-repeat":"repeat","background-position":"center center","background-size":"auto","background-attachment":"scroll","background-type":"","background-media":"","overlay-type":"","overlay-color":"","overlay-opacity":"","overlay-gradient":""}},"footnotes":""},"class_list":["post-3829","page","type-page","status-publish","hentry"],"post_mailing_queue_ids":[],"_links":{"self":[{"href":"https:\/\/agora.xtec.cat\/esc-sant-esteve-de-guialbes\/wp-json\/wp\/v2\/pages\/3829","targetHints":{"allow":["GET"]}}],"collection":[{"href":"https:\/\/agora.xtec.cat\/esc-sant-esteve-de-guialbes\/wp-json\/wp\/v2\/pages"}],"about":[{"href":"https:\/\/agora.xtec.cat\/esc-sant-esteve-de-guialbes\/wp-json\/wp\/v2\/types\/page"}],"author":[{"embeddable":true,"href":"https:\/\/agora.xtec.cat\/esc-sant-esteve-de-guialbes\/wp-json\/wp\/v2\/users\/1"}],"replies":[{"embeddable":true,"href":"https:\/\/agora.xtec.cat\/esc-sant-esteve-de-guialbes\/wp-json\/wp\/v2\/comments?post=3829"}],"version-history":[{"count":5,"href":"https:\/\/agora.xtec.cat\/esc-sant-esteve-de-guialbes\/wp-json\/wp\/v2\/pages\/3829\/revisions"}],"predecessor-version":[{"id":3904,"href":"https:\/\/agora.xtec.cat\/esc-sant-esteve-de-guialbes\/wp-json\/wp\/v2\/pages\/3829\/revisions\/3904"}],"up":[{"embeddable":true,"href":"https:\/\/agora.xtec.cat\/esc-sant-esteve-de-guialbes\/wp-json\/wp\/v2\/pages\/64"}],"wp:attachment":[{"href":"https:\/\/agora.xtec.cat\/esc-sant-esteve-de-guialbes\/wp-json\/wp\/v2\/media?parent=3829"}],"curies":[{"name":"wp","href":"https:\/\/api.w.org\/{rel}","templated":true}]}}