{"id":38,"date":"2014-09-18T12:34:08","date_gmt":"2014-09-18T11:34:08","guid":{"rendered":"http:\/\/agora.xtec.cat\/esc-sant-esteve-de-guialbes\/?page_id=38"},"modified":"2025-11-17T11:07:15","modified_gmt":"2025-11-17T10:07:15","slug":"salut","status":"publish","type":"page","link":"https:\/\/agora.xtec.cat\/esc-sant-esteve-de-guialbes\/lescola\/salut\/","title":{"rendered":"Salut"},"content":{"rendered":"<h3><strong>Administraci\u00f3 de medicaments<\/strong><\/h3>\n<p>Per poder administrar medicaments a l&#8217;alumat, sempre que sigui imprescindible fer-ho en horari lectiu, cal que els pares, mares o tutors legals aportin un informe m\u00e8dic on consti el nom de l&#8217;alumne, el nom del medicament que ha de prendre i la pauta d&#8217;administraci\u00f3.<\/p>\n<p>Aix\u00ed mateix, els pares, mares o tutors legals han d&#8217;aportar una autoritzaci\u00f3 on es demani, al director o directora del centre educatiu, l&#8217;administraci\u00f3 al fill o filla del medicament prescrit d&#8217;acord amb les pautes que constin en l&#8217;informe esmentat i se n&#8217;autoritzi l&#8217;administraci\u00f3 als professionals del centre.<\/p>\n<p>En aquest sentit, cal assenyalar que els professionals del centre nom\u00e9s poden fer accions que no requereixen cap titulaci\u00f3 sanit\u00e0ria i que les poden fer els familiars o cuidadors, en general, dels fills sempre que hagin rebut ensinistrament previ (s&#8217;hi inclou l&#8217;administraci\u00f3 de f\u00e0rmacs d&#8217;\u00fas habitual en pediatria); tamb\u00e9 poden fer cures senzilles (d\u2019erosions i petites ferides), i tamb\u00e9 la primera atenci\u00f3 a qualsevol incident inesperat.<\/p>\n<p><a href=\"https:\/\/agora.xtec.cat\/esc-sant-esteve-de-guialbes\/wp-content\/uploads\/usu1805\/2025\/11\/4_Medicaments-25-26.pdf\">Autoritzaci\u00f3 medicaments 25-26<\/a><\/p>\n<h5><strong>Pediculosi (polls)<\/strong><\/h5>\n<p>La pediculosi (polls) es considera una malaltia contagiosa, per tant cal que els infants diagnosticats es quedin a casa fins haver fet el tractament i estar-ne exempts. Cal informar a l\u2019escola, per tal de passar una nota informativa a tothom.<\/p>\n<p>Qu\u00e8 s\u00f3n i qu\u00e8 hem de fer? Us deixem dos enlla\u00e7os que us poden ajudar.<\/p>\n<p><a href=\"https:\/\/canalsalut.gencat.cat\/ca\/detalls\/article\/Polls-00001\">Canal Salut gencat<\/a><\/p>\n<p><a href=\"https:\/\/www.ccma.cat\/3cat\/polls\/video\/3367290\/\">Qu\u00e8, qui, com &#8211; Polls<\/a><\/p>\n","protected":false},"excerpt":{"rendered":"<p>Administraci\u00f3 de medicaments Per poder administrar medicaments a l&#8217;alumat, sempre que sigui imprescindible fer-ho en horari lectiu, cal que els [&hellip;]<\/p>\n","protected":false},"author":1,"featured_media":0,"parent":22,"menu_order":80,"comment_status":"closed","ping_status":"closed","template":"page-templates\/side-menu.php","meta":{"_bbp_topic_count":0,"_bbp_reply_count":0,"_bbp_total_topic_count":0,"_bbp_total_reply_count":0,"_bbp_voice_count":0,"_bbp_anonymous_reply_count":0,"_bbp_topic_count_hidden":0,"_bbp_reply_count_hidden":0,"_bbp_forum_subforum_count":0,"site-sidebar-layout":"default","site-content-layout":"","ast-site-content-layout":"default","site-content-style":"default","site-sidebar-style":"default","ast-global-header-display":"","ast-banner-title-visibility":"","ast-main-header-display":"","ast-hfb-above-header-display":"","ast-hfb-below-header-display":"","ast-hfb-mobile-header-display":"","site-post-title":"","ast-breadcrumbs-content":"","ast-featured-img":"","footer-sml-layout":"","theme-transparent-header-meta":"","adv-header-id-meta":"","stick-header-meta":"","header-above-stick-meta":"","header-main-stick-meta":"","header-below-stick-meta":"","astra-migrate-meta-layouts":"set","ast-page-background-enabled":"default","ast-page-background-meta":{"desktop":{"background-color":"var(--ast-global-color-4)","background-image":"","background-repeat":"repeat","background-position":"center center","background-size":"auto","background-attachment":"scroll","background-type":"","background-media":"","overlay-type":"","overlay-color":"","overlay-opacity":"","overlay-gradient":""},"tablet":{"background-color":"","background-image":"","background-repeat":"repeat","background-position":"center center","background-size":"auto","background-attachment":"scroll","background-type":"","background-media":"","overlay-type":"","overlay-color":"","overlay-opacity":"","overlay-gradient":""},"mobile":{"background-color":"","background-image":"","background-repeat":"repeat","background-position":"center center","background-size":"auto","background-attachment":"scroll","background-type":"","background-media":"","overlay-type":"","overlay-color":"","overlay-opacity":"","overlay-gradient":""}},"ast-content-background-meta":{"desktop":{"background-color":"var(--ast-global-color-5)","background-image":"","background-repeat":"repeat","background-position":"center center","background-size":"auto","background-attachment":"scroll","background-type":"","background-media":"","overlay-type":"","overlay-color":"","overlay-opacity":"","overlay-gradient":""},"tablet":{"background-color":"var(--ast-global-color-5)","background-image":"","background-repeat":"repeat","background-position":"center center","background-size":"auto","background-attachment":"scroll","background-type":"","background-media":"","overlay-type":"","overlay-color":"","overlay-opacity":"","overlay-gradient":""},"mobile":{"background-color":"var(--ast-global-color-5)","background-image":"","background-repeat":"repeat","background-position":"center center","background-size":"auto","background-attachment":"scroll","background-type":"","background-media":"","overlay-type":"","overlay-color":"","overlay-opacity":"","overlay-gradient":""}},"footnotes":""},"class_list":["post-38","page","type-page","status-publish","hentry"],"post_mailing_queue_ids":[],"_links":{"self":[{"href":"https:\/\/agora.xtec.cat\/esc-sant-esteve-de-guialbes\/wp-json\/wp\/v2\/pages\/38","targetHints":{"allow":["GET"]}}],"collection":[{"href":"https:\/\/agora.xtec.cat\/esc-sant-esteve-de-guialbes\/wp-json\/wp\/v2\/pages"}],"about":[{"href":"https:\/\/agora.xtec.cat\/esc-sant-esteve-de-guialbes\/wp-json\/wp\/v2\/types\/page"}],"author":[{"embeddable":true,"href":"https:\/\/agora.xtec.cat\/esc-sant-esteve-de-guialbes\/wp-json\/wp\/v2\/users\/1"}],"replies":[{"embeddable":true,"href":"https:\/\/agora.xtec.cat\/esc-sant-esteve-de-guialbes\/wp-json\/wp\/v2\/comments?post=38"}],"version-history":[{"count":7,"href":"https:\/\/agora.xtec.cat\/esc-sant-esteve-de-guialbes\/wp-json\/wp\/v2\/pages\/38\/revisions"}],"predecessor-version":[{"id":4178,"href":"https:\/\/agora.xtec.cat\/esc-sant-esteve-de-guialbes\/wp-json\/wp\/v2\/pages\/38\/revisions\/4178"}],"up":[{"embeddable":true,"href":"https:\/\/agora.xtec.cat\/esc-sant-esteve-de-guialbes\/wp-json\/wp\/v2\/pages\/22"}],"wp:attachment":[{"href":"https:\/\/agora.xtec.cat\/esc-sant-esteve-de-guialbes\/wp-json\/wp\/v2\/media?parent=38"}],"curies":[{"name":"wp","href":"https:\/\/api.w.org\/{rel}","templated":true}]}}