{"id":3185,"date":"2022-05-28T17:44:48","date_gmt":"2022-05-28T15:44:48","guid":{"rendered":"https:\/\/agora.xtec.cat\/esc-sant-esteve-de-guialbes\/?page_id=3185"},"modified":"2022-10-08T16:59:20","modified_gmt":"2022-10-08T14:59:20","slug":"diagnosi","status":"publish","type":"page","link":"https:\/\/agora.xtec.cat\/esc-sant-esteve-de-guialbes\/pagines-dinici\/edc\/part-estrategica\/diagnosi\/","title":{"rendered":"Diagnosi"},"content":{"rendered":"<p><a class=\"button normal\" style=\"padding: 1em; font-weight: 400; margin: 0.1em; color: white !important; background-color: #0988a9;\" href=\"https:\/\/agora.xtec.cat\/esc-sant-esteve-de-guialbes\/documentacio\/edc\/part-estrategica\/diagnosi\/\" rel=\"noopener noreferrer\">DIAGNOSI<\/a> <a class=\"button normal\" style=\"padding: 1em; font-weight: 400; margin: 0.1em; color: white !important; background-color: #92ae01bf;\" href=\" https:\/\/agora.xtec.cat\/esc-sant-esteve-de-guialbes\/documentacio\/edc\/part-estrategica\/objectius\/ \" rel=\"noopener noreferrer\">OBJECTIUS<\/a> <a class=\"button normal\" style=\"padding: 1em; font-weight: 400; margin: 0.1em; color: white !important; background-color: #92ae01bf;\" href=\" https:\/\/agora.xtec.cat\/esc-sant-esteve-de-guialbes\/documentacio\/edc\/part-estrategica\/planificacio-i-seguiment\/ \" rel=\"noopener noreferrer\">PLANIFICACI\u00d3 I SEGUIMENT<\/a> <a class=\"button normal\" style=\"padding: 1em; font-weight: 400; margin: 0.1em; color: white !important; background-color: #92ae01bf;\" href=\"https:\/\/agora.xtec.cat\/esc-sant-esteve-de-guialbes\/documentacio\/edc\/part-estrategica\/avaluacio\/ \" rel=\"noopener noreferrer\">AVALUACI\u00d3<\/a><\/p>\n<p>Per fer la diagnosi, la comissi\u00f3 d\u2019estrat\u00e8gia digital del centre ha utilitzat els recursos seg\u00fcents:<\/p>\n<ul>\n<li><strong>Eina SELFIE.<\/strong> Aquesta eina est\u00e0 desenvolupada per la Uni\u00f3 Europea i ajuda als centres a fer una diagnosi sobre l\u2019\u00fas pedag\u00f2gic de la tecnologia al centre generant diferents q\u00fcestionari. Vam passar els q\u00fcestionaris a:\n<ul>\n<li>Equip directiu<\/li>\n<li>Professorat<\/li>\n<li>Alumnat (4t, 5\u00e8 i 6\u00e8)<\/li>\n<\/ul>\n<\/li>\n<li><strong>Enquesta<\/strong> sobre la compet\u00e8ncia digital instrumental del professorat.<\/li>\n<li><strong>Enquesta a les fam\u00edlies<\/strong> sobre la comunicaci\u00f3 escola-fam\u00edlies, la web del centre i l\u2019\u00fas responsable de les tecnologies i els seguiment a casa de les tasques digitals del alumnat.<\/li>\n<\/ul>\n<p>A partir de l\u2019an\u00e0lisi d\u2019aquestes eines, es detecten els punts forts i punts febles que ens permeten plantejar els objectius de l\u2019estrat\u00e8gia digital.<\/p>\n","protected":false},"excerpt":{"rendered":"<p>DIAGNOSI OBJECTIUS PLANIFICACI\u00d3 I SEGUIMENT AVALUACI\u00d3 Per fer la diagnosi, la comissi\u00f3 d\u2019estrat\u00e8gia digital del centre ha utilitzat els recursos [&hellip;]<\/p>\n","protected":false},"author":1,"featured_media":0,"parent":3116,"menu_order":0,"comment_status":"closed","ping_status":"closed","template":"","meta":{"_bbp_topic_count":0,"_bbp_reply_count":0,"_bbp_total_topic_count":0,"_bbp_total_reply_count":0,"_bbp_voice_count":0,"_bbp_anonymous_reply_count":0,"_bbp_topic_count_hidden":0,"_bbp_reply_count_hidden":0,"_bbp_forum_subforum_count":0,"site-sidebar-layout":"default","site-content-layout":"","ast-site-content-layout":"","site-content-style":"default","site-sidebar-style":"default","ast-global-header-display":"","ast-banner-title-visibility":"","ast-main-header-display":"","ast-hfb-above-header-display":"","ast-hfb-below-header-display":"","ast-hfb-mobile-header-display":"","site-post-title":"","ast-breadcrumbs-content":"","ast-featured-img":"","footer-sml-layout":"","theme-transparent-header-meta":"","adv-header-id-meta":"","stick-header-meta":"","header-above-stick-meta":"","header-main-stick-meta":"","header-below-stick-meta":"","astra-migrate-meta-layouts":"default","ast-page-background-enabled":"default","ast-page-background-meta":{"desktop":{"background-color":"var(--ast-global-color-4)","background-image":"","background-repeat":"repeat","background-position":"center center","background-size":"auto","background-attachment":"scroll","background-type":"","background-media":"","overlay-type":"","overlay-color":"","overlay-opacity":"","overlay-gradient":""},"tablet":{"background-color":"","background-image":"","background-repeat":"repeat","background-position":"center center","background-size":"auto","background-attachment":"scroll","background-type":"","background-media":"","overlay-type":"","overlay-color":"","overlay-opacity":"","overlay-gradient":""},"mobile":{"background-color":"","background-image":"","background-repeat":"repeat","background-position":"center center","background-size":"auto","background-attachment":"scroll","background-type":"","background-media":"","overlay-type":"","overlay-color":"","overlay-opacity":"","overlay-gradient":""}},"ast-content-background-meta":{"desktop":{"background-color":"var(--ast-global-color-5)","background-image":"","background-repeat":"repeat","background-position":"center center","background-size":"auto","background-attachment":"scroll","background-type":"","background-media":"","overlay-type":"","overlay-color":"","overlay-opacity":"","overlay-gradient":""},"tablet":{"background-color":"var(--ast-global-color-5)","background-image":"","background-repeat":"repeat","background-position":"center center","background-size":"auto","background-attachment":"scroll","background-type":"","background-media":"","overlay-type":"","overlay-color":"","overlay-opacity":"","overlay-gradient":""},"mobile":{"background-color":"var(--ast-global-color-5)","background-image":"","background-repeat":"repeat","background-position":"center center","background-size":"auto","background-attachment":"scroll","background-type":"","background-media":"","overlay-type":"","overlay-color":"","overlay-opacity":"","overlay-gradient":""}},"footnotes":""},"class_list":["post-3185","page","type-page","status-publish","hentry"],"post_mailing_queue_ids":[],"_links":{"self":[{"href":"https:\/\/agora.xtec.cat\/esc-sant-esteve-de-guialbes\/wp-json\/wp\/v2\/pages\/3185","targetHints":{"allow":["GET"]}}],"collection":[{"href":"https:\/\/agora.xtec.cat\/esc-sant-esteve-de-guialbes\/wp-json\/wp\/v2\/pages"}],"about":[{"href":"https:\/\/agora.xtec.cat\/esc-sant-esteve-de-guialbes\/wp-json\/wp\/v2\/types\/page"}],"author":[{"embeddable":true,"href":"https:\/\/agora.xtec.cat\/esc-sant-esteve-de-guialbes\/wp-json\/wp\/v2\/users\/1"}],"replies":[{"embeddable":true,"href":"https:\/\/agora.xtec.cat\/esc-sant-esteve-de-guialbes\/wp-json\/wp\/v2\/comments?post=3185"}],"version-history":[{"count":3,"href":"https:\/\/agora.xtec.cat\/esc-sant-esteve-de-guialbes\/wp-json\/wp\/v2\/pages\/3185\/revisions"}],"predecessor-version":[{"id":3291,"href":"https:\/\/agora.xtec.cat\/esc-sant-esteve-de-guialbes\/wp-json\/wp\/v2\/pages\/3185\/revisions\/3291"}],"up":[{"embeddable":true,"href":"https:\/\/agora.xtec.cat\/esc-sant-esteve-de-guialbes\/wp-json\/wp\/v2\/pages\/3116"}],"wp:attachment":[{"href":"https:\/\/agora.xtec.cat\/esc-sant-esteve-de-guialbes\/wp-json\/wp\/v2\/media?parent=3185"}],"curies":[{"name":"wp","href":"https:\/\/api.w.org\/{rel}","templated":true}]}}