{"id":26,"date":"2014-09-18T12:24:32","date_gmt":"2014-09-18T11:24:32","guid":{"rendered":"http:\/\/agora.xtec.cat\/esc-sant-esteve-de-guialbes\/?page_id=26"},"modified":"2024-02-05T15:59:44","modified_gmt":"2024-02-05T14:59:44","slug":"historia","status":"publish","type":"page","link":"https:\/\/agora.xtec.cat\/esc-sant-esteve-de-guialbes\/lescola\/historia\/","title":{"rendered":"Hist\u00f2ria"},"content":{"rendered":"<p>L&#8217;Escola de Sant Esteve de Guialbes \u00e9s la \u00fanica escola de tot el municipi que ha sobreviscut.<\/p>\n<p>L&#8217;escola ha estat oberta 83 anys sense interrupcions. Hi va haver un curs amb nom\u00e9s 6 alumnes i es va estar a punt de tancar per\u00f2 gr\u00e0cies a l&#8217;esfor\u00e7 i la tenacitat d&#8217;uns pares que van creure fermament en l&#8217;escola i en els seus mestres es va aconseguir que l&#8217;escola no arrib\u00e9s a tancar-se mai i fins i tot que a data d&#8217;avui tinguem una escola amb un centenar d&#8217;alumnes matriculats.<\/p>\n<ul>\n<li><a href=\"http:\/\/www.elpuntavui.cat\/societat\/article\/16-educacio\/152358-un-tros-dhistoria-de-vilademuls.html\">Un tros d&#8217;hist\u00f2ria de Vilademuls<\/a> (article del 28 de mar\u00e7 de 2010 al Punt Avui)\n<p><figure id=\"attachment_490\" aria-describedby=\"caption-attachment-490\" style=\"width: 800px\" class=\"wp-caption alignnone\"><a href=\"http:\/\/agora.xtec.cat\/esc-sant-esteve-de-guialbes\/wp-content\/uploads\/usu1805\/2014\/09\/foto-antiga.jpg\"><img loading=\"lazy\" decoding=\"async\" class=\"size-full wp-image-490\" src=\"http:\/\/agora.xtec.cat\/esc-sant-esteve-de-guialbes\/wp-content\/uploads\/usu1805\/2014\/09\/foto-antiga.jpg\" alt=\"\" width=\"800\" height=\"625\" srcset=\"https:\/\/agora.xtec.cat\/esc-sant-esteve-de-guialbes\/wp-content\/uploads\/usu1805\/2014\/09\/foto-antiga.jpg 800w, https:\/\/agora.xtec.cat\/esc-sant-esteve-de-guialbes\/wp-content\/uploads\/usu1805\/2014\/09\/foto-antiga-300x234.jpg 300w, https:\/\/agora.xtec.cat\/esc-sant-esteve-de-guialbes\/wp-content\/uploads\/usu1805\/2014\/09\/foto-antiga-768x600.jpg 768w\" sizes=\"auto, (max-width: 800px) 100vw, 800px\" \/><\/a><figcaption id=\"caption-attachment-490\" class=\"wp-caption-text\">Sant Esteve de Guialbes. Vilademuls. Escola. Alumnes de la d\u00e8cada dels anys 1920, quan les classes es feien en una casa del mig del poble. FOTO: ESCOLA DE SANT ESTEVE DE GUIALBES.<\/figcaption><\/figure><\/li>\n<\/ul>\n","protected":false},"excerpt":{"rendered":"<p>L&#8217;Escola de Sant Esteve de Guialbes \u00e9s la \u00fanica escola de tot el municipi que ha sobreviscut. L&#8217;escola ha estat [&hellip;]<\/p>\n","protected":false},"author":1,"featured_media":0,"parent":22,"menu_order":20,"comment_status":"closed","ping_status":"closed","template":"page-templates\/side-menu.php","meta":{"_bbp_topic_count":0,"_bbp_reply_count":0,"_bbp_total_topic_count":0,"_bbp_total_reply_count":0,"_bbp_voice_count":0,"_bbp_anonymous_reply_count":0,"_bbp_topic_count_hidden":0,"_bbp_reply_count_hidden":0,"_bbp_forum_subforum_count":0,"site-sidebar-layout":"default","site-content-layout":"","ast-site-content-layout":"","site-content-style":"default","site-sidebar-style":"default","ast-global-header-display":"","ast-banner-title-visibility":"","ast-main-header-display":"","ast-hfb-above-header-display":"","ast-hfb-below-header-display":"","ast-hfb-mobile-header-display":"","site-post-title":"","ast-breadcrumbs-content":"","ast-featured-img":"","footer-sml-layout":"","theme-transparent-header-meta":"","adv-header-id-meta":"","stick-header-meta":"","header-above-stick-meta":"","header-main-stick-meta":"","header-below-stick-meta":"","astra-migrate-meta-layouts":"default","ast-page-background-enabled":"default","ast-page-background-meta":{"desktop":{"background-color":"var(--ast-global-color-4)","background-image":"","background-repeat":"repeat","background-position":"center center","background-size":"auto","background-attachment":"scroll","background-type":"","background-media":"","overlay-type":"","overlay-color":"","overlay-opacity":"","overlay-gradient":""},"tablet":{"background-color":"","background-image":"","background-repeat":"repeat","background-position":"center center","background-size":"auto","background-attachment":"scroll","background-type":"","background-media":"","overlay-type":"","overlay-color":"","overlay-opacity":"","overlay-gradient":""},"mobile":{"background-color":"","background-image":"","background-repeat":"repeat","background-position":"center center","background-size":"auto","background-attachment":"scroll","background-type":"","background-media":"","overlay-type":"","overlay-color":"","overlay-opacity":"","overlay-gradient":""}},"ast-content-background-meta":{"desktop":{"background-color":"var(--ast-global-color-5)","background-image":"","background-repeat":"repeat","background-position":"center center","background-size":"auto","background-attachment":"scroll","background-type":"","background-media":"","overlay-type":"","overlay-color":"","overlay-opacity":"","overlay-gradient":""},"tablet":{"background-color":"var(--ast-global-color-5)","background-image":"","background-repeat":"repeat","background-position":"center center","background-size":"auto","background-attachment":"scroll","background-type":"","background-media":"","overlay-type":"","overlay-color":"","overlay-opacity":"","overlay-gradient":""},"mobile":{"background-color":"var(--ast-global-color-5)","background-image":"","background-repeat":"repeat","background-position":"center center","background-size":"auto","background-attachment":"scroll","background-type":"","background-media":"","overlay-type":"","overlay-color":"","overlay-opacity":"","overlay-gradient":""}},"footnotes":""},"class_list":["post-26","page","type-page","status-publish","hentry"],"post_mailing_queue_ids":[],"_links":{"self":[{"href":"https:\/\/agora.xtec.cat\/esc-sant-esteve-de-guialbes\/wp-json\/wp\/v2\/pages\/26","targetHints":{"allow":["GET"]}}],"collection":[{"href":"https:\/\/agora.xtec.cat\/esc-sant-esteve-de-guialbes\/wp-json\/wp\/v2\/pages"}],"about":[{"href":"https:\/\/agora.xtec.cat\/esc-sant-esteve-de-guialbes\/wp-json\/wp\/v2\/types\/page"}],"author":[{"embeddable":true,"href":"https:\/\/agora.xtec.cat\/esc-sant-esteve-de-guialbes\/wp-json\/wp\/v2\/users\/1"}],"replies":[{"embeddable":true,"href":"https:\/\/agora.xtec.cat\/esc-sant-esteve-de-guialbes\/wp-json\/wp\/v2\/comments?post=26"}],"version-history":[{"count":5,"href":"https:\/\/agora.xtec.cat\/esc-sant-esteve-de-guialbes\/wp-json\/wp\/v2\/pages\/26\/revisions"}],"predecessor-version":[{"id":3704,"href":"https:\/\/agora.xtec.cat\/esc-sant-esteve-de-guialbes\/wp-json\/wp\/v2\/pages\/26\/revisions\/3704"}],"up":[{"embeddable":true,"href":"https:\/\/agora.xtec.cat\/esc-sant-esteve-de-guialbes\/wp-json\/wp\/v2\/pages\/22"}],"wp:attachment":[{"href":"https:\/\/agora.xtec.cat\/esc-sant-esteve-de-guialbes\/wp-json\/wp\/v2\/media?parent=26"}],"curies":[{"name":"wp","href":"https:\/\/api.w.org\/{rel}","templated":true}]}}