{"id":8325,"date":"2025-03-21T11:52:10","date_gmt":"2025-03-21T10:52:10","guid":{"rendered":"https:\/\/agora.xtec.cat\/esc-sant-bernat-calbo-reus\/?page_id=8325"},"modified":"2025-03-21T12:02:22","modified_gmt":"2025-03-21T11:02:22","slug":"afa","status":"publish","type":"page","link":"https:\/\/agora.xtec.cat\/esc-sant-bernat-calbo-reus\/serveis\/afa\/","title":{"rendered":"AFA"},"content":{"rendered":"\n<p class=\"has-luminous-vivid-amber-background-color has-background has-medium-font-size\">Una Associaci\u00f3 de Fam\u00edlies de l&#8217;Alumnat (AFA) \u00e9s una organitzaci\u00f3 formada per mares, pares i tutors legals dels estudiants d&#8217;un centre educatiu. L&#8217;objectiu principal \u00e9s col\u00b7laborar amb l&#8217;escola per millorar l&#8217;educaci\u00f3 i el benestar dels alumnes.<\/p>\n\n\n\n<p class=\"has-ast-global-color-1-background-color has-background has-medium-font-size\">Les AFA solen participar en l&#8217;organitzaci\u00f3 d&#8217;activitats extracurriculars, fomentar la comunicaci\u00f3 entre les fam\u00edlies i el centre, representar els interessos dels estudiants davant de la direcci\u00f3 i promoure iniciatives que enforteixin la comunitat educativa. Tamb\u00e9 poden gestionar recursos, donar suport a projectes escolars i defensar millores a l&#8217;entorn escolar.<\/p>\n\n\n\n<p class=\"has-luminous-vivid-amber-background-color has-background has-medium-font-size\">En resum, una AFA \u00e9s un pont entre les fam\u00edlies i l&#8217;escola, que busca sempre el benefici de l&#8217;alumnat i una educaci\u00f3 de qualitat.<\/p>\n\n\n\n<div class=\"wp-block-getwid-toggle has-icon-left\">\n<div class=\"wp-block-getwid-toggle__row\"><div class=\"wp-block-getwid-toggle__header-wrapper\"><h2 class=\"wp-block-getwid-toggle__header\"><a href=\"#\"><span class=\"wp-block-getwid-toggle__header-title\">Funcions AFA<\/span><span class=\"wp-block-getwid-toggle__icon is-active\"><i class=\"fab fa-affiliatetheme\"><\/i><\/span><span class=\"wp-block-getwid-toggle__icon is-passive\"><i class=\"fab fa-affiliatetheme\"><\/i><\/span><\/a><\/h2><\/div><div class=\"wp-block-getwid-toggle__content-wrapper\"><div class=\"wp-block-getwid-toggle__content\">\n<h3 class=\"wp-block-heading\"><strong>1. Representaci\u00f3 i comunicaci\u00f3<\/strong><\/h3>\n\n\n\n<ul class=\"wp-block-list\">\n<li>Actuar com a intermediari entre les fam\u00edlies i l\u2019escola, transmetent inquietuds i propostes.<\/li>\n\n\n\n<li>Participar en els consells escolars i altres \u00f2rgans de govern del centre.<\/li>\n<\/ul>\n\n\n\n<h3 class=\"wp-block-heading\"><strong>2. Millora dels recursos i infraestructures<\/strong><\/h3>\n\n\n\n<ul class=\"wp-block-list\">\n<li>Promoure millores en les instal\u00b7lacions escolars.<\/li>\n\n\n\n<li>Gestionar i\/o col\u00b7laborar en serveis com l\u2019acollida matinal, menjador o activitats extraescolars.<\/li>\n<\/ul>\n\n\n\n<h3 class=\"wp-block-heading\"><strong>3. Suport educatiu i social<\/strong><\/h3>\n\n\n\n<ul class=\"wp-block-list\">\n<li>Organitzar xerrades i tallers per a les fam\u00edlies sobre temes educatius i socials.<\/li>\n\n\n\n<li>Impulsar projectes d\u2019inclusi\u00f3, conviv\u00e8ncia i valors comunitaris.<\/li>\n<\/ul>\n\n\n\n<h3 class=\"wp-block-heading\"><strong>4. Activitats culturals i l\u00fadiques<\/strong><\/h3>\n\n\n\n<ul class=\"wp-block-list\">\n<li>Planificar festes escolars, jornades esportives i activitats culturals.<\/li>\n\n\n\n<li>Fomentar la participaci\u00f3 de l\u2019alumnat en esdeveniments educatius.<\/li>\n<\/ul>\n\n\n\n<h3 class=\"wp-block-heading\"><strong>5. Defensa dels drets de les fam\u00edlies i l\u2019alumnat<\/strong><\/h3>\n\n\n\n<ul class=\"wp-block-list\">\n<li>Reclamar millores en l\u2019educaci\u00f3 p\u00fablica i en les condicions del centre.<\/li>\n\n\n\n<li>Vetllar per la igualtat d\u2019oportunitats i l\u2019acc\u00e9s a una educaci\u00f3 de qualitat.<\/li>\n<\/ul>\n<\/div><\/div><\/div>\n\n\n\n<div class=\"wp-block-getwid-toggle__row\"><div class=\"wp-block-getwid-toggle__header-wrapper\"><h2 class=\"wp-block-getwid-toggle__header\"><a href=\"#\"><span class=\"wp-block-getwid-toggle__header-title\">Components AFA<\/span><span class=\"wp-block-getwid-toggle__icon is-active\"><i class=\"fab fa-affiliatetheme\"><\/i><\/span><span class=\"wp-block-getwid-toggle__icon is-passive\"><i class=\"fab fa-affiliatetheme\"><\/i><\/span><\/a><\/h2><\/div><div class=\"wp-block-getwid-toggle__content-wrapper\"><div class=\"wp-block-getwid-toggle__content\">\n<p><\/p>\n<\/div><\/div><\/div>\n<\/div>\n","protected":false},"excerpt":{"rendered":"<p>Una Associaci\u00f3 de Fam\u00edlies de l&#8217;Alumnat (AFA) \u00e9s una organitzaci\u00f3 formada per mares, pares i tutors legals dels estudiants d&#8217;un [&hellip;]<\/p>\n","protected":false},"author":9,"featured_media":0,"parent":66,"menu_order":0,"comment_status":"closed","ping_status":"close","template":"","meta":{"_bbp_topic_count":0,"_bbp_reply_count":0,"_bbp_total_topic_count":0,"_bbp_total_reply_count":0,"_bbp_voice_count":0,"_bbp_anonymous_reply_count":0,"_bbp_topic_count_hidden":0,"_bbp_reply_count_hidden":0,"_bbp_forum_subforum_count":0,"site-sidebar-layout":"default","site-content-layout":"","ast-site-content-layout":"default","site-content-style":"default","site-sidebar-style":"default","ast-global-header-display":"","ast-banner-title-visibility":"","ast-main-header-display":"","ast-hfb-above-header-display":"","ast-hfb-below-header-display":"","ast-hfb-mobile-header-display":"","site-post-title":"","ast-breadcrumbs-content":"","ast-featured-img":"","footer-sml-layout":"","theme-transparent-header-meta":"","adv-header-id-meta":"","stick-header-meta":"","header-above-stick-meta":"","header-main-stick-meta":"","header-below-stick-meta":"","astra-migrate-meta-layouts":"set","ast-page-background-enabled":"default","ast-page-background-meta":{"desktop":{"background-color":"var(--ast-global-color-4)","background-image":"","background-repeat":"repeat","background-position":"center center","background-size":"auto","background-attachment":"scroll","background-type":"","background-media":"","overlay-type":"","overlay-color":"","overlay-opacity":"","overlay-gradient":""},"tablet":{"background-color":"","background-image":"","background-repeat":"repeat","background-position":"center center","background-size":"auto","background-attachment":"scroll","background-type":"","background-media":"","overlay-type":"","overlay-color":"","overlay-opacity":"","overlay-gradient":""},"mobile":{"background-color":"","background-image":"","background-repeat":"repeat","background-position":"center center","background-size":"auto","background-attachment":"scroll","background-type":"","background-media":"","overlay-type":"","overlay-color":"","overlay-opacity":"","overlay-gradient":""}},"ast-content-background-meta":{"desktop":{"background-color":"var(--ast-global-color-5)","background-image":"","background-repeat":"repeat","background-position":"center center","background-size":"auto","background-attachment":"scroll","background-type":"","background-media":"","overlay-type":"","overlay-color":"","overlay-opacity":"","overlay-gradient":""},"tablet":{"background-color":"var(--ast-global-color-5)","background-image":"","background-repeat":"repeat","background-position":"center center","background-size":"auto","background-attachment":"scroll","background-type":"","background-media":"","overlay-type":"","overlay-color":"","overlay-opacity":"","overlay-gradient":""},"mobile":{"background-color":"var(--ast-global-color-5)","background-image":"","background-repeat":"repeat","background-position":"center center","background-size":"auto","background-attachment":"scroll","background-type":"","background-media":"","overlay-type":"","overlay-color":"","overlay-opacity":"","overlay-gradient":""}},"footnotes":""},"class_list":["post-8325","page","type-page","status-publish","hentry"],"post_mailing_queue_ids":[],"_links":{"self":[{"href":"https:\/\/agora.xtec.cat\/esc-sant-bernat-calbo-reus\/wp-json\/wp\/v2\/pages\/8325","targetHints":{"allow":["GET"]}}],"collection":[{"href":"https:\/\/agora.xtec.cat\/esc-sant-bernat-calbo-reus\/wp-json\/wp\/v2\/pages"}],"about":[{"href":"https:\/\/agora.xtec.cat\/esc-sant-bernat-calbo-reus\/wp-json\/wp\/v2\/types\/page"}],"author":[{"embeddable":true,"href":"https:\/\/agora.xtec.cat\/esc-sant-bernat-calbo-reus\/wp-json\/wp\/v2\/users\/9"}],"replies":[{"embeddable":true,"href":"https:\/\/agora.xtec.cat\/esc-sant-bernat-calbo-reus\/wp-json\/wp\/v2\/comments?post=8325"}],"version-history":[{"count":4,"href":"https:\/\/agora.xtec.cat\/esc-sant-bernat-calbo-reus\/wp-json\/wp\/v2\/pages\/8325\/revisions"}],"predecessor-version":[{"id":8332,"href":"https:\/\/agora.xtec.cat\/esc-sant-bernat-calbo-reus\/wp-json\/wp\/v2\/pages\/8325\/revisions\/8332"}],"up":[{"embeddable":true,"href":"https:\/\/agora.xtec.cat\/esc-sant-bernat-calbo-reus\/wp-json\/wp\/v2\/pages\/66"}],"wp:attachment":[{"href":"https:\/\/agora.xtec.cat\/esc-sant-bernat-calbo-reus\/wp-json\/wp\/v2\/media?parent=8325"}],"curies":[{"name":"wp","href":"https:\/\/api.w.org\/{rel}","templated":true}]}}