{"id":80,"date":"2014-09-18T14:09:48","date_gmt":"2014-09-18T13:09:48","guid":{"rendered":"http:\/\/agora.xtec.cat\/ceip-sant-bernat-calbo-reus\/?page_id=80"},"modified":"2025-01-24T20:05:25","modified_gmt":"2025-01-24T19:05:25","slug":"transport-escolar","status":"publish","type":"page","link":"https:\/\/agora.xtec.cat\/esc-sant-bernat-calbo-reus\/serveis\/transport-escolar\/","title":{"rendered":"Transport escolar"},"content":{"rendered":"\n<figure class=\"wp-block-image size-large has-custom-border\"><a href=\"https:\/\/agora.xtec.cat\/esc-sant-bernat-calbo-reus\/wp-content\/uploads\/usu124\/2025\/01\/imatge-transport-escolar.webp\"><img loading=\"lazy\" decoding=\"async\" width=\"1024\" height=\"585\" src=\"https:\/\/agora.xtec.cat\/esc-sant-bernat-calbo-reus\/wp-content\/uploads\/usu124\/2025\/01\/imatge-transport-escolar-1024x585.webp\" alt=\"\" class=\"wp-image-7667\" style=\"border-radius:30px\" srcset=\"https:\/\/agora.xtec.cat\/esc-sant-bernat-calbo-reus\/wp-content\/uploads\/usu124\/2025\/01\/imatge-transport-escolar-1024x585.webp 1024w, https:\/\/agora.xtec.cat\/esc-sant-bernat-calbo-reus\/wp-content\/uploads\/usu124\/2025\/01\/imatge-transport-escolar-300x171.webp 300w, https:\/\/agora.xtec.cat\/esc-sant-bernat-calbo-reus\/wp-content\/uploads\/usu124\/2025\/01\/imatge-transport-escolar-768x439.webp 768w, https:\/\/agora.xtec.cat\/esc-sant-bernat-calbo-reus\/wp-content\/uploads\/usu124\/2025\/01\/imatge-transport-escolar-1536x878.webp 1536w, https:\/\/agora.xtec.cat\/esc-sant-bernat-calbo-reus\/wp-content\/uploads\/usu124\/2025\/01\/imatge-transport-escolar.webp 1792w\" sizes=\"auto, (max-width: 1024px) 100vw, 1024px\" \/><\/a><\/figure>\n\n\n\n<p class=\"has-vivid-cyan-blue-background-color has-background has-medium-font-size\">El centre no disposa de transport exclusivament escolar, at\u00e8s que la majoria d&#8217;alumnes resideixen a l&#8217;entorn proper.<\/p>\n\n\n\n<p class=\"has-luminous-vivid-amber-background-color has-background has-medium-font-size\">Les l\u00ednies regulars municipals tenen parades molt properes al centre, al carrer Astorga, amb una freq\u00fc\u00e8ncia de pas compatible amb les hores d&#8217;entrada i sortida del centre.<\/p>\n\n\n\n<p class=\"has-vivid-cyan-blue-background-color has-background has-medium-font-size\">Les fam\u00edlies que l&#8217;han d&#8217;utilitzar poden sol\u00b7licitar beques transport al Consell Comarcal sota convocat\u00f2ria, de la qual s&#8217;informa als usuaris del centre quan s&#8217;obre el pla\u00e7 de participaci\u00f3. Tamb\u00e9 poden sol\u00b7licitar ajuts als serveis municipals adre\u00e7ant-se al CAP de refer\u00e8ncia, que en el cas del centre \u00e9s el CAP Mari\u00e0 Fortuny.<\/p>\n","protected":false},"excerpt":{"rendered":"<p>El centre no disposa de transport exclusivament escolar, at\u00e8s que la majoria d&#8217;alumnes resideixen a l&#8217;entorn proper. Les l\u00ednies regulars [&hellip;]<\/p>\n","protected":false},"author":9,"featured_media":7667,"parent":66,"menu_order":40,"comment_status":"closed","ping_status":"closed","template":"","meta":{"_bbp_topic_count":0,"_bbp_reply_count":0,"_bbp_total_topic_count":0,"_bbp_total_reply_count":0,"_bbp_voice_count":0,"_bbp_anonymous_reply_count":0,"_bbp_topic_count_hidden":0,"_bbp_reply_count_hidden":0,"_bbp_forum_subforum_count":0,"site-sidebar-layout":"default","site-content-layout":"","ast-site-content-layout":"default","site-content-style":"default","site-sidebar-style":"default","ast-global-header-display":"","ast-banner-title-visibility":"","ast-main-header-display":"","ast-hfb-above-header-display":"","ast-hfb-below-header-display":"","ast-hfb-mobile-header-display":"","site-post-title":"","ast-breadcrumbs-content":"","ast-featured-img":"","footer-sml-layout":"","theme-transparent-header-meta":"","adv-header-id-meta":"","stick-header-meta":"","header-above-stick-meta":"","header-main-stick-meta":"","header-below-stick-meta":"","astra-migrate-meta-layouts":"set","ast-page-background-enabled":"default","ast-page-background-meta":{"desktop":{"background-color":"var(--ast-global-color-4)","background-image":"","background-repeat":"repeat","background-position":"center center","background-size":"auto","background-attachment":"scroll","background-type":"","background-media":"","overlay-type":"","overlay-color":"","overlay-opacity":"","overlay-gradient":""},"tablet":{"background-color":"","background-image":"","background-repeat":"repeat","background-position":"center center","background-size":"auto","background-attachment":"scroll","background-type":"","background-media":"","overlay-type":"","overlay-color":"","overlay-opacity":"","overlay-gradient":""},"mobile":{"background-color":"","background-image":"","background-repeat":"repeat","background-position":"center center","background-size":"auto","background-attachment":"scroll","background-type":"","background-media":"","overlay-type":"","overlay-color":"","overlay-opacity":"","overlay-gradient":""}},"ast-content-background-meta":{"desktop":{"background-color":"var(--ast-global-color-5)","background-image":"","background-repeat":"repeat","background-position":"center center","background-size":"auto","background-attachment":"scroll","background-type":"","background-media":"","overlay-type":"","overlay-color":"","overlay-opacity":"","overlay-gradient":""},"tablet":{"background-color":"var(--ast-global-color-5)","background-image":"","background-repeat":"repeat","background-position":"center center","background-size":"auto","background-attachment":"scroll","background-type":"","background-media":"","overlay-type":"","overlay-color":"","overlay-opacity":"","overlay-gradient":""},"mobile":{"background-color":"var(--ast-global-color-5)","background-image":"","background-repeat":"repeat","background-position":"center center","background-size":"auto","background-attachment":"scroll","background-type":"","background-media":"","overlay-type":"","overlay-color":"","overlay-opacity":"","overlay-gradient":""}},"footnotes":""},"class_list":["post-80","page","type-page","status-publish","has-post-thumbnail","hentry"],"post_mailing_queue_ids":[],"_links":{"self":[{"href":"https:\/\/agora.xtec.cat\/esc-sant-bernat-calbo-reus\/wp-json\/wp\/v2\/pages\/80","targetHints":{"allow":["GET"]}}],"collection":[{"href":"https:\/\/agora.xtec.cat\/esc-sant-bernat-calbo-reus\/wp-json\/wp\/v2\/pages"}],"about":[{"href":"https:\/\/agora.xtec.cat\/esc-sant-bernat-calbo-reus\/wp-json\/wp\/v2\/types\/page"}],"author":[{"embeddable":true,"href":"https:\/\/agora.xtec.cat\/esc-sant-bernat-calbo-reus\/wp-json\/wp\/v2\/users\/9"}],"replies":[{"embeddable":true,"href":"https:\/\/agora.xtec.cat\/esc-sant-bernat-calbo-reus\/wp-json\/wp\/v2\/comments?post=80"}],"version-history":[{"count":6,"href":"https:\/\/agora.xtec.cat\/esc-sant-bernat-calbo-reus\/wp-json\/wp\/v2\/pages\/80\/revisions"}],"predecessor-version":[{"id":8042,"href":"https:\/\/agora.xtec.cat\/esc-sant-bernat-calbo-reus\/wp-json\/wp\/v2\/pages\/80\/revisions\/8042"}],"up":[{"embeddable":true,"href":"https:\/\/agora.xtec.cat\/esc-sant-bernat-calbo-reus\/wp-json\/wp\/v2\/pages\/66"}],"wp:featuredmedia":[{"embeddable":true,"href":"https:\/\/agora.xtec.cat\/esc-sant-bernat-calbo-reus\/wp-json\/wp\/v2\/media\/7667"}],"wp:attachment":[{"href":"https:\/\/agora.xtec.cat\/esc-sant-bernat-calbo-reus\/wp-json\/wp\/v2\/media?parent=80"}],"curies":[{"name":"wp","href":"https:\/\/api.w.org\/{rel}","templated":true}]}}