{"id":7851,"date":"2025-01-21T16:05:21","date_gmt":"2025-01-21T15:05:21","guid":{"rendered":"https:\/\/agora.xtec.cat\/esc-sant-bernat-calbo-reus\/?page_id=7851"},"modified":"2025-01-24T08:40:33","modified_gmt":"2025-01-24T07:40:33","slug":"ampa","status":"publish","type":"page","link":"https:\/\/agora.xtec.cat\/esc-sant-bernat-calbo-reus\/ampa\/","title":{"rendered":"Ampa"},"content":{"rendered":"\n<p class=\"has-medium-font-size\">\u00c9s una organitzaci\u00f3 formada per les fam\u00edlies dels alumnes d&#8217;una escola, amb l&#8217;objectiu de col\u00b7laborar en la gesti\u00f3, desenvolupament i millora de la comunitat educativa. Les AMPA s\u00f3n especialment comunes en Espanya i tenen un paper actiu en moltes escoles.<\/p>\n\n\n\n<p class=\"has-medium-font-size\">L&#8217;AMPA \u00e9s una pe\u00e7a fonamental per crear una escola m\u00e9s participativa, on les fam\u00edlies i el centre treballen conjuntament pel benestar i l&#8217;educaci\u00f3 dels alumnes.<\/p>\n\n\n\n<div class=\"wp-block-getwid-toggle has-icon-left\">\n<div class=\"wp-block-getwid-toggle__row\"><div class=\"wp-block-getwid-toggle__header-wrapper\"><h3 class=\"wp-block-getwid-toggle__header\"><a href=\"#\"><span class=\"wp-block-getwid-toggle__header-title\">Funcions principals de l&#8217;AMPA<\/span><span class=\"wp-block-getwid-toggle__icon is-active\"><i class=\"fas fa-book-reader\"><\/i><\/span><span class=\"wp-block-getwid-toggle__icon is-passive\"><i class=\"\"><\/i><\/span><\/a><\/h3><\/div><div class=\"wp-block-getwid-toggle__content-wrapper\"><div class=\"wp-block-getwid-toggle__content\">\n<ol class=\"wp-block-list\">\n<li><strong>Representaci\u00f3 de les fam\u00edlies<\/strong>:\n<ul class=\"wp-block-list\">\n<li>Actuen com a portaveu dels pares i mares davant de l&#8217;escola, l&#8217;administraci\u00f3 i altres institucions educatives.<\/li>\n\n\n\n<li>Participen en el Consell Escolar, que \u00e9s l&#8217;\u00f2rgan de govern de l&#8217;escola.<\/li>\n<\/ul>\n<\/li>\n\n\n\n<li><strong>Organitzaci\u00f3 d&#8217;activitats<\/strong>:\n<ul class=\"wp-block-list\">\n<li>Promouen activitats extraescolars com esports, m\u00fasica, idiomes o tallers.<\/li>\n\n\n\n<li>Organitzen esdeveniments com festes escolars, fires, i excursions.<\/li>\n<\/ul>\n<\/li>\n\n\n\n<li><strong>Suport a les fam\u00edlies<\/strong>:\n<ul class=\"wp-block-list\">\n<li>Faciliten la comunicaci\u00f3 entre les fam\u00edlies i l&#8217;escola.<\/li>\n\n\n\n<li>Ofereixen serveis com la gesti\u00f3 de llibres de text, uniformes o menjadors escolars.<\/li>\n<\/ul>\n<\/li>\n\n\n\n<li><strong>Promoci\u00f3 de la participaci\u00f3<\/strong>:\n<ul class=\"wp-block-list\">\n<li>Fomenten que les fam\u00edlies s&#8217;involucrin en la vida escolar.<\/li>\n\n\n\n<li>Generen espais de debat i reflexi\u00f3 sobre temes educatius.<\/li>\n<\/ul>\n<\/li>\n\n\n\n<li><strong>Millores en el centre<\/strong>:\n<ul class=\"wp-block-list\">\n<li>Participen en projectes per millorar les infraestructures o recursos de l&#8217;escola.<\/li>\n\n\n\n<li>Col\u00b7laboren en iniciatives per garantir un entorn escolar inclusiu i segur.<\/li>\n<\/ul>\n<\/li>\n<\/ol>\n<\/div><\/div><\/div>\n\n\n\n<div class=\"wp-block-getwid-toggle__row\"><div class=\"wp-block-getwid-toggle__header-wrapper\"><h3 class=\"wp-block-getwid-toggle__header\"><a href=\"#\"><span class=\"wp-block-getwid-toggle__header-title\">Descomptes comer\u00e7os<\/span><span class=\"wp-block-getwid-toggle__icon is-active\"><i class=\"fas fa-book-reader\"><\/i><\/span><span class=\"wp-block-getwid-toggle__icon is-passive\"><i class=\"\"><\/i><\/span><\/a><\/h3><\/div><div class=\"wp-block-getwid-toggle__content-wrapper\"><div class=\"wp-block-getwid-toggle__content\">\n<p><\/p>\n<\/div><\/div><\/div>\n\n\n\n<div class=\"wp-block-getwid-toggle__row\"><div class=\"wp-block-getwid-toggle__header-wrapper\"><h3 class=\"wp-block-getwid-toggle__header\"><a href=\"#\"><span class=\"wp-block-getwid-toggle__header-title\">Components de l&#8217;AMPA<\/span><span class=\"wp-block-getwid-toggle__icon is-active\"><i class=\"fas fa-book-reader\"><\/i><\/span><span class=\"wp-block-getwid-toggle__icon is-passive\"><i class=\"\"><\/i><\/span><\/a><\/h3><\/div><div class=\"wp-block-getwid-toggle__content-wrapper\"><div class=\"wp-block-getwid-toggle__content\">\n<p><\/p>\n<\/div><\/div><\/div>\n<\/div>\n","protected":false},"excerpt":{"rendered":"<p>\u00c9s una organitzaci\u00f3 formada per les fam\u00edlies dels alumnes d&#8217;una escola, amb l&#8217;objectiu de col\u00b7laborar en la gesti\u00f3, desenvolupament i [&hellip;]<\/p>\n","protected":false},"author":9,"featured_media":0,"parent":0,"menu_order":0,"comment_status":"closed","ping_status":"close","template":"","meta":{"_bbp_topic_count":0,"_bbp_reply_count":0,"_bbp_total_topic_count":0,"_bbp_total_reply_count":0,"_bbp_voice_count":0,"_bbp_anonymous_reply_count":0,"_bbp_topic_count_hidden":0,"_bbp_reply_count_hidden":0,"_bbp_forum_subforum_count":0,"site-sidebar-layout":"default","site-content-layout":"","ast-site-content-layout":"default","site-content-style":"default","site-sidebar-style":"default","ast-global-header-display":"","ast-banner-title-visibility":"","ast-main-header-display":"","ast-hfb-above-header-display":"","ast-hfb-below-header-display":"","ast-hfb-mobile-header-display":"","site-post-title":"","ast-breadcrumbs-content":"","ast-featured-img":"","footer-sml-layout":"","theme-transparent-header-meta":"","adv-header-id-meta":"","stick-header-meta":"","header-above-stick-meta":"","header-main-stick-meta":"","header-below-stick-meta":"","astra-migrate-meta-layouts":"set","ast-page-background-enabled":"default","ast-page-background-meta":{"desktop":{"background-color":"var(--ast-global-color-4)","background-image":"","background-repeat":"repeat","background-position":"center center","background-size":"auto","background-attachment":"scroll","background-type":"","background-media":"","overlay-type":"","overlay-color":"","overlay-opacity":"","overlay-gradient":""},"tablet":{"background-color":"","background-image":"","background-repeat":"repeat","background-position":"center center","background-size":"auto","background-attachment":"scroll","background-type":"","background-media":"","overlay-type":"","overlay-color":"","overlay-opacity":"","overlay-gradient":""},"mobile":{"background-color":"","background-image":"","background-repeat":"repeat","background-position":"center center","background-size":"auto","background-attachment":"scroll","background-type":"","background-media":"","overlay-type":"","overlay-color":"","overlay-opacity":"","overlay-gradient":""}},"ast-content-background-meta":{"desktop":{"background-color":"var(--ast-global-color-5)","background-image":"","background-repeat":"repeat","background-position":"center center","background-size":"auto","background-attachment":"scroll","background-type":"","background-media":"","overlay-type":"","overlay-color":"","overlay-opacity":"","overlay-gradient":""},"tablet":{"background-color":"var(--ast-global-color-5)","background-image":"","background-repeat":"repeat","background-position":"center center","background-size":"auto","background-attachment":"scroll","background-type":"","background-media":"","overlay-type":"","overlay-color":"","overlay-opacity":"","overlay-gradient":""},"mobile":{"background-color":"var(--ast-global-color-5)","background-image":"","background-repeat":"repeat","background-position":"center center","background-size":"auto","background-attachment":"scroll","background-type":"","background-media":"","overlay-type":"","overlay-color":"","overlay-opacity":"","overlay-gradient":""}},"footnotes":""},"class_list":["post-7851","page","type-page","status-publish","hentry"],"post_mailing_queue_ids":[],"_links":{"self":[{"href":"https:\/\/agora.xtec.cat\/esc-sant-bernat-calbo-reus\/wp-json\/wp\/v2\/pages\/7851","targetHints":{"allow":["GET"]}}],"collection":[{"href":"https:\/\/agora.xtec.cat\/esc-sant-bernat-calbo-reus\/wp-json\/wp\/v2\/pages"}],"about":[{"href":"https:\/\/agora.xtec.cat\/esc-sant-bernat-calbo-reus\/wp-json\/wp\/v2\/types\/page"}],"author":[{"embeddable":true,"href":"https:\/\/agora.xtec.cat\/esc-sant-bernat-calbo-reus\/wp-json\/wp\/v2\/users\/9"}],"replies":[{"embeddable":true,"href":"https:\/\/agora.xtec.cat\/esc-sant-bernat-calbo-reus\/wp-json\/wp\/v2\/comments?post=7851"}],"version-history":[{"count":7,"href":"https:\/\/agora.xtec.cat\/esc-sant-bernat-calbo-reus\/wp-json\/wp\/v2\/pages\/7851\/revisions"}],"predecessor-version":[{"id":7987,"href":"https:\/\/agora.xtec.cat\/esc-sant-bernat-calbo-reus\/wp-json\/wp\/v2\/pages\/7851\/revisions\/7987"}],"wp:attachment":[{"href":"https:\/\/agora.xtec.cat\/esc-sant-bernat-calbo-reus\/wp-json\/wp\/v2\/media?parent=7851"}],"curies":[{"name":"wp","href":"https:\/\/api.w.org\/{rel}","templated":true}]}}