{"id":7420,"date":"2024-10-01T10:38:27","date_gmt":"2024-10-01T08:38:27","guid":{"rendered":"https:\/\/agora.xtec.cat\/esc-sant-bernat-calbo-reus\/?page_id=7420"},"modified":"2025-01-24T17:40:00","modified_gmt":"2025-01-24T16:40:00","slug":"fotografies-alumnat","status":"publish","type":"page","link":"https:\/\/agora.xtec.cat\/esc-sant-bernat-calbo-reus\/fotografies-alumnat\/","title":{"rendered":"Fotografies alumnat"},"content":{"rendered":"\n<p class=\"has-medium-font-size\">Benvolgudes fam\u00edlies,<\/p>\n\n\n\n<p class=\"has-medium-font-size\">Ens complau informar-vos que a partir d&#8217;ara podreu accedir a les fotografies de les activitats dels vostres fills i filles d&#8217;una manera m\u00e9s segura. Amb l&#8217;objectiu de protegir la privacitat i la seguretat dels nostres alumnes, hem habilitat un sistema d&#8217;acc\u00e9s restringit amb contrasenya.<\/p>\n\n\n\n<p class=\"has-medium-font-size\">Aquest sistema garanteix que nom\u00e9s les fam\u00edlies autoritzades tinguin acc\u00e9s a les imatges, assegurant aix\u00ed una protecci\u00f3 adequada. Per accedir-hi:<\/p>\n\n\n\n<ol class=\"wp-block-list\">\n<li class=\"has-medium-font-size\">Rebreu un enlla\u00e7 espec\u00edfic que us dirigir\u00e0 al lloc on es troben les fotografies.<\/li>\n\n\n\n<li class=\"has-medium-font-size\">Us ser\u00e0 proporcionada una contrasenya personalitzada que haureu d&#8217;introduir per veure el contingut.<\/li>\n<\/ol>\n\n\n\n<p class=\"has-medium-font-size\">Us recordem que \u00e9s molt important mantenir aquesta contrasenya de manera confidencial i no compartir-la amb terceres persones. Aix\u00ed assegurarem que el sistema continu\u00ef sent segur i que nom\u00e9s les persones autoritzades tinguin acc\u00e9s a la informaci\u00f3.<\/p>\n\n\n\n<p class=\"has-medium-font-size\">Gr\u00e0cies per la vostra col\u00b7laboraci\u00f3 i comprensi\u00f3. Si teniu cap dubte o necessiteu ajuda per accedir al sistema, no dubteu a posar-vos en contacte amb nosaltres.<\/p>\n","protected":false},"excerpt":{"rendered":"<p>Benvolgudes fam\u00edlies, Ens complau informar-vos que a partir d&#8217;ara podreu accedir a les fotografies de les activitats dels vostres fills [&hellip;]<\/p>\n","protected":false},"author":9,"featured_media":0,"parent":0,"menu_order":0,"comment_status":"closed","ping_status":"close","template":"","meta":{"_bbp_topic_count":0,"_bbp_reply_count":0,"_bbp_total_topic_count":0,"_bbp_total_reply_count":0,"_bbp_voice_count":0,"_bbp_anonymous_reply_count":0,"_bbp_topic_count_hidden":0,"_bbp_reply_count_hidden":0,"_bbp_forum_subforum_count":0,"site-sidebar-layout":"default","site-content-layout":"","ast-site-content-layout":"default","site-content-style":"default","site-sidebar-style":"default","ast-global-header-display":"","ast-banner-title-visibility":"","ast-main-header-display":"","ast-hfb-above-header-display":"","ast-hfb-below-header-display":"","ast-hfb-mobile-header-display":"","site-post-title":"","ast-breadcrumbs-content":"","ast-featured-img":"","footer-sml-layout":"","theme-transparent-header-meta":"","adv-header-id-meta":"","stick-header-meta":"","header-above-stick-meta":"","header-main-stick-meta":"","header-below-stick-meta":"","astra-migrate-meta-layouts":"set","ast-page-background-enabled":"default","ast-page-background-meta":{"desktop":{"background-color":"var(--ast-global-color-4)","background-image":"","background-repeat":"repeat","background-position":"center center","background-size":"auto","background-attachment":"scroll","background-type":"","background-media":"","overlay-type":"","overlay-color":"","overlay-opacity":"","overlay-gradient":""},"tablet":{"background-color":"","background-image":"","background-repeat":"repeat","background-position":"center center","background-size":"auto","background-attachment":"scroll","background-type":"","background-media":"","overlay-type":"","overlay-color":"","overlay-opacity":"","overlay-gradient":""},"mobile":{"background-color":"","background-image":"","background-repeat":"repeat","background-position":"center center","background-size":"auto","background-attachment":"scroll","background-type":"","background-media":"","overlay-type":"","overlay-color":"","overlay-opacity":"","overlay-gradient":""}},"ast-content-background-meta":{"desktop":{"background-color":"var(--ast-global-color-5)","background-image":"","background-repeat":"repeat","background-position":"center center","background-size":"auto","background-attachment":"scroll","background-type":"","background-media":"","overlay-type":"","overlay-color":"","overlay-opacity":"","overlay-gradient":""},"tablet":{"background-color":"var(--ast-global-color-5)","background-image":"","background-repeat":"repeat","background-position":"center center","background-size":"auto","background-attachment":"scroll","background-type":"","background-media":"","overlay-type":"","overlay-color":"","overlay-opacity":"","overlay-gradient":""},"mobile":{"background-color":"var(--ast-global-color-5)","background-image":"","background-repeat":"repeat","background-position":"center center","background-size":"auto","background-attachment":"scroll","background-type":"","background-media":"","overlay-type":"","overlay-color":"","overlay-opacity":"","overlay-gradient":""}},"footnotes":""},"class_list":["post-7420","page","type-page","status-publish","hentry"],"post_mailing_queue_ids":[],"_links":{"self":[{"href":"https:\/\/agora.xtec.cat\/esc-sant-bernat-calbo-reus\/wp-json\/wp\/v2\/pages\/7420","targetHints":{"allow":["GET"]}}],"collection":[{"href":"https:\/\/agora.xtec.cat\/esc-sant-bernat-calbo-reus\/wp-json\/wp\/v2\/pages"}],"about":[{"href":"https:\/\/agora.xtec.cat\/esc-sant-bernat-calbo-reus\/wp-json\/wp\/v2\/types\/page"}],"author":[{"embeddable":true,"href":"https:\/\/agora.xtec.cat\/esc-sant-bernat-calbo-reus\/wp-json\/wp\/v2\/users\/9"}],"replies":[{"embeddable":true,"href":"https:\/\/agora.xtec.cat\/esc-sant-bernat-calbo-reus\/wp-json\/wp\/v2\/comments?post=7420"}],"version-history":[{"count":5,"href":"https:\/\/agora.xtec.cat\/esc-sant-bernat-calbo-reus\/wp-json\/wp\/v2\/pages\/7420\/revisions"}],"predecessor-version":[{"id":8027,"href":"https:\/\/agora.xtec.cat\/esc-sant-bernat-calbo-reus\/wp-json\/wp\/v2\/pages\/7420\/revisions\/8027"}],"wp:attachment":[{"href":"https:\/\/agora.xtec.cat\/esc-sant-bernat-calbo-reus\/wp-json\/wp\/v2\/media?parent=7420"}],"curies":[{"name":"wp","href":"https:\/\/api.w.org\/{rel}","templated":true}]}}