{"id":5474,"date":"2022-02-22T11:24:13","date_gmt":"2022-02-22T10:24:13","guid":{"rendered":"https:\/\/agora.xtec.cat\/ceip-sant-bernat-calbo-reus\/?page_id=5474"},"modified":"2025-01-11T20:12:53","modified_gmt":"2025-01-11T19:12:53","slug":"comunitats-daprenentatge","status":"publish","type":"page","link":"https:\/\/agora.xtec.cat\/esc-sant-bernat-calbo-reus\/identitat-sbc\/comunitats-daprenentatge\/","title":{"rendered":"Comunitat d&#8217;Aprenentatge"},"content":{"rendered":"\n<p>El Projecte Comunitats d\u2019Aprenentatge (CdA), d\u00f3na resposta als objectius generals del sistema educatiu descrites a l\u2019Estatut d\u2019Autonomia (2006) segons el qual \u201ctotes les persones tenen dret a una educacio\u0301 de qualitat i a accedir-hi en condicions d\u2019igualtat\u201d i s\u2019afronten a aquest repte amb l\u2019aval que les investigacions cienti\u0301fiques internacionals aporten sobre les millors condicions per afavorir un aprenentatge competencial per a tothom.<\/p>\n\n\n\n<p>Les <strong>comunitats d\u2019aprenentatge<\/strong> so\u0301n un projecte de <strong>transformacio\u0301 social i cultural<\/strong> basat en l\u2019aplicacio\u0301 d\u2019aquelles <strong>actuacions educatives d\u2019e\u0300xit<\/strong> de les quals s\u2019ha demostrat cienti\u0301ficament que milloren el rendiment educatiu i la convive\u0300ncia.<\/p>\n\n\n\n<p>Les comunitats d&#8217;aprenentatge impliquen totes les persones que, de forma directa o indirecta, influeixen en l&#8217;aprenentatge i el desenvolupament dels estudiants d&#8217;una comunitat educativa, incloent-hi mestres, personal no docent, familiars, membres d&#8217;associacions i organitzacions vei\u0308nals i locals i persones volunta\u0300ries.<\/p>\n\n\n\n<p>La nostra escola, amb <strong>l&#8217;aval de tot el claustre i de les fam\u00edlies<\/strong> que conformen la nostra comunitat educativa est\u00e0 en<strong> proc\u00e9s de transformaci\u00f3 per esdevenir una comunitat d&#8217;aprenentatge<\/strong>. Aquest proc\u00e9s ja est\u00e0 en marxa des de l&#8217;any passat i no t\u00e9 aturador!<\/p>\n\n\n\n<p>El nostre <strong>repte \u00e9s superar les desigualtats, aconseguir l\u2019e\u0300xit educatiu per a tothom i millorar la convive\u0300ncia<\/strong> mitjanc\u0327ant l\u2019aprenentatge dialo\u0300gic. Alguns aspectes m\u00e9s concrets que reforcen aquesta voluntat s\u00f3n:<\/p>\n\n\n\n<p>\u00b7 L\u2019impuls de l\u2019excel\u00b7le\u0300ncia i l\u2019equitat amb un model de centre inclusiu basat en la igualtat de possibilitats, entesa com el donar me\u0301s a qui me\u0301s ho necessita a fi de no excloure ningu\u0301.<\/p>\n\n\n\n<p>\u00b7 L\u2019assoliment de l\u2019e\u0300xit de resultats per a tothom, plantejant altes expectatives d\u2019aprenentatge per a tot l\u2019alumnat, amb atencio\u0301 especial als qui, per raons de desigualtat, tenen un alt risc de fraca\u0300s i d\u2019abandonament escolar.<\/p>\n\n\n\n<p>\u00b7 La millora de la convive\u0300ncia a trave\u0301s del model dialo\u0300gic de prevencio\u0301 i resolucio\u0301 de conflictes.<\/p>\n\n\n\n<p>\u00b7 La participacio\u0301, coresponsabilitzacio\u0301 i implicacio\u0301 de tota la comunitat com a base de transformacio\u0301 social, educativa i cultural d\u2019un centre educatiu i del seu entorn mitjanc\u0327ant el dia\u0300leg igualitari.<\/p>\n\n\n\n<p>\u00b7 La formacio\u0301 permanent de tots els agents educatius com a valor de millora educativa.<\/p>\n\n\n\n<p>\u00b7 L\u2019obertura del centre educatiu al territori i la participaci\u00f3 en la promocio\u0301 del treball i l\u2019aprenentatge en xarxa.<\/p>\n\n\n\n<figure class=\"wp-block-image has-custom-border is-style-default\"><a href=\"https:\/\/agora.xtec.cat\/ceip-sant-bernat-calbo-reus\/wp-content\/uploads\/usu124\/2022\/02\/Volem-ser-CdA-scaled.jpg\"><img loading=\"lazy\" decoding=\"async\" width=\"1772\" height=\"2560\" src=\"https:\/\/agora.xtec.cat\/ceip-sant-bernat-calbo-reus\/wp-content\/uploads\/usu124\/2022\/02\/Volem-ser-CdA-scaled.jpg\" alt=\"\" class=\"wp-image-5484\" style=\"border-style:none;border-width:0px;border-radius:0px\" srcset=\"https:\/\/agora.xtec.cat\/esc-sant-bernat-calbo-reus\/wp-content\/uploads\/usu124\/2022\/02\/Volem-ser-CdA-scaled.jpg 1772w, https:\/\/agora.xtec.cat\/esc-sant-bernat-calbo-reus\/wp-content\/uploads\/usu124\/2022\/02\/Volem-ser-CdA-208x300.jpg 208w, https:\/\/agora.xtec.cat\/esc-sant-bernat-calbo-reus\/wp-content\/uploads\/usu124\/2022\/02\/Volem-ser-CdA-709x1024.jpg 709w, https:\/\/agora.xtec.cat\/esc-sant-bernat-calbo-reus\/wp-content\/uploads\/usu124\/2022\/02\/Volem-ser-CdA-768x1109.jpg 768w, https:\/\/agora.xtec.cat\/esc-sant-bernat-calbo-reus\/wp-content\/uploads\/usu124\/2022\/02\/Volem-ser-CdA-1063x1536.jpg 1063w, https:\/\/agora.xtec.cat\/esc-sant-bernat-calbo-reus\/wp-content\/uploads\/usu124\/2022\/02\/Volem-ser-CdA-1418x2048.jpg 1418w\" sizes=\"auto, (max-width: 1772px) 100vw, 1772px\" \/><\/a><\/figure>\n","protected":false},"excerpt":{"rendered":"<p>El Projecte Comunitats d\u2019Aprenentatge (CdA), d\u00f3na resposta als objectius generals del sistema educatiu descrites a l\u2019Estatut d\u2019Autonomia (2006) segons el [&hellip;]<\/p>\n","protected":false},"author":1,"featured_media":0,"parent":5197,"menu_order":40,"comment_status":"closed","ping_status":"closed","template":"","meta":{"_bbp_topic_count":0,"_bbp_reply_count":0,"_bbp_total_topic_count":0,"_bbp_total_reply_count":0,"_bbp_voice_count":0,"_bbp_anonymous_reply_count":0,"_bbp_topic_count_hidden":0,"_bbp_reply_count_hidden":0,"_bbp_forum_subforum_count":0,"site-sidebar-layout":"default","site-content-layout":"","ast-site-content-layout":"default","site-content-style":"default","site-sidebar-style":"default","ast-global-header-display":"","ast-banner-title-visibility":"","ast-main-header-display":"","ast-hfb-above-header-display":"","ast-hfb-below-header-display":"","ast-hfb-mobile-header-display":"","site-post-title":"","ast-breadcrumbs-content":"","ast-featured-img":"","footer-sml-layout":"","theme-transparent-header-meta":"","adv-header-id-meta":"","stick-header-meta":"","header-above-stick-meta":"","header-main-stick-meta":"","header-below-stick-meta":"","astra-migrate-meta-layouts":"set","ast-page-background-enabled":"default","ast-page-background-meta":{"desktop":{"background-color":"var(--ast-global-color-4)","background-image":"","background-repeat":"repeat","background-position":"center center","background-size":"auto","background-attachment":"scroll","background-type":"","background-media":"","overlay-type":"","overlay-color":"","overlay-opacity":"","overlay-gradient":""},"tablet":{"background-color":"","background-image":"","background-repeat":"repeat","background-position":"center center","background-size":"auto","background-attachment":"scroll","background-type":"","background-media":"","overlay-type":"","overlay-color":"","overlay-opacity":"","overlay-gradient":""},"mobile":{"background-color":"","background-image":"","background-repeat":"repeat","background-position":"center center","background-size":"auto","background-attachment":"scroll","background-type":"","background-media":"","overlay-type":"","overlay-color":"","overlay-opacity":"","overlay-gradient":""}},"ast-content-background-meta":{"desktop":{"background-color":"var(--ast-global-color-5)","background-image":"","background-repeat":"repeat","background-position":"center center","background-size":"auto","background-attachment":"scroll","background-type":"","background-media":"","overlay-type":"","overlay-color":"","overlay-opacity":"","overlay-gradient":""},"tablet":{"background-color":"var(--ast-global-color-5)","background-image":"","background-repeat":"repeat","background-position":"center center","background-size":"auto","background-attachment":"scroll","background-type":"","background-media":"","overlay-type":"","overlay-color":"","overlay-opacity":"","overlay-gradient":""},"mobile":{"background-color":"var(--ast-global-color-5)","background-image":"","background-repeat":"repeat","background-position":"center center","background-size":"auto","background-attachment":"scroll","background-type":"","background-media":"","overlay-type":"","overlay-color":"","overlay-opacity":"","overlay-gradient":""}},"footnotes":""},"class_list":["post-5474","page","type-page","status-publish","hentry"],"post_mailing_queue_ids":[],"_links":{"self":[{"href":"https:\/\/agora.xtec.cat\/esc-sant-bernat-calbo-reus\/wp-json\/wp\/v2\/pages\/5474","targetHints":{"allow":["GET"]}}],"collection":[{"href":"https:\/\/agora.xtec.cat\/esc-sant-bernat-calbo-reus\/wp-json\/wp\/v2\/pages"}],"about":[{"href":"https:\/\/agora.xtec.cat\/esc-sant-bernat-calbo-reus\/wp-json\/wp\/v2\/types\/page"}],"author":[{"embeddable":true,"href":"https:\/\/agora.xtec.cat\/esc-sant-bernat-calbo-reus\/wp-json\/wp\/v2\/users\/1"}],"replies":[{"embeddable":true,"href":"https:\/\/agora.xtec.cat\/esc-sant-bernat-calbo-reus\/wp-json\/wp\/v2\/comments?post=5474"}],"version-history":[{"count":6,"href":"https:\/\/agora.xtec.cat\/esc-sant-bernat-calbo-reus\/wp-json\/wp\/v2\/pages\/5474\/revisions"}],"predecessor-version":[{"id":7618,"href":"https:\/\/agora.xtec.cat\/esc-sant-bernat-calbo-reus\/wp-json\/wp\/v2\/pages\/5474\/revisions\/7618"}],"up":[{"embeddable":true,"href":"https:\/\/agora.xtec.cat\/esc-sant-bernat-calbo-reus\/wp-json\/wp\/v2\/pages\/5197"}],"wp:attachment":[{"href":"https:\/\/agora.xtec.cat\/esc-sant-bernat-calbo-reus\/wp-json\/wp\/v2\/media?parent=5474"}],"curies":[{"name":"wp","href":"https:\/\/api.w.org\/{rel}","templated":true}]}}