{"id":5392,"date":"2022-02-18T09:59:37","date_gmt":"2022-02-18T08:59:37","guid":{"rendered":"https:\/\/agora.xtec.cat\/ceip-sant-bernat-calbo-reus\/?page_id=5392"},"modified":"2026-02-13T11:11:21","modified_gmt":"2026-02-13T10:11:21","slug":"transparencia-economica","status":"publish","type":"page","link":"https:\/\/agora.xtec.cat\/esc-sant-bernat-calbo-reus\/identitat-sbc\/transparencia-economica\/","title":{"rendered":"Transpar\u00e8ncia econ\u00f2mica"},"content":{"rendered":"\n<p class=\"has-medium-font-size\">La transpar\u00e8ncia dins de l&#8217;administraci\u00f3 p\u00fablica implica que l&#8217;organitzaci\u00f3 s&#8217;ha d&#8217;obrir i ha de funcionar d&#8217;una forma pro-activa, en el nostre cas, envers aquells\/es que formeu part de la nostra comunitat educativa.<\/p>\n\n\n\n<p class=\"has-medium-font-size\">Aquesta actuaci\u00f3 esdev\u00e9 imprescindible per afavorir l&#8217;enfortiment del sistema democr\u00e0tic i, en conseq\u00fc\u00e8ncia, millorar la confian\u00e7a de la ciutadania respecte a les institucions p\u00fabliques.<\/p>\n\n\n\n<p class=\"has-medium-font-size\">En aquest apartat us donem a con\u00e8ixer diferents tipus d&#8217;informaci\u00f3, com dades i documents dels quals disposem en diferents formats i de manera visible, accessible i comprensible per a tothom.\u00a0Aix\u00ed, compartim amb vosaltres, entre d&#8217;altres informacions, la corresponent a la\u00a0<strong>liquidaci\u00f3 dels pressupostos<\/strong> dels darrers anys.<\/p>\n\n\n\n<figure class=\"wp-block-table\"><table class=\"has-fixed-layout\"><tbody><tr><td><a href=\"https:\/\/agora.xtec.cat\/esc-sant-bernat-calbo-reus\/wp-content\/uploads\/usu124\/2026\/02\/Pressupost-2020.pdf\">Pressupost del 2020<\/a><\/td><td><a href=\"https:\/\/agora.xtec.cat\/ceip-sant-bernat-calbo-reus\/wp-content\/uploads\/usu124\/2022\/02\/Liquidacio-del-pressupost-2020.pdf\">Liquidaci\u00f3 del  2020<\/a><\/td><\/tr><tr><td><a href=\"https:\/\/agora.xtec.cat\/esc-sant-bernat-calbo-reus\/wp-content\/uploads\/usu124\/2026\/02\/Pressupost-2021.pdf\">Pressupost del 2021<\/a><\/td><td><a href=\"https:\/\/agora.xtec.cat\/ceip-sant-bernat-calbo-reus\/wp-content\/uploads\/usu124\/2022\/02\/Liquidacio-del-pressupost-2021.pdf\">Liquidaci\u00f3 del 2021<\/a><\/td><\/tr><tr><td><a href=\"https:\/\/agora.xtec.cat\/esc-sant-bernat-calbo-reus\/wp-content\/uploads\/usu124\/2026\/02\/Pressupost-2022.pdf\">Pressupost del 2022<\/a><\/td><td><a href=\"https:\/\/agora.xtec.cat\/esc-sant-bernat-calbo-reus\/wp-content\/uploads\/usu124\/2023\/01\/Liquidacio-del-pressupost-2022.pdf\">Liquidaci\u00f3 del  2022<\/a><\/td><\/tr><tr><td><a href=\"https:\/\/agora.xtec.cat\/esc-sant-bernat-calbo-reus\/wp-content\/uploads\/usu124\/2026\/02\/Pressupost-2023.pdf\">Pressupost del 2023<\/a><\/td><td><a href=\"https:\/\/agora.xtec.cat\/esc-sant-bernat-calbo-reus\/wp-content\/uploads\/usu124\/2024\/02\/Liquidacio-del-pressupost.pdf\">Liquidaci\u00f3 del  2023<\/a><\/td><\/tr><tr><td><a href=\"https:\/\/agora.xtec.cat\/esc-sant-bernat-calbo-reus\/wp-content\/uploads\/usu124\/2026\/02\/Pressupost-2024.pdf\">Pressupost del 2024<\/a><\/td><td><a href=\"https:\/\/agora.xtec.cat\/esc-sant-bernat-calbo-reus\/wp-content\/uploads\/usu124\/2025\/06\/Liquidacio-del-pressupost-2024-3.pdf\">Liquidaci\u00f3 del 2024<\/a><\/td><\/tr><tr><td><a href=\"https:\/\/agora.xtec.cat\/esc-sant-bernat-calbo-reus\/wp-content\/uploads\/usu124\/2026\/02\/Pressupost-2025.pdf\">Pressupost del 2025<\/a><\/td><td><a href=\"https:\/\/agora.xtec.cat\/esc-sant-bernat-calbo-reus\/wp-content\/uploads\/usu124\/2026\/02\/Liquidacio-2025.pdf\">Liquidaci\u00f3 del 2025<\/a><\/td><\/tr><tr><td><a href=\"https:\/\/agora.xtec.cat\/esc-sant-bernat-calbo-reus\/wp-content\/uploads\/usu124\/2026\/02\/Pressupost-2026.pdf\">Pressupost del 2026<\/a><\/td><td><\/td><\/tr><\/tbody><\/table><\/figure>\n\n\n\n<p><\/p>\n","protected":false},"excerpt":{"rendered":"<p>La transpar\u00e8ncia dins de l&#8217;administraci\u00f3 p\u00fablica implica que l&#8217;organitzaci\u00f3 s&#8217;ha d&#8217;obrir i ha de funcionar d&#8217;una forma pro-activa, en el [&hellip;]<\/p>\n","protected":false},"author":1,"featured_media":0,"parent":5197,"menu_order":90,"comment_status":"closed","ping_status":"closed","template":"","meta":{"_bbp_topic_count":0,"_bbp_reply_count":0,"_bbp_total_topic_count":0,"_bbp_total_reply_count":0,"_bbp_voice_count":0,"_bbp_anonymous_reply_count":0,"_bbp_topic_count_hidden":0,"_bbp_reply_count_hidden":0,"_bbp_forum_subforum_count":0,"site-sidebar-layout":"default","site-content-layout":"","ast-site-content-layout":"default","site-content-style":"default","site-sidebar-style":"default","ast-global-header-display":"","ast-banner-title-visibility":"","ast-main-header-display":"","ast-hfb-above-header-display":"","ast-hfb-below-header-display":"","ast-hfb-mobile-header-display":"","site-post-title":"","ast-breadcrumbs-content":"","ast-featured-img":"","footer-sml-layout":"","theme-transparent-header-meta":"","adv-header-id-meta":"","stick-header-meta":"","header-above-stick-meta":"","header-main-stick-meta":"","header-below-stick-meta":"","astra-migrate-meta-layouts":"set","ast-page-background-enabled":"default","ast-page-background-meta":{"desktop":{"background-color":"var(--ast-global-color-4)","background-image":"","background-repeat":"repeat","background-position":"center center","background-size":"auto","background-attachment":"scroll","background-type":"","background-media":"","overlay-type":"","overlay-color":"","overlay-opacity":"","overlay-gradient":""},"tablet":{"background-color":"","background-image":"","background-repeat":"repeat","background-position":"center center","background-size":"auto","background-attachment":"scroll","background-type":"","background-media":"","overlay-type":"","overlay-color":"","overlay-opacity":"","overlay-gradient":""},"mobile":{"background-color":"","background-image":"","background-repeat":"repeat","background-position":"center center","background-size":"auto","background-attachment":"scroll","background-type":"","background-media":"","overlay-type":"","overlay-color":"","overlay-opacity":"","overlay-gradient":""}},"ast-content-background-meta":{"desktop":{"background-color":"var(--ast-global-color-5)","background-image":"","background-repeat":"repeat","background-position":"center center","background-size":"auto","background-attachment":"scroll","background-type":"","background-media":"","overlay-type":"","overlay-color":"","overlay-opacity":"","overlay-gradient":""},"tablet":{"background-color":"var(--ast-global-color-5)","background-image":"","background-repeat":"repeat","background-position":"center center","background-size":"auto","background-attachment":"scroll","background-type":"","background-media":"","overlay-type":"","overlay-color":"","overlay-opacity":"","overlay-gradient":""},"mobile":{"background-color":"var(--ast-global-color-5)","background-image":"","background-repeat":"repeat","background-position":"center center","background-size":"auto","background-attachment":"scroll","background-type":"","background-media":"","overlay-type":"","overlay-color":"","overlay-opacity":"","overlay-gradient":""}},"footnotes":""},"class_list":["post-5392","page","type-page","status-publish","hentry"],"post_mailing_queue_ids":[],"_links":{"self":[{"href":"https:\/\/agora.xtec.cat\/esc-sant-bernat-calbo-reus\/wp-json\/wp\/v2\/pages\/5392","targetHints":{"allow":["GET"]}}],"collection":[{"href":"https:\/\/agora.xtec.cat\/esc-sant-bernat-calbo-reus\/wp-json\/wp\/v2\/pages"}],"about":[{"href":"https:\/\/agora.xtec.cat\/esc-sant-bernat-calbo-reus\/wp-json\/wp\/v2\/types\/page"}],"author":[{"embeddable":true,"href":"https:\/\/agora.xtec.cat\/esc-sant-bernat-calbo-reus\/wp-json\/wp\/v2\/users\/1"}],"replies":[{"embeddable":true,"href":"https:\/\/agora.xtec.cat\/esc-sant-bernat-calbo-reus\/wp-json\/wp\/v2\/comments?post=5392"}],"version-history":[{"count":5,"href":"https:\/\/agora.xtec.cat\/esc-sant-bernat-calbo-reus\/wp-json\/wp\/v2\/pages\/5392\/revisions"}],"predecessor-version":[{"id":8544,"href":"https:\/\/agora.xtec.cat\/esc-sant-bernat-calbo-reus\/wp-json\/wp\/v2\/pages\/5392\/revisions\/8544"}],"up":[{"embeddable":true,"href":"https:\/\/agora.xtec.cat\/esc-sant-bernat-calbo-reus\/wp-json\/wp\/v2\/pages\/5197"}],"wp:attachment":[{"href":"https:\/\/agora.xtec.cat\/esc-sant-bernat-calbo-reus\/wp-json\/wp\/v2\/media?parent=5392"}],"curies":[{"name":"wp","href":"https:\/\/api.w.org\/{rel}","templated":true}]}}