{"id":5191,"date":"2022-02-08T12:37:54","date_gmt":"2022-02-08T11:37:54","guid":{"rendered":"https:\/\/agora.xtec.cat\/ceip-sant-bernat-calbo-reus\/?page_id=5191"},"modified":"2025-01-28T13:02:44","modified_gmt":"2025-01-28T12:02:44","slug":"aprendre","status":"publish","type":"page","link":"https:\/\/agora.xtec.cat\/esc-sant-bernat-calbo-reus\/identitat-sbc\/aprendre\/","title":{"rendered":"Aprendre"},"content":{"rendered":"\n<p class=\"has-medium-font-size\"><span lang=\"CA-ES\">Els objectius prioritaris del sistema educatiu catal\u00e0 s\u00f3n&nbsp;<\/span><span lang=\"CA-ES\">l&#8217;\u00e8xit escolar&nbsp;<\/span><span lang=\"CA-ES\">i l<\/span><span lang=\"CA-ES\">&#8216;excel\u00b7l\u00e8ncia&nbsp;<\/span><span lang=\"CA-ES\">educativa<\/span><span lang=\"CA-ES\">, amb el&nbsp;desenvolupament de les capacitats de tot l&#8217;alumnat&nbsp;<\/span><span lang=\"CA-ES\">com a principi&nbsp;<\/span><span lang=\"CA-ES\">fonamentador<\/span><span lang=\"CA-ES\">&nbsp;de l&#8217;equitat i garantia, alhora, de la&nbsp;cohesi\u00f3 social.<\/span><\/p>\n\n\n\n<p class=\"has-medium-font-size\">L&#8217;escenari educatiu actual parteix del prop\u00f2sit d&#8217;una concepci\u00f3 inclusiva i orientadora de l\u2019educaci\u00f3, que ha de comportar una transformaci\u00f3 tant en les pr\u00e0ctiques d\u2019aprenentatge (inclosa l\u2019avaluaci\u00f3), que han d\u2019estar centrades en la persona que apr\u00e8n i fer-la corresponsable; com en una organitzaci\u00f3 del centre al servei de l\u2019aprenentatge.<\/p>\n\n\n\n<p class=\"has-medium-font-size\">El concepte de m\u00e8tode, en educaci\u00f3, designa com es duu a terme el proc\u00e9s d&#8217;ensenyament-aprenentatge.&nbsp;Al nostre centre, entenem que no hi ha cap&nbsp;f\u00f2rmula magistral&nbsp;ni cap m\u00e8tode ideal, sin\u00f3 que aquests s&#8217;han d&#8217;adequar a cada circumst\u00e0ncia, a cada context o -fins i tot- a cada alumne\/a.<\/p>\n\n\n\n<p class=\"has-medium-font-size\">En la cerca constant per a aconseguir assolir els objectius del sistema educatiu, la nostra escola busca inspiraci\u00f3 en els seg\u00fcents&nbsp;marcs de refer\u00e8ncia:<\/p>\n\n\n\n<div>\n<table style=\"border-collapse: collapse; width: 100%; height: 23px;\">\n<tbody>\n<tr style=\"height: 23px;\">\n<td style=\"text-align: center; height: 23px;\"><a href=\"https:\/\/agora.xtec.cat\/esc-sant-bernat-calbo-reus\/wp-content\/uploads\/usu124\/2022\/05\/Un-curri\u0301culum-competencial.pdf\">Un curri\u0301culum competencial<\/a><\/td>\n<td style=\"text-align: center; height: 23px;\"><a href=\"https:\/\/agora.xtec.cat\/esc-sant-bernat-calbo-reus\/wp-content\/uploads\/usu124\/2022\/05\/DUA.pdf\">DUA<\/a><\/td>\n<td style=\"text-align: center; height: 23px;\"><a href=\"https:\/\/agora.xtec.cat\/esc-sant-bernat-calbo-reus\/wp-content\/uploads\/usu124\/2022\/05\/Els-7-principis-de-laprenentatge.pdf\">Els 7 principis de l&#8217;aprenentatge<\/a><\/td>\n<td style=\"text-align: center; height: 23px;\"><a href=\"https:\/\/agora.xtec.cat\/esc-sant-bernat-calbo-reus\/wp-content\/uploads\/usu124\/2022\/05\/Una-escola-en-transformacio\u0301.pdf\">Una escola en transformacio\u0301<\/a><\/td>\n<\/tr>\n<\/tbody>\n<\/table>\n<figure><a href=\"https:\/\/agora.xtec.cat\/esc-sant-bernat-calbo-reus\/wp-content\/uploads\/usu124\/2022\/05\/ODS-2030.jpg\"><img loading=\"lazy\" decoding=\"async\" class=\"aligncenter size-full wp-image-5859\" src=\"https:\/\/agora.xtec.cat\/esc-sant-bernat-calbo-reus\/wp-content\/uploads\/usu124\/2022\/05\/ODS-2030.jpg\" alt=\"\" width=\"877\" height=\"620\" srcset=\"https:\/\/agora.xtec.cat\/esc-sant-bernat-calbo-reus\/wp-content\/uploads\/usu124\/2022\/05\/ODS-2030.jpg 877w, https:\/\/agora.xtec.cat\/esc-sant-bernat-calbo-reus\/wp-content\/uploads\/usu124\/2022\/05\/ODS-2030-300x212.jpg 300w, https:\/\/agora.xtec.cat\/esc-sant-bernat-calbo-reus\/wp-content\/uploads\/usu124\/2022\/05\/ODS-2030-768x543.jpg 768w\" sizes=\"auto, (max-width: 877px) 100vw, 877px\" \/><\/a><\/figure>\n<p>\u00a0<\/p>\n<\/div>\n","protected":false},"excerpt":{"rendered":"<p>Els objectius prioritaris del sistema educatiu catal\u00e0 s\u00f3n&nbsp;l&#8217;\u00e8xit escolar&nbsp;i l&#8216;excel\u00b7l\u00e8ncia&nbsp;educativa, amb el&nbsp;desenvolupament de les capacitats de tot l&#8217;alumnat&nbsp;com a principi&nbsp;fonamentador&nbsp;de [&hellip;]<\/p>\n","protected":false},"author":1,"featured_media":0,"parent":5197,"menu_order":30,"comment_status":"closed","ping_status":"closed","template":"","meta":{"_bbp_topic_count":0,"_bbp_reply_count":0,"_bbp_total_topic_count":0,"_bbp_total_reply_count":0,"_bbp_voice_count":0,"_bbp_anonymous_reply_count":0,"_bbp_topic_count_hidden":0,"_bbp_reply_count_hidden":0,"_bbp_forum_subforum_count":0,"site-sidebar-layout":"default","site-content-layout":"","ast-site-content-layout":"default","site-content-style":"default","site-sidebar-style":"default","ast-global-header-display":"","ast-banner-title-visibility":"","ast-main-header-display":"","ast-hfb-above-header-display":"","ast-hfb-below-header-display":"","ast-hfb-mobile-header-display":"","site-post-title":"","ast-breadcrumbs-content":"","ast-featured-img":"","footer-sml-layout":"","theme-transparent-header-meta":"","adv-header-id-meta":"","stick-header-meta":"","header-above-stick-meta":"","header-main-stick-meta":"","header-below-stick-meta":"","astra-migrate-meta-layouts":"set","ast-page-background-enabled":"default","ast-page-background-meta":{"desktop":{"background-color":"var(--ast-global-color-4)","background-image":"","background-repeat":"repeat","background-position":"center center","background-size":"auto","background-attachment":"scroll","background-type":"","background-media":"","overlay-type":"","overlay-color":"","overlay-opacity":"","overlay-gradient":""},"tablet":{"background-color":"","background-image":"","background-repeat":"repeat","background-position":"center center","background-size":"auto","background-attachment":"scroll","background-type":"","background-media":"","overlay-type":"","overlay-color":"","overlay-opacity":"","overlay-gradient":""},"mobile":{"background-color":"","background-image":"","background-repeat":"repeat","background-position":"center center","background-size":"auto","background-attachment":"scroll","background-type":"","background-media":"","overlay-type":"","overlay-color":"","overlay-opacity":"","overlay-gradient":""}},"ast-content-background-meta":{"desktop":{"background-color":"var(--ast-global-color-5)","background-image":"","background-repeat":"repeat","background-position":"center center","background-size":"auto","background-attachment":"scroll","background-type":"","background-media":"","overlay-type":"","overlay-color":"","overlay-opacity":"","overlay-gradient":""},"tablet":{"background-color":"var(--ast-global-color-5)","background-image":"","background-repeat":"repeat","background-position":"center center","background-size":"auto","background-attachment":"scroll","background-type":"","background-media":"","overlay-type":"","overlay-color":"","overlay-opacity":"","overlay-gradient":""},"mobile":{"background-color":"var(--ast-global-color-5)","background-image":"","background-repeat":"repeat","background-position":"center center","background-size":"auto","background-attachment":"scroll","background-type":"","background-media":"","overlay-type":"","overlay-color":"","overlay-opacity":"","overlay-gradient":""}},"footnotes":""},"class_list":["post-5191","page","type-page","status-publish","hentry"],"post_mailing_queue_ids":[],"_links":{"self":[{"href":"https:\/\/agora.xtec.cat\/esc-sant-bernat-calbo-reus\/wp-json\/wp\/v2\/pages\/5191","targetHints":{"allow":["GET"]}}],"collection":[{"href":"https:\/\/agora.xtec.cat\/esc-sant-bernat-calbo-reus\/wp-json\/wp\/v2\/pages"}],"about":[{"href":"https:\/\/agora.xtec.cat\/esc-sant-bernat-calbo-reus\/wp-json\/wp\/v2\/types\/page"}],"author":[{"embeddable":true,"href":"https:\/\/agora.xtec.cat\/esc-sant-bernat-calbo-reus\/wp-json\/wp\/v2\/users\/1"}],"replies":[{"embeddable":true,"href":"https:\/\/agora.xtec.cat\/esc-sant-bernat-calbo-reus\/wp-json\/wp\/v2\/comments?post=5191"}],"version-history":[{"count":6,"href":"https:\/\/agora.xtec.cat\/esc-sant-bernat-calbo-reus\/wp-json\/wp\/v2\/pages\/5191\/revisions"}],"predecessor-version":[{"id":8158,"href":"https:\/\/agora.xtec.cat\/esc-sant-bernat-calbo-reus\/wp-json\/wp\/v2\/pages\/5191\/revisions\/8158"}],"up":[{"embeddable":true,"href":"https:\/\/agora.xtec.cat\/esc-sant-bernat-calbo-reus\/wp-json\/wp\/v2\/pages\/5197"}],"wp:attachment":[{"href":"https:\/\/agora.xtec.cat\/esc-sant-bernat-calbo-reus\/wp-json\/wp\/v2\/media?parent=5191"}],"curies":[{"name":"wp","href":"https:\/\/api.w.org\/{rel}","templated":true}]}}