{"id":28,"date":"2014-09-18T12:29:35","date_gmt":"2014-09-18T11:29:35","guid":{"rendered":"http:\/\/agora.xtec.cat\/ceip-sant-bernat-calbo-reus\/?page_id=28"},"modified":"2025-02-04T15:56:23","modified_gmt":"2025-02-04T14:56:23","slug":"consell-escolar","status":"publish","type":"page","link":"https:\/\/agora.xtec.cat\/esc-sant-bernat-calbo-reus\/lescola\/consell-escolar\/","title":{"rendered":"Consell escolar"},"content":{"rendered":"\n<div class=\"wp-block-getwid-toggle alignfull has-icon-left\">\n<div class=\"wp-block-getwid-toggle__row\"><div class=\"wp-block-getwid-toggle__header-wrapper\"><span class=\"wp-block-getwid-toggle__header\"><a href=\"#\"><span class=\"wp-block-getwid-toggle__header-title\">Qu\u00e8 \u00e9s el consell escolar<\/span><span class=\"wp-block-getwid-toggle__icon is-active\"><i class=\"fas fa-plus\"><\/i><\/span><span class=\"wp-block-getwid-toggle__icon is-passive\"><i class=\"fas fa-minus\"><\/i><\/span><\/a><\/span><\/div><div class=\"wp-block-getwid-toggle__content-wrapper\"><div class=\"wp-block-getwid-toggle__content\">\n<p class=\"has-medium-font-size\"><span style=\"font-weight: 400;\">El <\/span><b>consell escolar del centre<\/b><span style=\"font-weight: 400;\"> \u00e9s l&#8217;\u00f2rgan col\u00b7legiat de participaci\u00f3 de la comunitat escolar en el govern del centre.&nbsp;<\/span><\/p>\n\n\n\n<p class=\"has-medium-font-size\"><span style=\"font-weight: 400;\">En el consell escolar hi ha representats tots els col\u00b7lectius que intervenen en la comunitat educativa: direcci\u00f3, prefectura d\u2019estudis, professorat, fam\u00edlies d\u2019alumnes, personal d&#8217;administraci\u00f3 i serveis i ajuntament.<\/span><\/p>\n\n\n\n<p class=\"has-medium-font-size\"><span style=\"font-weight: 400;\">En els centres p\u00fablics, la funci\u00f3 principal del consell escolar \u00e9s <\/span><b>participar en la presa de decisions en relaci\u00f3 amb aquells temes importants per al funcionament i l&#8217;organitzaci\u00f3 del centre<\/b><span style=\"font-weight: 400;\">: el projecte educatiu, la programaci\u00f3 general, la gesti\u00f3 econ\u00f2mica\u2026<\/span><\/p>\n\n\n\n<p class=\"has-medium-font-size\"><span style=\"font-weight: 400;\">Els membres del consell escolar s\u00f3n elegits per un per\u00edode de quatre anys i es renoven per meitats cada dos anys.<\/span><\/p>\n\n\n\n<p class=\"has-medium-font-size\"><span style=\"font-weight: 400;\">El consell escolar est\u00e0 integrat per:<\/span><\/p>\n\n\n\n<ul class=\"wp-block-list\">\n<li class=\"has-medium-font-size\"><span style=\"font-weight: 400;\"> La direcci\u00f3, que el presideix.<\/span><\/li>\n\n\n\n<li class=\"has-medium-font-size\"><span style=\"font-weight: 400;\"> La prefectura d&#8217;estudis.<\/span><\/li>\n\n\n\n<li class=\"has-medium-font-size\"><span style=\"font-weight: 400;\"> Un o una representant de l&#8217;ajuntament de la localitat on es troba situat el centre.<\/span><\/li>\n\n\n\n<li class=\"has-medium-font-size\"><span style=\"font-weight: 400;\"> El secretari o secret\u00e0ria del centre, que assisteix amb veu i sense vot i exerceix la secretaria del consell.<\/span><\/li>\n\n\n\n<li class=\"has-medium-font-size\"><span style=\"font-weight: 400;\"> Els i les representants del professorat s&#8217;elegeixen pel claustre.<\/span><\/li>\n\n\n\n<li class=\"has-medium-font-size\"><span style=\"font-weight: 400;\"> Els i les representants de l&#8217;alumnat i dels pares i mares o tutors, elegits respectivament per ells i entre ells.<\/span><\/li>\n\n\n\n<li class=\"has-medium-font-size\"><span style=\"font-weight: 400;\"> Un o una representant del personal d&#8217;administraci\u00f3 i serveis, elegit per i entre aquest personal.<\/span><\/li>\n<\/ul>\n\n\n\n<p class=\"has-medium-font-size\"><span style=\"font-weight: 400;\">Corresponen al consell escolar les <\/span><b>funcions<\/b><span style=\"font-weight: 400;\"> seg\u00fcents:<\/span><\/p>\n\n\n\n<ul class=\"wp-block-list\">\n<li class=\"has-medium-font-size\"><span style=\"font-weight: 400;\"> Aprovar el projecte educatiu i les modificacions corresponents per una majoria de tres cinquenes parts dels membres.<\/span><\/li>\n\n\n\n<li class=\"has-medium-font-size\"><span style=\"font-weight: 400;\"> Aprovar la programaci\u00f3 general anual del centre i avaluar-ne el desenvolupament i els resultats.<\/span><\/li>\n\n\n\n<li class=\"has-medium-font-size\"><span style=\"font-weight: 400;\"> Aprovar les propostes d&#8217;acords de corresponsabilitat, convenis i altres acords de col\u00b7laboraci\u00f3 del centre amb entitats o institucions.<\/span><\/li>\n\n\n\n<li class=\"has-medium-font-size\"><span style=\"font-weight: 400;\"> Aprovar les normes d&#8217;organitzaci\u00f3 i funcionament i les modificacions corresponents.<\/span><\/li>\n\n\n\n<li class=\"has-medium-font-size\"><span style=\"font-weight: 400;\"> Aprovar la carta de comprom\u00eds educatiu.<\/span><\/li>\n\n\n\n<li class=\"has-medium-font-size\"><span style=\"font-weight: 400;\"> Aprovar el pressupost del centre i el rendiment de comptes.<\/span><\/li>\n\n\n\n<li class=\"has-medium-font-size\"><span style=\"font-weight: 400;\"> Intervenir en el procediment d&#8217;admissi\u00f3 d&#8217;alumnes.<\/span><\/li>\n\n\n\n<li class=\"has-medium-font-size\"><span style=\"font-weight: 400;\"> Participar en el procediment de selecci\u00f3 i en la proposta de cessament del director o directora.<\/span><\/li>\n\n\n\n<li class=\"has-medium-font-size\"><span style=\"font-weight: 400;\"> Intervenir en la resoluci\u00f3 dels conflictes i, si escau, revisar les sancions als alumnes.<\/span><\/li>\n\n\n\n<li class=\"has-medium-font-size\"><span style=\"font-weight: 400;\"> Aprovar les directrius per a la programaci\u00f3 d&#8217;activitats escolars complement\u00e0ries i d&#8217;activitats extraescolars, i avaluar-ne el desenvolupament.<\/span><\/li>\n\n\n\n<li class=\"has-medium-font-size\"><span style=\"font-weight: 400;\"> Participar en les an\u00e0lisis i les avaluacions del funcionament general del centre i con\u00e8ixer l&#8217;evoluci\u00f3 del rendiment escolar.<\/span><\/li>\n\n\n\n<li class=\"has-medium-font-size\"><span style=\"font-weight: 400;\"> Aprovar els criteris de col\u00b7laboraci\u00f3 amb altres centres i amb l&#8217;entorn.<\/span><\/li>\n\n\n\n<li class=\"has-medium-font-size\"><span style=\"font-weight: 400;\"> Qualsevol altra que li sigui atribu\u00efda per les normes legals o reglament\u00e0ries.<\/span><\/li>\n<\/ul>\n\n\n\n<p class=\"has-medium-font-size\"><span style=\"font-weight: 400;\">El consell escolar del centre es reuneix preceptivament <\/span><b>una vegada al trimestre<\/b><span style=\"font-weight: 400;\"> i sempre que el convoca la direcci\u00f3 del centre o ho sol\u00b7licita al menys un ter\u00e7 de les seves persones membres. A m\u00e9s, s&#8217;ha de fer <\/span><b>una reuni\u00f3 a principi de curs<\/b><span style=\"font-weight: 400;\"> i <\/span><b>una altra a la seva finalitzaci\u00f3<\/b><span style=\"font-weight: 400;\">.<\/span><\/p>\n<\/div><\/div><\/div>\n\n\n\n<div class=\"wp-block-getwid-toggle__row\"><div class=\"wp-block-getwid-toggle__header-wrapper\"><span class=\"wp-block-getwid-toggle__header\"><a href=\"#\"><span class=\"wp-block-getwid-toggle__header-title\">Composici\u00f3<\/span><span class=\"wp-block-getwid-toggle__icon is-active\"><i class=\"fas fa-plus\"><\/i><\/span><span class=\"wp-block-getwid-toggle__icon is-passive\"><i class=\"fas fa-minus\"><\/i><\/span><\/a><\/span><\/div><div class=\"wp-block-getwid-toggle__content-wrapper\"><div class=\"wp-block-getwid-toggle__content\">\n<h1><strong>EQUIP DIRECTIU<\/strong><\/h1>\n<p>PEP MONTANER &#8211; Director<\/p>\n<p>ANA\u00cfS P\u00c9REZ &#8211; Cap d&#8217;estudis<\/p>\n<p>TONI GARCIA &#8211; Secretari<\/p>\n\n\n\n<h1>REPRESENTANTS DEL PROFESSORAT<\/h1>\n<p>YASMINA BARBER\u00c1N<\/p>\n<p>VALLE G\u00d3MEZ<\/p>\n<p>LAIA CAPDEVILA<\/p>\n<p>MARTA HERN\u00c1NDEZ<\/p>\n\n\n\n<h1>REPRESENTANTS DE FAM\u00cdLIES<\/h1>\n<p>JENNIFER de JES\u00daS S\u00c1NCHEZ<\/p>\n<p>MARIA ISABEL MERINO MART\u00cdNEZ<\/p>\n<p>SANDRA SOLANO MORALES<\/p>\n<p>ELISABET VARO MOLINA<\/p>\n\n\n\n<h1>REPRESENTANT PAS<\/h1>\n<p>CARMEN VALIENTE<\/p>\n\n\n\n<h1>REPRESENTANT MUNICIPAL<\/h1>\n<p>SILVIA PAR\u00c8S<\/p>\n<\/div><\/div><\/div>\n\n\n\n<div class=\"wp-block-getwid-toggle__row\"><div class=\"wp-block-getwid-toggle__header-wrapper\"><span class=\"wp-block-getwid-toggle__header\"><a href=\"#\"><span class=\"wp-block-getwid-toggle__header-title\">Documents<\/span><span class=\"wp-block-getwid-toggle__icon is-active\"><i class=\"fas fa-plus\"><\/i><\/span><span class=\"wp-block-getwid-toggle__icon is-passive\"><i class=\"fas fa-minus\"><\/i><\/span><\/a><\/span><\/div><div class=\"wp-block-getwid-toggle__content-wrapper\"><div class=\"wp-block-getwid-toggle__content\">\n<figure class=\"wp-block-table\"><table><tbody><tr><td><a href=\"https:\/\/agora.xtec.cat\/ceip-sant-bernat-calbo-reus\/wp-content\/uploads\/usu124\/2022\/03\/Composici%C2%A6-i-funcions-del-consell-escolar.pdf\">Composici\u00f3 i funcions del consell escolar<\/a><\/td><td><a href=\"https:\/\/agora.xtec.cat\/ceip-sant-bernat-calbo-reus\/wp-content\/uploads\/usu124\/2022\/03\/Orientacions-per-als-representants-dels-pares-i-mares-del-consell.pdf\">Orientacions per als representants dels pares i mares del consell<\/a><\/td><\/tr><tr><td><a href=\"https:\/\/docs.google.com\/document\/d\/1oyHtuivS30d9IUw0SQOnkcjHSLhtEPrUKPhe2aG40MI\/edit\" target=\"_blank\" rel=\"noreferrer noopener\">Acords<\/a><\/td><\/tr><\/tbody><\/table><\/figure>\n<\/div><\/div><\/div>\n<\/div>\n","protected":false},"excerpt":{"rendered":"","protected":false},"author":9,"featured_media":0,"parent":22,"menu_order":60,"comment_status":"closed","ping_status":"closed","template":"","meta":{"_bbp_topic_count":0,"_bbp_reply_count":0,"_bbp_total_topic_count":0,"_bbp_total_reply_count":0,"_bbp_voice_count":0,"_bbp_anonymous_reply_count":0,"_bbp_topic_count_hidden":0,"_bbp_reply_count_hidden":0,"_bbp_forum_subforum_count":0,"site-sidebar-layout":"default","site-content-layout":"","ast-site-content-layout":"default","site-content-style":"default","site-sidebar-style":"default","ast-global-header-display":"","ast-banner-title-visibility":"","ast-main-header-display":"","ast-hfb-above-header-display":"","ast-hfb-below-header-display":"","ast-hfb-mobile-header-display":"","site-post-title":"","ast-breadcrumbs-content":"","ast-featured-img":"","footer-sml-layout":"","theme-transparent-header-meta":"","adv-header-id-meta":"","stick-header-meta":"","header-above-stick-meta":"","header-main-stick-meta":"","header-below-stick-meta":"","astra-migrate-meta-layouts":"set","ast-page-background-enabled":"default","ast-page-background-meta":{"desktop":{"background-color":"var(--ast-global-color-4)","background-image":"","background-repeat":"repeat","background-position":"center center","background-size":"auto","background-attachment":"scroll","background-type":"","background-media":"","overlay-type":"","overlay-color":"","overlay-opacity":"","overlay-gradient":""},"tablet":{"background-color":"","background-image":"","background-repeat":"repeat","background-position":"center center","background-size":"auto","background-attachment":"scroll","background-type":"","background-media":"","overlay-type":"","overlay-color":"","overlay-opacity":"","overlay-gradient":""},"mobile":{"background-color":"","background-image":"","background-repeat":"repeat","background-position":"center center","background-size":"auto","background-attachment":"scroll","background-type":"","background-media":"","overlay-type":"","overlay-color":"","overlay-opacity":"","overlay-gradient":""}},"ast-content-background-meta":{"desktop":{"background-color":"var(--ast-global-color-5)","background-image":"","background-repeat":"repeat","background-position":"center center","background-size":"auto","background-attachment":"scroll","background-type":"","background-media":"","overlay-type":"","overlay-color":"","overlay-opacity":"","overlay-gradient":""},"tablet":{"background-color":"var(--ast-global-color-5)","background-image":"","background-repeat":"repeat","background-position":"center center","background-size":"auto","background-attachment":"scroll","background-type":"","background-media":"","overlay-type":"","overlay-color":"","overlay-opacity":"","overlay-gradient":""},"mobile":{"background-color":"var(--ast-global-color-5)","background-image":"","background-repeat":"repeat","background-position":"center center","background-size":"auto","background-attachment":"scroll","background-type":"","background-media":"","overlay-type":"","overlay-color":"","overlay-opacity":"","overlay-gradient":""}},"footnotes":""},"class_list":["post-28","page","type-page","status-publish","hentry"],"post_mailing_queue_ids":[],"_links":{"self":[{"href":"https:\/\/agora.xtec.cat\/esc-sant-bernat-calbo-reus\/wp-json\/wp\/v2\/pages\/28","targetHints":{"allow":["GET"]}}],"collection":[{"href":"https:\/\/agora.xtec.cat\/esc-sant-bernat-calbo-reus\/wp-json\/wp\/v2\/pages"}],"about":[{"href":"https:\/\/agora.xtec.cat\/esc-sant-bernat-calbo-reus\/wp-json\/wp\/v2\/types\/page"}],"author":[{"embeddable":true,"href":"https:\/\/agora.xtec.cat\/esc-sant-bernat-calbo-reus\/wp-json\/wp\/v2\/users\/9"}],"replies":[{"embeddable":true,"href":"https:\/\/agora.xtec.cat\/esc-sant-bernat-calbo-reus\/wp-json\/wp\/v2\/comments?post=28"}],"version-history":[{"count":6,"href":"https:\/\/agora.xtec.cat\/esc-sant-bernat-calbo-reus\/wp-json\/wp\/v2\/pages\/28\/revisions"}],"predecessor-version":[{"id":8200,"href":"https:\/\/agora.xtec.cat\/esc-sant-bernat-calbo-reus\/wp-json\/wp\/v2\/pages\/28\/revisions\/8200"}],"up":[{"embeddable":true,"href":"https:\/\/agora.xtec.cat\/esc-sant-bernat-calbo-reus\/wp-json\/wp\/v2\/pages\/22"}],"wp:attachment":[{"href":"https:\/\/agora.xtec.cat\/esc-sant-bernat-calbo-reus\/wp-json\/wp\/v2\/media?parent=28"}],"curies":[{"name":"wp","href":"https:\/\/api.w.org\/{rel}","templated":true}]}}