{"id":87,"date":"2014-09-18T14:28:12","date_gmt":"2014-09-18T13:28:12","guid":{"rendered":"http:\/\/agora.xtec.cat\/esc-salvador-llobet\/?page_id=87"},"modified":"2020-06-26T12:36:48","modified_gmt":"2020-06-26T10:36:48","slug":"cursos","status":"publish","type":"page","link":"https:\/\/agora.xtec.cat\/esc-salvador-llobet\/cursos\/","title":{"rendered":"Cursos"},"content":{"rendered":"<p>Per accedir a les <strong>informacions<\/strong> de cada classe, ho podeu fer clicant al curs corresponent.<\/p>\n<p>Si voleu entrar als <strong>recursos digitals<\/strong> que us proposem des de l&#8217;escola podeu accedir al <strong><a href=\"https:\/\/educaciodigital.cat\/esc-salvador-llobet\/moodle\/\" target=\"_blank\" rel=\"noopener noreferrer\">Moodle<\/a><\/strong>. Si us demana clau d&#8217;acc\u00e9s, heu de clicar damunt l&#8217;opci\u00f3 &#8220;<strong>iniciar la sessi\u00f3 com visitant<\/strong>&#8220;. A m\u00e9s, per a l\u2019aprenentatge de les <strong>matem\u00e0tiques<\/strong>, disposem recursos del projecte Innovamant, amb qui treballem a la nostra escola. Hi ha propostes matem\u00e0tiques per a tots els nivells (des d\u2019educaci\u00f3 infantil fins a 6\u00e8). L\u2019alumnat de <strong>4t, 5\u00e8 i 6\u00e8<\/strong>\u00a0tamb\u00e9 t\u00e9 el seu propi\u00a0<strong>Classroom<\/strong>, amb el que ja est\u00e0 treballant.<\/p>\n<p><a href=\"https:\/\/educaciodigital.cat\/esc-salvador-llobet\/moodle\/\" target=\"_blank\" rel=\"noopener noreferrer\"><img loading=\"lazy\" decoding=\"async\" class=\"size-full wp-image-613 aligncenter\" src=\"https:\/\/agora.xtec.cat\/esc-salvador-llobet\/wp-content\/uploads\/usu1646\/2020\/03\/Moodle.jpg\" alt=\"\" width=\"236\" height=\"69\" \/><\/a><\/p>\n<p>Aqu\u00ed teniu els <strong>dos recursos de matem\u00e0tiques<\/strong>\u00a0Innovamat,\u00a0<strong>les app amb activiats\u00a0<\/strong>(trieu si la voleu per\u00a0<a href=\"https:\/\/play.google.com\/store\/apps\/details?id=com.innovamat.bmath\" target=\"_blank\" rel=\"noopener noreferrer\">Android<\/a>\u00a0o per\u00a0<a href=\"https:\/\/apps.apple.com\/es\/app\/id1479835577\" target=\"_blank\" rel=\"noopener noreferrer\">iOS<\/a>) i\u00a0<strong>el\u00a0<a href=\"https:\/\/innovamat.com\/blog\/ca\/?utm_source=familias&amp;utm_medium=pdf&amp;utm_content=cat&amp;utm_campaign=kickoff-blog\" target=\"_blank\" rel=\"noopener noreferrer\">blog confiMATHS amb altres propostes<\/a><\/strong>:<\/p>\n<p style=\"text-align: center;\"><a href=\"https:\/\/play.google.com\/store\/apps\/details?id=com.innovamat.bmath\" target=\"_blank\" rel=\"noopener noreferrer\"><img loading=\"lazy\" decoding=\"async\" class=\"wp-image-625 alignnone\" src=\"https:\/\/agora.xtec.cat\/esc-salvador-llobet\/wp-content\/uploads\/usu1646\/2020\/03\/Bmath_Android.jpg\" alt=\"\" width=\"172\" height=\"49\" \/> <\/a> \u00a0\u00a0<a href=\"https:\/\/apps.apple.com\/es\/app\/id1479835577\" target=\"_blank\" rel=\"noopener noreferrer\"><img loading=\"lazy\" decoding=\"async\" class=\"alignnone wp-image-624\" src=\"https:\/\/agora.xtec.cat\/esc-salvador-llobet\/wp-content\/uploads\/usu1646\/2020\/03\/Bmath_iOS.jpg\" alt=\"\" width=\"181\" height=\"51\" \/> <\/a><\/p>\n<p><a href=\"https:\/\/innovamat.com\/blog\/ca\/?utm_source=familias&amp;utm_medium=pdf&amp;utm_content=cat&amp;utm_campaign=kickoff-blog\" target=\"_blank\" rel=\"noopener noreferrer\"><img loading=\"lazy\" decoding=\"async\" class=\" wp-image-626 aligncenter\" src=\"https:\/\/agora.xtec.cat\/esc-salvador-llobet\/wp-content\/uploads\/usu1646\/2020\/03\/Confimaths.jpg\" alt=\"\" width=\"151\" height=\"86\" \/><\/a><\/p>\n<p>Per accedir al Classroom, cada alumne\/a disposa de la seva adre\u00e7a de correu electr\u00f2nic i de la seva clau d&#8217;acc\u00e9s.<\/p>\n","protected":false},"excerpt":{"rendered":"<p>Per accedir a les informacions de cada classe, ho podeu fer clicant al curs corresponent. Si voleu entrar als recursos digitals que us proposem des de l&#8217;escola podeu accedir al Moodle. Si us demana clau d&#8217;acc\u00e9s, heu de clicar damunt l&#8217;opci\u00f3 &#8220;iniciar la sessi\u00f3 com visitant&#8220;. A m\u00e9s, per a l\u2019aprenentatge de les matem\u00e0tiques, disposem [&hellip;]<\/p>\n","protected":false},"author":1,"featured_media":0,"parent":0,"menu_order":0,"comment_status":"closed","ping_status":"closed","template":"","meta":{"_bbp_topic_count":0,"_bbp_reply_count":0,"_bbp_total_topic_count":0,"_bbp_total_reply_count":0,"_bbp_voice_count":0,"_bbp_anonymous_reply_count":0,"_bbp_topic_count_hidden":0,"_bbp_reply_count_hidden":0,"_bbp_forum_subforum_count":0,"site-sidebar-layout":"default","site-content-layout":"","ast-site-content-layout":"","site-content-style":"default","site-sidebar-style":"default","ast-global-header-display":"","ast-banner-title-visibility":"","ast-main-header-display":"","ast-hfb-above-header-display":"","ast-hfb-below-header-display":"","ast-hfb-mobile-header-display":"","site-post-title":"","ast-breadcrumbs-content":"","ast-featured-img":"","footer-sml-layout":"","theme-transparent-header-meta":"","adv-header-id-meta":"","stick-header-meta":"","header-above-stick-meta":"","header-main-stick-meta":"","header-below-stick-meta":"","astra-migrate-meta-layouts":"default","ast-page-background-enabled":"default","ast-page-background-meta":{"desktop":{"background-color":"var(--ast-global-color-4)","background-image":"","background-repeat":"repeat","background-position":"center center","background-size":"auto","background-attachment":"scroll","background-type":"","background-media":"","overlay-type":"","overlay-color":"","overlay-opacity":"","overlay-gradient":""},"tablet":{"background-color":"","background-image":"","background-repeat":"repeat","background-position":"center center","background-size":"auto","background-attachment":"scroll","background-type":"","background-media":"","overlay-type":"","overlay-color":"","overlay-opacity":"","overlay-gradient":""},"mobile":{"background-color":"","background-image":"","background-repeat":"repeat","background-position":"center center","background-size":"auto","background-attachment":"scroll","background-type":"","background-media":"","overlay-type":"","overlay-color":"","overlay-opacity":"","overlay-gradient":""}},"ast-content-background-meta":{"desktop":{"background-color":"var(--ast-global-color-5)","background-image":"","background-repeat":"repeat","background-position":"center center","background-size":"auto","background-attachment":"scroll","background-type":"","background-media":"","overlay-type":"","overlay-color":"","overlay-opacity":"","overlay-gradient":""},"tablet":{"background-color":"var(--ast-global-color-5)","background-image":"","background-repeat":"repeat","background-position":"center center","background-size":"auto","background-attachment":"scroll","background-type":"","background-media":"","overlay-type":"","overlay-color":"","overlay-opacity":"","overlay-gradient":""},"mobile":{"background-color":"var(--ast-global-color-5)","background-image":"","background-repeat":"repeat","background-position":"center center","background-size":"auto","background-attachment":"scroll","background-type":"","background-media":"","overlay-type":"","overlay-color":"","overlay-opacity":"","overlay-gradient":""}},"footnotes":""},"class_list":["post-87","page","type-page","status-publish","hentry"],"post_mailing_queue_ids":[],"_links":{"self":[{"href":"https:\/\/agora.xtec.cat\/esc-salvador-llobet\/wp-json\/wp\/v2\/pages\/87","targetHints":{"allow":["GET"]}}],"collection":[{"href":"https:\/\/agora.xtec.cat\/esc-salvador-llobet\/wp-json\/wp\/v2\/pages"}],"about":[{"href":"https:\/\/agora.xtec.cat\/esc-salvador-llobet\/wp-json\/wp\/v2\/types\/page"}],"author":[{"embeddable":true,"href":"https:\/\/agora.xtec.cat\/esc-salvador-llobet\/wp-json\/wp\/v2\/users\/1"}],"replies":[{"embeddable":true,"href":"https:\/\/agora.xtec.cat\/esc-salvador-llobet\/wp-json\/wp\/v2\/comments?post=87"}],"version-history":[{"count":3,"href":"https:\/\/agora.xtec.cat\/esc-salvador-llobet\/wp-json\/wp\/v2\/pages\/87\/revisions"}],"predecessor-version":[{"id":1188,"href":"https:\/\/agora.xtec.cat\/esc-salvador-llobet\/wp-json\/wp\/v2\/pages\/87\/revisions\/1188"}],"wp:attachment":[{"href":"https:\/\/agora.xtec.cat\/esc-salvador-llobet\/wp-json\/wp\/v2\/media?parent=87"}],"curies":[{"name":"wp","href":"https:\/\/api.w.org\/{rel}","templated":true}]}}