{"id":823,"date":"2020-04-11T08:43:56","date_gmt":"2020-04-11T06:43:56","guid":{"rendered":"https:\/\/agora.xtec.cat\/esc-salvador-llobet\/?page_id=823"},"modified":"2025-06-27T00:01:06","modified_gmt":"2025-06-26T22:01:06","slug":"fotografies-i-videos","status":"publish","type":"page","link":"https:\/\/agora.xtec.cat\/esc-salvador-llobet\/fotografies-i-videos\/","title":{"rendered":"Fotografies i v\u00eddeos"},"content":{"rendered":"<h4 style=\"text-align: center;\"><strong>V\u00cdDEOS JOCS FLORALS 2025<\/strong><\/h4>\n<ul style=\"list-style-type: circle;\">\n<li><a href=\"https:\/\/drive.google.com\/file\/d\/1Ka8KWpMmU9LP_Dahr6lpdo8DSOyVI0fT\/view?usp=drive_link\">Presentaci\u00f3<\/a><\/li>\n<li><a href=\"https:\/\/drive.google.com\/file\/d\/1yu0M1NJg-1KYEj5lV4FJ6H288WHmDcmp\/view?usp=drive_link\">Teatre 1<\/a><\/li>\n<li><a href=\"https:\/\/drive.google.com\/file\/d\/1xnZNtrL3tgGr3V-B7nVw4Ihh4bAlvdww\/view?usp=sharing\">Teatre 2<\/a><\/li>\n<li><a href=\"https:\/\/drive.google.com\/file\/d\/1_vEee3P3wD7g1OsuWSqjq9z3ChISxvjf\/view?usp=sharing\">Premis<\/a><\/li>\n<li><a href=\"https:\/\/drive.google.com\/file\/d\/13Ur0rFwREOo4JRZq7GCDiMq53OdcFubW\/view?usp=sharing\">\u00c0frica<\/a><\/li>\n<li><a href=\"https:\/\/drive.google.com\/file\/d\/1zfFiLcSfu_9bHknBPP_WIlYkqXJ0owQ6\/view?usp=sharing\">Argentina<\/a><\/li>\n<li><a href=\"https:\/\/drive.google.com\/file\/d\/1Qenpdal6E_cKz1azziCaltighBvy4Dft\/view?usp=sharing\">Brasil<\/a><\/li>\n<li><a href=\"https:\/\/drive.google.com\/file\/d\/1tFJWkoUCzP8LhA44_Qs2q9Web45Hj8dJ\/view?usp=sharing\">Barcelona<\/a><\/li>\n<li><a href=\"https:\/\/drive.google.com\/file\/d\/19-iQlRWO5a91_WhFrmwnjDCw-Jtmg2vm\/view?usp=sharing\">\u00cdndia<\/a><\/li>\n<li><a href=\"https:\/\/drive.google.com\/file\/d\/1FbkwH2T27-Fw6hc6zUC62gccT3Lqi8CG\/view?usp=sharing\">Fran\u00e7a<\/a><\/li>\n<li><a href=\"https:\/\/drive.google.com\/file\/d\/1AZ4xHGFXaiTrNo05EItmaseipjWREoXy\/view?usp=sharing\">It\u00e0lia<\/a><\/li>\n<li><a href=\"https:\/\/drive.google.com\/file\/d\/1StzPcM_gDasstM8p8uCLtc9azTgw2NAd\/view?usp=sharing\">Jap\u00f3<\/a><\/li>\n<li><a href=\"https:\/\/drive.google.com\/file\/d\/1jEKI4kG1ThyWFJGrOyOd-REKNzn0rSXh\/view?usp=sharing\">M\u00e8xic<\/a><\/li>\n<li><a href=\"https:\/\/drive.google.com\/file\/d\/1zfCHUhxxeUrEV9I1D17diYr59PYJVKeT\/view?usp=sharing\">Nova York<\/a><\/li>\n<\/ul>\n<table class=\"aligncenter\" style=\"border-style: double; border-color: #f74e05;\" border=\"2\">\n<tbody>\n<tr>\n<td><strong>RECORDEU: Esteu en un espai privat on hi entrareu amb contrasenya ja que pertanyeu a una fam\u00edlia de la nostra escola. No podeu compartir ni els enlla\u00e7os ni les imatges que trobareu aqu\u00ed amb ning\u00fa altre que no disposi d&#8217;aquesta contrasenya. Sigueu responsables amb l&#8217;\u00fas que en feu.\u00a0<\/strong><\/td>\n<\/tr>\n<\/tbody>\n<\/table>\n<p>De quin curs voleu veure les fotografies i v\u00eddeos? Feu clic a sobre del curs i inseriu la contrasenya, si \u00e9s correcta us donar\u00e0 l&#8217;enlla\u00e7 per veure les fotografies i v\u00eddeos.<\/p>\n<ul>\n<li><a href=\"https:\/\/docs.google.com\/forms\/d\/e\/1FAIpQLSeAXGKbDdu_SiLhEo3ItkVh3B27P95qPBqRZPzkfGcUGCddXA\/viewform\">I3<\/a><\/li>\n<li><a href=\"https:\/\/docs.google.com\/forms\/d\/e\/1FAIpQLSdmrZBIdY8E75F4lXngdeGG9nbNoMtKt7--yGmwm62guRu5iQ\/viewform\">I4<\/a><\/li>\n<li><a href=\"https:\/\/docs.google.com\/forms\/d\/e\/1FAIpQLScxW0UZ3n0MBVqlvAFeWN4cUDMyUmKFJO-Rrn4vVz4XW1_92Q\/viewform\">I5<\/a><\/li>\n<li><a href=\"https:\/\/docs.google.com\/forms\/d\/e\/1FAIpQLSf7K765ZDq06lUP5mcRyDaRVkpSH2VubIuk90bkWg0EqQqgng\/viewform\">1r<\/a><\/li>\n<li><a href=\"https:\/\/docs.google.com\/forms\/d\/e\/1FAIpQLSeCFFkai3DoJAoKZ6kGRF6sp50HQEHVBo559rXjT6JEXB4Xkw\/viewform\">2n<\/a><\/li>\n<li><a href=\"https:\/\/docs.google.com\/forms\/d\/e\/1FAIpQLSfSEU0ItL2PBoSbWJUh8ZTfcWZOnRglsLuW-OaEzmKyuL3sUg\/viewform\">3r<\/a><\/li>\n<li><a href=\"https:\/\/docs.google.com\/forms\/d\/e\/1FAIpQLSdU26MvrfQkDrAB3I-pf6aaO0F0zD-FSfDORy_vLtQFvyA1fw\/viewform\">4t<\/a><\/li>\n<li><a href=\"https:\/\/docs.google.com\/forms\/d\/e\/1FAIpQLScMoB0gbGZbbsPH9n0laM-d5V0mXw3D2HlE9A3Rw6_jsB0-dA\/viewform\">5\u00e8<\/a><\/li>\n<li><a href=\"https:\/\/docs.google.com\/forms\/d\/e\/1FAIpQLSeZs_Sd3R30j6vhdvuiaORc2ThHAbxrLQ7ABoocO5KTP2oEKQ\/viewform\">6\u00e8<\/a><\/li>\n<\/ul>\n<p>&nbsp;<\/p>\n","protected":false},"excerpt":{"rendered":"<p>V\u00cdDEOS JOCS FLORALS 2025 Presentaci\u00f3 Teatre 1 Teatre 2 Premis \u00c0frica Argentina Brasil Barcelona \u00cdndia Fran\u00e7a It\u00e0lia Jap\u00f3 M\u00e8xic Nova York RECORDEU: Esteu en un espai privat on hi entrareu amb contrasenya ja que pertanyeu a una fam\u00edlia de la nostra escola. No podeu compartir ni els enlla\u00e7os ni les imatges que trobareu aqu\u00ed amb [&hellip;]<\/p>\n","protected":false},"author":1,"featured_media":0,"parent":0,"menu_order":0,"comment_status":"closed","ping_status":"closed","template":"","meta":{"_bbp_topic_count":0,"_bbp_reply_count":0,"_bbp_total_topic_count":0,"_bbp_total_reply_count":0,"_bbp_voice_count":0,"_bbp_anonymous_reply_count":0,"_bbp_topic_count_hidden":0,"_bbp_reply_count_hidden":0,"_bbp_forum_subforum_count":0,"site-sidebar-layout":"default","site-content-layout":"","ast-site-content-layout":"","site-content-style":"default","site-sidebar-style":"default","ast-global-header-display":"","ast-banner-title-visibility":"","ast-main-header-display":"","ast-hfb-above-header-display":"","ast-hfb-below-header-display":"","ast-hfb-mobile-header-display":"","site-post-title":"","ast-breadcrumbs-content":"","ast-featured-img":"","footer-sml-layout":"","theme-transparent-header-meta":"","adv-header-id-meta":"","stick-header-meta":"","header-above-stick-meta":"","header-main-stick-meta":"","header-below-stick-meta":"","astra-migrate-meta-layouts":"default","ast-page-background-enabled":"default","ast-page-background-meta":{"desktop":{"background-color":"var(--ast-global-color-4)","background-image":"","background-repeat":"repeat","background-position":"center center","background-size":"auto","background-attachment":"scroll","background-type":"","background-media":"","overlay-type":"","overlay-color":"","overlay-opacity":"","overlay-gradient":""},"tablet":{"background-color":"","background-image":"","background-repeat":"repeat","background-position":"center center","background-size":"auto","background-attachment":"scroll","background-type":"","background-media":"","overlay-type":"","overlay-color":"","overlay-opacity":"","overlay-gradient":""},"mobile":{"background-color":"","background-image":"","background-repeat":"repeat","background-position":"center center","background-size":"auto","background-attachment":"scroll","background-type":"","background-media":"","overlay-type":"","overlay-color":"","overlay-opacity":"","overlay-gradient":""}},"ast-content-background-meta":{"desktop":{"background-color":"var(--ast-global-color-5)","background-image":"","background-repeat":"repeat","background-position":"center center","background-size":"auto","background-attachment":"scroll","background-type":"","background-media":"","overlay-type":"","overlay-color":"","overlay-opacity":"","overlay-gradient":""},"tablet":{"background-color":"var(--ast-global-color-5)","background-image":"","background-repeat":"repeat","background-position":"center center","background-size":"auto","background-attachment":"scroll","background-type":"","background-media":"","overlay-type":"","overlay-color":"","overlay-opacity":"","overlay-gradient":""},"mobile":{"background-color":"var(--ast-global-color-5)","background-image":"","background-repeat":"repeat","background-position":"center center","background-size":"auto","background-attachment":"scroll","background-type":"","background-media":"","overlay-type":"","overlay-color":"","overlay-opacity":"","overlay-gradient":""}},"footnotes":""},"class_list":["post-823","page","type-page","status-publish","hentry"],"post_mailing_queue_ids":[],"_links":{"self":[{"href":"https:\/\/agora.xtec.cat\/esc-salvador-llobet\/wp-json\/wp\/v2\/pages\/823","targetHints":{"allow":["GET"]}}],"collection":[{"href":"https:\/\/agora.xtec.cat\/esc-salvador-llobet\/wp-json\/wp\/v2\/pages"}],"about":[{"href":"https:\/\/agora.xtec.cat\/esc-salvador-llobet\/wp-json\/wp\/v2\/types\/page"}],"author":[{"embeddable":true,"href":"https:\/\/agora.xtec.cat\/esc-salvador-llobet\/wp-json\/wp\/v2\/users\/1"}],"replies":[{"embeddable":true,"href":"https:\/\/agora.xtec.cat\/esc-salvador-llobet\/wp-json\/wp\/v2\/comments?post=823"}],"version-history":[{"count":5,"href":"https:\/\/agora.xtec.cat\/esc-salvador-llobet\/wp-json\/wp\/v2\/pages\/823\/revisions"}],"predecessor-version":[{"id":2269,"href":"https:\/\/agora.xtec.cat\/esc-salvador-llobet\/wp-json\/wp\/v2\/pages\/823\/revisions\/2269"}],"wp:attachment":[{"href":"https:\/\/agora.xtec.cat\/esc-salvador-llobet\/wp-json\/wp\/v2\/media?parent=823"}],"curies":[{"name":"wp","href":"https:\/\/api.w.org\/{rel}","templated":true}]}}