{"id":816,"date":"2020-04-11T08:11:44","date_gmt":"2020-04-11T06:11:44","guid":{"rendered":"https:\/\/agora.xtec.cat\/esc-salvador-llobet\/?page_id=816"},"modified":"2026-02-12T11:28:16","modified_gmt":"2026-02-12T10:28:16","slug":"documents-i-autoritzacions","status":"publish","type":"page","link":"https:\/\/agora.xtec.cat\/esc-salvador-llobet\/lescola\/documents-i-autoritzacions\/","title":{"rendered":"Documents i autoritzacions"},"content":{"rendered":"<p><img loading=\"lazy\" decoding=\"async\" class=\"wp-image-3276 aligncenter\" src=\"https:\/\/agora.xtec.cat\/esc-salvador-llobet\/wp-content\/uploads\/usu1646\/2026\/02\/foto-documents-300x199.jpg\" alt=\"\" width=\"461\" height=\"306\" srcset=\"https:\/\/agora.xtec.cat\/esc-salvador-llobet\/wp-content\/uploads\/usu1646\/2026\/02\/foto-documents-300x199.jpg 300w, https:\/\/agora.xtec.cat\/esc-salvador-llobet\/wp-content\/uploads\/usu1646\/2026\/02\/foto-documents-1024x678.jpg 1024w, https:\/\/agora.xtec.cat\/esc-salvador-llobet\/wp-content\/uploads\/usu1646\/2026\/02\/foto-documents-768x509.jpg 768w, https:\/\/agora.xtec.cat\/esc-salvador-llobet\/wp-content\/uploads\/usu1646\/2026\/02\/foto-documents-1536x1017.jpg 1536w, https:\/\/agora.xtec.cat\/esc-salvador-llobet\/wp-content\/uploads\/usu1646\/2026\/02\/foto-documents-2048x1356.jpg 2048w\" sizes=\"auto, (max-width: 461px) 100vw, 461px\" \/><\/p>\n<p><strong>Documents de centre:\u00a0<\/strong>Els principals documents d\u2019organitzaci\u00f3 i funcionament de l\u2019escola es troben a disposici\u00f3 de qualsevol membre de la comunitat educativa que els vulgui consultar. Aqu\u00ed hi ha els m\u00e9s representatius, per\u00f2 si voleu tenir m\u00e9s informaci\u00f3 poseu-vos en contacte amb la secretaria o amb direcci\u00f3.<\/p>\n<ul style=\"list-style-type: disc;\">\n<li><a href=\"https:\/\/drive.google.com\/file\/d\/1T68vfDU3VYW_pTkzyykYBdxvpgsbWlGY\/view?usp=sharing\" target=\"_blank\" rel=\"noopener noreferrer\">Projecte educatiu de centre<\/a><\/li>\n<li><a href=\"https:\/\/drive.google.com\/file\/d\/1PcwJ4HC4iS_m7hrRMaVcDjjapE9C-yjH\/view?usp=sharing\" target=\"_blank\" rel=\"noopener noreferrer\">Normes d&#8217;organitzaci\u00f3 i funcionament de centre<\/a><\/li>\n<li><a href=\"https:\/\/drive.google.com\/file\/d\/11b_b-t2t3ZYyx07VzthLlLR8Q9yiaajs\/view?usp=sharing\" target=\"_blank\" rel=\"noopener noreferrer\">Projecte de conviv\u00e8ncia<\/a><\/li>\n<li><a href=\"https:\/\/drive.google.com\/file\/d\/1GYJPwaftCXitljEu2Y33XC_mFVW9QU8d\/view?usp=sharing\" target=\"_blank\" rel=\"noopener noreferrer\">Projecte ling\u00fc\u00edstic de centre<\/a><\/li>\n<li><a href=\"https:\/\/drive.google.com\/file\/d\/1MrvxJmhzUCi66LxYPxV6ZMjSyS2-xMsV\/view?usp=sharing\" target=\"_blank\" rel=\"noopener noreferrer\">Carta de comprom\u00eds educatiu<\/a><\/li>\n<li><a href=\"https:\/\/drive.google.com\/file\/d\/1Z42A0Ooi9iwfuSTYooKpYp4oHlxJYjFj\/view?usp=sharing\">Pla de comunicaci\u00f3<\/a><\/li>\n<li><a href=\"https:\/\/sites.google.com\/xtec.cat\/edcsalvadorllobet\/p%C3%A0gina-principal\">Estrat\u00e8gia Digital de centre<\/a><\/li>\n<li><a href=\"https:\/\/drive.google.com\/file\/d\/1IGCMJDExJ3pcY_n5-ovaviF1rYtzSFtd\/view?usp=sharing\">Pla digital de l&#8217;alumnat<\/a><\/li>\n<li><a href=\"https:\/\/drive.google.com\/file\/d\/1r_HyN7XiDlN_DO29tiyfqq1Cti-0EIVb\/view?usp=sharing\">Pla digital d&#8217;acollida per fam\u00edlies<\/a><\/li>\n<li><a href=\"https:\/\/drive.google.com\/file\/d\/1k6OAV88EHfAN6eRjHPC7-GbR-vV8S0Tk\/view?usp=sharing\">Llibres de text curs 2025-26<\/a><\/li>\n<\/ul>\n<p><strong>Menjador:\u00a0<\/strong><\/p>\n<ul>\n<li><a href=\"https:\/\/drive.google.com\/file\/d\/1wVjOfsvh3jtkEDN59d3nsh3xoxdR8TYC\/view?usp=sharing\" target=\"_blank\" rel=\"noopener noreferrer\">Normes d&#8217;\u00fas i gesti\u00f3 del servei de menjador escolar.<\/a><\/li>\n<li><a href=\"https:\/\/drive.google.com\/file\/d\/1pNJWhy5JecWStapbT3S-DJdLYvL5pCdF\/view?usp=sharing\">Inscripci\u00f3 al servei de menjador i acceptaci\u00f3 de normativa.<\/a><\/li>\n<\/ul>\n<p><strong>Servei d&#8217;Acollida:<\/strong><\/p>\n<ul>\n<li><a href=\"https:\/\/drive.google.com\/file\/d\/1-Z5hTp9DqlbI3cJqIyhIklS37F3j5MFh\/view?usp=sharing\">Full d&#8217;inscripci\u00f3 al Servei d&#8217;Acollida<\/a><\/li>\n<\/ul>\n<p><strong>Informaci\u00f3 del curs:<\/strong><\/p>\n<ul>\n<li><a href=\"https:\/\/drive.google.com\/file\/d\/1Sb4cUtwsa5K-LHv8IiHvxREMXb4g15BE\/view?usp=sharing\" target=\"_blank\" rel=\"noopener noreferrer\">L&#8217;escola informa 2025-26<\/a><\/li>\n<li><a href=\"https:\/\/drive.google.com\/file\/d\/1Xxqfh1DwRU6lpwADeW5g-m9Nt87qq7jn\/view?usp=sharing\">Calendari escolar del curs 2025-26<\/a><\/li>\n<\/ul>\n<p><strong>Impresos:\u00a0<\/strong><\/p>\n<ul>\n<li><a href=\"https:\/\/agora.xtec.cat\/esc-salvador-llobet\/wp-content\/uploads\/usu1646\/2020\/04\/Medicaments_autoritzacio.pdf\" target=\"_blank\" rel=\"noopener noreferrer\">Autoritzaci\u00f3 per a l&#8217;administraci\u00f3 de medicaments a l&#8217;escola<\/a><\/li>\n<li><a href=\"https:\/\/drive.google.com\/file\/d\/1DK650WAS3c7Ng-zbGyPEmN9B5fk_o8E8\/view?usp=sharing\" target=\"_blank\" rel=\"noopener noreferrer\">Autoritzaci\u00f3 per a la recollida d&#8217;alumnes<\/a><\/li>\n<li><a href=\"https:\/\/drive.google.com\/file\/d\/1Y6_NrTvuhFWUWYdtGYfWVIX-hcP_3zCw\/view?usp=sharing\" target=\"_blank\" rel=\"noopener noreferrer\">Justificant per abs\u00e8ncia llarga<\/a><\/li>\n<li><a href=\"https:\/\/drive.google.com\/file\/d\/1dSp_d1osAVE5vrBeuMeECvt1lAvZQdAe\/view?usp=sharing\">Autoritzaci\u00f3 drets d&#8217;imatge i de veu Educaci\u00f3 Infantil<\/a><\/li>\n<li><a href=\"https:\/\/drive.google.com\/file\/d\/1JrvcNFJf8N3bJCqYi3aNqu7eHd9lvaC-\/view?usp=sharing\">Autoritzaci\u00f3 drets d&#8217;imatge i de veu 1r a 4t<\/a><\/li>\n<li><a href=\"https:\/\/drive.google.com\/file\/d\/1WP6oAQTtMI0g7VJy18l755b1kIYVUN8N\/view?usp=sharing\">Autoritzaci\u00f3 drets d&#8217;imatge i de veu 5\u00e8 i 6\u00e8<\/a><\/li>\n<\/ul>\n<p>&nbsp;<\/p>\n","protected":false},"excerpt":{"rendered":"<p>Documents de centre:\u00a0Els principals documents d\u2019organitzaci\u00f3 i funcionament de l\u2019escola es troben a disposici\u00f3 de qualsevol membre de la comunitat educativa que els vulgui consultar. Aqu\u00ed hi ha els m\u00e9s representatius, per\u00f2 si voleu tenir m\u00e9s informaci\u00f3 poseu-vos en contacte amb la secretaria o amb direcci\u00f3. Projecte educatiu de centre Normes d&#8217;organitzaci\u00f3 i funcionament de [&hellip;]<\/p>\n","protected":false},"author":1,"featured_media":0,"parent":22,"menu_order":0,"comment_status":"closed","ping_status":"closed","template":"","meta":{"_bbp_topic_count":0,"_bbp_reply_count":0,"_bbp_total_topic_count":0,"_bbp_total_reply_count":0,"_bbp_voice_count":0,"_bbp_anonymous_reply_count":0,"_bbp_topic_count_hidden":0,"_bbp_reply_count_hidden":0,"_bbp_forum_subforum_count":0,"site-sidebar-layout":"default","site-content-layout":"","ast-site-content-layout":"default","site-content-style":"default","site-sidebar-style":"default","ast-global-header-display":"","ast-banner-title-visibility":"","ast-main-header-display":"","ast-hfb-above-header-display":"","ast-hfb-below-header-display":"","ast-hfb-mobile-header-display":"","site-post-title":"","ast-breadcrumbs-content":"","ast-featured-img":"","footer-sml-layout":"","theme-transparent-header-meta":"default","adv-header-id-meta":"","stick-header-meta":"","header-above-stick-meta":"","header-main-stick-meta":"","header-below-stick-meta":"","astra-migrate-meta-layouts":"set","ast-page-background-enabled":"default","ast-page-background-meta":{"desktop":{"background-color":"var(--ast-global-color-4)","background-image":"","background-repeat":"repeat","background-position":"center center","background-size":"auto","background-attachment":"scroll","background-type":"","background-media":"","overlay-type":"","overlay-color":"","overlay-opacity":"","overlay-gradient":""},"tablet":{"background-color":"","background-image":"","background-repeat":"repeat","background-position":"center center","background-size":"auto","background-attachment":"scroll","background-type":"","background-media":"","overlay-type":"","overlay-color":"","overlay-opacity":"","overlay-gradient":""},"mobile":{"background-color":"","background-image":"","background-repeat":"repeat","background-position":"center center","background-size":"auto","background-attachment":"scroll","background-type":"","background-media":"","overlay-type":"","overlay-color":"","overlay-opacity":"","overlay-gradient":""}},"ast-content-background-meta":{"desktop":{"background-color":"var(--ast-global-color-5)","background-image":"","background-repeat":"repeat","background-position":"center center","background-size":"auto","background-attachment":"scroll","background-type":"","background-media":"","overlay-type":"","overlay-color":"","overlay-opacity":"","overlay-gradient":""},"tablet":{"background-color":"var(--ast-global-color-5)","background-image":"","background-repeat":"repeat","background-position":"center center","background-size":"auto","background-attachment":"scroll","background-type":"","background-media":"","overlay-type":"","overlay-color":"","overlay-opacity":"","overlay-gradient":""},"mobile":{"background-color":"var(--ast-global-color-5)","background-image":"","background-repeat":"repeat","background-position":"center center","background-size":"auto","background-attachment":"scroll","background-type":"","background-media":"","overlay-type":"","overlay-color":"","overlay-opacity":"","overlay-gradient":""}},"footnotes":""},"class_list":["post-816","page","type-page","status-publish","hentry"],"post_mailing_queue_ids":[],"_links":{"self":[{"href":"https:\/\/agora.xtec.cat\/esc-salvador-llobet\/wp-json\/wp\/v2\/pages\/816","targetHints":{"allow":["GET"]}}],"collection":[{"href":"https:\/\/agora.xtec.cat\/esc-salvador-llobet\/wp-json\/wp\/v2\/pages"}],"about":[{"href":"https:\/\/agora.xtec.cat\/esc-salvador-llobet\/wp-json\/wp\/v2\/types\/page"}],"author":[{"embeddable":true,"href":"https:\/\/agora.xtec.cat\/esc-salvador-llobet\/wp-json\/wp\/v2\/users\/1"}],"replies":[{"embeddable":true,"href":"https:\/\/agora.xtec.cat\/esc-salvador-llobet\/wp-json\/wp\/v2\/comments?post=816"}],"version-history":[{"count":6,"href":"https:\/\/agora.xtec.cat\/esc-salvador-llobet\/wp-json\/wp\/v2\/pages\/816\/revisions"}],"predecessor-version":[{"id":3278,"href":"https:\/\/agora.xtec.cat\/esc-salvador-llobet\/wp-json\/wp\/v2\/pages\/816\/revisions\/3278"}],"up":[{"embeddable":true,"href":"https:\/\/agora.xtec.cat\/esc-salvador-llobet\/wp-json\/wp\/v2\/pages\/22"}],"wp:attachment":[{"href":"https:\/\/agora.xtec.cat\/esc-salvador-llobet\/wp-json\/wp\/v2\/media?parent=816"}],"curies":[{"name":"wp","href":"https:\/\/api.w.org\/{rel}","templated":true}]}}