{"id":77,"date":"2014-09-18T14:05:08","date_gmt":"2014-09-18T13:05:08","guid":{"rendered":"http:\/\/agora.xtec.cat\/esc-salvador-llobet\/?page_id=77"},"modified":"2024-10-22T12:27:13","modified_gmt":"2024-10-22T10:27:13","slug":"acollida","status":"publish","type":"page","link":"https:\/\/agora.xtec.cat\/esc-salvador-llobet\/serveis\/acollida\/","title":{"rendered":"Acollida"},"content":{"rendered":"<p><img loading=\"lazy\" decoding=\"async\" class=\"size-large wp-image-1693 aligncenter\" src=\"https:\/\/agora.xtec.cat\/esc-salvador-llobet\/wp-content\/uploads\/usu1646\/2022\/01\/EMSLlobet_2-1024x398.jpeg\" alt=\"\" width=\"1024\" height=\"398\" srcset=\"https:\/\/agora.xtec.cat\/esc-salvador-llobet\/wp-content\/uploads\/usu1646\/2022\/01\/EMSLlobet_2-1024x398.jpeg 1024w, https:\/\/agora.xtec.cat\/esc-salvador-llobet\/wp-content\/uploads\/usu1646\/2022\/01\/EMSLlobet_2-300x117.jpeg 300w, https:\/\/agora.xtec.cat\/esc-salvador-llobet\/wp-content\/uploads\/usu1646\/2022\/01\/EMSLlobet_2-768x299.jpeg 768w, https:\/\/agora.xtec.cat\/esc-salvador-llobet\/wp-content\/uploads\/usu1646\/2022\/01\/EMSLlobet_2-1536x597.jpeg 1536w, https:\/\/agora.xtec.cat\/esc-salvador-llobet\/wp-content\/uploads\/usu1646\/2022\/01\/EMSLlobet_2.jpeg 1600w\" sizes=\"auto, (max-width: 1024px) 100vw, 1024px\" \/><\/p>\n<p>Disposem d\u2019un servei d\u2019acollida, gestionat per l\u2019<a href=\"http:\/\/www.ampasalvadorllobet.cat\/\" target=\"_blank\" rel=\"noopener noreferrer\"><strong>AFA<\/strong><\/a>. Els nens i nenes poden esmorzar o berenar, fer deures, jocs de taula, llegir, etc. Les fam\u00edlies que hi estiguin interessades cal que contactin amb la coordinadora al <strong>tel\u00e8fon <a href=\"tel:671045948\">671 045 948 <\/a><\/strong>o al correu electr\u00f2nic<strong><a href=\"mailto:menjador@emsllobet.cat\"> menjador@emsllobet.cat<\/a>.<\/strong><\/p>\n<p>Horari del servei d&#8217;acollida:<\/p>\n<ul>\n<li>Mat\u00ed: de 7:30 a 9 hores<\/li>\n<li>Tarda: de 16:30 a 18 hores<\/li>\n<\/ul>\n<p>Preus del servei d&#8217;acollida:<\/p>\n<ul>\n<li>Els preus est\u00e0n detallats en el seg\u00fcent document de l&#8217;empresa gestora del servei: <a href=\"https:\/\/drive.google.com\/file\/d\/1-Z5hTp9DqlbI3cJqIyhIklS37F3j5MFh\/view?usp=sharing\">https:\/\/drive.google.com\/file\/d\/1-Z5hTp9DqlbI3cJqIyhIklS37F3j5MFh\/view?usp=sharing<\/a><\/li>\n<\/ul>\n","protected":false},"excerpt":{"rendered":"<p>Disposem d\u2019un servei d\u2019acollida, gestionat per l\u2019AFA. Els nens i nenes poden esmorzar o berenar, fer deures, jocs de taula, llegir, etc. Les fam\u00edlies que hi estiguin interessades cal que contactin amb la coordinadora al tel\u00e8fon 671 045 948 o al correu electr\u00f2nic menjador@emsllobet.cat. Horari del servei d&#8217;acollida: Mat\u00ed: de 7:30 a 9 hores Tarda: [&hellip;]<\/p>\n","protected":false},"author":1,"featured_media":0,"parent":66,"menu_order":20,"comment_status":"closed","ping_status":"closed","template":"page-templates\/side-menu.php","meta":{"_bbp_topic_count":0,"_bbp_reply_count":0,"_bbp_total_topic_count":0,"_bbp_total_reply_count":0,"_bbp_voice_count":0,"_bbp_anonymous_reply_count":0,"_bbp_topic_count_hidden":0,"_bbp_reply_count_hidden":0,"_bbp_forum_subforum_count":0,"site-sidebar-layout":"default","site-content-layout":"","ast-site-content-layout":"","site-content-style":"default","site-sidebar-style":"default","ast-global-header-display":"","ast-banner-title-visibility":"","ast-main-header-display":"","ast-hfb-above-header-display":"","ast-hfb-below-header-display":"","ast-hfb-mobile-header-display":"","site-post-title":"","ast-breadcrumbs-content":"","ast-featured-img":"","footer-sml-layout":"","theme-transparent-header-meta":"","adv-header-id-meta":"","stick-header-meta":"","header-above-stick-meta":"","header-main-stick-meta":"","header-below-stick-meta":"","astra-migrate-meta-layouts":"default","ast-page-background-enabled":"default","ast-page-background-meta":{"desktop":{"background-color":"var(--ast-global-color-4)","background-image":"","background-repeat":"repeat","background-position":"center center","background-size":"auto","background-attachment":"scroll","background-type":"","background-media":"","overlay-type":"","overlay-color":"","overlay-opacity":"","overlay-gradient":""},"tablet":{"background-color":"","background-image":"","background-repeat":"repeat","background-position":"center center","background-size":"auto","background-attachment":"scroll","background-type":"","background-media":"","overlay-type":"","overlay-color":"","overlay-opacity":"","overlay-gradient":""},"mobile":{"background-color":"","background-image":"","background-repeat":"repeat","background-position":"center center","background-size":"auto","background-attachment":"scroll","background-type":"","background-media":"","overlay-type":"","overlay-color":"","overlay-opacity":"","overlay-gradient":""}},"ast-content-background-meta":{"desktop":{"background-color":"var(--ast-global-color-5)","background-image":"","background-repeat":"repeat","background-position":"center center","background-size":"auto","background-attachment":"scroll","background-type":"","background-media":"","overlay-type":"","overlay-color":"","overlay-opacity":"","overlay-gradient":""},"tablet":{"background-color":"var(--ast-global-color-5)","background-image":"","background-repeat":"repeat","background-position":"center center","background-size":"auto","background-attachment":"scroll","background-type":"","background-media":"","overlay-type":"","overlay-color":"","overlay-opacity":"","overlay-gradient":""},"mobile":{"background-color":"var(--ast-global-color-5)","background-image":"","background-repeat":"repeat","background-position":"center center","background-size":"auto","background-attachment":"scroll","background-type":"","background-media":"","overlay-type":"","overlay-color":"","overlay-opacity":"","overlay-gradient":""}},"footnotes":""},"class_list":["post-77","page","type-page","status-publish","hentry"],"post_mailing_queue_ids":[],"_links":{"self":[{"href":"https:\/\/agora.xtec.cat\/esc-salvador-llobet\/wp-json\/wp\/v2\/pages\/77","targetHints":{"allow":["GET"]}}],"collection":[{"href":"https:\/\/agora.xtec.cat\/esc-salvador-llobet\/wp-json\/wp\/v2\/pages"}],"about":[{"href":"https:\/\/agora.xtec.cat\/esc-salvador-llobet\/wp-json\/wp\/v2\/types\/page"}],"author":[{"embeddable":true,"href":"https:\/\/agora.xtec.cat\/esc-salvador-llobet\/wp-json\/wp\/v2\/users\/1"}],"replies":[{"embeddable":true,"href":"https:\/\/agora.xtec.cat\/esc-salvador-llobet\/wp-json\/wp\/v2\/comments?post=77"}],"version-history":[{"count":6,"href":"https:\/\/agora.xtec.cat\/esc-salvador-llobet\/wp-json\/wp\/v2\/pages\/77\/revisions"}],"predecessor-version":[{"id":2944,"href":"https:\/\/agora.xtec.cat\/esc-salvador-llobet\/wp-json\/wp\/v2\/pages\/77\/revisions\/2944"}],"up":[{"embeddable":true,"href":"https:\/\/agora.xtec.cat\/esc-salvador-llobet\/wp-json\/wp\/v2\/pages\/66"}],"wp:attachment":[{"href":"https:\/\/agora.xtec.cat\/esc-salvador-llobet\/wp-json\/wp\/v2\/media?parent=77"}],"curies":[{"name":"wp","href":"https:\/\/api.w.org\/{rel}","templated":true}]}}