{"id":73,"date":"2014-09-18T14:01:51","date_gmt":"2014-09-18T13:01:51","guid":{"rendered":"http:\/\/agora.xtec.cat\/esc-salvador-llobet\/?page_id=73"},"modified":"2026-01-16T09:39:46","modified_gmt":"2026-01-16T08:39:46","slug":"menjador-escolar","status":"publish","type":"page","link":"https:\/\/agora.xtec.cat\/esc-salvador-llobet\/serveis\/menjador-escolar\/","title":{"rendered":"Menjador escolar"},"content":{"rendered":"<p><img loading=\"lazy\" decoding=\"async\" class=\"alignnone size-medium wp-image-2572 aligncenter\" src=\"https:\/\/agora.xtec.cat\/esc-salvador-llobet\/wp-content\/uploads\/usu1646\/2024\/03\/Green-Cute-Fruit-Kids-World-Vegan-Day-Instagram-Post-300x300.png\" alt=\"\" width=\"300\" height=\"300\" srcset=\"https:\/\/agora.xtec.cat\/esc-salvador-llobet\/wp-content\/uploads\/usu1646\/2024\/03\/Green-Cute-Fruit-Kids-World-Vegan-Day-Instagram-Post-300x300.png 300w, https:\/\/agora.xtec.cat\/esc-salvador-llobet\/wp-content\/uploads\/usu1646\/2024\/03\/Green-Cute-Fruit-Kids-World-Vegan-Day-Instagram-Post-1024x1024.png 1024w, https:\/\/agora.xtec.cat\/esc-salvador-llobet\/wp-content\/uploads\/usu1646\/2024\/03\/Green-Cute-Fruit-Kids-World-Vegan-Day-Instagram-Post-150x150.png 150w, https:\/\/agora.xtec.cat\/esc-salvador-llobet\/wp-content\/uploads\/usu1646\/2024\/03\/Green-Cute-Fruit-Kids-World-Vegan-Day-Instagram-Post-768x768.png 768w, https:\/\/agora.xtec.cat\/esc-salvador-llobet\/wp-content\/uploads\/usu1646\/2024\/03\/Green-Cute-Fruit-Kids-World-Vegan-Day-Instagram-Post.png 1080w\" sizes=\"auto, (max-width: 300px) 100vw, 300px\" \/><\/p>\n<p>&nbsp;<\/p>\n<p><img loading=\"lazy\" decoding=\"async\" class=\"alignnone size-large wp-image-1716 aligncenter\" src=\"https:\/\/agora.xtec.cat\/esc-salvador-llobet\/wp-content\/uploads\/usu1646\/2022\/02\/EMSLlobet_Cuina2-1024x472.jpeg\" alt=\"\" width=\"1024\" height=\"472\" srcset=\"https:\/\/agora.xtec.cat\/esc-salvador-llobet\/wp-content\/uploads\/usu1646\/2022\/02\/EMSLlobet_Cuina2-1024x472.jpeg 1024w, https:\/\/agora.xtec.cat\/esc-salvador-llobet\/wp-content\/uploads\/usu1646\/2022\/02\/EMSLlobet_Cuina2-300x138.jpeg 300w, https:\/\/agora.xtec.cat\/esc-salvador-llobet\/wp-content\/uploads\/usu1646\/2022\/02\/EMSLlobet_Cuina2-768x354.jpeg 768w, https:\/\/agora.xtec.cat\/esc-salvador-llobet\/wp-content\/uploads\/usu1646\/2022\/02\/EMSLlobet_Cuina2-1536x707.jpeg 1536w, https:\/\/agora.xtec.cat\/esc-salvador-llobet\/wp-content\/uploads\/usu1646\/2022\/02\/EMSLlobet_Cuina2.jpeg 2048w\" sizes=\"auto, (max-width: 1024px) 100vw, 1024px\" \/><\/p>\n<p>El centre disposa de <strong>cuina pr\u00f2pia<\/strong>, amb supervisi\u00f3 per part de l&#8217;empresa concession\u00e0ria del servei<span style=\"font-family: inherit; font-size: 1em;\">, que en aquests moments \u00e9s <strong>Catasa<\/strong>.<\/span><span style=\"font-family: inherit; font-size: 1em;\">\u00a0Tenim <\/span>un menjador amb capacitat per a 100 alumnes a cada torn. Un equip de monitoratge i les quatre persones del servei de cuina atenen l&#8217;alumnat.<\/p>\n<p>Hi ha un tel\u00e8fon espec\u00edfic per al servei de menjador (al final d&#8217;aquesta p\u00e0gina) on es pot demanar o anul\u00b7lar un \u00e0pat. Tamb\u00e9 s&#8217;ofereix la possibilitat de servir un dinar fred als alumnes que vagin d&#8217;excursi\u00f3. Cal demanar-ho al servei de menjador tres dies abans de la sortida i el preu \u00e9s el mateix que el del men\u00fa servit a l&#8217;escola. En cas d&#8217;<strong>al\u00b7l\u00e8rgia o<\/strong>\u00a0<strong>intoler\u00e0ncia<\/strong> a algun aliment, s&#8217;ha de portar un certificat m\u00e8dic que ho acrediti. Si es tracta d&#8217;una <strong>indisposici\u00f3 puntual<\/strong>, aviseu al servei de menjador per demanar la dieta corresponent.<\/p>\n<p>Els <strong>preus<\/strong> del servei de menjador s\u00f3n anuals (aprovats per l&#8217;Ajuntament). L&#8217;import dels men\u00fas <strong>es factura a trav\u00e9s del <\/strong><strong>Servei de Recaptaci\u00f3 de l&#8217;Ajuntament<\/strong>, per mesos, a trav\u00e9s d&#8217;entitat banc\u00e0ria. Aquesta informaci\u00f3 est\u00e0 recollida al document de <a href=\"https:\/\/drive.google.com\/file\/d\/1wVjOfsvh3jtkEDN59d3nsh3xoxdR8TYC\/view?usp=sharing\">Normes d&#8217;\u00fas i gesti\u00f3 del Servei de Menjador.<\/a><\/p>\n<p>La direcci\u00f3 del centre es reserva el <strong>dret d&#8217;admissi\u00f3<\/strong> d&#8217;un alumne\/a al menjador en cas d&#8217;incompliment del <strong>reglament de funcionament<\/strong> d&#8217;aquest servei o per impagament de rebuts.<\/p>\n<ul>\n<li><strong>Tel\u00e8fon <\/strong>del servei <strong>de menjador<\/strong>: <strong><a href=\"tel:671045948\">671 045 948<\/a>\u00a0<\/strong>(entre les <strong>7.30 i <\/strong>les<strong> 9.15 h.<\/strong>). Preferentment es demana que <a href=\"https:\/\/api.whatsapp.com\/send?phone=34671045948\"><strong>envieu un whatsapp<\/strong><\/a> o <strong><a href=\"mailto:menjador@emsllobet.cat\">envieu un correu electr\u00f2nic<\/a><\/strong> per a informar d&#8217;assist\u00e8ncies o abs\u00e8ncies, ja que segons el moment potser no poden atendre trucades. Pel bon funcionament del servei i la previsi\u00f3 de la cuina no s&#8217;admeten canvis fora d&#8217;aquest horari.<\/li>\n<\/ul>\n<p><strong>MEN\u00daS:<\/strong><\/p>\n<p style=\"text-align: left;\"><span style=\"font-family: inherit; font-size: 1em;\">L&#8217;empresa <strong>Catasa<\/strong> de menjador posa a disposici\u00f3 de totes les fam\u00edlies un <a href=\"https:\/\/catasa.es\/area-de-clientes\/\">enlla\u00e7<\/a> <\/span><span style=\"font-family: inherit; font-size: 1em;\">on podeu consultar, el men\u00fa de cada mes. Per poder visualitzar-ho heu de posar el codi d&#8217;usuari 420079 i all\u00e0 podreu visualitzar cadascun dels men\u00fas que es fan a cuina. <strong>Podeu accedir-hi directament des d&#8217;aquesta adre\u00e7a web: <a href=\"https:\/\/catasa.es\/cat\/centros\/salvador-llobet\/\">https:\/\/catasa.es\/cat\/centros\/salvador-llobet<\/a>. <\/strong><\/span><\/p>\n<h3 style=\"font-family: 'Helvetica Neue', Helvetica, Helvetica, Arial, sans-serif; font-size: 16px; text-align: left;\"><img loading=\"lazy\" decoding=\"async\" class=\"wp-image-1038 aligncenter\" src=\"https:\/\/agora.xtec.cat\/esc-salvador-llobet\/wp-content\/uploads\/usu1646\/2020\/05\/Menjador_17.jpg\" alt=\"\" width=\"244\" height=\"158\" \/><\/h3>\n<p style=\"font-family: 'Helvetica Neue', Helvetica, Helvetica, Arial, sans-serif; font-size: 16px; text-align: left;\"><img loading=\"lazy\" decoding=\"async\" class=\"wp-image-1037 aligncenter\" src=\"https:\/\/agora.xtec.cat\/esc-salvador-llobet\/wp-content\/uploads\/usu1646\/2020\/05\/Menjador_68.jpg\" alt=\"\" width=\"242\" height=\"131\" \/><\/p>\n<p><strong><a id=\"ajutsmenjador\"><\/a>AJUTS DE MENJADOR:<\/strong><\/p>\n<p>L&#8217;Ajut de menjador \u00e9s un suport econ\u00f2mic per cobrir parcial o totalment el cost del servei, per un import m\u00e0xim corresponent al preu p\u00fablic del servei de menjador aprovat per la Generalitat de Catalunya, que coincideix amb el preu de menjador de l&#8217;escola (en ser un centre p\u00fablic). L&#8217;ajut es demana normalment els mesos de maig-juny per tot el curs seg\u00fcent i tamb\u00e9 durant l&#8217;any (si el concedeixen \u00e9s a partir de la data de la sol\u00b7licitud).<\/p>\n<table style=\"width: 60%; border-collapse: collapse; border-style: solid; border-color: #949494;\">\n<tbody>\n<tr>\n<td style=\"width: 100%;\"><strong>QUANTITATS DE L&#8217;AJUT<\/strong><\/td>\n<\/tr>\n<tr>\n<td style=\"width: 100%;\">70% DEL PREU O DELS DIES (en funci\u00f3 de la modalitat)<\/td>\n<\/tr>\n<tr>\n<td style=\"width: 100%;\">100%<\/td>\n<\/tr>\n<\/tbody>\n<\/table>\n<table style=\"width: 60%; border-collapse: collapse; border-style: solid; border-color: #949494;\">\n<tbody>\n<tr>\n<td style=\"width: 100%;\"><strong>MODALITATS<\/strong><\/td>\n<\/tr>\n<tr>\n<td style=\"width: 100%;\">COMPACTADA: Es compta en dies. Si teniu l&#8217;ajut del 70% se us donen el 70% de dies de tot el curs i del mes (no s&#8217;acumulen els dines no gaudits d&#8217;un mes a un altre, per\u00f2 tampoc sumen al c\u00f2mput de tot el curs). Si supereu el nombre de dies s&#8217;ha de pagar la difer\u00e8ncia.<\/td>\n<\/tr>\n<tr>\n<td style=\"width: 100%;\">NO COMPACTADA: Es compta en diners. Gaudiu d&#8217;ajut per a tots els dies de menjador i heu d&#8217;aportar l&#8217;import que no cobreix l&#8217;ajut (3 de cada 10 \u20ac).<\/td>\n<\/tr>\n<\/tbody>\n<\/table>\n<p>IMPORTANT MODALITATS:<\/p>\n<ul>\n<li>Per defecte a la sol\u00b7licitud si no es marca el contrari es pressuposa la modalitat NO COMPACTADA. Aquesta opci\u00f3 \u00e9s \u00fatil nom\u00e9s si utilitzeu tots els dies el menjador, ja que us quedeu els dies que us quedeu sempre pagareu el 30% d copagament.<\/li>\n<\/ul>\n<p><img loading=\"lazy\" decoding=\"async\" class=\"wp-image-3117 aligncenter\" src=\"https:\/\/agora.xtec.cat\/esc-salvador-llobet\/wp-content\/uploads\/usu1646\/2025\/11\/compactacio-300x47.png\" alt=\"\" width=\"402\" height=\"63\" srcset=\"https:\/\/agora.xtec.cat\/esc-salvador-llobet\/wp-content\/uploads\/usu1646\/2025\/11\/compactacio-300x47.png 300w, https:\/\/agora.xtec.cat\/esc-salvador-llobet\/wp-content\/uploads\/usu1646\/2025\/11\/compactacio.png 490w\" sizes=\"auto, (max-width: 402px) 100vw, 402px\" \/><\/p>\n<ul>\n<li>En canvi si no us quedeu tots els dies i no sobrepasseu el m\u00e0xim del 70% de dies, l&#8217;ajut en modalitat COMPACTADA us cobrir\u00e0 tot l&#8217;import i nom\u00e9s haureu de pagar en el cas que sobrepasseu el m\u00e0xim de dies que us pertoquen.<\/li>\n<\/ul>\n<p>Trobareu tota la informaci\u00f3 a la<a href=\"https:\/\/www.vallesoriental.cat\/ambits\/2230-politiques-socials\/ajuts-de-menjador-escolar\"> web d&#8217;ajut de menjador del Consell Comarcal del Vall\u00e8s Oriental<\/a>, a la <a href=\"https:\/\/www.granollers.cat\/bequesmenjador\">web de l&#8217;Ajuntament de Granollers sobre ajuts de menjador<\/a>, i a la web del vostre ajuntament on esteu empadronats. La sol\u00b7licitud l&#8217;heu d&#8217;adre\u00e7ar al vostre ajuntament.<\/p>\n<p>Per consultar si us han concedit l&#8217;ajut, podeu fer-ho a la web <a href=\"https:\/\/ajutsdemenjador.cat\/estatexpedients\/\">https:\/\/ajutsdemenjador.cat\/estatexpedients\/<\/a> amb l&#8217;IDALU (o n\u00famero del RALC), que trobareu als butlletins d&#8217;avaluaci\u00f3, la preinscripci\u00f3 i a l&#8217;aplicaci\u00f3 TPVEscola (Confinguraci\u00f3 &gt; Usuari &gt; N\u00famero registre). Si no el trobeu podeu demanar-lo per internet al <a href=\"https:\/\/web.gencat.cat\/ca\/tramits\/tramits-temes\/identificador-alumne\">tr\u00e0mit de consulta de l&#8217;IDALU<\/a> o a Secretaria de l&#8217;escola.<\/p>\n<p>Teniu la modalitat compactada i voleu fer un seguiment dels dies? Aqu\u00ed trobareu una plantilla per descarregar (<a href=\"https:\/\/agora.xtec.cat\/esc-salvador-llobet\/wp-content\/uploads\/usu1646\/2025\/11\/plantilla-dies-beca-compactada-2526.ods\">en format excel<\/a> \/ <a href=\"https:\/\/agora.xtec.cat\/esc-salvador-llobet\/wp-content\/uploads\/usu1646\/2025\/11\/plantilla-dies-beca-compactada-2526.pdf\">en format pdf<\/a>) i una <a href=\"https:\/\/agora.xtec.cat\/esc-salvador-llobet\/wp-content\/uploads\/usu1646\/2025\/11\/DISTRIBUCIO-DIES-BECA-COMPACTADA-CURS-2025-2026.pdf\">proposta de distribuci\u00f3 de dies pel curs 2025-26.<\/a><\/p>\n","protected":false},"excerpt":{"rendered":"<p>&nbsp; El centre disposa de cuina pr\u00f2pia, amb supervisi\u00f3 per part de l&#8217;empresa concession\u00e0ria del servei, que en aquests moments \u00e9s Catasa.\u00a0Tenim un menjador amb capacitat per a 100 alumnes a cada torn. Un equip de monitoratge i les quatre persones del servei de cuina atenen l&#8217;alumnat. Hi ha un tel\u00e8fon espec\u00edfic per al servei [&hellip;]<\/p>\n","protected":false},"author":1,"featured_media":0,"parent":66,"menu_order":30,"comment_status":"closed","ping_status":"closed","template":"page-templates\/side-menu.php","meta":{"_bbp_topic_count":0,"_bbp_reply_count":0,"_bbp_total_topic_count":0,"_bbp_total_reply_count":0,"_bbp_voice_count":0,"_bbp_anonymous_reply_count":0,"_bbp_topic_count_hidden":0,"_bbp_reply_count_hidden":0,"_bbp_forum_subforum_count":0,"site-sidebar-layout":"default","site-content-layout":"","ast-site-content-layout":"","site-content-style":"default","site-sidebar-style":"default","ast-global-header-display":"","ast-banner-title-visibility":"","ast-main-header-display":"","ast-hfb-above-header-display":"","ast-hfb-below-header-display":"","ast-hfb-mobile-header-display":"","site-post-title":"","ast-breadcrumbs-content":"","ast-featured-img":"","footer-sml-layout":"","theme-transparent-header-meta":"","adv-header-id-meta":"","stick-header-meta":"","header-above-stick-meta":"","header-main-stick-meta":"","header-below-stick-meta":"","astra-migrate-meta-layouts":"default","ast-page-background-enabled":"default","ast-page-background-meta":{"desktop":{"background-color":"var(--ast-global-color-4)","background-image":"","background-repeat":"repeat","background-position":"center center","background-size":"auto","background-attachment":"scroll","background-type":"","background-media":"","overlay-type":"","overlay-color":"","overlay-opacity":"","overlay-gradient":""},"tablet":{"background-color":"","background-image":"","background-repeat":"repeat","background-position":"center center","background-size":"auto","background-attachment":"scroll","background-type":"","background-media":"","overlay-type":"","overlay-color":"","overlay-opacity":"","overlay-gradient":""},"mobile":{"background-color":"","background-image":"","background-repeat":"repeat","background-position":"center center","background-size":"auto","background-attachment":"scroll","background-type":"","background-media":"","overlay-type":"","overlay-color":"","overlay-opacity":"","overlay-gradient":""}},"ast-content-background-meta":{"desktop":{"background-color":"var(--ast-global-color-5)","background-image":"","background-repeat":"repeat","background-position":"center center","background-size":"auto","background-attachment":"scroll","background-type":"","background-media":"","overlay-type":"","overlay-color":"","overlay-opacity":"","overlay-gradient":""},"tablet":{"background-color":"var(--ast-global-color-5)","background-image":"","background-repeat":"repeat","background-position":"center center","background-size":"auto","background-attachment":"scroll","background-type":"","background-media":"","overlay-type":"","overlay-color":"","overlay-opacity":"","overlay-gradient":""},"mobile":{"background-color":"var(--ast-global-color-5)","background-image":"","background-repeat":"repeat","background-position":"center center","background-size":"auto","background-attachment":"scroll","background-type":"","background-media":"","overlay-type":"","overlay-color":"","overlay-opacity":"","overlay-gradient":""}},"footnotes":""},"class_list":["post-73","page","type-page","status-publish","hentry"],"post_mailing_queue_ids":[],"_links":{"self":[{"href":"https:\/\/agora.xtec.cat\/esc-salvador-llobet\/wp-json\/wp\/v2\/pages\/73","targetHints":{"allow":["GET"]}}],"collection":[{"href":"https:\/\/agora.xtec.cat\/esc-salvador-llobet\/wp-json\/wp\/v2\/pages"}],"about":[{"href":"https:\/\/agora.xtec.cat\/esc-salvador-llobet\/wp-json\/wp\/v2\/types\/page"}],"author":[{"embeddable":true,"href":"https:\/\/agora.xtec.cat\/esc-salvador-llobet\/wp-json\/wp\/v2\/users\/1"}],"replies":[{"embeddable":true,"href":"https:\/\/agora.xtec.cat\/esc-salvador-llobet\/wp-json\/wp\/v2\/comments?post=73"}],"version-history":[{"count":6,"href":"https:\/\/agora.xtec.cat\/esc-salvador-llobet\/wp-json\/wp\/v2\/pages\/73\/revisions"}],"predecessor-version":[{"id":3135,"href":"https:\/\/agora.xtec.cat\/esc-salvador-llobet\/wp-json\/wp\/v2\/pages\/73\/revisions\/3135"}],"up":[{"embeddable":true,"href":"https:\/\/agora.xtec.cat\/esc-salvador-llobet\/wp-json\/wp\/v2\/pages\/66"}],"wp:attachment":[{"href":"https:\/\/agora.xtec.cat\/esc-salvador-llobet\/wp-json\/wp\/v2\/media?parent=73"}],"curies":[{"name":"wp","href":"https:\/\/api.w.org\/{rel}","templated":true}]}}