{"id":568,"date":"2020-03-29T10:05:00","date_gmt":"2020-03-29T08:05:00","guid":{"rendered":"https:\/\/agora.xtec.cat\/esc-salvador-llobet\/?page_id=568"},"modified":"2023-11-27T13:40:44","modified_gmt":"2023-11-27T12:40:44","slug":"salut","status":"publish","type":"page","link":"https:\/\/agora.xtec.cat\/esc-salvador-llobet\/lescola\/salut\/","title":{"rendered":"Salut"},"content":{"rendered":"<p><strong>AJUDEU-NOS A TENIR CURA DE LA SALUT DELS INFANTS:\u00a0<\/strong><\/p>\n<ul>\n<li><strong>MALATIA: En un any convencional, cap alumne\/a ha de venir a l&#8217;escola si t\u00e9 febre, v\u00f2mits, diarrea l\u00edquida, varicel\u00b7la, conjuntivitis <\/strong>purulenta sense tractament <strong>o un altre problema m\u00e8dic<\/strong> al qual no \u00e9s possible donar la cura i atenci\u00f3 adequades a l\u2019escola. <strong>Si un alumne\/a est\u00e0 malalt<\/strong>, com que no assistir\u00e0 a l&#8217;escola, cal que la fam\u00edlia ho notifiqui a Secretaria entre les 8.00 i les 9.15 h. Quan s\u2019incorpori a l\u2019aula, ha de portar un justificant signat pels pares o tutors.<\/li>\n<li><strong>MEDICAMENTS<\/strong>: com a norma, eviteu que els infants hagin de prendre medicaments en horari escolar, ja que no \u00e9s el lloc adient. Per poder administrar medicaments als alumnes,\u00a0cal que els pares, mares o tutors legals aporteu un\u00a0<strong>informe m\u00e8dic o c\u00f2pia de la recepta<\/strong>\u00a0on consti el nom de l&#8217;alumne\/a, el nom del medicament que ha de prendre\u00a0<strong>i<\/strong>\u00a0la pauta\u00a0d&#8217;administraci\u00f3. Aix\u00ed mateix, heu d&#8217;aportar una <strong><a href=\"https:\/\/agora.xtec.cat\/esc-salvador-llobet\/wp-content\/uploads\/usu1646\/2020\/04\/Medicaments_autoritzacio.pdf\" target=\"_blank\" rel=\"noopener noreferrer\">autoritzaci\u00f3<\/a><\/strong>\u00a0on es demani l&#8217;administraci\u00f3 al\u00a0fill o filla del medicament prescrit d&#8217;acord amb les pautes que constin en l&#8217;informe esmentat i se n&#8217;autoritzi l&#8217;administraci\u00f3 als professionals del centre.\u00a0<strong>Sense tota aquesta documentaci\u00f3, la Generalitat no permet administrar cap medicament<\/strong>\u00a0a l\u2019alumnat.<\/li>\n<li><strong>POLLS<\/strong>: per q\u00fcestions higi\u00e8niques i per evitar el contagi <strong>no es pot assistir a l\u2019escola amb polls o ll\u00e9menes<\/strong>. Cal que l\u2019alumne\/a es quedi a casa i faci el tractament adequat. Per a m\u00e9s informaci\u00f3, us recomanem <strong><a href=\"http:\/\/videosalut.gencat.cat\/habits-higienics\/els-polls-com-es-poden-detectar-i-eliminar\" target=\"_blank\" rel=\"noopener noreferrer\">aquest v\u00eddeo<\/a><\/strong>, o b\u00e9 <strong><a href=\"https:\/\/canalsalut.gencat.cat\/ca\/detalls\/article\/Polls-00001\" target=\"_blank\" rel=\"noopener noreferrer\">aquesta p\u00e0gina<\/a><\/strong> o <strong><a href=\"https:\/\/agora.xtec.cat\/esc-salvador-llobet\/wp-content\/uploads\/usu1646\/2020\/04\/Polls_eliminar.pdf\" target=\"_blank\" rel=\"noopener noreferrer\">aquest document<\/a><\/strong> en pdf de la Generalitat de Catalunya (aqu\u00ed en teniu una versi\u00f3 <strong><a href=\"https:\/\/agora.xtec.cat\/esc-salvador-llobet\/wp-content\/uploads\/usu1646\/2020\/04\/Piojos.pdf\" target=\"_blank\" rel=\"noopener noreferrer\">en castell\u00e0<\/a><\/strong>) que us poden ajudar. Tamb\u00e9 hi ha informaci\u00f3 del Collegi de farmac\u00e8utics de Barcelona <strong><a href=\"https:\/\/www.farmaceuticonline.com\/polls\/\" target=\"_blank\" rel=\"noopener noreferrer\">aqu\u00ed<\/a><\/strong>.<\/li>\n<li><strong>ESMORZAR<\/strong>: \u00e9s molt aconsellable que els alumnes facin un\u00a0<strong>primer esmorzar a casa<\/strong>, ja que una bona alimentaci\u00f3 afavoreix el rendiment escolar. Per\u00a0<strong>a l\u2019estona de pati<\/strong>\u00a0opteu per\u00a0<strong>un esmorzar saludable (entrep\u00e0, fruita&#8230;)<\/strong>. Cada divendres, a la nostra escola tenim establert que sigui el dia de la fruita:\u00a0<strong>tots els divendres<\/strong>, qui dugui esmorzar, recomanem que sigui\u00a0<strong>una pe\u00e7a de fruita fresca<\/strong> (ni sucs, ni batuts) i, si preveiem que tindran m\u00e9s gana, un entrep\u00e0 per complementar l&#8217;esmorzar. Pel que fa als <strong>envasos<\/strong>, recordeu que som una Escola Verda i vetllem pel medi ambient. Aix\u00ed, doncs,\u00a0<strong>fem servir un t\u00e0per o<\/strong>\u00a0un embolcall com el\u00a0<strong>Boc&#8217;n&#8217;Roll<\/strong>\u00a0que us donem a l&#8217;escola i\u00a0<strong>evitem el paper d\u2019alumini i el pl\u00e0stic<\/strong>\u00a0d&#8217;un sol \u00fas.<\/li>\n<\/ul>\n<p><a href=\"https:\/\/agora.xtec.cat\/esc-salvador-llobet\/wp-content\/uploads\/usu1646\/2020\/04\/Esmorzar.jpg\" target=\"_blank\" rel=\"noopener noreferrer\"><img loading=\"lazy\" decoding=\"async\" class=\"alignnone wp-image-807 size-large\" src=\"https:\/\/agora.xtec.cat\/esc-salvador-llobet\/wp-content\/uploads\/usu1646\/2020\/04\/Esmorzar-1024x173.jpg\" alt=\"\" width=\"1024\" height=\"173\" srcset=\"https:\/\/agora.xtec.cat\/esc-salvador-llobet\/wp-content\/uploads\/usu1646\/2020\/04\/Esmorzar-1024x173.jpg 1024w, https:\/\/agora.xtec.cat\/esc-salvador-llobet\/wp-content\/uploads\/usu1646\/2020\/04\/Esmorzar-300x51.jpg 300w, https:\/\/agora.xtec.cat\/esc-salvador-llobet\/wp-content\/uploads\/usu1646\/2020\/04\/Esmorzar-768x130.jpg 768w, https:\/\/agora.xtec.cat\/esc-salvador-llobet\/wp-content\/uploads\/usu1646\/2020\/04\/Esmorzar.jpg 1047w\" sizes=\"auto, (max-width: 1024px) 100vw, 1024px\" \/><\/a><\/p>\n<ul>\n<li><strong>HIGIENE<\/strong>: vetlleu per la netedat amb la que els vostres fills\/es assisteixen a l\u2019escola.<\/li>\n<li><b>MOCADORS<\/b>: Recordeu que han de dur els mocadors de casa. Comproveu que sempre en duguin a la motxilla per si els necessiten.<\/li>\n<li><strong>TABAC<\/strong>: us recordem que est\u00e0 prohibit fumar, tant dins com fora de les depend\u00e8ncies escolars, inclosos el pati i la vorera de davant de l\u2019escola, fins i tot fora de l\u2019horari escolar.<\/li>\n<li><strong>ANIMALS<\/strong>: per normes de seguretat i higiene no \u00e9s permesa l\u2019entrada de gossos o altres animals en el recinte escolar.<\/li>\n<\/ul>\n<p><strong>En cas d\u2019accident o malaltia: <\/strong>Si un alumne\/a es troba malament o s\u2019accidenta en horari escolar s\u2019avisa a pares o familiars perqu\u00e8 vinguin a buscar-lo tan aviat com puguin. Per aix\u00f2 \u00e9s imprescindible que la fam\u00edlia comuniqui a Secretaria qualsevol canvi en els n\u00fameros de tel\u00e8fon que l\u2019escola t\u00e9 anotats.<\/p>\n<p><strong>Segons la planificaci\u00f3 de Salut P\u00fablica<\/strong>, hi haur\u00e0 <strong>vacunaci\u00f3<\/strong> a l&#8217;alumnat de sis\u00e8, pr\u00e8via revisi\u00f3 del carnet de vacunacions i sempre amb l\u2019autoritzaci\u00f3 expressa dels pares o tutors, a m\u00e9s de <strong>revisi\u00f3 dental<\/strong> en nivells a concretar. S&#8217;avisar\u00e0 per escrit dies abans de les vacunacions o de les revisions.<\/p>\n<p>Us recomanem que visiteu aquestes p\u00e0gines\u00a0de la Generalitat de Catalunya:<\/p>\n<ul>\n<li><a style=\"color: #2795b6;\" href=\"http:\/\/familiaiescola.gencat.cat\/ca\/escolaritat\/etapes-educatives\/educacio-primaria\/03-salut-seguretat\/\" target=\"_blank\" rel=\"noopener noreferrer\"><strong>Salut i seguretat a l&#8217;escola<\/strong><\/a><\/li>\n<li><a href=\"http:\/\/familiaiescola.gencat.cat\/ca\/educar-creixer-en-familia\/habits-saludables\/\" target=\"_blank\" rel=\"noopener noreferrer\"><strong>H\u00e0bits saludables<\/strong><\/a><\/li>\n<\/ul>\n","protected":false},"excerpt":{"rendered":"<p>AJUDEU-NOS A TENIR CURA DE LA SALUT DELS INFANTS:\u00a0 MALATIA: En un any convencional, cap alumne\/a ha de venir a l&#8217;escola si t\u00e9 febre, v\u00f2mits, diarrea l\u00edquida, varicel\u00b7la, conjuntivitis purulenta sense tractament o un altre problema m\u00e8dic al qual no \u00e9s possible donar la cura i atenci\u00f3 adequades a l\u2019escola. Si un alumne\/a est\u00e0 malalt, [&hellip;]<\/p>\n","protected":false},"author":1,"featured_media":0,"parent":22,"menu_order":0,"comment_status":"closed","ping_status":"closed","template":"page-templates\/side-menu.php","meta":{"_bbp_topic_count":0,"_bbp_reply_count":0,"_bbp_total_topic_count":0,"_bbp_total_reply_count":0,"_bbp_voice_count":0,"_bbp_anonymous_reply_count":0,"_bbp_topic_count_hidden":0,"_bbp_reply_count_hidden":0,"_bbp_forum_subforum_count":0,"site-sidebar-layout":"default","site-content-layout":"","ast-site-content-layout":"","site-content-style":"default","site-sidebar-style":"default","ast-global-header-display":"","ast-banner-title-visibility":"","ast-main-header-display":"","ast-hfb-above-header-display":"","ast-hfb-below-header-display":"","ast-hfb-mobile-header-display":"","site-post-title":"","ast-breadcrumbs-content":"","ast-featured-img":"","footer-sml-layout":"","theme-transparent-header-meta":"","adv-header-id-meta":"","stick-header-meta":"","header-above-stick-meta":"","header-main-stick-meta":"","header-below-stick-meta":"","astra-migrate-meta-layouts":"default","ast-page-background-enabled":"default","ast-page-background-meta":{"desktop":{"background-color":"var(--ast-global-color-4)","background-image":"","background-repeat":"repeat","background-position":"center center","background-size":"auto","background-attachment":"scroll","background-type":"","background-media":"","overlay-type":"","overlay-color":"","overlay-opacity":"","overlay-gradient":""},"tablet":{"background-color":"","background-image":"","background-repeat":"repeat","background-position":"center center","background-size":"auto","background-attachment":"scroll","background-type":"","background-media":"","overlay-type":"","overlay-color":"","overlay-opacity":"","overlay-gradient":""},"mobile":{"background-color":"","background-image":"","background-repeat":"repeat","background-position":"center center","background-size":"auto","background-attachment":"scroll","background-type":"","background-media":"","overlay-type":"","overlay-color":"","overlay-opacity":"","overlay-gradient":""}},"ast-content-background-meta":{"desktop":{"background-color":"var(--ast-global-color-5)","background-image":"","background-repeat":"repeat","background-position":"center center","background-size":"auto","background-attachment":"scroll","background-type":"","background-media":"","overlay-type":"","overlay-color":"","overlay-opacity":"","overlay-gradient":""},"tablet":{"background-color":"var(--ast-global-color-5)","background-image":"","background-repeat":"repeat","background-position":"center center","background-size":"auto","background-attachment":"scroll","background-type":"","background-media":"","overlay-type":"","overlay-color":"","overlay-opacity":"","overlay-gradient":""},"mobile":{"background-color":"var(--ast-global-color-5)","background-image":"","background-repeat":"repeat","background-position":"center center","background-size":"auto","background-attachment":"scroll","background-type":"","background-media":"","overlay-type":"","overlay-color":"","overlay-opacity":"","overlay-gradient":""}},"footnotes":""},"class_list":["post-568","page","type-page","status-publish","hentry"],"post_mailing_queue_ids":[],"_links":{"self":[{"href":"https:\/\/agora.xtec.cat\/esc-salvador-llobet\/wp-json\/wp\/v2\/pages\/568","targetHints":{"allow":["GET"]}}],"collection":[{"href":"https:\/\/agora.xtec.cat\/esc-salvador-llobet\/wp-json\/wp\/v2\/pages"}],"about":[{"href":"https:\/\/agora.xtec.cat\/esc-salvador-llobet\/wp-json\/wp\/v2\/types\/page"}],"author":[{"embeddable":true,"href":"https:\/\/agora.xtec.cat\/esc-salvador-llobet\/wp-json\/wp\/v2\/users\/1"}],"replies":[{"embeddable":true,"href":"https:\/\/agora.xtec.cat\/esc-salvador-llobet\/wp-json\/wp\/v2\/comments?post=568"}],"version-history":[{"count":5,"href":"https:\/\/agora.xtec.cat\/esc-salvador-llobet\/wp-json\/wp\/v2\/pages\/568\/revisions"}],"predecessor-version":[{"id":2456,"href":"https:\/\/agora.xtec.cat\/esc-salvador-llobet\/wp-json\/wp\/v2\/pages\/568\/revisions\/2456"}],"up":[{"embeddable":true,"href":"https:\/\/agora.xtec.cat\/esc-salvador-llobet\/wp-json\/wp\/v2\/pages\/22"}],"wp:attachment":[{"href":"https:\/\/agora.xtec.cat\/esc-salvador-llobet\/wp-json\/wp\/v2\/media?parent=568"}],"curies":[{"name":"wp","href":"https:\/\/api.w.org\/{rel}","templated":true}]}}