{"id":34,"date":"2014-09-18T12:32:18","date_gmt":"2014-09-18T11:32:18","guid":{"rendered":"http:\/\/agora.xtec.cat\/esc-salvador-llobet\/?page_id=34"},"modified":"2026-02-09T09:13:44","modified_gmt":"2026-02-09T08:13:44","slug":"organigrama","status":"publish","type":"page","link":"https:\/\/agora.xtec.cat\/esc-salvador-llobet\/lescola\/organigrama\/","title":{"rendered":"Organigrama"},"content":{"rendered":"<p><img loading=\"lazy\" decoding=\"async\" class=\"alignnone size-large wp-image-1668 aligncenter\" src=\"https:\/\/agora.xtec.cat\/esc-salvador-llobet\/wp-content\/uploads\/usu1646\/2022\/01\/EMSLlobet_Valors-1024x472.jpeg\" alt=\"\" width=\"1024\" height=\"472\" srcset=\"https:\/\/agora.xtec.cat\/esc-salvador-llobet\/wp-content\/uploads\/usu1646\/2022\/01\/EMSLlobet_Valors-1024x472.jpeg 1024w, https:\/\/agora.xtec.cat\/esc-salvador-llobet\/wp-content\/uploads\/usu1646\/2022\/01\/EMSLlobet_Valors-300x138.jpeg 300w, https:\/\/agora.xtec.cat\/esc-salvador-llobet\/wp-content\/uploads\/usu1646\/2022\/01\/EMSLlobet_Valors-768x354.jpeg 768w, https:\/\/agora.xtec.cat\/esc-salvador-llobet\/wp-content\/uploads\/usu1646\/2022\/01\/EMSLlobet_Valors-1536x708.jpeg 1536w, https:\/\/agora.xtec.cat\/esc-salvador-llobet\/wp-content\/uploads\/usu1646\/2022\/01\/EMSLlobet_Valors.jpeg 2000w\" sizes=\"auto, (max-width: 1024px) 100vw, 1024px\" \/><\/p>\n<p><strong>TUTORIES<\/strong><\/p>\n<p><strong><u>Educaci\u00f3 infantil:<\/u><\/strong><\/p>\n<ul>\n<li><strong>3 anys<\/strong>: Laura Riu i Ana S\u00e1nchez<\/li>\n<li><strong>4 anys<\/strong>: Dolors Linares i Gemma Colomer<\/li>\n<li><strong>5 anys<\/strong>: M\u00edriam Y\u00e9tor i Rosa Loureiro<\/li>\n<\/ul>\n<p><strong><u>Educaci\u00f3 prim\u00e0ria \u2013 Cicle Inicial: <\/u><\/strong><\/p>\n<ul>\n<li><strong>1r<\/strong>: Sonia Martelozzo i Ana Florido<\/li>\n<li><strong>2n<\/strong>: Helena Rubio i Raimon Raga<\/li>\n<\/ul>\n<p><strong><u>Educaci\u00f3 prim\u00e0ria \u2013 Cicle Mitj\u00e0:<\/u><\/strong><\/p>\n<ul>\n<li><strong>3r<\/strong>: Al\u00e8xia Torres i Esther \u00c1lvarez<\/li>\n<li><strong>4t<\/strong>: Josep Garc\u00eda i Sergi Rueda<\/li>\n<\/ul>\n<p><strong><u>Educaci\u00f3 prim\u00e0ria \u2013 Cicle Superior: <\/u><\/strong><\/p>\n<ul>\n<li><strong>5\u00e8<\/strong>: Jordi Palacios i Lidia Partido<\/li>\n<li><strong>6\u00e8<\/strong>: Meritxell Linares i Coral Acevedo<\/li>\n<\/ul>\n<p><strong>ESPECIALITATS, SUPORTS, COORDINACIONS<\/strong><\/p>\n<ul>\n<li><strong>Llengua estrangera (angl\u00e8s)<\/strong>: Judith Dom\u00ednguez, Adela Salcedo, Roser Pi, Cl\u00e0udia Oliveras i N\u00faria Grau<\/li>\n<li><strong>Educaci\u00f3 art\u00edstica (m\u00fasica)<\/strong>: S\u00edlvia Tom\u00e9 i Cristina Santiso<\/li>\n<li><strong>Educaci\u00f3 f\u00edsica<\/strong>: Daniel Garc\u00eda<\/li>\n<li><strong>Psicomotricitat en angl\u00e8s<\/strong>: Roser Pi<\/li>\n<li><strong>Inform\u00e0tica \/ Rob\u00f2tica<\/strong>: Maria Jos\u00e9 Cano i N\u00faria Grau<\/li>\n<li><strong>Atenci\u00f3 a la diversitat<\/strong>: Anah\u00ed Melero, Estela \u00c1lvarez, L\u00eddia Martos, Sara Segura i N\u00faria Gibert<\/li>\n<li><strong>Biblioteca \/ Immersi\u00f3 ling\u00fc\u00edstica<\/strong>: Xavi Ulldemolins i M\u00edriam \u00c1lvarez<\/li>\n<li><strong>TEI a I3<\/strong>: Pilar Ramal<\/li>\n<li><strong>TEI<\/strong>: S\u00edlvia Sala<\/li>\n<li><strong>Vetlladores<\/strong>: Emilia Hern\u00e1ndez, Elena Roca i Paula Moreno<\/li>\n<li style=\"font-family: 'Helvetica Neue', Helvetica, Helvetica, Arial, sans-serif; font-size: 16px;\"><strong>Coordinaci\u00f3 d&#8217;inform\u00e0tica<\/strong>: Josep Garc\u00eda<\/li>\n<li style=\"font-family: 'Helvetica Neue', Helvetica, Helvetica, Arial, sans-serif; font-size: 16px;\"><strong>Coordinaci\u00f3 LIC<\/strong>: Xavier Ulldemolins<\/li>\n<li style=\"font-family: 'Helvetica Neue', Helvetica, Helvetica, Arial, sans-serif; font-size: 16px;\"><strong>Psicopedagoga de l&#8217;EAP<\/strong>: Empar Sillas<\/li>\n<li><strong>Personal d&#8217;administraci\u00f3 i serveis<\/strong>: Esteve Mart\u00ednez (conserge), Jordi Padr\u00f3 (administratiu)<\/li>\n<li><strong>Espai de migdia<\/strong>: Gerard Coll (coordinador de menjador), Alexandra S\u00e0nchez (cap de cuina)<\/li>\n<\/ul>\n<p><strong>EQUIP DIRECTIU<\/strong><\/p>\n<ul>\n<li><strong>Directora<\/strong>: Adela Salcedo<\/li>\n<li><strong>Cap d\u2019estudis<\/strong>: Mar\u00eda Jos\u00e9 Cano<\/li>\n<li><strong>Secret\u00e0ria<\/strong>: M\u00edriam \u00c1lvarez<\/li>\n<li><strong>Coordinacions de cicle<\/strong>: Estela \u00c1lvarez (EI i CI), Sara Segura (CM) i Cristina Santiso (CS)<\/li>\n<\/ul>\n","protected":false},"excerpt":{"rendered":"<p>TUTORIES Educaci\u00f3 infantil: 3 anys: Laura Riu i Ana S\u00e1nchez 4 anys: Dolors Linares i Gemma Colomer 5 anys: M\u00edriam Y\u00e9tor i Rosa Loureiro Educaci\u00f3 prim\u00e0ria \u2013 Cicle Inicial: 1r: Sonia Martelozzo i Ana Florido 2n: Helena Rubio i Raimon Raga Educaci\u00f3 prim\u00e0ria \u2013 Cicle Mitj\u00e0: 3r: Al\u00e8xia Torres i Esther \u00c1lvarez 4t: Josep Garc\u00eda [&hellip;]<\/p>\n","protected":false},"author":1,"featured_media":0,"parent":22,"menu_order":60,"comment_status":"closed","ping_status":"closed","template":"","meta":{"_bbp_topic_count":0,"_bbp_reply_count":0,"_bbp_total_topic_count":0,"_bbp_total_reply_count":0,"_bbp_voice_count":0,"_bbp_anonymous_reply_count":0,"_bbp_topic_count_hidden":0,"_bbp_reply_count_hidden":0,"_bbp_forum_subforum_count":0,"site-sidebar-layout":"default","site-content-layout":"","ast-site-content-layout":"default","site-content-style":"default","site-sidebar-style":"default","ast-global-header-display":"","ast-banner-title-visibility":"","ast-main-header-display":"","ast-hfb-above-header-display":"","ast-hfb-below-header-display":"","ast-hfb-mobile-header-display":"","site-post-title":"","ast-breadcrumbs-content":"","ast-featured-img":"","footer-sml-layout":"","theme-transparent-header-meta":"default","adv-header-id-meta":"","stick-header-meta":"","header-above-stick-meta":"","header-main-stick-meta":"","header-below-stick-meta":"","astra-migrate-meta-layouts":"set","ast-page-background-enabled":"default","ast-page-background-meta":{"desktop":{"background-color":"var(--ast-global-color-4)","background-image":"","background-repeat":"repeat","background-position":"center center","background-size":"auto","background-attachment":"scroll","background-type":"","background-media":"","overlay-type":"","overlay-color":"","overlay-opacity":"","overlay-gradient":""},"tablet":{"background-color":"","background-image":"","background-repeat":"repeat","background-position":"center center","background-size":"auto","background-attachment":"scroll","background-type":"","background-media":"","overlay-type":"","overlay-color":"","overlay-opacity":"","overlay-gradient":""},"mobile":{"background-color":"","background-image":"","background-repeat":"repeat","background-position":"center center","background-size":"auto","background-attachment":"scroll","background-type":"","background-media":"","overlay-type":"","overlay-color":"","overlay-opacity":"","overlay-gradient":""}},"ast-content-background-meta":{"desktop":{"background-color":"var(--ast-global-color-5)","background-image":"","background-repeat":"repeat","background-position":"center center","background-size":"auto","background-attachment":"scroll","background-type":"","background-media":"","overlay-type":"","overlay-color":"","overlay-opacity":"","overlay-gradient":""},"tablet":{"background-color":"var(--ast-global-color-5)","background-image":"","background-repeat":"repeat","background-position":"center center","background-size":"auto","background-attachment":"scroll","background-type":"","background-media":"","overlay-type":"","overlay-color":"","overlay-opacity":"","overlay-gradient":""},"mobile":{"background-color":"var(--ast-global-color-5)","background-image":"","background-repeat":"repeat","background-position":"center center","background-size":"auto","background-attachment":"scroll","background-type":"","background-media":"","overlay-type":"","overlay-color":"","overlay-opacity":"","overlay-gradient":""}},"footnotes":""},"class_list":["post-34","page","type-page","status-publish","hentry"],"post_mailing_queue_ids":[],"_links":{"self":[{"href":"https:\/\/agora.xtec.cat\/esc-salvador-llobet\/wp-json\/wp\/v2\/pages\/34","targetHints":{"allow":["GET"]}}],"collection":[{"href":"https:\/\/agora.xtec.cat\/esc-salvador-llobet\/wp-json\/wp\/v2\/pages"}],"about":[{"href":"https:\/\/agora.xtec.cat\/esc-salvador-llobet\/wp-json\/wp\/v2\/types\/page"}],"author":[{"embeddable":true,"href":"https:\/\/agora.xtec.cat\/esc-salvador-llobet\/wp-json\/wp\/v2\/users\/1"}],"replies":[{"embeddable":true,"href":"https:\/\/agora.xtec.cat\/esc-salvador-llobet\/wp-json\/wp\/v2\/comments?post=34"}],"version-history":[{"count":6,"href":"https:\/\/agora.xtec.cat\/esc-salvador-llobet\/wp-json\/wp\/v2\/pages\/34\/revisions"}],"predecessor-version":[{"id":3270,"href":"https:\/\/agora.xtec.cat\/esc-salvador-llobet\/wp-json\/wp\/v2\/pages\/34\/revisions\/3270"}],"up":[{"embeddable":true,"href":"https:\/\/agora.xtec.cat\/esc-salvador-llobet\/wp-json\/wp\/v2\/pages\/22"}],"wp:attachment":[{"href":"https:\/\/agora.xtec.cat\/esc-salvador-llobet\/wp-json\/wp\/v2\/media?parent=34"}],"curies":[{"name":"wp","href":"https:\/\/api.w.org\/{rel}","templated":true}]}}