{"id":3331,"date":"2026-04-15T13:25:19","date_gmt":"2026-04-15T11:25:19","guid":{"rendered":"https:\/\/agora.xtec.cat\/esc-salvador-llobet\/?page_id=3331"},"modified":"2026-04-15T13:25:19","modified_gmt":"2026-04-15T11:25:19","slug":"associacio-de-families-dalumnes-de-lescola-municipal-salvador-llobet","status":"publish","type":"page","link":"https:\/\/agora.xtec.cat\/esc-salvador-llobet\/lescola\/associacio-de-families-dalumnes-de-lescola-municipal-salvador-llobet\/","title":{"rendered":"ASSOCIACI\u00d3 DE FAM\u00cdLIES D\u2019ALUMNES DE L\u2019ESCOLA MUNICIPAL SALVADOR LLOBET"},"content":{"rendered":"<p><strong>DE QU\u00c8 ENS OCUPEM A L\u2019AFA?<\/strong><br \/>\n&#8211; <span style=\"text-decoration: underline;\">EXTRAESCOLARS:<\/span> Planifiquem les activitats extraescolars amb horaris de migdia i<br \/>\ntarda. Trobareu propostes des d\u2019 I4 i fins a 6\u00e8 de prim\u00e0ria.<br \/>\n&#8211; <span style=\"text-decoration: underline;\">GESTI\u00d3 DE L\u2019ACOLLIDA:<\/span> L\u2019horari \u00e9s de 7.30h a 9h i de 16.30h a 18h, de dilluns a<br \/>\ndivendres. Fem d&#8217;enlla\u00e7 amb l&#8217;empresa que ofereix aquest servei.<br \/>\n&#8211; <span style=\"text-decoration: underline;\">KSALET:<\/span> Al mes de juny, quan els infants fan jornada intensiva, organitzem el Ksalet, un<br \/>\npetit casal amb monitors que es fa a l&#8217;escola de 15.30h a 16.30h.<br \/>\n&#8211; <span style=\"text-decoration: underline;\">NEXE D\u2019UNI\u00d3:<\/span> Som el nexe d\u2019uni\u00f3 entre les fam\u00edlies i l\u2019escola, i amb el menjador.<\/p>\n<p><strong>MATERIAL<\/strong><br \/>\n&#8211; Aportem el material i els jocs pel servei d\u2019Acollida<br \/>\n&#8211; Anualment fem una aportaci\u00f3 a l\u2019escola amb material necessari: ordinadors, pantalles,<br \/>\nllibres, microscopi, joguines, racons de lectura&#8230;<br \/>\n&#8211; Comprem el material per preparar la disfressa de carnaval<\/p>\n<p><strong>FESTES<\/strong><br \/>\n&#8211; Festa de benvinguda a I3<br \/>\n&#8211; Decorem l\u2019escola al Nadal i assistim a la Cantada de Nadales de totes les AFA de<br \/>\nGranollers<br \/>\n&#8211; Desfilem a la rua de carnaval, som uns 200 participants!<br \/>\n&#8211; Xocolatada solid\u00e0ria per a la investigaci\u00f3 del c\u00e0ncer infantil a Sant Joan de D\u00e9u<br \/>\n&#8211; Festa de fi de curs<br \/>\n&#8211; Participem en totes les festes que organitza l\u2019escola<\/p>\n<p><strong>La quota per a ser soci de l\u2019AFA \u00e9s de 30 \u20ac per fam\u00edlia i curs.<\/strong> La inscripci\u00f3 es fa a trav\u00e9s de<br \/>\nl\u2019aplicaci\u00f3 TPV escola.<\/p>\n<p>Fer-se soci de l\u2019AFA \u00e9s una manera senzilla de contribuir activament a la vida de l\u2019escola i al<br \/>\nbenestar dels infants. Gr\u00e0cies a la implicaci\u00f3 de les fam\u00edlies, es poden organitzar activitats,<br \/>\nmillorar recursos i crear un ambient m\u00e9s ric i participatiu. A m\u00e9s, \u00e9s una oportunitat per<br \/>\ncon\u00e8ixer altres fam\u00edlies i sentir-se part d\u2019una comunitat educativa viva.<br \/>\nEntre tots, fem que l\u2019escola sigui un lloc encara millor per als nostres fills i filles!<\/p>\n<p><strong>ENLLA\u00c7OS<\/strong><br \/>\n<a href=\"https:\/\/docs.google.com\/document\/d\/1TyCz9YmTIdO1du7sZXJPL5kd31jHZw05\/edit?usp=drivesdk&amp;ouid=111450587834027951686&amp;rtpof=true&amp;sd=true&amp;urp=gmail_link\">Oferta d\u2019extraescolars per al curs 2025-26<\/a><br \/>\n<a href=\"https:\/\/drive.google.com\/file\/d\/1-Z5hTp9DqlbI3cJqIyhIklS37F3j5MFh\/view?usp=sharing\">Full d\u2019inscripci\u00f3 al Servei d\u2019Acollida<\/a><\/p>\n<p>Som una associaci\u00f3 formada per fam\u00edlies i pensada per a aconseguir la millor experi\u00e8ncia<br \/>\nescolar per a tots els infants.<\/p>\n<p style=\"text-align: center;\">\n<em><strong>TOTES LES IDEES S\u00d3N BENVINGUDES, DIGUES LA TEVA!<\/strong><\/em><\/p>\n<p><strong>CONTACTE<\/strong><br \/>\nCorreu electr\u00f2nic: ampallobet@gmail.com<br \/>\nInstagram: <a href=\"https:\/\/www.instagram.com\/afallobet\/\">@afallobet<\/a><br \/>\n<a href=\"https:\/\/whatsapp.com\/channel\/0029Vapu6KD3GJP73pNLD52e\">Canal de Whatsapp<\/a><\/p>\n<p><img loading=\"lazy\" decoding=\"async\" class=\"alignnone  wp-image-3336\" src=\"https:\/\/agora.xtec.cat\/esc-salvador-llobet\/wp-content\/uploads\/usu1646\/2026\/04\/Diptic-1-300x232.png\" alt=\"\" width=\"340\" height=\"263\" srcset=\"https:\/\/agora.xtec.cat\/esc-salvador-llobet\/wp-content\/uploads\/usu1646\/2026\/04\/Diptic-1-300x232.png 300w, https:\/\/agora.xtec.cat\/esc-salvador-llobet\/wp-content\/uploads\/usu1646\/2026\/04\/Diptic-1-768x593.png 768w, https:\/\/agora.xtec.cat\/esc-salvador-llobet\/wp-content\/uploads\/usu1646\/2026\/04\/Diptic-1.png 779w\" sizes=\"auto, (max-width: 340px) 100vw, 340px\" \/>\u00a0 \u00a0 \u00a0 <img loading=\"lazy\" decoding=\"async\" class=\"alignnone  wp-image-3337\" src=\"https:\/\/agora.xtec.cat\/esc-salvador-llobet\/wp-content\/uploads\/usu1646\/2026\/04\/Diptic-2-300x230.png\" alt=\"\" width=\"340\" height=\"260\" srcset=\"https:\/\/agora.xtec.cat\/esc-salvador-llobet\/wp-content\/uploads\/usu1646\/2026\/04\/Diptic-2-300x230.png 300w, https:\/\/agora.xtec.cat\/esc-salvador-llobet\/wp-content\/uploads\/usu1646\/2026\/04\/Diptic-2-768x590.png 768w, https:\/\/agora.xtec.cat\/esc-salvador-llobet\/wp-content\/uploads\/usu1646\/2026\/04\/Diptic-2.png 780w\" sizes=\"auto, (max-width: 340px) 100vw, 340px\" \/><\/p>\n","protected":false},"excerpt":{"rendered":"<p>DE QU\u00c8 ENS OCUPEM A L\u2019AFA? &#8211; EXTRAESCOLARS: Planifiquem les activitats extraescolars amb horaris de migdia i tarda. Trobareu propostes des d\u2019 I4 i fins a 6\u00e8 de prim\u00e0ria. &#8211; GESTI\u00d3 DE L\u2019ACOLLIDA: L\u2019horari \u00e9s de 7.30h a 9h i de 16.30h a 18h, de dilluns a divendres. Fem d&#8217;enlla\u00e7 amb l&#8217;empresa que ofereix aquest [&hellip;]<\/p>\n","protected":false},"author":1,"featured_media":0,"parent":22,"menu_order":0,"comment_status":"closed","ping_status":"closed","template":"","meta":{"_bbp_topic_count":0,"_bbp_reply_count":0,"_bbp_total_topic_count":0,"_bbp_total_reply_count":0,"_bbp_voice_count":0,"_bbp_anonymous_reply_count":0,"_bbp_topic_count_hidden":0,"_bbp_reply_count_hidden":0,"_bbp_forum_subforum_count":0,"site-sidebar-layout":"default","site-content-layout":"","ast-site-content-layout":"default","site-content-style":"default","site-sidebar-style":"default","ast-global-header-display":"","ast-banner-title-visibility":"","ast-main-header-display":"","ast-hfb-above-header-display":"","ast-hfb-below-header-display":"","ast-hfb-mobile-header-display":"","site-post-title":"","ast-breadcrumbs-content":"","ast-featured-img":"","footer-sml-layout":"","theme-transparent-header-meta":"default","adv-header-id-meta":"","stick-header-meta":"","header-above-stick-meta":"","header-main-stick-meta":"","header-below-stick-meta":"","astra-migrate-meta-layouts":"set","ast-page-background-enabled":"default","ast-page-background-meta":{"desktop":{"background-color":"var(--ast-global-color-4)","background-image":"","background-repeat":"repeat","background-position":"center center","background-size":"auto","background-attachment":"scroll","background-type":"","background-media":"","overlay-type":"","overlay-color":"","overlay-opacity":"","overlay-gradient":""},"tablet":{"background-color":"","background-image":"","background-repeat":"repeat","background-position":"center center","background-size":"auto","background-attachment":"scroll","background-type":"","background-media":"","overlay-type":"","overlay-color":"","overlay-opacity":"","overlay-gradient":""},"mobile":{"background-color":"","background-image":"","background-repeat":"repeat","background-position":"center center","background-size":"auto","background-attachment":"scroll","background-type":"","background-media":"","overlay-type":"","overlay-color":"","overlay-opacity":"","overlay-gradient":""}},"ast-content-background-meta":{"desktop":{"background-color":"var(--ast-global-color-5)","background-image":"","background-repeat":"repeat","background-position":"center center","background-size":"auto","background-attachment":"scroll","background-type":"","background-media":"","overlay-type":"","overlay-color":"","overlay-opacity":"","overlay-gradient":""},"tablet":{"background-color":"var(--ast-global-color-5)","background-image":"","background-repeat":"repeat","background-position":"center center","background-size":"auto","background-attachment":"scroll","background-type":"","background-media":"","overlay-type":"","overlay-color":"","overlay-opacity":"","overlay-gradient":""},"mobile":{"background-color":"var(--ast-global-color-5)","background-image":"","background-repeat":"repeat","background-position":"center center","background-size":"auto","background-attachment":"scroll","background-type":"","background-media":"","overlay-type":"","overlay-color":"","overlay-opacity":"","overlay-gradient":""}},"footnotes":""},"class_list":["post-3331","page","type-page","status-publish","hentry"],"post_mailing_queue_ids":[],"_links":{"self":[{"href":"https:\/\/agora.xtec.cat\/esc-salvador-llobet\/wp-json\/wp\/v2\/pages\/3331","targetHints":{"allow":["GET"]}}],"collection":[{"href":"https:\/\/agora.xtec.cat\/esc-salvador-llobet\/wp-json\/wp\/v2\/pages"}],"about":[{"href":"https:\/\/agora.xtec.cat\/esc-salvador-llobet\/wp-json\/wp\/v2\/types\/page"}],"author":[{"embeddable":true,"href":"https:\/\/agora.xtec.cat\/esc-salvador-llobet\/wp-json\/wp\/v2\/users\/1"}],"replies":[{"embeddable":true,"href":"https:\/\/agora.xtec.cat\/esc-salvador-llobet\/wp-json\/wp\/v2\/comments?post=3331"}],"version-history":[{"count":6,"href":"https:\/\/agora.xtec.cat\/esc-salvador-llobet\/wp-json\/wp\/v2\/pages\/3331\/revisions"}],"predecessor-version":[{"id":3341,"href":"https:\/\/agora.xtec.cat\/esc-salvador-llobet\/wp-json\/wp\/v2\/pages\/3331\/revisions\/3341"}],"up":[{"embeddable":true,"href":"https:\/\/agora.xtec.cat\/esc-salvador-llobet\/wp-json\/wp\/v2\/pages\/22"}],"wp:attachment":[{"href":"https:\/\/agora.xtec.cat\/esc-salvador-llobet\/wp-json\/wp\/v2\/media?parent=3331"}],"curies":[{"name":"wp","href":"https:\/\/api.w.org\/{rel}","templated":true}]}}