{"id":3211,"date":"2026-02-04T13:26:13","date_gmt":"2026-02-04T12:26:13","guid":{"rendered":"https:\/\/agora.xtec.cat\/esc-salvador-llobet\/?page_id=3211"},"modified":"2026-02-04T13:31:07","modified_gmt":"2026-02-04T12:31:07","slug":"feel-it","status":"publish","type":"page","link":"https:\/\/agora.xtec.cat\/esc-salvador-llobet\/feel-it\/","title":{"rendered":"Feel It"},"content":{"rendered":"<p>El\u00a0<strong>Projecte Feel it<\/strong>\u00a0\u00e9s un dels eixos vertebradors del nostre projecte educatiu i neix del comprom\u00eds de l\u2019escola amb el desenvolupament integral de l\u2019alumnat, especialment en l\u2019\u00e0mbit de les compet\u00e8ncies emocionals.<\/p>\n<p>Aquest projecte s\u2019origina despr\u00e9s de\u00a0<strong>tres anys de formaci\u00f3 del claustre amb el GROP, grup de recerca de la Universitat de Barcelona<\/strong>, especialitzat en educaci\u00f3 emocional. Un cop finalitzat aquest per\u00edode de formaci\u00f3, l\u2019escola va dur a terme una\u00a0<strong>avaluaci\u00f3 interna de les compet\u00e8ncies emocionals del nostre alumnat<\/strong>, que ens va permetre identificar punts forts i punts febles.<\/p>\n<p>A partir d\u2019aquesta an\u00e0lisi rigorosa i reflexiva, vam dissenyar el\u00a0<strong>Projecte Feel it<\/strong>, un projecte propi i adaptat a la realitat del nostre centre, des del curs 2022-2023.<\/p>\n<p>Amb el Projecte Feel it, l\u2019escola reafirma la seva aposta per una educaci\u00f3 que posa les emocions al centre, afavorint el benestar personal, social i acad\u00e8mic del nostre alumnat.<\/p>\n<p><img loading=\"lazy\" decoding=\"async\" class=\"size-medium wp-image-3217 aligncenter\" src=\"https:\/\/agora.xtec.cat\/esc-salvador-llobet\/wp-content\/uploads\/usu1646\/2026\/02\/Presentacio-FEEL-IT-1-web_page-0001-300x169.jpg\" alt=\"\" width=\"300\" height=\"169\" srcset=\"https:\/\/agora.xtec.cat\/esc-salvador-llobet\/wp-content\/uploads\/usu1646\/2026\/02\/Presentacio-FEEL-IT-1-web_page-0001-300x169.jpg 300w, https:\/\/agora.xtec.cat\/esc-salvador-llobet\/wp-content\/uploads\/usu1646\/2026\/02\/Presentacio-FEEL-IT-1-web_page-0001-1024x576.jpg 1024w, https:\/\/agora.xtec.cat\/esc-salvador-llobet\/wp-content\/uploads\/usu1646\/2026\/02\/Presentacio-FEEL-IT-1-web_page-0001-768x432.jpg 768w, https:\/\/agora.xtec.cat\/esc-salvador-llobet\/wp-content\/uploads\/usu1646\/2026\/02\/Presentacio-FEEL-IT-1-web_page-0001-1536x864.jpg 1536w, https:\/\/agora.xtec.cat\/esc-salvador-llobet\/wp-content\/uploads\/usu1646\/2026\/02\/Presentacio-FEEL-IT-1-web_page-0001-2048x1152.jpg 2048w\" sizes=\"auto, (max-width: 300px) 100vw, 300px\" \/><\/p>\n","protected":false},"excerpt":{"rendered":"<p>El\u00a0Projecte Feel it\u00a0\u00e9s un dels eixos vertebradors del nostre projecte educatiu i neix del comprom\u00eds de l\u2019escola amb el desenvolupament integral de l\u2019alumnat, especialment en l\u2019\u00e0mbit de les compet\u00e8ncies emocionals. Aquest projecte s\u2019origina despr\u00e9s de\u00a0tres anys de formaci\u00f3 del claustre amb el GROP, grup de recerca de la Universitat de Barcelona, especialitzat en educaci\u00f3 emocional. [&hellip;]<\/p>\n","protected":false},"author":1,"featured_media":0,"parent":0,"menu_order":0,"comment_status":"closed","ping_status":"closed","template":"","meta":{"_bbp_topic_count":0,"_bbp_reply_count":0,"_bbp_total_topic_count":0,"_bbp_total_reply_count":0,"_bbp_voice_count":0,"_bbp_anonymous_reply_count":0,"_bbp_topic_count_hidden":0,"_bbp_reply_count_hidden":0,"_bbp_forum_subforum_count":0,"site-sidebar-layout":"default","site-content-layout":"","ast-site-content-layout":"default","site-content-style":"default","site-sidebar-style":"default","ast-global-header-display":"","ast-banner-title-visibility":"","ast-main-header-display":"","ast-hfb-above-header-display":"","ast-hfb-below-header-display":"","ast-hfb-mobile-header-display":"","site-post-title":"","ast-breadcrumbs-content":"","ast-featured-img":"","footer-sml-layout":"","theme-transparent-header-meta":"default","adv-header-id-meta":"","stick-header-meta":"","header-above-stick-meta":"","header-main-stick-meta":"","header-below-stick-meta":"","astra-migrate-meta-layouts":"set","ast-page-background-enabled":"default","ast-page-background-meta":{"desktop":{"background-color":"var(--ast-global-color-4)","background-image":"","background-repeat":"repeat","background-position":"center center","background-size":"auto","background-attachment":"scroll","background-type":"","background-media":"","overlay-type":"","overlay-color":"","overlay-opacity":"","overlay-gradient":""},"tablet":{"background-color":"","background-image":"","background-repeat":"repeat","background-position":"center center","background-size":"auto","background-attachment":"scroll","background-type":"","background-media":"","overlay-type":"","overlay-color":"","overlay-opacity":"","overlay-gradient":""},"mobile":{"background-color":"","background-image":"","background-repeat":"repeat","background-position":"center center","background-size":"auto","background-attachment":"scroll","background-type":"","background-media":"","overlay-type":"","overlay-color":"","overlay-opacity":"","overlay-gradient":""}},"ast-content-background-meta":{"desktop":{"background-color":"var(--ast-global-color-5)","background-image":"","background-repeat":"repeat","background-position":"center center","background-size":"auto","background-attachment":"scroll","background-type":"","background-media":"","overlay-type":"","overlay-color":"","overlay-opacity":"","overlay-gradient":""},"tablet":{"background-color":"var(--ast-global-color-5)","background-image":"","background-repeat":"repeat","background-position":"center center","background-size":"auto","background-attachment":"scroll","background-type":"","background-media":"","overlay-type":"","overlay-color":"","overlay-opacity":"","overlay-gradient":""},"mobile":{"background-color":"var(--ast-global-color-5)","background-image":"","background-repeat":"repeat","background-position":"center center","background-size":"auto","background-attachment":"scroll","background-type":"","background-media":"","overlay-type":"","overlay-color":"","overlay-opacity":"","overlay-gradient":""}},"footnotes":""},"class_list":["post-3211","page","type-page","status-publish","hentry"],"post_mailing_queue_ids":[],"_links":{"self":[{"href":"https:\/\/agora.xtec.cat\/esc-salvador-llobet\/wp-json\/wp\/v2\/pages\/3211","targetHints":{"allow":["GET"]}}],"collection":[{"href":"https:\/\/agora.xtec.cat\/esc-salvador-llobet\/wp-json\/wp\/v2\/pages"}],"about":[{"href":"https:\/\/agora.xtec.cat\/esc-salvador-llobet\/wp-json\/wp\/v2\/types\/page"}],"author":[{"embeddable":true,"href":"https:\/\/agora.xtec.cat\/esc-salvador-llobet\/wp-json\/wp\/v2\/users\/1"}],"replies":[{"embeddable":true,"href":"https:\/\/agora.xtec.cat\/esc-salvador-llobet\/wp-json\/wp\/v2\/comments?post=3211"}],"version-history":[{"count":2,"href":"https:\/\/agora.xtec.cat\/esc-salvador-llobet\/wp-json\/wp\/v2\/pages\/3211\/revisions"}],"predecessor-version":[{"id":3219,"href":"https:\/\/agora.xtec.cat\/esc-salvador-llobet\/wp-json\/wp\/v2\/pages\/3211\/revisions\/3219"}],"wp:attachment":[{"href":"https:\/\/agora.xtec.cat\/esc-salvador-llobet\/wp-json\/wp\/v2\/media?parent=3211"}],"curies":[{"name":"wp","href":"https:\/\/api.w.org\/{rel}","templated":true}]}}