{"id":32,"date":"2014-09-18T12:31:33","date_gmt":"2014-09-18T11:31:33","guid":{"rendered":"http:\/\/agora.xtec.cat\/esc-salvador-llobet\/?page_id=32"},"modified":"2025-07-16T10:15:45","modified_gmt":"2025-07-16T08:15:45","slug":"calendari-del-curs","status":"publish","type":"page","link":"https:\/\/agora.xtec.cat\/esc-salvador-llobet\/lescola\/calendari-del-curs\/","title":{"rendered":"Calendari del curs 2025-26"},"content":{"rendered":"<p><img loading=\"lazy\" decoding=\"async\" class=\"size-medium wp-image-2794 aligncenter\" src=\"https:\/\/agora.xtec.cat\/esc-salvador-llobet\/wp-content\/uploads\/usu1646\/2024\/07\/DSC_0043-300x201.jpg\" alt=\"\" width=\"300\" height=\"201\" srcset=\"https:\/\/agora.xtec.cat\/esc-salvador-llobet\/wp-content\/uploads\/usu1646\/2024\/07\/DSC_0043-300x201.jpg 300w, https:\/\/agora.xtec.cat\/esc-salvador-llobet\/wp-content\/uploads\/usu1646\/2024\/07\/DSC_0043-1024x687.jpg 1024w, https:\/\/agora.xtec.cat\/esc-salvador-llobet\/wp-content\/uploads\/usu1646\/2024\/07\/DSC_0043-768x515.jpg 768w, https:\/\/agora.xtec.cat\/esc-salvador-llobet\/wp-content\/uploads\/usu1646\/2024\/07\/DSC_0043-1536x1031.jpg 1536w, https:\/\/agora.xtec.cat\/esc-salvador-llobet\/wp-content\/uploads\/usu1646\/2024\/07\/DSC_0043-2048x1375.jpg 2048w\" sizes=\"auto, (max-width: 300px) 100vw, 300px\" \/><\/p>\n<p><strong>Vacances escolars<\/strong>:<\/p>\n<ul style=\"list-style-type: circle;\">\n<li>Nadal:<span style=\"font-weight: 400;\"> del dilluns 22 de desembre de 2025 al 7 de gener de 2026, ambd\u00f3s inclosos.<\/span><\/li>\n<li>Setmana Santa: <span style=\"font-weight: 400;\">de dilluns 30 de mar\u00e7 al 6 d\u2019abril de 2026, ambd\u00f3s inclosos.<\/span><\/li>\n<li>A partir del 22 de juny de 2026<\/li>\n<\/ul>\n<p><strong>Festiu a Granollers:<\/strong><\/p>\n<ul style=\"list-style-type: circle;\">\n<li>15 de maig de 2026 (divendres de l&#8217;Ascensi\u00f3)<\/li>\n<\/ul>\n<p><strong>Festes de lliure disposici\u00f3 <\/strong>(aprovades pel consell escolar del centre):<\/p>\n<p><span style=\"font-weight: 400;\">&#8211; Divendres, 31 d&#8217;octubre de 2025<\/span><\/p>\n<p><span style=\"font-weight: 400;\">&#8211; Divendres, 5 de desembre de 2025<\/span><\/p>\n<p><span style=\"font-weight: 400;\">&#8211; Dilluns, 16 de febrer de 2026<\/span><\/p>\n<p><span style=\"font-weight: 400;\">&#8211; Divendres, 13 de mar\u00e7 de 2026<\/span><\/p>\n<p><span style=\"font-weight: 400;\">&#8211; Dilluns, 25 de maig de 2026<\/span><\/p>\n<p><strong>Cloenda dels Jocs Florals:<\/strong> divendres 24 d&#8217;abril<\/p>\n<p><strong>Jornada compactada <\/strong>(en horari de 9 a 13 hores)<strong>:<\/strong><\/p>\n<p><span style=\"font-weight: 400;\">o Divendres, 19 de desembre de 2025.<\/span><\/p>\n<p><span style=\"font-weight: 400;\">o De dilluns 8 a divendres 19 de juny de 2026.<\/span><\/p>\n<p><strong>Finalitzaci\u00f3 de les classes:<\/strong><\/p>\n<p><span style=\"font-weight: 400;\">o Divendres, 19 de juny de 2026.<\/span><\/p>\n<p><a href=\"https:\/\/drive.google.com\/file\/d\/1Xxqfh1DwRU6lpwADeW5g-m9Nt87qq7jn\/view?usp=drive_link\"><img loading=\"lazy\" decoding=\"async\" class=\"alignnone size-medium wp-image-3086 aligncenter\" src=\"https:\/\/agora.xtec.cat\/esc-salvador-llobet\/wp-content\/uploads\/usu1646\/2025\/07\/B80E8D1A-C53C-400F-BDF9-5AED96ED0E3D-211x300.jpeg\" alt=\"\" width=\"211\" height=\"300\" srcset=\"https:\/\/agora.xtec.cat\/esc-salvador-llobet\/wp-content\/uploads\/usu1646\/2025\/07\/B80E8D1A-C53C-400F-BDF9-5AED96ED0E3D-211x300.jpeg 211w, https:\/\/agora.xtec.cat\/esc-salvador-llobet\/wp-content\/uploads\/usu1646\/2025\/07\/B80E8D1A-C53C-400F-BDF9-5AED96ED0E3D-720x1024.jpeg 720w, https:\/\/agora.xtec.cat\/esc-salvador-llobet\/wp-content\/uploads\/usu1646\/2025\/07\/B80E8D1A-C53C-400F-BDF9-5AED96ED0E3D-768x1092.jpeg 768w, https:\/\/agora.xtec.cat\/esc-salvador-llobet\/wp-content\/uploads\/usu1646\/2025\/07\/B80E8D1A-C53C-400F-BDF9-5AED96ED0E3D-1081x1536.jpeg 1081w, https:\/\/agora.xtec.cat\/esc-salvador-llobet\/wp-content\/uploads\/usu1646\/2025\/07\/B80E8D1A-C53C-400F-BDF9-5AED96ED0E3D.jpeg 1099w\" sizes=\"auto, (max-width: 211px) 100vw, 211px\" \/><\/a><\/p>\n<p>&nbsp;<\/p>\n<p>Per als infants que inicien l\u2019escolaritzaci\u00f3 a I3 s\u2019organitza un per\u00edode d\u2019adaptaci\u00f3 que suposa una certa modificaci\u00f3 dels horaris dels primers dies de classe. Aquest horari d&#8217;adaptaci\u00f3 es fa saber a les fam\u00edlies en les reunions pr\u00e8vies corresponents.<\/p>\n","protected":false},"excerpt":{"rendered":"<p>Vacances escolars: Nadal: del dilluns 22 de desembre de 2025 al 7 de gener de 2026, ambd\u00f3s inclosos. Setmana Santa: de dilluns 30 de mar\u00e7 al 6 d\u2019abril de 2026, ambd\u00f3s inclosos. A partir del 22 de juny de 2026 Festiu a Granollers: 15 de maig de 2026 (divendres de l&#8217;Ascensi\u00f3) Festes de lliure disposici\u00f3 [&hellip;]<\/p>\n","protected":false},"author":1,"featured_media":0,"parent":22,"menu_order":50,"comment_status":"closed","ping_status":"closed","template":"page-templates\/side-menu.php","meta":{"_bbp_topic_count":0,"_bbp_reply_count":0,"_bbp_total_topic_count":0,"_bbp_total_reply_count":0,"_bbp_voice_count":0,"_bbp_anonymous_reply_count":0,"_bbp_topic_count_hidden":0,"_bbp_reply_count_hidden":0,"_bbp_forum_subforum_count":0,"site-sidebar-layout":"default","site-content-layout":"","ast-site-content-layout":"","site-content-style":"default","site-sidebar-style":"default","ast-global-header-display":"","ast-banner-title-visibility":"","ast-main-header-display":"","ast-hfb-above-header-display":"","ast-hfb-below-header-display":"","ast-hfb-mobile-header-display":"","site-post-title":"","ast-breadcrumbs-content":"","ast-featured-img":"","footer-sml-layout":"","theme-transparent-header-meta":"","adv-header-id-meta":"","stick-header-meta":"","header-above-stick-meta":"","header-main-stick-meta":"","header-below-stick-meta":"","astra-migrate-meta-layouts":"default","ast-page-background-enabled":"default","ast-page-background-meta":{"desktop":{"background-color":"var(--ast-global-color-4)","background-image":"","background-repeat":"repeat","background-position":"center center","background-size":"auto","background-attachment":"scroll","background-type":"","background-media":"","overlay-type":"","overlay-color":"","overlay-opacity":"","overlay-gradient":""},"tablet":{"background-color":"","background-image":"","background-repeat":"repeat","background-position":"center center","background-size":"auto","background-attachment":"scroll","background-type":"","background-media":"","overlay-type":"","overlay-color":"","overlay-opacity":"","overlay-gradient":""},"mobile":{"background-color":"","background-image":"","background-repeat":"repeat","background-position":"center center","background-size":"auto","background-attachment":"scroll","background-type":"","background-media":"","overlay-type":"","overlay-color":"","overlay-opacity":"","overlay-gradient":""}},"ast-content-background-meta":{"desktop":{"background-color":"var(--ast-global-color-5)","background-image":"","background-repeat":"repeat","background-position":"center center","background-size":"auto","background-attachment":"scroll","background-type":"","background-media":"","overlay-type":"","overlay-color":"","overlay-opacity":"","overlay-gradient":""},"tablet":{"background-color":"var(--ast-global-color-5)","background-image":"","background-repeat":"repeat","background-position":"center center","background-size":"auto","background-attachment":"scroll","background-type":"","background-media":"","overlay-type":"","overlay-color":"","overlay-opacity":"","overlay-gradient":""},"mobile":{"background-color":"var(--ast-global-color-5)","background-image":"","background-repeat":"repeat","background-position":"center center","background-size":"auto","background-attachment":"scroll","background-type":"","background-media":"","overlay-type":"","overlay-color":"","overlay-opacity":"","overlay-gradient":""}},"footnotes":""},"class_list":["post-32","page","type-page","status-publish","hentry"],"post_mailing_queue_ids":[],"_links":{"self":[{"href":"https:\/\/agora.xtec.cat\/esc-salvador-llobet\/wp-json\/wp\/v2\/pages\/32","targetHints":{"allow":["GET"]}}],"collection":[{"href":"https:\/\/agora.xtec.cat\/esc-salvador-llobet\/wp-json\/wp\/v2\/pages"}],"about":[{"href":"https:\/\/agora.xtec.cat\/esc-salvador-llobet\/wp-json\/wp\/v2\/types\/page"}],"author":[{"embeddable":true,"href":"https:\/\/agora.xtec.cat\/esc-salvador-llobet\/wp-json\/wp\/v2\/users\/1"}],"replies":[{"embeddable":true,"href":"https:\/\/agora.xtec.cat\/esc-salvador-llobet\/wp-json\/wp\/v2\/comments?post=32"}],"version-history":[{"count":6,"href":"https:\/\/agora.xtec.cat\/esc-salvador-llobet\/wp-json\/wp\/v2\/pages\/32\/revisions"}],"predecessor-version":[{"id":3089,"href":"https:\/\/agora.xtec.cat\/esc-salvador-llobet\/wp-json\/wp\/v2\/pages\/32\/revisions\/3089"}],"up":[{"embeddable":true,"href":"https:\/\/agora.xtec.cat\/esc-salvador-llobet\/wp-json\/wp\/v2\/pages\/22"}],"wp:attachment":[{"href":"https:\/\/agora.xtec.cat\/esc-salvador-llobet\/wp-json\/wp\/v2\/media?parent=32"}],"curies":[{"name":"wp","href":"https:\/\/api.w.org\/{rel}","templated":true}]}}