{"id":26,"date":"2014-09-18T12:24:32","date_gmt":"2014-09-18T11:24:32","guid":{"rendered":"http:\/\/agora.xtec.cat\/esc-salvador-llobet\/?page_id=26"},"modified":"2020-04-10T09:41:19","modified_gmt":"2020-04-10T07:41:19","slug":"historia","status":"publish","type":"page","link":"https:\/\/agora.xtec.cat\/esc-salvador-llobet\/lescola\/historia\/","title":{"rendered":"Hist\u00f2ria"},"content":{"rendered":"<p><a href=\"https:\/\/agora.xtec.cat\/esc-salvador-llobet\/wp-content\/uploads\/usu1646\/2020\/03\/Inauguracio_edifici-1.jpg\" target=\"_blank\" rel=\"noopener noreferrer\"><img loading=\"lazy\" decoding=\"async\" class=\"size-full wp-image-546 aligncenter\" src=\"https:\/\/agora.xtec.cat\/esc-salvador-llobet\/wp-content\/uploads\/usu1646\/2020\/03\/Inauguracio_edifici-1.jpg\" alt=\"\" width=\"946\" height=\"432\" srcset=\"https:\/\/agora.xtec.cat\/esc-salvador-llobet\/wp-content\/uploads\/usu1646\/2020\/03\/Inauguracio_edifici-1.jpg 946w, https:\/\/agora.xtec.cat\/esc-salvador-llobet\/wp-content\/uploads\/usu1646\/2020\/03\/Inauguracio_edifici-1-300x137.jpg 300w, https:\/\/agora.xtec.cat\/esc-salvador-llobet\/wp-content\/uploads\/usu1646\/2020\/03\/Inauguracio_edifici-1-768x351.jpg 768w\" sizes=\"auto, (max-width: 946px) 100vw, 946px\" \/><\/a><\/p>\n<p>La nostra escola t\u00e9 una hist\u00f2ria curiosa. De fet, costa saber exactament quan va comen\u00e7ar a existir, perqu\u00e8 ha anat canviant de nom i d\u2019edifici diverses vegades. \u00c9s una escola molt arrelada a Granollers i, abans que es constru\u00eds l\u2019edifici actual al carrer Roger de Flor, el nostre centre va passar per moltes etapes. Aquesta ha estat la seva evoluci\u00f3:<\/p>\n<ul>\n<li>1917: S\u2019inaugura amb el nom d\u2019Institut d\u2019Estudis Superiors.<\/li>\n<li>1920: L\u2019Ajuntament de Granollers el canvia de lloc i passa a ser el Col\u00b7legi de Segon Ensenyament.<\/li>\n<li>1933: Es converteix en l\u2019Institut Elemental de Segon Ensenyament, depenent de la Generalitat.<\/li>\n<li>1939 (setembre): Es crea el Colegio Oficial de Ense\u00f1anza Media, conegut com a \u201cl\u2019Institut\u201d.<\/li>\n<li>1962: S\u2019inaugura l\u2019edifici del carrer Roger de Flor.<\/li>\n<li>1968: L\u2019escola passa a dir-se Colegio Municipal de Estudios Comerciales.<\/li>\n<li>1972: L\u2019escola introdueix oficialment el biling\u00fcisme.<\/li>\n<li>1977: Amb l\u2019arribada d\u2019alumnes d\u2019educaci\u00f3 infantil, el centre passa \u00a0a dir-se \u00a0Col\u00b7legi Municipal d\u2019EGB.<\/li>\n<li>1979: L\u2019escola inaugura el servei de menjador propi.<\/li>\n<li>1981: El ple de l\u2019Ajuntament de Granollers acorda anomenar-la Escola Municipal Salvador Llobet. En aquell moment t\u00e9 el m\u00e0xim nombre d\u2019alumnes de la seva hist\u00f2ria, un total de 750.<\/li>\n<li>1982: Es convoquen per primer els Jocs Florals, un concurs literari que encara celebrem actualment.<\/li>\n<li>2006: El centre incorpora una Unitat de Suport a l\u2019Educaci\u00f3 Especial (USEE), que actualment s\u2019anomena Suport intensiu escolaritzaci\u00f3 inclusiva (SIEI).<\/li>\n<li>2012: Celebrem el cinquantenari de l\u2019actual edifici.<\/li>\n<\/ul>\n<p>Com podeu veure, l\u2019escola s&#8217;ha anat adaptat als temps que li ha tocat viure, sense perdre mai de vista el nostre objectiu: l&#8217;educaci\u00f3 integral de les persones.<\/p>\n","protected":false},"excerpt":{"rendered":"<p>La nostra escola t\u00e9 una hist\u00f2ria curiosa. De fet, costa saber exactament quan va comen\u00e7ar a existir, perqu\u00e8 ha anat canviant de nom i d\u2019edifici diverses vegades. \u00c9s una escola molt arrelada a Granollers i, abans que es constru\u00eds l\u2019edifici actual al carrer Roger de Flor, el nostre centre va passar per moltes etapes. Aquesta [&hellip;]<\/p>\n","protected":false},"author":1,"featured_media":0,"parent":22,"menu_order":20,"comment_status":"closed","ping_status":"closed","template":"page-templates\/side-menu.php","meta":{"_bbp_topic_count":0,"_bbp_reply_count":0,"_bbp_total_topic_count":0,"_bbp_total_reply_count":0,"_bbp_voice_count":0,"_bbp_anonymous_reply_count":0,"_bbp_topic_count_hidden":0,"_bbp_reply_count_hidden":0,"_bbp_forum_subforum_count":0,"site-sidebar-layout":"default","site-content-layout":"","ast-site-content-layout":"","site-content-style":"default","site-sidebar-style":"default","ast-global-header-display":"","ast-banner-title-visibility":"","ast-main-header-display":"","ast-hfb-above-header-display":"","ast-hfb-below-header-display":"","ast-hfb-mobile-header-display":"","site-post-title":"","ast-breadcrumbs-content":"","ast-featured-img":"","footer-sml-layout":"","theme-transparent-header-meta":"","adv-header-id-meta":"","stick-header-meta":"","header-above-stick-meta":"","header-main-stick-meta":"","header-below-stick-meta":"","astra-migrate-meta-layouts":"default","ast-page-background-enabled":"default","ast-page-background-meta":{"desktop":{"background-color":"var(--ast-global-color-4)","background-image":"","background-repeat":"repeat","background-position":"center center","background-size":"auto","background-attachment":"scroll","background-type":"","background-media":"","overlay-type":"","overlay-color":"","overlay-opacity":"","overlay-gradient":""},"tablet":{"background-color":"","background-image":"","background-repeat":"repeat","background-position":"center center","background-size":"auto","background-attachment":"scroll","background-type":"","background-media":"","overlay-type":"","overlay-color":"","overlay-opacity":"","overlay-gradient":""},"mobile":{"background-color":"","background-image":"","background-repeat":"repeat","background-position":"center center","background-size":"auto","background-attachment":"scroll","background-type":"","background-media":"","overlay-type":"","overlay-color":"","overlay-opacity":"","overlay-gradient":""}},"ast-content-background-meta":{"desktop":{"background-color":"var(--ast-global-color-5)","background-image":"","background-repeat":"repeat","background-position":"center center","background-size":"auto","background-attachment":"scroll","background-type":"","background-media":"","overlay-type":"","overlay-color":"","overlay-opacity":"","overlay-gradient":""},"tablet":{"background-color":"var(--ast-global-color-5)","background-image":"","background-repeat":"repeat","background-position":"center center","background-size":"auto","background-attachment":"scroll","background-type":"","background-media":"","overlay-type":"","overlay-color":"","overlay-opacity":"","overlay-gradient":""},"mobile":{"background-color":"var(--ast-global-color-5)","background-image":"","background-repeat":"repeat","background-position":"center center","background-size":"auto","background-attachment":"scroll","background-type":"","background-media":"","overlay-type":"","overlay-color":"","overlay-opacity":"","overlay-gradient":""}},"footnotes":""},"class_list":["post-26","page","type-page","status-publish","hentry"],"post_mailing_queue_ids":[],"_links":{"self":[{"href":"https:\/\/agora.xtec.cat\/esc-salvador-llobet\/wp-json\/wp\/v2\/pages\/26","targetHints":{"allow":["GET"]}}],"collection":[{"href":"https:\/\/agora.xtec.cat\/esc-salvador-llobet\/wp-json\/wp\/v2\/pages"}],"about":[{"href":"https:\/\/agora.xtec.cat\/esc-salvador-llobet\/wp-json\/wp\/v2\/types\/page"}],"author":[{"embeddable":true,"href":"https:\/\/agora.xtec.cat\/esc-salvador-llobet\/wp-json\/wp\/v2\/users\/1"}],"replies":[{"embeddable":true,"href":"https:\/\/agora.xtec.cat\/esc-salvador-llobet\/wp-json\/wp\/v2\/comments?post=26"}],"version-history":[{"count":4,"href":"https:\/\/agora.xtec.cat\/esc-salvador-llobet\/wp-json\/wp\/v2\/pages\/26\/revisions"}],"predecessor-version":[{"id":786,"href":"https:\/\/agora.xtec.cat\/esc-salvador-llobet\/wp-json\/wp\/v2\/pages\/26\/revisions\/786"}],"up":[{"embeddable":true,"href":"https:\/\/agora.xtec.cat\/esc-salvador-llobet\/wp-json\/wp\/v2\/pages\/22"}],"wp:attachment":[{"href":"https:\/\/agora.xtec.cat\/esc-salvador-llobet\/wp-json\/wp\/v2\/media?parent=26"}],"curies":[{"name":"wp","href":"https:\/\/api.w.org\/{rel}","templated":true}]}}