{"id":2484,"date":"2024-01-22T13:09:23","date_gmt":"2024-01-22T12:09:23","guid":{"rendered":"https:\/\/agora.xtec.cat\/esc-salvador-llobet\/?page_id=2484"},"modified":"2024-06-10T15:43:33","modified_gmt":"2024-06-10T13:43:33","slug":"radio-a-6e","status":"publish","type":"page","link":"https:\/\/agora.xtec.cat\/esc-salvador-llobet\/radio-a-6e\/","title":{"rendered":"R\u00e0dio a 6\u00e8"},"content":{"rendered":"<p>Al seg\u00fcent enlla\u00e7 es poden trobar els p\u00f2dcasts creats i treballats per l\u2019alumnat de 6\u00e8:<\/p>\n<p><a href=\"https:\/\/drive.google.com\/drive\/folders\/1-Lp6-eSp39_le_t9h0EbN2uBFlC72VDl?usp=sharing\">Programaci\u00f3 setmanal<\/a><\/p>\n<p><a href=\"https:\/\/drive.google.com\/drive\/folders\/11e6kAE2JTXsEatrlBRqxKIMWdxgCIbjm?usp=sharing\">Agenda cultural<\/a><\/p>\n<p><a href=\"https:\/\/drive.google.com\/drive\/folders\/1O4KpehXnNgHxfvGR_3Z6z6KAFyS0d8G_?usp=sharing\">Sant Jordi a les Ones<\/a><\/p>\n<p>Aqu\u00ed teniu el programa que els alummes de 6\u00e8B van gravar sobre el projecte @EUErasmusPlus a @RadioGranollers dins del projecte Educa a les ones @CRP_Granollers @ampallobet<\/p>\n<p><a href=\"http:\/\/www.radiogranollers.cat\/c\/educa-a-les-ones-escola-salvador-llobet-08-06-2024\" target=\"_blank\" rel=\"noopener\" data-saferedirecturl=\"https:\/\/www.google.com\/url?q=http:\/\/www.radiogranollers.cat\/c\/educa-a-les-ones-escola-salvador-llobet-08-06-2024&amp;source=gmail&amp;ust=1718113371198000&amp;usg=AOvVaw3amh47Ic1EIQHp2Icvfwq6\">http:\/\/www.radiogranollers.<wbr \/>cat\/c\/educa-a-les-ones-escola-<wbr \/>salvador-llobet-08-06-2024<\/a><\/p>\n","protected":false},"excerpt":{"rendered":"<p>Al seg\u00fcent enlla\u00e7 es poden trobar els p\u00f2dcasts creats i treballats per l\u2019alumnat de 6\u00e8: Programaci\u00f3 setmanal Agenda cultural Sant Jordi a les Ones Aqu\u00ed teniu el programa que els alummes de 6\u00e8B van gravar sobre el projecte @EUErasmusPlus a @RadioGranollers dins del projecte Educa a les ones @CRP_Granollers @ampallobet http:\/\/www.radiogranollers.cat\/c\/educa-a-les-ones-escola-salvador-llobet-08-06-2024<\/p>\n","protected":false},"author":1,"featured_media":0,"parent":0,"menu_order":0,"comment_status":"closed","ping_status":"closed","template":"","meta":{"_bbp_topic_count":0,"_bbp_reply_count":0,"_bbp_total_topic_count":0,"_bbp_total_reply_count":0,"_bbp_voice_count":0,"_bbp_anonymous_reply_count":0,"_bbp_topic_count_hidden":0,"_bbp_reply_count_hidden":0,"_bbp_forum_subforum_count":0,"site-sidebar-layout":"default","site-content-layout":"","ast-site-content-layout":"","site-content-style":"default","site-sidebar-style":"default","ast-global-header-display":"","ast-banner-title-visibility":"","ast-main-header-display":"","ast-hfb-above-header-display":"","ast-hfb-below-header-display":"","ast-hfb-mobile-header-display":"","site-post-title":"","ast-breadcrumbs-content":"","ast-featured-img":"","footer-sml-layout":"","theme-transparent-header-meta":"","adv-header-id-meta":"","stick-header-meta":"","header-above-stick-meta":"","header-main-stick-meta":"","header-below-stick-meta":"","astra-migrate-meta-layouts":"default","ast-page-background-enabled":"default","ast-page-background-meta":{"desktop":{"background-color":"var(--ast-global-color-4)","background-image":"","background-repeat":"repeat","background-position":"center center","background-size":"auto","background-attachment":"scroll","background-type":"","background-media":"","overlay-type":"","overlay-color":"","overlay-opacity":"","overlay-gradient":""},"tablet":{"background-color":"","background-image":"","background-repeat":"repeat","background-position":"center center","background-size":"auto","background-attachment":"scroll","background-type":"","background-media":"","overlay-type":"","overlay-color":"","overlay-opacity":"","overlay-gradient":""},"mobile":{"background-color":"","background-image":"","background-repeat":"repeat","background-position":"center center","background-size":"auto","background-attachment":"scroll","background-type":"","background-media":"","overlay-type":"","overlay-color":"","overlay-opacity":"","overlay-gradient":""}},"ast-content-background-meta":{"desktop":{"background-color":"var(--ast-global-color-5)","background-image":"","background-repeat":"repeat","background-position":"center center","background-size":"auto","background-attachment":"scroll","background-type":"","background-media":"","overlay-type":"","overlay-color":"","overlay-opacity":"","overlay-gradient":""},"tablet":{"background-color":"var(--ast-global-color-5)","background-image":"","background-repeat":"repeat","background-position":"center center","background-size":"auto","background-attachment":"scroll","background-type":"","background-media":"","overlay-type":"","overlay-color":"","overlay-opacity":"","overlay-gradient":""},"mobile":{"background-color":"var(--ast-global-color-5)","background-image":"","background-repeat":"repeat","background-position":"center center","background-size":"auto","background-attachment":"scroll","background-type":"","background-media":"","overlay-type":"","overlay-color":"","overlay-opacity":"","overlay-gradient":""}},"footnotes":""},"class_list":["post-2484","page","type-page","status-publish","hentry"],"post_mailing_queue_ids":[],"_links":{"self":[{"href":"https:\/\/agora.xtec.cat\/esc-salvador-llobet\/wp-json\/wp\/v2\/pages\/2484","targetHints":{"allow":["GET"]}}],"collection":[{"href":"https:\/\/agora.xtec.cat\/esc-salvador-llobet\/wp-json\/wp\/v2\/pages"}],"about":[{"href":"https:\/\/agora.xtec.cat\/esc-salvador-llobet\/wp-json\/wp\/v2\/types\/page"}],"author":[{"embeddable":true,"href":"https:\/\/agora.xtec.cat\/esc-salvador-llobet\/wp-json\/wp\/v2\/users\/1"}],"replies":[{"embeddable":true,"href":"https:\/\/agora.xtec.cat\/esc-salvador-llobet\/wp-json\/wp\/v2\/comments?post=2484"}],"version-history":[{"count":5,"href":"https:\/\/agora.xtec.cat\/esc-salvador-llobet\/wp-json\/wp\/v2\/pages\/2484\/revisions"}],"predecessor-version":[{"id":2754,"href":"https:\/\/agora.xtec.cat\/esc-salvador-llobet\/wp-json\/wp\/v2\/pages\/2484\/revisions\/2754"}],"wp:attachment":[{"href":"https:\/\/agora.xtec.cat\/esc-salvador-llobet\/wp-json\/wp\/v2\/media?parent=2484"}],"curies":[{"name":"wp","href":"https:\/\/api.w.org\/{rel}","templated":true}]}}