{"id":2320,"date":"2023-06-15T08:39:40","date_gmt":"2023-06-15T06:39:40","guid":{"rendered":"https:\/\/agora.xtec.cat\/esc-salvador-llobet\/?page_id=2320"},"modified":"2026-04-15T10:05:41","modified_gmt":"2026-04-15T08:05:41","slug":"preinscripcio-i-matricula","status":"publish","type":"page","link":"https:\/\/agora.xtec.cat\/esc-salvador-llobet\/preinscripcio-i-matricula\/","title":{"rendered":"Preinscripci\u00f3 i matr\u00edcula"},"content":{"rendered":"<h3><a href=\"https:\/\/preinscripcio.gencat.cat\/ca\/inici\/\"><img loading=\"lazy\" decoding=\"async\" class=\"aligncenter wp-image-3258 size-full\" style=\"width: 100%!important; border-radius: 5px;\" src=\"https:\/\/agora.xtec.cat\/esc-salvador-llobet\/wp-content\/uploads\/usu1646\/2026\/02\/preinscripcio-baner-home-primaria-2026-27.png\" alt=\"Preinscripci\u00f3 curs 2026-2027 educaci\u00f3 infantil i prim\u00e0rica\" width=\"746\" height=\"376\" srcset=\"https:\/\/agora.xtec.cat\/esc-salvador-llobet\/wp-content\/uploads\/usu1646\/2026\/02\/preinscripcio-baner-home-primaria-2026-27.png 746w, https:\/\/agora.xtec.cat\/esc-salvador-llobet\/wp-content\/uploads\/usu1646\/2026\/02\/preinscripcio-baner-home-primaria-2026-27-300x151.png 300w\" sizes=\"auto, (max-width: 746px) 100vw, 746px\" \/><\/a><\/h3>\n<h3><\/h3>\n<h3><strong>CALENDARI I DATES CLAU<\/strong><\/h3>\n<table style=\"width: 100%; border-collapse: collapse; border-style: solid; border-color: #000000;\" border=\"2\">\n<tbody>\n<tr>\n<td style=\"width: 50%; border-style: solid; border-color: #000000;\"><strong>PREINSCRIPCI\u00d3<\/strong><\/td>\n<td style=\"width: 50%; border-style: solid; border-color: #000000;\">Del 4 al 18 de mar\u00e7<\/td>\n<\/tr>\n<tr>\n<td style=\"width: 50%; border-style: solid; border-color: #000000;\"><strong>LLISTA PROVISIONAL I RECLAMACIONS<\/strong><\/td>\n<td style=\"width: 50%; border-style: solid; border-color: #000000;\">Llista 15 d&#8217;abril. Reclamacions del 15 al 20 d&#8217;abril<\/td>\n<\/tr>\n<tr>\n<td style=\"width: 50%; border-style: solid; border-color: #000000;\"><strong>SORTEIG I LLISTA ORDENADA<\/strong><\/td>\n<td style=\"width: 50%; border-style: solid; border-color: #000000;\">Sorteig 28 d&#8217;abril. Llista 29 d&#8217;abril<\/td>\n<\/tr>\n<tr>\n<td style=\"width: 50%; border-style: solid; border-color: #000000;\"><strong>MATR\u00cdCULA<\/strong><\/td>\n<td style=\"width: 50%; border-style: solid; border-color: #000000;\">Del 22 al 30 de juny<\/td>\n<\/tr>\n<tr>\n<td style=\"width: 50%; border-style: solid; border-color: #000000;\"><strong>LLISTA D&#8217;ESPERA<\/strong><\/td>\n<td style=\"width: 50%; border-style: solid; border-color: #000000;\">De l&#8217;1 de juliol al 2 de setembre<\/td>\n<\/tr>\n<\/tbody>\n<\/table>\n<p>Les dates de preinscripci\u00f3 per a nous\/ves alumnes a l&#8217;escola seran del 4 al 18 de mar\u00e7 i es podran fer des de la p\u00e0gina web <a href=\"https:\/\/preinscripcio.gencat.cat\">https:\/\/preinscripcio.gencat.cat<\/a>. A l&#8217;escola donarem cites per ajudar-vos a fer-ho, si us cal. Anirem validant les preinscripcions amb 1a opci\u00f3 la nostra escola i si trobem alguna errada us avisarem per poder esmenar-ho.<\/p>\n<p>Trobareu m\u00e9s informaci\u00f3 sobre preinscripci\u00f3 i matr\u00edcula a la web del Servei d&#8217;Educaci\u00f3 i l&#8217;Oficina Municipal d&#8217;Escolaritzaci\u00f3 de l&#8217;Ajuntament de Granollers <a href=\"https:\/\/www.granollers.cat\/educacio\">https:\/\/www.granollers.cat\/educacio<\/a>.<\/p>\n<h3>PUBLICACIONS<\/h3>\n<p>Consulta tots els documents relatius a la preinscripci\u00f3 al <a href=\"https:\/\/agora.xtec.cat\/esc-salvador-llobet\/categoria\/tauler\/preinscripcio-2026-2027\/\">taulell electr\u00f2nic, apartat PREINSCRIPCI\u00d3 2026-2027<\/a>.<\/p>\n","protected":false},"excerpt":{"rendered":"<p>CALENDARI I DATES CLAU PREINSCRIPCI\u00d3 Del 4 al 18 de mar\u00e7 LLISTA PROVISIONAL I RECLAMACIONS Llista 15 d&#8217;abril. Reclamacions del 15 al 20 d&#8217;abril SORTEIG I LLISTA ORDENADA Sorteig 28 d&#8217;abril. Llista 29 d&#8217;abril MATR\u00cdCULA Del 22 al 30 de juny LLISTA D&#8217;ESPERA De l&#8217;1 de juliol al 2 de setembre Les dates de preinscripci\u00f3 [&hellip;]<\/p>\n","protected":false},"author":1,"featured_media":0,"parent":0,"menu_order":0,"comment_status":"closed","ping_status":"closed","template":"","meta":{"_bbp_topic_count":0,"_bbp_reply_count":0,"_bbp_total_topic_count":0,"_bbp_total_reply_count":0,"_bbp_voice_count":0,"_bbp_anonymous_reply_count":0,"_bbp_topic_count_hidden":0,"_bbp_reply_count_hidden":0,"_bbp_forum_subforum_count":0,"site-sidebar-layout":"no-sidebar","site-content-layout":"","ast-site-content-layout":"default","site-content-style":"default","site-sidebar-style":"default","ast-global-header-display":"","ast-banner-title-visibility":"","ast-main-header-display":"","ast-hfb-above-header-display":"","ast-hfb-below-header-display":"","ast-hfb-mobile-header-display":"","site-post-title":"","ast-breadcrumbs-content":"","ast-featured-img":"","footer-sml-layout":"","theme-transparent-header-meta":"default","adv-header-id-meta":"","stick-header-meta":"","header-above-stick-meta":"","header-main-stick-meta":"","header-below-stick-meta":"","astra-migrate-meta-layouts":"set","ast-page-background-enabled":"default","ast-page-background-meta":{"desktop":{"background-color":"var(--ast-global-color-4)","background-image":"","background-repeat":"repeat","background-position":"center center","background-size":"auto","background-attachment":"scroll","background-type":"","background-media":"","overlay-type":"","overlay-color":"","overlay-opacity":"","overlay-gradient":""},"tablet":{"background-color":"","background-image":"","background-repeat":"repeat","background-position":"center center","background-size":"auto","background-attachment":"scroll","background-type":"","background-media":"","overlay-type":"","overlay-color":"","overlay-opacity":"","overlay-gradient":""},"mobile":{"background-color":"","background-image":"","background-repeat":"repeat","background-position":"center center","background-size":"auto","background-attachment":"scroll","background-type":"","background-media":"","overlay-type":"","overlay-color":"","overlay-opacity":"","overlay-gradient":""}},"ast-content-background-meta":{"desktop":{"background-color":"var(--ast-global-color-5)","background-image":"","background-repeat":"repeat","background-position":"center center","background-size":"auto","background-attachment":"scroll","background-type":"","background-media":"","overlay-type":"","overlay-color":"","overlay-opacity":"","overlay-gradient":""},"tablet":{"background-color":"var(--ast-global-color-5)","background-image":"","background-repeat":"repeat","background-position":"center center","background-size":"auto","background-attachment":"scroll","background-type":"","background-media":"","overlay-type":"","overlay-color":"","overlay-opacity":"","overlay-gradient":""},"mobile":{"background-color":"var(--ast-global-color-5)","background-image":"","background-repeat":"repeat","background-position":"center center","background-size":"auto","background-attachment":"scroll","background-type":"","background-media":"","overlay-type":"","overlay-color":"","overlay-opacity":"","overlay-gradient":""}},"footnotes":""},"class_list":["post-2320","page","type-page","status-publish","hentry"],"post_mailing_queue_ids":[],"_links":{"self":[{"href":"https:\/\/agora.xtec.cat\/esc-salvador-llobet\/wp-json\/wp\/v2\/pages\/2320","targetHints":{"allow":["GET"]}}],"collection":[{"href":"https:\/\/agora.xtec.cat\/esc-salvador-llobet\/wp-json\/wp\/v2\/pages"}],"about":[{"href":"https:\/\/agora.xtec.cat\/esc-salvador-llobet\/wp-json\/wp\/v2\/types\/page"}],"author":[{"embeddable":true,"href":"https:\/\/agora.xtec.cat\/esc-salvador-llobet\/wp-json\/wp\/v2\/users\/1"}],"replies":[{"embeddable":true,"href":"https:\/\/agora.xtec.cat\/esc-salvador-llobet\/wp-json\/wp\/v2\/comments?post=2320"}],"version-history":[{"count":6,"href":"https:\/\/agora.xtec.cat\/esc-salvador-llobet\/wp-json\/wp\/v2\/pages\/2320\/revisions"}],"predecessor-version":[{"id":3329,"href":"https:\/\/agora.xtec.cat\/esc-salvador-llobet\/wp-json\/wp\/v2\/pages\/2320\/revisions\/3329"}],"wp:attachment":[{"href":"https:\/\/agora.xtec.cat\/esc-salvador-llobet\/wp-json\/wp\/v2\/media?parent=2320"}],"curies":[{"name":"wp","href":"https:\/\/api.w.org\/{rel}","templated":true}]}}