{"id":2,"date":"2014-09-12T11:10:47","date_gmt":"2014-09-12T09:10:47","guid":{"rendered":"http:\/\/agora.xtec.cat\/esc-salvador-llobet\/?page_id=2"},"modified":"2025-09-02T10:53:32","modified_gmt":"2025-09-02T08:53:32","slug":"pagaments","status":"publish","type":"page","link":"https:\/\/agora.xtec.cat\/esc-salvador-llobet\/pagaments\/","title":{"rendered":"Pagaments"},"content":{"rendered":"<p>El pagament de les diferents quotes de l\u2019escola es far\u00e0 <a href=\"https:\/\/tpvescola.com\/\" target=\"_blank\" rel=\"noopener noreferrer\"><strong>a trav\u00e9s de l\u2019aplicaci\u00f3 virtual TPV<\/strong><\/a>. L\u2019escola proporcionar\u00e0, per correu electr\u00f2nic, els codis necessaris per a poder utilitzar l\u2019aplicaci\u00f3. Cal satisfer puntualment els deutes contrets amb el centre. En cas que sigui necessari, l\u2019Ajuntament de Granollers disposa de beques i ajuts per a fam\u00edlies amb dificultats econ\u00f2miques i la Direcci\u00f3 de l\u2019Escola est\u00e0 a la vostra disposici\u00f3 per intentar arribar a acords puntuals quan hi hagi problemes per pagar algun rebut.<\/p>\n<p><strong>Previsi\u00f3 de c\u00e0rrecs<\/strong><br \/>\nEls pagaments es divideixen en <strong>3 quotes<\/strong> que inclouen: material, fotoc\u00f2pies, sortides a<br \/>\nl\u2019Associaci\u00f3 Cultural, llibre d\u2019Innovamat d\u2019Educaci\u00f3 Infantil, activitats liter\u00e0ries, sortides de<br \/>\ntreball i altres activitats. <strong>Per tal de poder assistir a les sortides, ha d\u2019estar pagada la quota<\/strong><br \/>\n<strong>del trimestre.<\/strong><\/p>\n<p>Les <strong>sortides de conviv\u00e8ncia<\/strong> es paguen a part i es divideixen en 2 c\u00e0rrecs: paga i senyal i<br \/>\n2n pagament de l\u2019estada.<\/p>\n<p><strong>Material escolar<\/strong>. Tenim una cooperativa escolar per proporcionar el material b\u00e0sic que l&#8217;alumnat utilitza a l&#8217;aula durant el curs.<\/p>\n<p>Aquestes s\u00f3n les\u00a0<a href=\"https:\/\/docs.google.com\/document\/d\/1o3b1qQo82RPvZv2lqJAVU4yXEfnC9Xeh\/edit?usp=sharing&amp;ouid=112235134091370911232&amp;rtpof=true&amp;sd=true\" target=\"_blank\" rel=\"noopener noreferrer\"><strong>quotes i la previsi\u00f3 de c\u00e0rrecs per al curs 2025-26.<\/strong><\/a><\/p>\n","protected":false},"excerpt":{"rendered":"<p>El pagament de les diferents quotes de l\u2019escola es far\u00e0 a trav\u00e9s de l\u2019aplicaci\u00f3 virtual TPV. L\u2019escola proporcionar\u00e0, per correu electr\u00f2nic, els codis necessaris per a poder utilitzar l\u2019aplicaci\u00f3. Cal satisfer puntualment els deutes contrets amb el centre. En cas que sigui necessari, l\u2019Ajuntament de Granollers disposa de beques i ajuts per a fam\u00edlies amb [&hellip;]<\/p>\n","protected":false},"author":1,"featured_media":0,"parent":0,"menu_order":0,"comment_status":"closed","ping_status":"closed","template":"","meta":{"_bbp_topic_count":0,"_bbp_reply_count":0,"_bbp_total_topic_count":0,"_bbp_total_reply_count":0,"_bbp_voice_count":0,"_bbp_anonymous_reply_count":0,"_bbp_topic_count_hidden":0,"_bbp_reply_count_hidden":0,"_bbp_forum_subforum_count":0,"site-sidebar-layout":"default","site-content-layout":"","ast-site-content-layout":"","site-content-style":"default","site-sidebar-style":"default","ast-global-header-display":"","ast-banner-title-visibility":"","ast-main-header-display":"","ast-hfb-above-header-display":"","ast-hfb-below-header-display":"","ast-hfb-mobile-header-display":"","site-post-title":"","ast-breadcrumbs-content":"","ast-featured-img":"","footer-sml-layout":"","theme-transparent-header-meta":"","adv-header-id-meta":"","stick-header-meta":"","header-above-stick-meta":"","header-main-stick-meta":"","header-below-stick-meta":"","astra-migrate-meta-layouts":"default","ast-page-background-enabled":"default","ast-page-background-meta":{"desktop":{"background-color":"var(--ast-global-color-4)","background-image":"","background-repeat":"repeat","background-position":"center center","background-size":"auto","background-attachment":"scroll","background-type":"","background-media":"","overlay-type":"","overlay-color":"","overlay-opacity":"","overlay-gradient":""},"tablet":{"background-color":"","background-image":"","background-repeat":"repeat","background-position":"center center","background-size":"auto","background-attachment":"scroll","background-type":"","background-media":"","overlay-type":"","overlay-color":"","overlay-opacity":"","overlay-gradient":""},"mobile":{"background-color":"","background-image":"","background-repeat":"repeat","background-position":"center center","background-size":"auto","background-attachment":"scroll","background-type":"","background-media":"","overlay-type":"","overlay-color":"","overlay-opacity":"","overlay-gradient":""}},"ast-content-background-meta":{"desktop":{"background-color":"var(--ast-global-color-5)","background-image":"","background-repeat":"repeat","background-position":"center center","background-size":"auto","background-attachment":"scroll","background-type":"","background-media":"","overlay-type":"","overlay-color":"","overlay-opacity":"","overlay-gradient":""},"tablet":{"background-color":"var(--ast-global-color-5)","background-image":"","background-repeat":"repeat","background-position":"center center","background-size":"auto","background-attachment":"scroll","background-type":"","background-media":"","overlay-type":"","overlay-color":"","overlay-opacity":"","overlay-gradient":""},"mobile":{"background-color":"var(--ast-global-color-5)","background-image":"","background-repeat":"repeat","background-position":"center center","background-size":"auto","background-attachment":"scroll","background-type":"","background-media":"","overlay-type":"","overlay-color":"","overlay-opacity":"","overlay-gradient":""}},"footnotes":""},"class_list":["post-2","page","type-page","status-publish","hentry"],"post_mailing_queue_ids":[],"_links":{"self":[{"href":"https:\/\/agora.xtec.cat\/esc-salvador-llobet\/wp-json\/wp\/v2\/pages\/2","targetHints":{"allow":["GET"]}}],"collection":[{"href":"https:\/\/agora.xtec.cat\/esc-salvador-llobet\/wp-json\/wp\/v2\/pages"}],"about":[{"href":"https:\/\/agora.xtec.cat\/esc-salvador-llobet\/wp-json\/wp\/v2\/types\/page"}],"author":[{"embeddable":true,"href":"https:\/\/agora.xtec.cat\/esc-salvador-llobet\/wp-json\/wp\/v2\/users\/1"}],"replies":[{"embeddable":true,"href":"https:\/\/agora.xtec.cat\/esc-salvador-llobet\/wp-json\/wp\/v2\/comments?post=2"}],"version-history":[{"count":6,"href":"https:\/\/agora.xtec.cat\/esc-salvador-llobet\/wp-json\/wp\/v2\/pages\/2\/revisions"}],"predecessor-version":[{"id":3094,"href":"https:\/\/agora.xtec.cat\/esc-salvador-llobet\/wp-json\/wp\/v2\/pages\/2\/revisions\/3094"}],"wp:attachment":[{"href":"https:\/\/agora.xtec.cat\/esc-salvador-llobet\/wp-json\/wp\/v2\/media?parent=2"}],"curies":[{"name":"wp","href":"https:\/\/api.w.org\/{rel}","templated":true}]}}