{"id":538,"date":"2017-11-15T16:23:24","date_gmt":"2017-11-15T15:23:24","guid":{"rendered":"http:\/\/agora.xtec.cat\/esc-saintgeorgeschool\/?page_id=538"},"modified":"2017-11-15T19:01:23","modified_gmt":"2017-11-15T18:01:23","slug":"primaria","status":"publish","type":"page","link":"https:\/\/agora.xtec.cat\/esc-saintgeorgeschool\/primaria\/","title":{"rendered":"EDUCACI\u00d3 PRIM\u00c0RIA"},"content":{"rendered":"<p>Activitats de prim\u00e0ria<\/p>\n","protected":false},"excerpt":{"rendered":"<p>Activitats de prim\u00e0ria<\/p>\n","protected":false},"author":3,"featured_media":0,"parent":0,"menu_order":0,"comment_status":"closed","ping_status":"closed","template":"page-templates\/side-menu.php","meta":{"_bbp_topic_count":0,"_bbp_reply_count":0,"_bbp_total_topic_count":0,"_bbp_total_reply_count":0,"_bbp_voice_count":0,"_bbp_anonymous_reply_count":0,"_bbp_topic_count_hidden":0,"_bbp_reply_count_hidden":0,"_bbp_forum_subforum_count":0,"footnotes":""},"class_list":["post-538","page","type-page","status-publish","hentry"],"post_mailing_queue_ids":[],"_links":{"self":[{"href":"https:\/\/agora.xtec.cat\/esc-saintgeorgeschool\/wp-json\/wp\/v2\/pages\/538","targetHints":{"allow":["GET"]}}],"collection":[{"href":"https:\/\/agora.xtec.cat\/esc-saintgeorgeschool\/wp-json\/wp\/v2\/pages"}],"about":[{"href":"https:\/\/agora.xtec.cat\/esc-saintgeorgeschool\/wp-json\/wp\/v2\/types\/page"}],"author":[{"embeddable":true,"href":"https:\/\/agora.xtec.cat\/esc-saintgeorgeschool\/wp-json\/wp\/v2\/users\/3"}],"replies":[{"embeddable":true,"href":"https:\/\/agora.xtec.cat\/esc-saintgeorgeschool\/wp-json\/wp\/v2\/comments?post=538"}],"version-history":[{"count":2,"href":"https:\/\/agora.xtec.cat\/esc-saintgeorgeschool\/wp-json\/wp\/v2\/pages\/538\/revisions"}],"predecessor-version":[{"id":569,"href":"https:\/\/agora.xtec.cat\/esc-saintgeorgeschool\/wp-json\/wp\/v2\/pages\/538\/revisions\/569"}],"wp:attachment":[{"href":"https:\/\/agora.xtec.cat\/esc-saintgeorgeschool\/wp-json\/wp\/v2\/media?parent=538"}],"curies":[{"name":"wp","href":"https:\/\/api.w.org\/{rel}","templated":true}]}}