{"id":9357,"date":"2026-04-21T11:56:25","date_gmt":"2026-04-21T09:56:25","guid":{"rendered":"https:\/\/agora.xtec.cat\/esc-rmuntanerlh\/?page_id=9357"},"modified":"2026-04-21T13:47:21","modified_gmt":"2026-04-21T11:47:21","slug":"consells-digitals","status":"publish","type":"page","link":"https:\/\/agora.xtec.cat\/esc-rmuntanerlh\/lescola\/consells-digitals\/","title":{"rendered":"Consells digitals"},"content":{"rendered":"\n<p>Benvolgudes fam\u00edlies,<\/p>\n\n\n\n<p>Us convidem a explorar aquesta secci\u00f3, dissenyada per acompanyar-vos en el m\u00f3n de la tecnologia i l\u2019aprenentatge digital. Aqu\u00ed trobareu una  varietat de&nbsp;<strong>recursos pr\u00e0ctics<\/strong>, incloent-hi v\u00eddeos informatius en diferents idiomes, guies interactives i eines \u00fatils per ajudar-vos a treure el m\u00e0xim profit de l\u2019entorn digital en fam\u00edlia.<\/p>\n\n\n\n<div class=\"h5p-iframe-wrapper\"><iframe id=\"h5p-iframe-2\" class=\"h5p-iframe\" data-content-id=\"2\" style=\"height:1px\" src=\"about:blank\" frameBorder=\"0\" scrolling=\"no\" title=\"Comunicaci\u00f3 Escola i Fam\u00edlia\"><\/iframe><\/div>\n\n\n\n        <div class=\"wp-block-getwid-post-carousel custom-post-type-post has-slides-gap-small is-carousel has-arrows-inside has-dots-outside\">\n            <div data-slider-option=\"{&quot;sliderSlidesToShowDesktop&quot;:&quot;2&quot;,&quot;getwid_slidesToShowLaptop&quot;:&quot;1&quot;,&quot;getwid_slidesToShowTablet&quot;:&quot;1&quot;,&quot;getwid_slidesToShowMobile&quot;:&quot;1&quot;,&quot;getwid_autoplay_speed&quot;:6000,&quot;getwid_animation_speed&quot;:800,&quot;getwid_slidesToScroll&quot;:&quot;1&quot;,&quot;getwid_autoplay&quot;:false,&quot;getwid_pause_on_hover&quot;:false,&quot;getwid_infinite&quot;:true,&quot;getwid_center_mode&quot;:false,&quot;getwid_arrows&quot;:&quot;inside&quot;,&quot;getwid_dots&quot;:&quot;outside&quot;}\" class=\"wp-block-getwid-post-carousel__wrapper\">\n                \t\t\t\t\t\t\t<div class=\"wp-block-getwid-post-carousel__slide\">\n\t\t\t\t\t\t\t\t\n<div class=\"wp-block-getwid-post-carousel__post\">\n            <div class=\"wp-block-getwid-post-carousel__post-thumbnail\">\n            <a href=\"https:\/\/agora.xtec.cat\/esc-rmuntanerlh\/consells-digitals\/decaleg-per-a-grups-de-missatgeria-escolars\/\"><img loading=\"lazy\" decoding=\"async\" width=\"230\" height=\"153\" src=\"https:\/\/agora.xtec.cat\/esc-rmuntanerlh\/wp-content\/uploads\/usu2174\/2026\/04\/decaleg-grups-missatgeria.png_1535735885.png\" class=\"attachment-post-thumbnail size-post-thumbnail wp-post-image\" alt=\"\" \/><\/a>\n        <\/div>\n        <div class=\"wp-block-getwid-post-carousel__post-content-wrapper\">\n        <div class=\"wp-block-getwid-post-carousel__post-header\">\n            <h3 class=\"wp-block-getwid-post-carousel__post-title\"><a href=\"https:\/\/agora.xtec.cat\/esc-rmuntanerlh\/consells-digitals\/decaleg-per-a-grups-de-missatgeria-escolars\/\">Dec\u00e0leg per a grups de missatgeria escolars<\/a><\/h3>        <\/div>\n        <div class=\"wp-block-getwid-post-carousel__post-excerpt\"><p>Compartim amb vosaltres 10 regles que caldria respectar en els grups de WhatsApp de les fam\u00edlies.<\/p>\n<\/div>\n    <\/div>\n<\/div>\n\n\t\t\t\t\t\t\t<\/div>\n\t\t\t\t\t\t\t\t\t\t\t\t\t<div class=\"wp-block-getwid-post-carousel__slide\">\n\t\t\t\t\t\t\t\t\n<div class=\"wp-block-getwid-post-carousel__post\">\n            <div class=\"wp-block-getwid-post-carousel__post-thumbnail\">\n            <a href=\"https:\/\/agora.xtec.cat\/esc-rmuntanerlh\/consells-digitals\/acompanyem-les-families\/\"><img loading=\"lazy\" decoding=\"async\" width=\"1086\" height=\"1536\" src=\"https:\/\/agora.xtec.cat\/esc-rmuntanerlh\/wp-content\/uploads\/usu2174\/2026\/04\/Eines-practiques-reduir-bretxa-digital-1-1086x1536-1.jpg\" class=\"attachment-post-thumbnail size-post-thumbnail wp-post-image\" alt=\"\" srcset=\"https:\/\/agora.xtec.cat\/esc-rmuntanerlh\/wp-content\/uploads\/usu2174\/2026\/04\/Eines-practiques-reduir-bretxa-digital-1-1086x1536-1.jpg 1086w, https:\/\/agora.xtec.cat\/esc-rmuntanerlh\/wp-content\/uploads\/usu2174\/2026\/04\/Eines-practiques-reduir-bretxa-digital-1-1086x1536-1-212x300.jpg 212w, https:\/\/agora.xtec.cat\/esc-rmuntanerlh\/wp-content\/uploads\/usu2174\/2026\/04\/Eines-practiques-reduir-bretxa-digital-1-1086x1536-1-724x1024.jpg 724w, https:\/\/agora.xtec.cat\/esc-rmuntanerlh\/wp-content\/uploads\/usu2174\/2026\/04\/Eines-practiques-reduir-bretxa-digital-1-1086x1536-1-768x1086.jpg 768w\" sizes=\"auto, (max-width: 1086px) 100vw, 1086px\" \/><\/a>\n        <\/div>\n        <div class=\"wp-block-getwid-post-carousel__post-content-wrapper\">\n        <div class=\"wp-block-getwid-post-carousel__post-header\">\n            <h3 class=\"wp-block-getwid-post-carousel__post-title\"><a href=\"https:\/\/agora.xtec.cat\/esc-rmuntanerlh\/consells-digitals\/acompanyem-les-families\/\">Acompanyem les fam\u00edlies<\/a><\/h3>        <\/div>\n        <div class=\"wp-block-getwid-post-carousel__post-excerpt\"><p>Fam\u00edlies, El Departament d\u2019educaci\u00f3 ha publicat una guia b\u00e0sica de digitalitzaci\u00f3 que us pot ajudar for\u00e7a. <\/p>\n<\/div>\n    <\/div>\n<\/div>\n\n\t\t\t\t\t\t\t<\/div>\n\t\t\t\t\t\t            <\/div>\n        <\/div>\n        ","protected":false},"excerpt":{"rendered":"<p>Benvolgudes fam\u00edlies, Us convidem a explorar aquesta secci\u00f3, dissenyada per acompanyar-vos en el m\u00f3n de la tecnologia i l\u2019aprenentatge digital. Aqu\u00ed trobareu una varietat de&nbsp;recursos pr\u00e0ctics, incloent-hi v\u00eddeos informatius en diferents idiomes, guies interactives i eines \u00fatils per ajudar-vos a treure el m\u00e0xim profit de l\u2019entorn digital en fam\u00edlia.<\/p>\n","protected":false},"author":1,"featured_media":0,"parent":22,"menu_order":0,"comment_status":"closed","ping_status":"close","template":"","meta":{"_bbp_topic_count":0,"_bbp_reply_count":0,"_bbp_total_topic_count":0,"_bbp_total_reply_count":0,"_bbp_voice_count":0,"_bbp_anonymous_reply_count":0,"_bbp_topic_count_hidden":0,"_bbp_reply_count_hidden":0,"_bbp_forum_subforum_count":0,"site-sidebar-layout":"default","site-content-layout":"","ast-site-content-layout":"default","site-content-style":"default","site-sidebar-style":"default","ast-global-header-display":"","ast-banner-title-visibility":"","ast-main-header-display":"","ast-hfb-above-header-display":"","ast-hfb-below-header-display":"","ast-hfb-mobile-header-display":"","site-post-title":"","ast-breadcrumbs-content":"","ast-featured-img":"","footer-sml-layout":"","theme-transparent-header-meta":"","adv-header-id-meta":"","stick-header-meta":"","header-above-stick-meta":"","header-main-stick-meta":"","header-below-stick-meta":"","astra-migrate-meta-layouts":"set","ast-page-background-enabled":"default","ast-page-background-meta":{"desktop":{"background-color":"var(--ast-global-color-4)","background-image":"","background-repeat":"repeat","background-position":"center center","background-size":"auto","background-attachment":"scroll","background-type":"","background-media":"","overlay-type":"","overlay-color":"","overlay-opacity":"","overlay-gradient":""},"tablet":{"background-color":"","background-image":"","background-repeat":"repeat","background-position":"center center","background-size":"auto","background-attachment":"scroll","background-type":"","background-media":"","overlay-type":"","overlay-color":"","overlay-opacity":"","overlay-gradient":""},"mobile":{"background-color":"","background-image":"","background-repeat":"repeat","background-position":"center center","background-size":"auto","background-attachment":"scroll","background-type":"","background-media":"","overlay-type":"","overlay-color":"","overlay-opacity":"","overlay-gradient":""}},"ast-content-background-meta":{"desktop":{"background-color":"var(--ast-global-color-5)","background-image":"","background-repeat":"repeat","background-position":"center center","background-size":"auto","background-attachment":"scroll","background-type":"","background-media":"","overlay-type":"","overlay-color":"","overlay-opacity":"","overlay-gradient":""},"tablet":{"background-color":"var(--ast-global-color-5)","background-image":"","background-repeat":"repeat","background-position":"center center","background-size":"auto","background-attachment":"scroll","background-type":"","background-media":"","overlay-type":"","overlay-color":"","overlay-opacity":"","overlay-gradient":""},"mobile":{"background-color":"var(--ast-global-color-5)","background-image":"","background-repeat":"repeat","background-position":"center center","background-size":"auto","background-attachment":"scroll","background-type":"","background-media":"","overlay-type":"","overlay-color":"","overlay-opacity":"","overlay-gradient":""}},"footnotes":""},"class_list":["post-9357","page","type-page","status-publish","hentry"],"post_mailing_queue_ids":[],"_links":{"self":[{"href":"https:\/\/agora.xtec.cat\/esc-rmuntanerlh\/wp-json\/wp\/v2\/pages\/9357","targetHints":{"allow":["GET"]}}],"collection":[{"href":"https:\/\/agora.xtec.cat\/esc-rmuntanerlh\/wp-json\/wp\/v2\/pages"}],"about":[{"href":"https:\/\/agora.xtec.cat\/esc-rmuntanerlh\/wp-json\/wp\/v2\/types\/page"}],"author":[{"embeddable":true,"href":"https:\/\/agora.xtec.cat\/esc-rmuntanerlh\/wp-json\/wp\/v2\/users\/1"}],"replies":[{"embeddable":true,"href":"https:\/\/agora.xtec.cat\/esc-rmuntanerlh\/wp-json\/wp\/v2\/comments?post=9357"}],"version-history":[{"count":6,"href":"https:\/\/agora.xtec.cat\/esc-rmuntanerlh\/wp-json\/wp\/v2\/pages\/9357\/revisions"}],"predecessor-version":[{"id":9386,"href":"https:\/\/agora.xtec.cat\/esc-rmuntanerlh\/wp-json\/wp\/v2\/pages\/9357\/revisions\/9386"}],"up":[{"embeddable":true,"href":"https:\/\/agora.xtec.cat\/esc-rmuntanerlh\/wp-json\/wp\/v2\/pages\/22"}],"wp:attachment":[{"href":"https:\/\/agora.xtec.cat\/esc-rmuntanerlh\/wp-json\/wp\/v2\/media?parent=9357"}],"curies":[{"name":"wp","href":"https:\/\/api.w.org\/{rel}","templated":true}]}}