{"id":73,"date":"2014-09-18T14:01:51","date_gmt":"2014-09-18T13:01:51","guid":{"rendered":"http:\/\/agora.xtec.cat\/esc-rmuntanerlh\/?page_id=73"},"modified":"2025-12-09T12:24:00","modified_gmt":"2025-12-09T11:24:00","slug":"menjador-escolar","status":"publish","type":"page","link":"https:\/\/agora.xtec.cat\/esc-rmuntanerlh\/serveis\/menjador-escolar\/","title":{"rendered":"Menjador escolar"},"content":{"rendered":"<p>L\u2019empresa responsable del servei de menjador es <strong>Com a casa<\/strong>.\u00a0Aquest servei de temps de migdia est\u00e0 at\u00e8s per una coordinadora i un equip de monitors\/es que tenen cura d\u2019aquest espai\/temps, dels h\u00e0bits, de la higiene i de les activitats l\u00fadiques que es realitzen despr\u00e9s dels \u00e0pats. L&#8217;escola disposa de cuina pr\u00f2pia per tant, s&#8217;elaboren a la cuina tots els aliments.<\/p>\n<p><strong>Horaris<\/strong><\/p>\n<ul>\n<li>L\u2019horari ordinari del temps de migdia est\u00e0 compr\u00e9s entre les 12:30 i les 15.00h.<\/li>\n<\/ul>\n<ul>\n<li>L\u2019horari de jornada intensiva ser\u00e0 de 13:00 a 15:30h.<a href=\"https:\/\/agora.xtec.cat\/esc-rmuntanerlh\/wp-content\/uploads\/usu2174\/2025\/01\/menjador.jpeg\"><img loading=\"lazy\" decoding=\"async\" class=\" wp-image-6748 alignright\" src=\"https:\/\/agora.xtec.cat\/esc-rmuntanerlh\/wp-content\/uploads\/usu2174\/2025\/01\/menjador-1024x533.jpeg\" alt=\"\" width=\"640\" height=\"333\" srcset=\"https:\/\/agora.xtec.cat\/esc-rmuntanerlh\/wp-content\/uploads\/usu2174\/2025\/01\/menjador-1024x533.jpeg 1024w, https:\/\/agora.xtec.cat\/esc-rmuntanerlh\/wp-content\/uploads\/usu2174\/2025\/01\/menjador-300x156.jpeg 300w, https:\/\/agora.xtec.cat\/esc-rmuntanerlh\/wp-content\/uploads\/usu2174\/2025\/01\/menjador-768x400.jpeg 768w, https:\/\/agora.xtec.cat\/esc-rmuntanerlh\/wp-content\/uploads\/usu2174\/2025\/01\/menjador-1536x800.jpeg 1536w, https:\/\/agora.xtec.cat\/esc-rmuntanerlh\/wp-content\/uploads\/usu2174\/2025\/01\/menjador.jpeg 1600w\" sizes=\"auto, (max-width: 640px) 100vw, 640px\" \/><\/a><\/li>\n<\/ul>\n<p>Durant aquest temps, el treball tant de l\u2019equip de monitors com de cuina treballen entorn a 3 eixos:<\/p>\n<ul>\n<li style=\"list-style-type: none;\">\n<ul>\n<li>Selecci\u00f3 i elaboraci\u00f3 d\u2019una alimentaci\u00f3 de qualitat, sana i equilibrada<\/li>\n<li>Educaci\u00f3 en h\u00e0bits alimentaris i comportament a taula<\/li>\n<li>Realitzaci\u00f3 d\u2019activitats educatives en horari de menjador<\/li>\n<\/ul>\n<\/li>\n<\/ul>\n<p><strong>Men\u00fa<\/strong><\/p>\n<ul>\n<li>El men\u00fa consta de dos plats i postres (generalment fruita fresca).<\/li>\n<\/ul>\n<ul>\n<li>Si hi ha programada una sortida d\u2019un dia es prepara servei de p\u00edcnic.<\/li>\n<\/ul>\n<ul>\n<li>Cada mes s\u2019enviar\u00e0 el men\u00fa per Dinantia.<\/li>\n<li>El preu per aquest curs ser\u00e0 de <strong>7,35 \u20ac\/dia<\/strong> (alumnes fixes) <strong>8,05 \u20ac <\/strong>(espor\u00e0dics). <strong>Els dies que els nens\/nenes no vinguin al menjador i es comuniqui a la Direcci\u00f3\u00a0abans de les 9:30 hores<\/strong> <strong>li seran descomptats 3,60 \u20ac<\/strong> (el preu del dinar, no del monitoratge) al rebut del mes seg\u00fcent.<\/li>\n<li>Per qualsevol tipus de pagament al servei de menjador escolar cal que feu \u00fas del n\u00famero de compte de l&#8217;escola o al despatx.<\/li>\n<\/ul>\n<p><strong>Dietes Espec\u00edfiques<\/strong><\/p>\n<ul>\n<li>Quan per malaltia un nen\/a necessiti dieta caldr\u00e0 comunicar-ho a primera hora, mitjan\u00e7ant trucada. Si cal dieta m\u00e9s de 3 dies, s\u2019haur\u00e0 de portar informe m\u00e8dic.<\/li>\n<li>Quan es tracta de men\u00fas espec\u00edfics (cel\u00edacs, al\u00b7l\u00e8rgies, etc.) \u00e9s imprescindible aportar l\u2019informe m\u00e8dic on consti la patologia, el protocol d\u2019actuaci\u00f3 i el n\u00ba de col\u00b7legiat.<\/li>\n<\/ul>\n<p><strong>Informes<a style=\"color: #2795b6;\" href=\"https:\/\/agora.xtec.cat\/esc-rmuntanerlh\/wp-content\/uploads\/usu2174\/2025\/01\/patio-menaj.jpeg\"><img loading=\"lazy\" decoding=\"async\" class=\" wp-image-6749 alignleft\" src=\"https:\/\/agora.xtec.cat\/esc-rmuntanerlh\/wp-content\/uploads\/usu2174\/2025\/01\/patio-menaj-1024x768.jpeg\" alt=\"\" width=\"460\" height=\"345\" srcset=\"https:\/\/agora.xtec.cat\/esc-rmuntanerlh\/wp-content\/uploads\/usu2174\/2025\/01\/patio-menaj-1024x768.jpeg 1024w, https:\/\/agora.xtec.cat\/esc-rmuntanerlh\/wp-content\/uploads\/usu2174\/2025\/01\/patio-menaj-300x225.jpeg 300w, https:\/\/agora.xtec.cat\/esc-rmuntanerlh\/wp-content\/uploads\/usu2174\/2025\/01\/patio-menaj-768x576.jpeg 768w, https:\/\/agora.xtec.cat\/esc-rmuntanerlh\/wp-content\/uploads\/usu2174\/2025\/01\/patio-menaj-1536x1152.jpeg 1536w, https:\/\/agora.xtec.cat\/esc-rmuntanerlh\/wp-content\/uploads\/usu2174\/2025\/01\/patio-menaj-200x150.jpeg 200w, https:\/\/agora.xtec.cat\/esc-rmuntanerlh\/wp-content\/uploads\/usu2174\/2025\/01\/patio-menaj.jpeg 1600w\" sizes=\"auto, (max-width: 460px) 100vw, 460px\" \/><\/a><\/strong><\/p>\n<p>Durant el curs\u00a0s\u2019envien a les fam\u00edlies informes on es faciliten les dades sobre l\u2019adaptaci\u00f3, comportament i evoluci\u00f3 dels alumnes en el menjador. Depenent de l\u2019edat dels infants, s\u2019envien diferents models d\u2019informes i amb una determinada periodicitat.<\/p>\n<p><strong>Informes diaris<\/strong><\/p>\n<ul>\n<li>Els infants de I3 reben di\u00e0riament i durant tot el curs informes a un paper desat a la motxilla de cada infant. En ella es valoren aspectes relacionats amb l\u2019estona del dinar, de la miggdiada i de la resta d\u2019activitats del migdia, aix\u00ed com de qualsevol incid\u00e8ncia di\u00e0ria.<\/li>\n<\/ul>\n<p><strong>Informes trimestrals<\/strong><\/p>\n<ul>\n<li>El seguiment dels alumnes d\u2019infantil (I4 i I5) i els de prim\u00e0ria (de 1r a 6\u00e8), es fa amb informes trimestrals.<\/li>\n<\/ul>\n","protected":false},"excerpt":{"rendered":"<p>L\u2019empresa responsable del servei de menjador es Com a casa.\u00a0Aquest servei de temps de migdia est\u00e0 at\u00e8s per una coordinadora i un equip de monitors\/es que tenen cura d\u2019aquest espai\/temps, dels h\u00e0bits, de la higiene i de les activitats l\u00fadiques que es realitzen despr\u00e9s dels&hellip;  <a href=\"https:\/\/agora.xtec.cat\/esc-rmuntanerlh\/serveis\/menjador-escolar\/\" title=\"Read Menjador escolar\">Llegeix m\u00e9s\u00bb<\/a><\/p>\n","protected":false},"author":1,"featured_media":0,"parent":66,"menu_order":30,"comment_status":"closed","ping_status":"closed","template":"page-templates\/side-menu.php","meta":{"_bbp_topic_count":0,"_bbp_reply_count":0,"_bbp_total_topic_count":0,"_bbp_total_reply_count":0,"_bbp_voice_count":0,"_bbp_anonymous_reply_count":0,"_bbp_topic_count_hidden":0,"_bbp_reply_count_hidden":0,"_bbp_forum_subforum_count":0,"footnotes":""},"class_list":["post-73","page","type-page","status-publish","hentry"],"post_mailing_queue_ids":[],"_links":{"self":[{"href":"https:\/\/agora.xtec.cat\/esc-rmuntanerlh\/wp-json\/wp\/v2\/pages\/73","targetHints":{"allow":["GET"]}}],"collection":[{"href":"https:\/\/agora.xtec.cat\/esc-rmuntanerlh\/wp-json\/wp\/v2\/pages"}],"about":[{"href":"https:\/\/agora.xtec.cat\/esc-rmuntanerlh\/wp-json\/wp\/v2\/types\/page"}],"author":[{"embeddable":true,"href":"https:\/\/agora.xtec.cat\/esc-rmuntanerlh\/wp-json\/wp\/v2\/users\/1"}],"replies":[{"embeddable":true,"href":"https:\/\/agora.xtec.cat\/esc-rmuntanerlh\/wp-json\/wp\/v2\/comments?post=73"}],"version-history":[{"count":7,"href":"https:\/\/agora.xtec.cat\/esc-rmuntanerlh\/wp-json\/wp\/v2\/pages\/73\/revisions"}],"predecessor-version":[{"id":8676,"href":"https:\/\/agora.xtec.cat\/esc-rmuntanerlh\/wp-json\/wp\/v2\/pages\/73\/revisions\/8676"}],"up":[{"embeddable":true,"href":"https:\/\/agora.xtec.cat\/esc-rmuntanerlh\/wp-json\/wp\/v2\/pages\/66"}],"wp:attachment":[{"href":"https:\/\/agora.xtec.cat\/esc-rmuntanerlh\/wp-json\/wp\/v2\/media?parent=73"}],"curies":[{"name":"wp","href":"https:\/\/api.w.org\/{rel}","templated":true}]}}