{"id":678,"date":"2020-05-19T13:36:17","date_gmt":"2020-05-19T11:36:17","guid":{"rendered":"https:\/\/agora.xtec.cat\/esc-rmuntanerlh\/?page_id=678"},"modified":"2020-05-19T13:51:44","modified_gmt":"2020-05-19T11:51:44","slug":"projecte-de-convivencia","status":"publish","type":"page","link":"https:\/\/agora.xtec.cat\/esc-rmuntanerlh\/projecte-educatiu\/projecte-de-convivencia\/","title":{"rendered":"Projecte de conviv\u00e8ncia"},"content":{"rendered":"<p style=\"text-align: justify;\">El Projecte de conviv\u00e8ncia reflecteix les accions que l&#8217;escola desenvolupa per capacitar tot l\u2019alumnat i la resta de la comunitat escolar per a la conviv\u00e8ncia i la gesti\u00f3 positiva dels conflictes.<\/p>\n<p class=\"p1\" style=\"text-align: justify;\">La conviv\u00e8ncia a l\u2019escola ha estat sempre un dels eixos prioritaris de la comunitat educativa. Ser capa\u00e7os d\u2019educar per a la conviv\u00e8ncia i contribuir a la formaci\u00f3 c\u00edvica i solid\u00e0ria dels nostres alumnes\/as \u00e9s un repte educatiu que l\u2019escola Ramon Muntaner assumeix des del seu Projecte educatiu.<\/p>\n<p class=\"p1\" style=\"text-align: justify;\">Saber conviure \u00e9s la capacitat de posar-se en el lloc de l\u2019altre, de compartir, cooperar, respectar, d\u2019autoregular-se i saber comunicar-se de manera positiva amb l\u2019entorn. Educar per a la conviv\u00e8ncia vol dir educar per con\u00e8ixer-se i per con\u00e8ixer. \u00c9s un doble aprenentatge, en primer lloc, la conviv\u00e8ncia s\u2019apr\u00e9n i, per l\u2019altra banda, la conviv\u00e8ncia ensenya, ja que gr\u00e0cies a ella s\u2019aprenen actituds i disposicions enfront de la vida i al m\u00f3n.<\/p>\n<p class=\"p1\" style=\"text-align: justify;\">El concepte de \u201cbona conviv\u00e8ncia \u201c \u00e9s una construcci\u00f3 social ja que fins i tot dins dels diferents grups que formen l\u2019escola hi trobem diferents perspectives i expectatives en relaci\u00f3 a aquest concepte i que, com a construcci\u00f3 social, la conviv\u00e8ncia escolar es veu influenciada pels valors i la cultura de la societat i per les pol\u00edtiques socioecon\u00f2miques.<\/p>\n<p class=\"p1\" style=\"text-align: justify;\">Per a dur a terme l\u2019educaci\u00f3 per a la conviv\u00e8ncia s\u2019articula el nostre\u00a0 <a href=\"https:\/\/agora.xtec.cat\/esc-rmuntanerlh\/docs\/\">Projecte de Conviv\u00e8ncia<\/a>, ent\u00e9s com un document vertebrador de les actuacions necess\u00e0ries per aconseguir els objectius proposats anteriorment.<\/p>\n","protected":false},"excerpt":{"rendered":"<p>El Projecte de conviv\u00e8ncia reflecteix les accions que l&#8217;escola desenvolupa per capacitar tot l\u2019alumnat i la resta de la comunitat escolar per a la conviv\u00e8ncia i la gesti\u00f3 positiva dels conflictes.<br \/>\nLa conviv\u00e8ncia a l\u2019escola ha estat sempre un dels eixos prioritaris de la comunitat educativa.&hellip;  <a href=\"https:\/\/agora.xtec.cat\/esc-rmuntanerlh\/projecte-educatiu\/projecte-de-convivencia\/\" title=\"Read Projecte de conviv\u00e8ncia\">Llegeix m\u00e9s\u00bb<\/a><\/p>\n","protected":false},"author":1,"featured_media":0,"parent":64,"menu_order":80,"comment_status":"closed","ping_status":"closed","template":"page-templates\/side-menu.php","meta":{"_bbp_topic_count":0,"_bbp_reply_count":0,"_bbp_total_topic_count":0,"_bbp_total_reply_count":0,"_bbp_voice_count":0,"_bbp_anonymous_reply_count":0,"_bbp_topic_count_hidden":0,"_bbp_reply_count_hidden":0,"_bbp_forum_subforum_count":0,"footnotes":""},"class_list":["post-678","page","type-page","status-publish","hentry"],"post_mailing_queue_ids":[],"_links":{"self":[{"href":"https:\/\/agora.xtec.cat\/esc-rmuntanerlh\/wp-json\/wp\/v2\/pages\/678","targetHints":{"allow":["GET"]}}],"collection":[{"href":"https:\/\/agora.xtec.cat\/esc-rmuntanerlh\/wp-json\/wp\/v2\/pages"}],"about":[{"href":"https:\/\/agora.xtec.cat\/esc-rmuntanerlh\/wp-json\/wp\/v2\/types\/page"}],"author":[{"embeddable":true,"href":"https:\/\/agora.xtec.cat\/esc-rmuntanerlh\/wp-json\/wp\/v2\/users\/1"}],"replies":[{"embeddable":true,"href":"https:\/\/agora.xtec.cat\/esc-rmuntanerlh\/wp-json\/wp\/v2\/comments?post=678"}],"version-history":[{"count":3,"href":"https:\/\/agora.xtec.cat\/esc-rmuntanerlh\/wp-json\/wp\/v2\/pages\/678\/revisions"}],"predecessor-version":[{"id":686,"href":"https:\/\/agora.xtec.cat\/esc-rmuntanerlh\/wp-json\/wp\/v2\/pages\/678\/revisions\/686"}],"up":[{"embeddable":true,"href":"https:\/\/agora.xtec.cat\/esc-rmuntanerlh\/wp-json\/wp\/v2\/pages\/64"}],"wp:attachment":[{"href":"https:\/\/agora.xtec.cat\/esc-rmuntanerlh\/wp-json\/wp\/v2\/media?parent=678"}],"curies":[{"name":"wp","href":"https:\/\/api.w.org\/{rel}","templated":true}]}}