{"id":64,"date":"2014-09-18T12:39:08","date_gmt":"2014-09-18T11:39:08","guid":{"rendered":"http:\/\/agora.xtec.cat\/esc-rmuntanerlh\/?page_id=64"},"modified":"2025-01-20T20:48:35","modified_gmt":"2025-01-20T19:48:35","slug":"projecte-educatiu","status":"publish","type":"page","link":"https:\/\/agora.xtec.cat\/esc-rmuntanerlh\/projecte-educatiu\/","title":{"rendered":"Projecte educatiu"},"content":{"rendered":"<p data-pm-slice=\"1 1 []\">A la nostra escola, ens comprometem a seguir una l\u00ednia educativa clara i fonamentada en els seg\u00fcents objectius:<\/p>\n<p><a href=\"https:\/\/agora.xtec.cat\/esc-rmuntanerlh\/wp-content\/uploads\/usu2174\/2025\/01\/Etapas-del-1.png\"><img loading=\"lazy\" decoding=\"async\" class=\"size-large wp-image-6723 aligncenter\" src=\"https:\/\/agora.xtec.cat\/esc-rmuntanerlh\/wp-content\/uploads\/usu2174\/2025\/01\/Etapas-del-1-410x1024.png\" alt=\"\" width=\"410\" height=\"1024\" srcset=\"https:\/\/agora.xtec.cat\/esc-rmuntanerlh\/wp-content\/uploads\/usu2174\/2025\/01\/Etapas-del-1-410x1024.png 410w, https:\/\/agora.xtec.cat\/esc-rmuntanerlh\/wp-content\/uploads\/usu2174\/2025\/01\/Etapas-del-1-120x300.png 120w, https:\/\/agora.xtec.cat\/esc-rmuntanerlh\/wp-content\/uploads\/usu2174\/2025\/01\/Etapas-del-1-768x1920.png 768w, https:\/\/agora.xtec.cat\/esc-rmuntanerlh\/wp-content\/uploads\/usu2174\/2025\/01\/Etapas-del-1-819x2048.png 819w, https:\/\/agora.xtec.cat\/esc-rmuntanerlh\/wp-content\/uploads\/usu2174\/2025\/01\/Etapas-del-1.png 1600w\" sizes=\"auto, (max-width: 410px) 100vw, 410px\" \/><\/a><\/p>\n<p>&nbsp;<\/p>\n<hr \/>\n<p>D\u2019aquesta manera, els nostres objectius no nom\u00e9s guien el nostre enfocament pedag\u00f2gic, sin\u00f3 que tamb\u00e9 reflecteixen la nostra vocaci\u00f3 de formar persones \u00edntegres, creatives i compromeses amb la societat i el seu propi creixement.<\/p>\n","protected":false},"excerpt":{"rendered":"<p>A la nostra escola, ens comprometem a seguir una l\u00ednia educativa clara i fonamentada en els seg\u00fcents objectius:<br \/>\n<a href=\"https:\/\/agora.xtec.cat\/esc-rmuntanerlh\/wp-content\/uploads\/usu2174\/2025\/01\/Etapas-del-1.png\"><\/a><br \/>\n&nbsp;<\/p>\n<p>D\u2019aquesta manera, els nostres objectius no nom\u00e9s guien el nostre enfocament pedag\u00f2gic, sin\u00f3 que tamb\u00e9 reflecteixen la nostra vocaci\u00f3 de formar persones \u00edntegres, creatives i compromeses amb&hellip;  <a href=\"https:\/\/agora.xtec.cat\/esc-rmuntanerlh\/projecte-educatiu\/\" title=\"Read Projecte educatiu\">Llegeix m\u00e9s\u00bb<\/a><\/p>\n","protected":false},"author":1,"featured_media":0,"parent":0,"menu_order":0,"comment_status":"closed","ping_status":"closed","template":"page-templates\/side-menu.php","meta":{"_bbp_topic_count":0,"_bbp_reply_count":0,"_bbp_total_topic_count":0,"_bbp_total_reply_count":0,"_bbp_voice_count":0,"_bbp_anonymous_reply_count":0,"_bbp_topic_count_hidden":0,"_bbp_reply_count_hidden":0,"_bbp_forum_subforum_count":0,"footnotes":""},"class_list":["post-64","page","type-page","status-publish","hentry"],"post_mailing_queue_ids":[],"_links":{"self":[{"href":"https:\/\/agora.xtec.cat\/esc-rmuntanerlh\/wp-json\/wp\/v2\/pages\/64","targetHints":{"allow":["GET"]}}],"collection":[{"href":"https:\/\/agora.xtec.cat\/esc-rmuntanerlh\/wp-json\/wp\/v2\/pages"}],"about":[{"href":"https:\/\/agora.xtec.cat\/esc-rmuntanerlh\/wp-json\/wp\/v2\/types\/page"}],"author":[{"embeddable":true,"href":"https:\/\/agora.xtec.cat\/esc-rmuntanerlh\/wp-json\/wp\/v2\/users\/1"}],"replies":[{"embeddable":true,"href":"https:\/\/agora.xtec.cat\/esc-rmuntanerlh\/wp-json\/wp\/v2\/comments?post=64"}],"version-history":[{"count":6,"href":"https:\/\/agora.xtec.cat\/esc-rmuntanerlh\/wp-json\/wp\/v2\/pages\/64\/revisions"}],"predecessor-version":[{"id":6742,"href":"https:\/\/agora.xtec.cat\/esc-rmuntanerlh\/wp-json\/wp\/v2\/pages\/64\/revisions\/6742"}],"wp:attachment":[{"href":"https:\/\/agora.xtec.cat\/esc-rmuntanerlh\/wp-json\/wp\/v2\/media?parent=64"}],"curies":[{"name":"wp","href":"https:\/\/api.w.org\/{rel}","templated":true}]}}