{"id":26,"date":"2014-09-18T12:24:32","date_gmt":"2014-09-18T11:24:32","guid":{"rendered":"http:\/\/agora.xtec.cat\/esc-rmuntanerlh\/?page_id=26"},"modified":"2025-01-20T13:09:21","modified_gmt":"2025-01-20T12:09:21","slug":"historia","status":"publish","type":"page","link":"https:\/\/agora.xtec.cat\/esc-rmuntanerlh\/lescola\/historia\/","title":{"rendered":"Hist\u00f2ria"},"content":{"rendered":"<p><strong>Qui som i qu\u00e8 fem?<a href=\"https:\/\/agora.xtec.cat\/esc-rmuntanerlh\/wp-content\/uploads\/usu2174\/2025\/01\/s-tbnhbthahtbcgyft.jpeg\"><img loading=\"lazy\" decoding=\"async\" class=\" wp-image-6752 alignleft\" src=\"https:\/\/agora.xtec.cat\/esc-rmuntanerlh\/wp-content\/uploads\/usu2174\/2025\/01\/s-tbnhbthahtbcgyft-1024x768.jpeg\" alt=\"\" width=\"356\" height=\"267\" srcset=\"https:\/\/agora.xtec.cat\/esc-rmuntanerlh\/wp-content\/uploads\/usu2174\/2025\/01\/s-tbnhbthahtbcgyft-1024x768.jpeg 1024w, https:\/\/agora.xtec.cat\/esc-rmuntanerlh\/wp-content\/uploads\/usu2174\/2025\/01\/s-tbnhbthahtbcgyft-300x225.jpeg 300w, https:\/\/agora.xtec.cat\/esc-rmuntanerlh\/wp-content\/uploads\/usu2174\/2025\/01\/s-tbnhbthahtbcgyft-768x576.jpeg 768w, https:\/\/agora.xtec.cat\/esc-rmuntanerlh\/wp-content\/uploads\/usu2174\/2025\/01\/s-tbnhbthahtbcgyft-1536x1152.jpeg 1536w, https:\/\/agora.xtec.cat\/esc-rmuntanerlh\/wp-content\/uploads\/usu2174\/2025\/01\/s-tbnhbthahtbcgyft-200x150.jpeg 200w, https:\/\/agora.xtec.cat\/esc-rmuntanerlh\/wp-content\/uploads\/usu2174\/2025\/01\/s-tbnhbthahtbcgyft.jpeg 2048w\" sizes=\"auto, (max-width: 356px) 100vw, 356px\" \/><\/a><\/strong><\/p>\n<ul>\n<li>L\u2019escola Ramon Muntaner \u00e9s una escola p\u00fablica, catalana, laica, plural, democr\u00e0tica i inclusiva a on es garanteix la integraci\u00f3 escolar i social de l\u2019alumnat, amb independ\u00e8ncia de la llengua, cultura, condici\u00f3 social i origen.<\/li>\n<li>Acompanyem als nostres alumnes en la seva formaci\u00f3 com a persones atenent a les seves necessitats educatives amb l\u2019objectiu d\u2019assolir les compet\u00e8ncies que li permetin el seu desenvolupament personal.<\/li>\n<li>Eduquem en el respecte mutu, el di\u00e0leg, la reflexi\u00f3, la col\u00b7laboraci\u00f3 i la solidaritat.<\/li>\n<li>Potenciem l\u2019aprenentatge significatiu i competencial, adaptant-nos a les noves tecnologies, l\u2019experimentaci\u00f3 i el coneixement del nostre entorn m\u00e9s proper, per tal de formar persones competents per a la vida.<\/li>\n<\/ul>\n<p><strong>Qu\u00e8 volem aconseguir?<\/strong><\/p>\n<ul>\n<li>Volem aconseguir que els\/les nostres alumnes siguin <strong>feli\u00e7os<\/strong> i que vinguin contents a l\u2019escola.<\/li>\n<li>Volem que els\/les nostres alumnes desenvolupin al m\u00e0xim les seves capacitats, que aprenguin i que se sentin protagonistes del seu aprenentatge.<\/li>\n<li>Volem garantir la <strong>integraci\u00f3 escolar i social<\/strong> de l\u2019alumnat, amb independ\u00e8ncia de la llengua, cultura, condici\u00f3 social i origen.<a href=\"https:\/\/agora.xtec.cat\/esc-rmuntanerlh\/wp-content\/uploads\/usu2174\/2025\/01\/tjnjnyt65myxhbcb.jpeg\"><img loading=\"lazy\" decoding=\"async\" class=\"wp-image-6753 alignright\" src=\"https:\/\/agora.xtec.cat\/esc-rmuntanerlh\/wp-content\/uploads\/usu2174\/2025\/01\/tjnjnyt65myxhbcb-1024x768.jpeg\" alt=\"\" width=\"388\" height=\"291\" srcset=\"https:\/\/agora.xtec.cat\/esc-rmuntanerlh\/wp-content\/uploads\/usu2174\/2025\/01\/tjnjnyt65myxhbcb-1024x768.jpeg 1024w, https:\/\/agora.xtec.cat\/esc-rmuntanerlh\/wp-content\/uploads\/usu2174\/2025\/01\/tjnjnyt65myxhbcb-300x225.jpeg 300w, https:\/\/agora.xtec.cat\/esc-rmuntanerlh\/wp-content\/uploads\/usu2174\/2025\/01\/tjnjnyt65myxhbcb-768x576.jpeg 768w, https:\/\/agora.xtec.cat\/esc-rmuntanerlh\/wp-content\/uploads\/usu2174\/2025\/01\/tjnjnyt65myxhbcb-1536x1152.jpeg 1536w, https:\/\/agora.xtec.cat\/esc-rmuntanerlh\/wp-content\/uploads\/usu2174\/2025\/01\/tjnjnyt65myxhbcb-200x150.jpeg 200w, https:\/\/agora.xtec.cat\/esc-rmuntanerlh\/wp-content\/uploads\/usu2174\/2025\/01\/tjnjnyt65myxhbcb.jpeg 2048w\" sizes=\"auto, (max-width: 388px) 100vw, 388px\" \/><\/a><\/li>\n<li>Volem promoure la <strong>igualtat d\u2019oportunitats de nenes i nens<\/strong>, incorporant la perspectiva de g\u00e8nere a l\u2019acci\u00f3 educativa, prevenint i gestionant comportaments i actituds discriminat\u00f2ries per ra\u00f3 de g\u00e8nere.<\/li>\n<li>Volem una <strong>escola oberta<\/strong> i propera a les fam\u00edlies. Ser una escola on les fam\u00edlies comparteixen amb el centre el repte que suposa l\u2019educaci\u00f3 dels seus fills on s\u2019estableixi la comunicaci\u00f3, la participaci\u00f3, la cooperaci\u00f3 i la interrelaci\u00f3.<\/li>\n<li>Volem formar <strong>persones responsables i competents<\/strong> a partir d\u2019un plantejament educatiu basat en l\u2019orientaci\u00f3 personalitzada.<\/li>\n<li>Volem potenciar l\u2019\u00fas de la llengua catalana com a llengua vehicular i treballar la resta de lleng\u00fces per crear ciutadans d\u2019un m\u00f3n global: <strong>pluriling\u00fcisme<\/strong>.<\/li>\n<li>Volem la <strong>integraci\u00f3 de les noves tecnologies<\/strong> per aconseguir que els membres de la nostra comunitat educativa siguin competents en les TAC.<\/li>\n<li>Volem estimular les <strong>relacions interpersonals positives<\/strong> entre els diferents membres de la comunitat educativa respectant en tot moment les caracter\u00edstiques i compet\u00e8ncies de cadasc\u00fa.<\/li>\n<li>Volem persones responsables <strong>compromeses amb el medi ambient.<\/strong><\/li>\n<\/ul>\n<p>Pel 25 aniversari, a l&#8217;escola,\u00a0 es va composar una can\u00e7\u00f3 per celebrar la data. Us la deixem a continuaci\u00f3:<\/p>\n<p><b>CAN\u00c7\u00d3 D\u2019EN RAMON <\/b><a href=\"http:\/\/ca.wikipedia.org\/wiki\/Ramon_Muntaner\"><b>MUNTANER<\/b><\/a><\/p>\n<p><span style=\"font-weight: 400;\">Ara fa molts anys a Cal Ramon Muntaner<\/span><span style=\"font-weight: 400;\"> \u00a0<\/span><\/p>\n<p><span style=\"font-weight: 400;\">tot un bell paratge que acollia la gent,<\/span><\/p>\n<p><span style=\"font-weight: 400;\">dos reis arribaren, AlfonsX i Jaume I (bis).<\/span><\/p>\n<p><i><span style=\"font-weight: 400;\">Ramon Muntaner, gran cronista i cavaller!<\/span><\/i><\/p>\n<p style=\"font-family: 'Helvetica Neue', Helvetica, Helvetica, Arial, sans-serif; font-size: 16px;\"><img loading=\"lazy\" decoding=\"async\" class=\"alignright\" src=\"https:\/\/upload.wikimedia.org\/wikipedia\/commons\/e\/e7\/El_rey_Jaime_I_el_Conquistador%2C_por_Jaume_Mateu.jpg\" alt=\"File:El rey Jaime I el Conquistador, por Jaume Mateu.jpg ...\" width=\"343\" height=\"322\" \/><\/p>\n<p>&nbsp;<\/p>\n<p><i><span style=\"font-weight: 400;\">Ramon Muntaner, nom d\u2019escola i un carrer.<\/span><\/i><\/p>\n<p>&nbsp;<\/p>\n<p><span style=\"font-weight: 400;\">D\u2019aquelles hist\u00f2ries que va escoltar,<\/span><\/p>\n<p><span style=\"font-weight: 400;\">Ramon va quedar ben impressionat<\/span><\/p>\n<p><span style=\"font-family: inherit; font-size: 1em;\">i tan sols amb nou anys va decidir ser soldat! (bis)<\/span><\/p>\n<p><i><span style=\"font-weight: 400;\">Ramon Muntaner, gran cronista i cavaller!<\/span><\/i><\/p>\n<p><i><span style=\"font-weight: 400;\">Ramon Muntaner, nom d\u2019escola i d\u2019un carrer.<\/span><\/i><\/p>\n<p>&nbsp;<\/p>\n<p><span style=\"font-weight: 400;\">Tan bon punt va poder a la guerra va marxar;<\/span><\/p>\n<p><span style=\"font-weight: 400;\">amb un llapis i un paper tot ho volia explicar,<\/span><\/p>\n<p><span style=\"font-weight: 400;\">observador i molt valent, informava la gent. (bis)<\/span><\/p>\n<p><i><span style=\"font-weight: 400;\">Ramon Muntaner, gran cronista i cavaller!<\/span><\/i><\/p>\n<p><i><span style=\"font-weight: 400;\">Ramon Muntaner, nom d\u2019escola i d\u2019un carrer.<\/span><\/i><\/p>\n<p>&nbsp;<\/p>\n<p><span style=\"font-weight: 400;\">Despr\u00e9s de cada batalla, amb el cos adolorit,<\/span><\/p>\n<p><span style=\"font-weight: 400;\">la cr\u00f2nica escrivia de tot el que havia succe\u00eft;<\/span><\/p>\n<p><span style=\"font-weight: 400;\">guanyant-se bona fama, llarga vida va tenir. (bis)<\/span><\/p>\n<p><i><span style=\"font-weight: 400;\">Ramon Muntaner, gran cronista i cavaller<\/span><\/i><\/p>\n<p><i><span style=\"font-weight: 400;\">Ramon Muntaner, nom d\u2019escola i d\u2019un carrer.<\/span><\/i><\/p>\n<p>&nbsp;<\/p>\n<p><span style=\"font-weight: 400;\">M\u00fasica: Cristina Rodr\u00edguez (6\u00e8-curs 2004\/05)<\/span><\/p>\n<p><span style=\"font-weight: 400;\">Text: classe de 5\u00e8 (Curs 2004\/05)<\/span><\/p>\n","protected":false},"excerpt":{"rendered":"<p>Qui som i qu\u00e8 fem?<a href=\"https:\/\/agora.xtec.cat\/esc-rmuntanerlh\/wp-content\/uploads\/usu2174\/2025\/01\/s-tbnhbthahtbcgyft.jpeg\"><\/a><\/p>\n<ul>\n<li>L\u2019escola Ramon Muntaner \u00e9s una escola p\u00fablica, catalana, laica, plural, democr\u00e0tica i inclusiva a on es garanteix la integraci\u00f3 escolar i social de l\u2019alumnat, amb independ\u00e8ncia de la llengua, cultura, condici\u00f3 social i origen.<\/li>\n<li>Acompanyem als nostres alumnes en la seva&hellip;  <a href=\"https:\/\/agora.xtec.cat\/esc-rmuntanerlh\/lescola\/historia\/\" title=\"Read Hist\u00f2ria\">Llegeix m\u00e9s\u00bb<\/a><br \/>\n","protected":false},"author":1,"featured_media":0,"parent":22,"menu_order":20,"comment_status":"closed","ping_status":"closed","template":"page-templates\/side-menu.php","meta":{"_bbp_topic_count":0,"_bbp_reply_count":0,"_bbp_total_topic_count":0,"_bbp_total_reply_count":0,"_bbp_voice_count":0,"_bbp_anonymous_reply_count":0,"_bbp_topic_count_hidden":0,"_bbp_reply_count_hidden":0,"_bbp_forum_subforum_count":0,"footnotes":""},"class_list":["post-26","page","type-page","status-publish","hentry"],"post_mailing_queue_ids":[],"_links":{"self":[{"href":"https:\/\/agora.xtec.cat\/esc-rmuntanerlh\/wp-json\/wp\/v2\/pages\/26","targetHints":{"allow":["GET"]}}],"collection":[{"href":"https:\/\/agora.xtec.cat\/esc-rmuntanerlh\/wp-json\/wp\/v2\/pages"}],"about":[{"href":"https:\/\/agora.xtec.cat\/esc-rmuntanerlh\/wp-json\/wp\/v2\/types\/page"}],"author":[{"embeddable":true,"href":"https:\/\/agora.xtec.cat\/esc-rmuntanerlh\/wp-json\/wp\/v2\/users\/1"}],"replies":[{"embeddable":true,"href":"https:\/\/agora.xtec.cat\/esc-rmuntanerlh\/wp-json\/wp\/v2\/comments?post=26"}],"version-history":[{"count":5,"href":"https:\/\/agora.xtec.cat\/esc-rmuntanerlh\/wp-json\/wp\/v2\/pages\/26\/revisions"}],"predecessor-version":[{"id":6754,"href":"https:\/\/agora.xtec.cat\/esc-rmuntanerlh\/wp-json\/wp\/v2\/pages\/26\/revisions\/6754"}],"up":[{"embeddable":true,"href":"https:\/\/agora.xtec.cat\/esc-rmuntanerlh\/wp-json\/wp\/v2\/pages\/22"}],"wp:attachment":[{"href":"https:\/\/agora.xtec.cat\/esc-rmuntanerlh\/wp-json\/wp\/v2\/media?parent=26"}],"curies":[{"name":"wp","href":"https:\/\/api.w.org\/{rel}","templated":true}]}}