{"id":77,"date":"2014-09-18T14:05:08","date_gmt":"2014-09-18T14:05:08","guid":{"rendered":"http:\/\/agora.xtec.cat\/esc-riusegre\/?page_id=77"},"modified":"2026-03-01T01:19:17","modified_gmt":"2026-03-01T00:19:17","slug":"acollida","status":"publish","type":"page","link":"https:\/\/agora.xtec.cat\/esc-riusegre\/serveis\/acollida\/","title":{"rendered":"Acollida matinal"},"content":{"rendered":"<p>&nbsp;<\/p>\n<p><a href=\"https:\/\/agora.xtec.cat\/esc-riusegre\/wp-content\/uploads\/usu568\/2020\/08\/GALL.jpg\"><img loading=\"lazy\" decoding=\"async\" class=\"aligncenter size-full wp-image-3971\" src=\"https:\/\/agora.xtec.cat\/esc-riusegre\/wp-content\/uploads\/usu568\/2020\/08\/GALL.jpg\" alt=\"\" width=\"404\" height=\"360\" srcset=\"https:\/\/agora.xtec.cat\/esc-riusegre\/wp-content\/uploads\/usu568\/2020\/08\/GALL.jpg 404w, https:\/\/agora.xtec.cat\/esc-riusegre\/wp-content\/uploads\/usu568\/2020\/08\/GALL-300x267.jpg 300w\" sizes=\"auto, (max-width: 404px) 100vw, 404px\" \/><\/a><\/p>\n<p>&nbsp;<\/p>\n<p>&nbsp;<\/p>\n<p>Servei gestionat per l&#8217;AFA de l&#8217;escola, que s&#8217;ofereix <strong>des del primer dia del curs<\/strong>.<\/p>\n<p>Obert a tots els nens i nenes que necessiten avan\u00e7ar l&#8217;hora d&#8217;entrada per motius familiars o laborals.<\/p>\n<p>L&#8217;horari d&#8217;entrada \u00e9s de les <strong>7:30<\/strong> a les <strong>9:00<\/strong> hores i durant aquesta estona s\u00f3n atesos per un monitor\/-a que els hi facilita diferents activitats pl\u00e0stiques, jocs de taula, lectura,&#8230; dins un clima tranquil i relaxat.<\/p>\n<p>&nbsp;<\/p>\n<p><a href=\"https:\/\/docs.google.com\/forms\/d\/e\/1FAIpQLSdhXEdcAHMPn9PvAUeo2eFxItKMoK-XZNyJUUnRMPLLR3DfEw\/viewform?usp=dialog\">INSCRIPCI\u00d3 ACOLLIDA MATINAL<\/a><\/p>\n<p>&nbsp;<\/p>\n<p>&nbsp;<\/p>\n<p>&nbsp;<\/p>\n","protected":false},"excerpt":{"rendered":"<p>&nbsp; &nbsp; &nbsp; Servei gestionat per l&#8217;AFA de l&#8217;escola, que s&#8217;ofereix des del primer dia del curs. Obert a tots els nens i nenes que necessiten avan\u00e7ar l&#8217;hora d&#8217;entrada per motius familiars o laborals. L&#8217;horari d&#8217;entrada \u00e9s de les 7:30 a les 9:00 hores i durant aquesta estona s\u00f3n atesos per un monitor\/-a que els [&hellip;]<\/p>\n","protected":false},"author":2,"featured_media":0,"parent":66,"menu_order":3,"comment_status":"closed","ping_status":"closed","template":"","meta":{"_bbp_topic_count":0,"_bbp_reply_count":0,"_bbp_total_topic_count":0,"_bbp_total_reply_count":0,"_bbp_voice_count":0,"_bbp_anonymous_reply_count":0,"_bbp_topic_count_hidden":0,"_bbp_reply_count_hidden":0,"_bbp_forum_subforum_count":0,"site-sidebar-layout":"default","site-content-layout":"","ast-site-content-layout":"default","site-content-style":"default","site-sidebar-style":"default","ast-global-header-display":"","ast-banner-title-visibility":"","ast-main-header-display":"","ast-hfb-above-header-display":"","ast-hfb-below-header-display":"","ast-hfb-mobile-header-display":"","site-post-title":"","ast-breadcrumbs-content":"","ast-featured-img":"","footer-sml-layout":"","theme-transparent-header-meta":"default","adv-header-id-meta":"","stick-header-meta":"","header-above-stick-meta":"","header-main-stick-meta":"","header-below-stick-meta":"","astra-migrate-meta-layouts":"set","ast-page-background-enabled":"default","ast-page-background-meta":{"desktop":{"background-color":"var(--ast-global-color-4)","background-image":"","background-repeat":"repeat","background-position":"center center","background-size":"auto","background-attachment":"scroll","background-type":"","background-media":"","overlay-type":"","overlay-color":"","overlay-opacity":"","overlay-gradient":""},"tablet":{"background-color":"","background-image":"","background-repeat":"repeat","background-position":"center center","background-size":"auto","background-attachment":"scroll","background-type":"","background-media":"","overlay-type":"","overlay-color":"","overlay-opacity":"","overlay-gradient":""},"mobile":{"background-color":"","background-image":"","background-repeat":"repeat","background-position":"center center","background-size":"auto","background-attachment":"scroll","background-type":"","background-media":"","overlay-type":"","overlay-color":"","overlay-opacity":"","overlay-gradient":""}},"ast-content-background-meta":{"desktop":{"background-color":"var(--ast-global-color-5)","background-image":"","background-repeat":"repeat","background-position":"center center","background-size":"auto","background-attachment":"scroll","background-type":"","background-media":"","overlay-type":"","overlay-color":"","overlay-opacity":"","overlay-gradient":""},"tablet":{"background-color":"var(--ast-global-color-5)","background-image":"","background-repeat":"repeat","background-position":"center center","background-size":"auto","background-attachment":"scroll","background-type":"","background-media":"","overlay-type":"","overlay-color":"","overlay-opacity":"","overlay-gradient":""},"mobile":{"background-color":"var(--ast-global-color-5)","background-image":"","background-repeat":"repeat","background-position":"center center","background-size":"auto","background-attachment":"scroll","background-type":"","background-media":"","overlay-type":"","overlay-color":"","overlay-opacity":"","overlay-gradient":""}},"footnotes":""},"class_list":["post-77","page","type-page","status-publish","hentry"],"post_mailing_queue_ids":[],"_links":{"self":[{"href":"https:\/\/agora.xtec.cat\/esc-riusegre\/wp-json\/wp\/v2\/pages\/77","targetHints":{"allow":["GET"]}}],"collection":[{"href":"https:\/\/agora.xtec.cat\/esc-riusegre\/wp-json\/wp\/v2\/pages"}],"about":[{"href":"https:\/\/agora.xtec.cat\/esc-riusegre\/wp-json\/wp\/v2\/types\/page"}],"author":[{"embeddable":true,"href":"https:\/\/agora.xtec.cat\/esc-riusegre\/wp-json\/wp\/v2\/users\/2"}],"replies":[{"embeddable":true,"href":"https:\/\/agora.xtec.cat\/esc-riusegre\/wp-json\/wp\/v2\/comments?post=77"}],"version-history":[{"count":7,"href":"https:\/\/agora.xtec.cat\/esc-riusegre\/wp-json\/wp\/v2\/pages\/77\/revisions"}],"predecessor-version":[{"id":9751,"href":"https:\/\/agora.xtec.cat\/esc-riusegre\/wp-json\/wp\/v2\/pages\/77\/revisions\/9751"}],"up":[{"embeddable":true,"href":"https:\/\/agora.xtec.cat\/esc-riusegre\/wp-json\/wp\/v2\/pages\/66"}],"wp:attachment":[{"href":"https:\/\/agora.xtec.cat\/esc-riusegre\/wp-json\/wp\/v2\/media?parent=77"}],"curies":[{"name":"wp","href":"https:\/\/api.w.org\/{rel}","templated":true}]}}