{"id":73,"date":"2014-09-18T14:01:51","date_gmt":"2014-09-18T14:01:51","guid":{"rendered":"http:\/\/agora.xtec.cat\/esc-riusegre\/?page_id=73"},"modified":"2026-03-01T01:18:19","modified_gmt":"2026-03-01T00:18:19","slug":"menjador-escolar","status":"publish","type":"page","link":"https:\/\/agora.xtec.cat\/esc-riusegre\/serveis\/menjador-escolar\/","title":{"rendered":"Menjador escolar"},"content":{"rendered":"<p>&nbsp;<\/p>\n<p><a href=\"https:\/\/agora.xtec.cat\/esc-riusegre\/wp-content\/uploads\/usu568\/2020\/08\/menjador-escolar-gva.jpg\"><img loading=\"lazy\" decoding=\"async\" class=\"aligncenter wp-image-3968\" src=\"https:\/\/agora.xtec.cat\/esc-riusegre\/wp-content\/uploads\/usu568\/2020\/08\/menjador-escolar-gva-1024x720.jpg\" alt=\"\" width=\"576\" height=\"405\" srcset=\"https:\/\/agora.xtec.cat\/esc-riusegre\/wp-content\/uploads\/usu568\/2020\/08\/menjador-escolar-gva-1024x720.jpg 1024w, https:\/\/agora.xtec.cat\/esc-riusegre\/wp-content\/uploads\/usu568\/2020\/08\/menjador-escolar-gva-300x211.jpg 300w, https:\/\/agora.xtec.cat\/esc-riusegre\/wp-content\/uploads\/usu568\/2020\/08\/menjador-escolar-gva-768x540.jpg 768w, https:\/\/agora.xtec.cat\/esc-riusegre\/wp-content\/uploads\/usu568\/2020\/08\/menjador-escolar-gva.jpg 1500w\" sizes=\"auto, (max-width: 576px) 100vw, 576px\" \/><\/a><\/p>\n<p>&nbsp;<\/p>\n<p>&nbsp;<\/p>\n<p><a href=\"https:\/\/forms.gle\/RG2fBbi8qpThLVzN7\">INSCRIPCI\u00d3 PER AL SERVEI DE MENJADOR CURS 2025\/26<\/a><\/p>\n<p>DOCUMENTS:<\/p>\n<ul>\n<li><a href=\"https:\/\/agora.xtec.cat\/esc-riusegre\/wp-content\/uploads\/usu568\/2022\/08\/Autoritzacio_Recollir_Alumnes.pdf\">AUTORITZACI\u00d3 RECOLLIDA O SORTIDA SOL DEL CENTRE.<\/a><\/li>\n<li><a href=\"https:\/\/agora.xtec.cat\/esc-riusegre\/wp-content\/uploads\/usu568\/2022\/08\/AUTORITZACIO_PER_AL_SUBMINISTRAMENT_DEL_MEDICAMENT.pdf\">AUTORITZACI\u00d3 SUBMINISTRAMENT DE MEDICAMENT<\/a><\/li>\n<li><a href=\"https:\/\/agora.xtec.cat\/esc-riusegre\/wp-content\/uploads\/usu568\/2023\/09\/NORMATIVA-servei-de-menjador.pdf\">NORMATIVA SERVEI DE MENJADOR<\/a><\/li>\n<\/ul>\n<p>&nbsp;<\/p>\n<p>&nbsp;<\/p>\n<p style=\"text-align: left;\"><a href=\"https:\/\/agora.xtec.cat\/esc-riusegre\/wp-content\/uploads\/usu568\/2022\/08\/descarga.jpg\"><img loading=\"lazy\" decoding=\"async\" class=\"size-full wp-image-6621 alignleft\" src=\"https:\/\/agora.xtec.cat\/esc-riusegre\/wp-content\/uploads\/usu568\/2022\/08\/descarga.jpg\" alt=\"\" width=\"300\" height=\"168\" \/><\/a><\/p>\n<p>&nbsp;<\/p>\n<p>&nbsp;<\/p>\n<p>&nbsp;<\/p>\n<p>&nbsp;<\/p>\n<p>&nbsp;<\/p>\n<ul>\n<li><strong>Quin horari t\u00e9 el servei de menjador?<\/strong><\/li>\n<\/ul>\n<p>&nbsp;<\/p>\n<p>L\u2019horari habitual \u00e9s de 12:30h a 15:00h, excepte quan es faci jornada intensiva, que l\u2019horari ser\u00e0 de 13:00h a 15:30h.<\/p>\n<p>&nbsp;<\/p>\n<ul>\n<li>Com es retornaran els dies que l\u2019alumne\/a ha faltat amb previ av\u00eds si ja s\u2019han cobrat amb antel\u00b7laci\u00f3?<\/li>\n<\/ul>\n<p>&nbsp;<\/p>\n<p>Al finalitzar el mes es revisaran els dies de falta d\u2019assist\u00e8ncia amb previ av\u00eds. Es far\u00e0 un recompte d\u2019aquests i es retornaran a la seg\u00fcent mensualitat.<\/p>\n","protected":false},"excerpt":{"rendered":"<p>&nbsp; &nbsp; &nbsp; INSCRIPCI\u00d3 PER AL SERVEI DE MENJADOR CURS 2025\/26 DOCUMENTS: AUTORITZACI\u00d3 RECOLLIDA O SORTIDA SOL DEL CENTRE. AUTORITZACI\u00d3 SUBMINISTRAMENT DE MEDICAMENT NORMATIVA SERVEI DE MENJADOR &nbsp; &nbsp; &nbsp; &nbsp; &nbsp; &nbsp; &nbsp; Quin horari t\u00e9 el servei de menjador? &nbsp; L\u2019horari habitual \u00e9s de 12:30h a 15:00h, excepte quan es faci jornada intensiva, [&hellip;]<\/p>\n","protected":false},"author":2,"featured_media":0,"parent":66,"menu_order":2,"comment_status":"closed","ping_status":"closed","template":"","meta":{"_bbp_topic_count":0,"_bbp_reply_count":0,"_bbp_total_topic_count":0,"_bbp_total_reply_count":0,"_bbp_voice_count":0,"_bbp_anonymous_reply_count":0,"_bbp_topic_count_hidden":0,"_bbp_reply_count_hidden":0,"_bbp_forum_subforum_count":0,"site-sidebar-layout":"default","site-content-layout":"","ast-site-content-layout":"default","site-content-style":"default","site-sidebar-style":"default","ast-global-header-display":"","ast-banner-title-visibility":"","ast-main-header-display":"","ast-hfb-above-header-display":"","ast-hfb-below-header-display":"","ast-hfb-mobile-header-display":"","site-post-title":"","ast-breadcrumbs-content":"","ast-featured-img":"","footer-sml-layout":"","theme-transparent-header-meta":"default","adv-header-id-meta":"","stick-header-meta":"","header-above-stick-meta":"","header-main-stick-meta":"","header-below-stick-meta":"","astra-migrate-meta-layouts":"set","ast-page-background-enabled":"default","ast-page-background-meta":{"desktop":{"background-color":"var(--ast-global-color-4)","background-image":"","background-repeat":"repeat","background-position":"center center","background-size":"auto","background-attachment":"scroll","background-type":"","background-media":"","overlay-type":"","overlay-color":"","overlay-opacity":"","overlay-gradient":""},"tablet":{"background-color":"","background-image":"","background-repeat":"repeat","background-position":"center center","background-size":"auto","background-attachment":"scroll","background-type":"","background-media":"","overlay-type":"","overlay-color":"","overlay-opacity":"","overlay-gradient":""},"mobile":{"background-color":"","background-image":"","background-repeat":"repeat","background-position":"center center","background-size":"auto","background-attachment":"scroll","background-type":"","background-media":"","overlay-type":"","overlay-color":"","overlay-opacity":"","overlay-gradient":""}},"ast-content-background-meta":{"desktop":{"background-color":"var(--ast-global-color-5)","background-image":"","background-repeat":"repeat","background-position":"center center","background-size":"auto","background-attachment":"scroll","background-type":"","background-media":"","overlay-type":"","overlay-color":"","overlay-opacity":"","overlay-gradient":""},"tablet":{"background-color":"var(--ast-global-color-5)","background-image":"","background-repeat":"repeat","background-position":"center center","background-size":"auto","background-attachment":"scroll","background-type":"","background-media":"","overlay-type":"","overlay-color":"","overlay-opacity":"","overlay-gradient":""},"mobile":{"background-color":"var(--ast-global-color-5)","background-image":"","background-repeat":"repeat","background-position":"center center","background-size":"auto","background-attachment":"scroll","background-type":"","background-media":"","overlay-type":"","overlay-color":"","overlay-opacity":"","overlay-gradient":""}},"footnotes":""},"class_list":["post-73","page","type-page","status-publish","hentry"],"post_mailing_queue_ids":[],"_links":{"self":[{"href":"https:\/\/agora.xtec.cat\/esc-riusegre\/wp-json\/wp\/v2\/pages\/73","targetHints":{"allow":["GET"]}}],"collection":[{"href":"https:\/\/agora.xtec.cat\/esc-riusegre\/wp-json\/wp\/v2\/pages"}],"about":[{"href":"https:\/\/agora.xtec.cat\/esc-riusegre\/wp-json\/wp\/v2\/types\/page"}],"author":[{"embeddable":true,"href":"https:\/\/agora.xtec.cat\/esc-riusegre\/wp-json\/wp\/v2\/users\/2"}],"replies":[{"embeddable":true,"href":"https:\/\/agora.xtec.cat\/esc-riusegre\/wp-json\/wp\/v2\/comments?post=73"}],"version-history":[{"count":8,"href":"https:\/\/agora.xtec.cat\/esc-riusegre\/wp-json\/wp\/v2\/pages\/73\/revisions"}],"predecessor-version":[{"id":10421,"href":"https:\/\/agora.xtec.cat\/esc-riusegre\/wp-json\/wp\/v2\/pages\/73\/revisions\/10421"}],"up":[{"embeddable":true,"href":"https:\/\/agora.xtec.cat\/esc-riusegre\/wp-json\/wp\/v2\/pages\/66"}],"wp:attachment":[{"href":"https:\/\/agora.xtec.cat\/esc-riusegre\/wp-json\/wp\/v2\/media?parent=73"}],"curies":[{"name":"wp","href":"https:\/\/api.w.org\/{rel}","templated":true}]}}