{"id":26,"date":"2014-09-18T12:24:32","date_gmt":"2014-09-18T12:24:32","guid":{"rendered":"http:\/\/agora.xtec.cat\/esc-riusegre\/?page_id=26"},"modified":"2026-03-04T17:29:35","modified_gmt":"2026-03-04T16:29:35","slug":"historia","status":"publish","type":"page","link":"https:\/\/agora.xtec.cat\/esc-riusegre\/escola\/historia\/","title":{"rendered":"Hist\u00f2ria"},"content":{"rendered":"<p><a href=\"http:\/\/agora.xtec.cat\/esc-riusegre\/wp-content\/uploads\/usu568\/2016\/01\/descarga-21.jpg\"><img loading=\"lazy\" decoding=\"async\" class=\"aligncenter  wp-image-264\" src=\"http:\/\/agora.xtec.cat\/esc-riusegre\/wp-content\/uploads\/usu568\/2016\/01\/descarga-21.jpg\" alt=\"descarga (2)\" width=\"522\" height=\"250\" srcset=\"https:\/\/agora.xtec.cat\/esc-riusegre\/wp-content\/uploads\/usu568\/2016\/01\/descarga-21.jpg 301w, https:\/\/agora.xtec.cat\/esc-riusegre\/wp-content\/uploads\/usu568\/2016\/01\/descarga-21-300x144.jpg 300w\" sizes=\"auto, (max-width: 522px) 100vw, 522px\" \/><\/a><\/p>\n<p><span style=\"font-family: Verdana,Arial,Helvetica,sans-serif;\">L&#8217;escola CEIP Riu Segre va comen\u00e7ar a funcionar a la d\u00e8cada del 50 amb el nom de &#8221;Colegio P\u00fablico General Brito&#8221; perqu\u00e8 estava ubicat en uns pisos de l&#8217;edifici n\u00ba2 del carrer &#8221;General Brito&#8221; de Lleida amb una classe per nivell, a partir de p\u00e0rvuls de 4 anys .<\/span><\/p>\n<p><span style=\"font-family: Verdana,Arial,Helvetica,sans-serif;\">El curs 1972\/73 s&#8217;estrena l&#8217;actual edifici a l&#8217;Av. Tortosa 86, passant a ser una &#8220;graduada mixta completa&#8221; de dues l\u00ednies, encara que durant uns anys cinc unitats van continuar a l&#8217;antic edifici.<\/span><\/p>\n<p><span style=\"font-family: Verdana,Arial,Helvetica,sans-serif;\">Les obres de l&#8217;edifici de pre-escolar s&#8217;acaben el curs 1976-77 i es tanquen definitivament els antics pisos del carrer General Brito. <\/span><\/p>\n<p><span style=\"font-family: Verdana,Arial,Helvetica,sans-serif;\">El curs 1996-97 es celebren els 25 anys del centre i entre les activitats realitzades es convoca un concurs p\u00fablic per canviar-li el nom.<\/span><\/p>\n<p><span style=\"font-family: Verdana,Arial,Helvetica,sans-serif;\">S&#8217;escull el de CEIP Riu Segre que passa a ser oficial un any despr\u00e9s quan es publica al D.O.G.<\/span><\/p>\n<p><span style=\"font-family: Verdana,Arial,Helvetica,sans-serif;\">Actualment l&#8217;escola consta de dues l\u00ednies des de p\u00e0rvuls de 3 anys fins a 6\u00e8 curs de prim\u00e0ria.<br \/>\n<\/span><\/p>\n","protected":false},"excerpt":{"rendered":"<p>L&#8217;escola CEIP Riu Segre va comen\u00e7ar a funcionar a la d\u00e8cada del 50 amb el nom de &#8221;Colegio P\u00fablico General Brito&#8221; perqu\u00e8 estava ubicat en uns pisos de l&#8217;edifici n\u00ba2 del carrer &#8221;General Brito&#8221; de Lleida amb una classe per nivell, a partir de p\u00e0rvuls de 4 anys . El curs 1972\/73 s&#8217;estrena l&#8217;actual edifici [&hellip;]<\/p>\n","protected":false},"author":2,"featured_media":0,"parent":10287,"menu_order":3,"comment_status":"closed","ping_status":"closed","template":"","meta":{"_bbp_topic_count":0,"_bbp_reply_count":0,"_bbp_total_topic_count":0,"_bbp_total_reply_count":0,"_bbp_voice_count":0,"_bbp_anonymous_reply_count":0,"_bbp_topic_count_hidden":0,"_bbp_reply_count_hidden":0,"_bbp_forum_subforum_count":0,"site-sidebar-layout":"default","site-content-layout":"","ast-site-content-layout":"default","site-content-style":"default","site-sidebar-style":"default","ast-global-header-display":"","ast-banner-title-visibility":"","ast-main-header-display":"","ast-hfb-above-header-display":"","ast-hfb-below-header-display":"","ast-hfb-mobile-header-display":"","site-post-title":"","ast-breadcrumbs-content":"","ast-featured-img":"","footer-sml-layout":"","theme-transparent-header-meta":"default","adv-header-id-meta":"","stick-header-meta":"","header-above-stick-meta":"","header-main-stick-meta":"","header-below-stick-meta":"","astra-migrate-meta-layouts":"set","ast-page-background-enabled":"default","ast-page-background-meta":{"desktop":{"background-color":"var(--ast-global-color-4)","background-image":"","background-repeat":"repeat","background-position":"center center","background-size":"auto","background-attachment":"scroll","background-type":"","background-media":"","overlay-type":"","overlay-color":"","overlay-opacity":"","overlay-gradient":""},"tablet":{"background-color":"","background-image":"","background-repeat":"repeat","background-position":"center center","background-size":"auto","background-attachment":"scroll","background-type":"","background-media":"","overlay-type":"","overlay-color":"","overlay-opacity":"","overlay-gradient":""},"mobile":{"background-color":"","background-image":"","background-repeat":"repeat","background-position":"center center","background-size":"auto","background-attachment":"scroll","background-type":"","background-media":"","overlay-type":"","overlay-color":"","overlay-opacity":"","overlay-gradient":""}},"ast-content-background-meta":{"desktop":{"background-color":"var(--ast-global-color-5)","background-image":"","background-repeat":"repeat","background-position":"center center","background-size":"auto","background-attachment":"scroll","background-type":"","background-media":"","overlay-type":"","overlay-color":"","overlay-opacity":"","overlay-gradient":""},"tablet":{"background-color":"var(--ast-global-color-5)","background-image":"","background-repeat":"repeat","background-position":"center center","background-size":"auto","background-attachment":"scroll","background-type":"","background-media":"","overlay-type":"","overlay-color":"","overlay-opacity":"","overlay-gradient":""},"mobile":{"background-color":"var(--ast-global-color-5)","background-image":"","background-repeat":"repeat","background-position":"center center","background-size":"auto","background-attachment":"scroll","background-type":"","background-media":"","overlay-type":"","overlay-color":"","overlay-opacity":"","overlay-gradient":""}},"footnotes":""},"class_list":["post-26","page","type-page","status-publish","hentry"],"post_mailing_queue_ids":[],"_links":{"self":[{"href":"https:\/\/agora.xtec.cat\/esc-riusegre\/wp-json\/wp\/v2\/pages\/26","targetHints":{"allow":["GET"]}}],"collection":[{"href":"https:\/\/agora.xtec.cat\/esc-riusegre\/wp-json\/wp\/v2\/pages"}],"about":[{"href":"https:\/\/agora.xtec.cat\/esc-riusegre\/wp-json\/wp\/v2\/types\/page"}],"author":[{"embeddable":true,"href":"https:\/\/agora.xtec.cat\/esc-riusegre\/wp-json\/wp\/v2\/users\/2"}],"replies":[{"embeddable":true,"href":"https:\/\/agora.xtec.cat\/esc-riusegre\/wp-json\/wp\/v2\/comments?post=26"}],"version-history":[{"count":5,"href":"https:\/\/agora.xtec.cat\/esc-riusegre\/wp-json\/wp\/v2\/pages\/26\/revisions"}],"predecessor-version":[{"id":10659,"href":"https:\/\/agora.xtec.cat\/esc-riusegre\/wp-json\/wp\/v2\/pages\/26\/revisions\/10659"}],"up":[{"embeddable":true,"href":"https:\/\/agora.xtec.cat\/esc-riusegre\/wp-json\/wp\/v2\/pages\/10287"}],"wp:attachment":[{"href":"https:\/\/agora.xtec.cat\/esc-riusegre\/wp-json\/wp\/v2\/media?parent=26"}],"curies":[{"name":"wp","href":"https:\/\/api.w.org\/{rel}","templated":true}]}}