{"id":22,"date":"2014-09-18T12:19:57","date_gmt":"2014-09-18T12:19:57","guid":{"rendered":"http:\/\/agora.xtec.cat\/esc-riusegre\/?page_id=22"},"modified":"2026-03-13T10:05:34","modified_gmt":"2026-03-13T09:05:34","slug":"lescola","status":"publish","type":"page","link":"https:\/\/agora.xtec.cat\/esc-riusegre\/escola\/lescola\/","title":{"rendered":"Qui som?"},"content":{"rendered":"<p style=\"text-align: center;\"><strong>MEMBRES DEL CLAUSTRE<\/strong><\/p>\n<p style=\"text-align: center;\"><strong>EQUIP DIRECTIU<\/strong><\/p>\n<p style=\"text-align: center;\">Directora: Montse Correa Porras<\/p>\n<p style=\"text-align: center;\">Cap d&#8217;Estudis: Marta Badia Torn\u00e9<\/p>\n<p style=\"text-align: center;\">Secretari: David Odina Moreno<\/p>\n<p style=\"text-align: center;\"><strong>TUTORIES<\/strong><\/p>\n<p style=\"text-align: center;\"><strong>EDUCACI\u00d3 INFANTIL<\/strong><\/p>\n<p style=\"text-align: center;\">I3 anys grup A: Anto Ciutat Or\u00f3<\/p>\n<p style=\"text-align: center;\">I3 anys grup B: Elisabet Gilabert Belinchon<\/p>\n<p style=\"text-align: center;\">I4 anys grup A: Olga Mart\u00edn Garcia<\/p>\n<p style=\"text-align: center;\">I5 grup A: M\u00f2nica Sales \/ Judith Pi\u00f1ol<\/p>\n<p style=\"text-align: center;\">I5 grup B: Maribel Via\u00f1a Torres<\/p>\n<p style=\"text-align: center;\">Refor\u00e7 : N\u00faria Prats Sol\u00e9<\/p>\n<p style=\"text-align: center;\">Educadora SIEI: Elisa Vives Satorra<\/p>\n<p style=\"text-align: center;\">SIEI +: Ariadna Gateu Manonelles<\/p>\n<p style=\"text-align: center;\">T\u00e8cnic d&#8217;Educaci\u00f3 Infantil: M\u00edriam Cartagena<\/p>\n<p style=\"text-align: center;\"><strong>EDUCACI\u00d3 PRIM\u00c0RIA<\/strong><\/p>\n<p style=\"text-align: center;\"><strong>CICLE INICIAL<\/strong><\/p>\n<p style=\"text-align: center;\">Primer A: Alba Vidal \/ Josep Felip Segura<\/p>\n<p style=\"text-align: center;\">Primer B: Cristina Mestre Figuerelo<\/p>\n<p style=\"text-align: center;\">Segon A: Jordi Arqu\u00e9 Ruiz \/ Guillem<\/p>\n<p style=\"text-align: center;\">Segon B: Mari Cruz Sanz Remiro<\/p>\n<p style=\"text-align: center;\">Refor\u00e7: Montse Serna Garc\u00eda<\/p>\n<p style=\"text-align: center;\"><strong>CICLE MITJ\u00c0<\/strong><\/p>\n<p style=\"text-align: center;\">Tercer A: S\u00edlvia Mir\u00f3 Blanch<\/p>\n<p style=\"text-align: center;\">Tercer B: Violeta Cosialls Galindo<\/p>\n<p style=\"text-align: center;\">Quart A: Salva Vercher Grau<\/p>\n<p style=\"text-align: center;\">Quart B: Antonieta Pujol Mercad\u00e9<\/p>\n<p style=\"text-align: center;\">Refor\u00e7: Ramona Mir Vall<\/p>\n<p style=\"text-align: center;\"><strong>CICLE SUPERIOR<\/strong><\/p>\n<p style=\"text-align: center;\">Cinqu\u00e8 A: Ferran Costa Castell\u00f3<\/p>\n<p style=\"text-align: center;\">Cinqu\u00e8 B: Albert Vargas Sorribes<\/p>\n<p style=\"text-align: center;\">Sis\u00e8 A: Ferran Huerta P\u00e9rez<\/p>\n<p style=\"text-align: center;\">Sis\u00e8 B: \u00c0ngels Herrero Alvaro<\/p>\n<p style=\"text-align: center;\">Refor\u00e7: Josep Felip Segura<\/p>\n<p style=\"text-align: center;\"><strong>ESPECIALITATS<\/strong><\/p>\n<p style=\"text-align: center;\">SIEI 1: T\u00e0nia Catal\u00e0 Pociello<\/p>\n<p style=\"text-align: center;\">SIEI 2: Ares Morera Gonz\u00e0lez<\/p>\n<p style=\"text-align: center;\">Educaci\u00f3 Especial: Sara Teixid\u00f3 Teixid\u00f3<\/p>\n<p style=\"text-align: center;\">Educaci\u00f3 F\u00edsica 1: David Odina Moreno<\/p>\n<p style=\"text-align: center;\">Educaci\u00f3 F\u00edsica 2: Anna Pujol Vidal<\/p>\n<p style=\"text-align: center;\">Educaci\u00f3 Musical 1: Marta Badia Torn\u00e9<\/p>\n<p style=\"text-align: center;\">Educaci\u00f3 Musical 2: Ricard Arias Botargues<\/p>\n<p style=\"text-align: center;\">Religi\u00f3 Cat\u00f2lica: Mari Cruz Sanz Remiro<\/p>\n<p style=\"text-align: center;\">Llengua Anglesa: David Gonz\u00e1lez Mata<\/p>\n<p style=\"text-align: center;\">Llengua Anglesa: Sue Rodr\u00edguez Mur<\/p>\n<p style=\"text-align: center;\">Aula d\u2019Acollida: Sergio Villach Castells<\/p>\n<p style=\"text-align: center;\">Valors: Ramona Mir Vall<\/p>\n<p style=\"text-align: center;\">Mestre d\u2019Audici\u00f3 i Llenguatge: Beatriz Aguirre L\u00f3pez<\/p>\n<p style=\"text-align: center;\">T\u00e8cnica d\u2019Integraci\u00f3 Social: Cristina Rosell Rosell<\/p>\n<p style=\"text-align: center;\">Educadora SIEI:<\/p>\n<p style=\"text-align: center;\"><strong>EQUIP D&#8217;ASSESSORAMENT PSICOPEDAG\u00d2GIC (EAP-01)<\/strong><\/p>\n<p style=\"text-align: center;\">Psicopedagoga: In\u00e9s Orteu<\/p>\n<p style=\"text-align: center;\">Treballadora Social: Carme L\u00f3pez<\/p>\n<p style=\"text-align: center;\"><strong>PERSONAL NO DOCENT<\/strong><\/p>\n<p style=\"text-align: center;\">Administratiu: Jordi Sans Alonso<\/p>\n<p style=\"text-align: center;\">Conserge: Rub\u00e9n Ferran Closa<\/p>\n<p style=\"text-align: center;\"><strong>VETLLADORS DEL CENTRE:<\/strong><\/p>\n<p style=\"text-align: center;\">Jordi Bell\u00f3<\/p>\n<p style=\"text-align: center;\">Montse Mor\u00e9<\/p>\n<p style=\"text-align: center;\">Dolors Moreno<\/p>\n<p style=\"text-align: center;\">Eug\u00e8nia Veizaga<\/p>\n","protected":false},"excerpt":{"rendered":"<p>MEMBRES DEL CLAUSTRE EQUIP DIRECTIU Directora: Montse Correa Porras Cap d&#8217;Estudis: Marta Badia Torn\u00e9 Secretari: David Odina Moreno TUTORIES EDUCACI\u00d3 INFANTIL I3 anys grup A: Anto Ciutat Or\u00f3 I3 anys grup B: Elisabet Gilabert Belinchon I4 anys grup A: Olga Mart\u00edn Garcia I5 grup A: M\u00f2nica Sales \/ Judith Pi\u00f1ol I5 grup B: Maribel Via\u00f1a [&hellip;]<\/p>\n","protected":false},"author":2,"featured_media":0,"parent":10287,"menu_order":1,"comment_status":"closed","ping_status":"closed","template":"","meta":{"_bbp_topic_count":0,"_bbp_reply_count":0,"_bbp_total_topic_count":0,"_bbp_total_reply_count":0,"_bbp_voice_count":0,"_bbp_anonymous_reply_count":0,"_bbp_topic_count_hidden":0,"_bbp_reply_count_hidden":0,"_bbp_forum_subforum_count":0,"site-sidebar-layout":"default","site-content-layout":"","ast-site-content-layout":"default","site-content-style":"default","site-sidebar-style":"default","ast-global-header-display":"","ast-banner-title-visibility":"","ast-main-header-display":"","ast-hfb-above-header-display":"","ast-hfb-below-header-display":"","ast-hfb-mobile-header-display":"","site-post-title":"","ast-breadcrumbs-content":"","ast-featured-img":"","footer-sml-layout":"","theme-transparent-header-meta":"default","adv-header-id-meta":"","stick-header-meta":"","header-above-stick-meta":"","header-main-stick-meta":"","header-below-stick-meta":"","astra-migrate-meta-layouts":"set","ast-page-background-enabled":"default","ast-page-background-meta":{"desktop":{"background-color":"var(--ast-global-color-4)","background-image":"","background-repeat":"repeat","background-position":"center center","background-size":"auto","background-attachment":"scroll","background-type":"","background-media":"","overlay-type":"","overlay-color":"","overlay-opacity":"","overlay-gradient":""},"tablet":{"background-color":"","background-image":"","background-repeat":"repeat","background-position":"center center","background-size":"auto","background-attachment":"scroll","background-type":"","background-media":"","overlay-type":"","overlay-color":"","overlay-opacity":"","overlay-gradient":""},"mobile":{"background-color":"","background-image":"","background-repeat":"repeat","background-position":"center center","background-size":"auto","background-attachment":"scroll","background-type":"","background-media":"","overlay-type":"","overlay-color":"","overlay-opacity":"","overlay-gradient":""}},"ast-content-background-meta":{"desktop":{"background-color":"var(--ast-global-color-5)","background-image":"","background-repeat":"repeat","background-position":"center center","background-size":"auto","background-attachment":"scroll","background-type":"","background-media":"","overlay-type":"","overlay-color":"","overlay-opacity":"","overlay-gradient":""},"tablet":{"background-color":"var(--ast-global-color-5)","background-image":"","background-repeat":"repeat","background-position":"center center","background-size":"auto","background-attachment":"scroll","background-type":"","background-media":"","overlay-type":"","overlay-color":"","overlay-opacity":"","overlay-gradient":""},"mobile":{"background-color":"var(--ast-global-color-5)","background-image":"","background-repeat":"repeat","background-position":"center center","background-size":"auto","background-attachment":"scroll","background-type":"","background-media":"","overlay-type":"","overlay-color":"","overlay-opacity":"","overlay-gradient":""}},"footnotes":""},"class_list":["post-22","page","type-page","status-publish","hentry"],"post_mailing_queue_ids":[],"_links":{"self":[{"href":"https:\/\/agora.xtec.cat\/esc-riusegre\/wp-json\/wp\/v2\/pages\/22","targetHints":{"allow":["GET"]}}],"collection":[{"href":"https:\/\/agora.xtec.cat\/esc-riusegre\/wp-json\/wp\/v2\/pages"}],"about":[{"href":"https:\/\/agora.xtec.cat\/esc-riusegre\/wp-json\/wp\/v2\/types\/page"}],"author":[{"embeddable":true,"href":"https:\/\/agora.xtec.cat\/esc-riusegre\/wp-json\/wp\/v2\/users\/2"}],"replies":[{"embeddable":true,"href":"https:\/\/agora.xtec.cat\/esc-riusegre\/wp-json\/wp\/v2\/comments?post=22"}],"version-history":[{"count":6,"href":"https:\/\/agora.xtec.cat\/esc-riusegre\/wp-json\/wp\/v2\/pages\/22\/revisions"}],"predecessor-version":[{"id":10708,"href":"https:\/\/agora.xtec.cat\/esc-riusegre\/wp-json\/wp\/v2\/pages\/22\/revisions\/10708"}],"up":[{"embeddable":true,"href":"https:\/\/agora.xtec.cat\/esc-riusegre\/wp-json\/wp\/v2\/pages\/10287"}],"wp:attachment":[{"href":"https:\/\/agora.xtec.cat\/esc-riusegre\/wp-json\/wp\/v2\/media?parent=22"}],"curies":[{"name":"wp","href":"https:\/\/api.w.org\/{rel}","templated":true}]}}