{"id":10432,"date":"2026-03-01T01:23:35","date_gmt":"2026-03-01T00:23:35","guid":{"rendered":"https:\/\/agora.xtec.cat\/esc-riusegre\/?page_id=10432"},"modified":"2026-03-26T11:35:16","modified_gmt":"2026-03-26T10:35:16","slug":"afanoc","status":"publish","type":"page","link":"https:\/\/agora.xtec.cat\/esc-riusegre\/serveis\/festes\/afanoc\/","title":{"rendered":"Afanoc"},"content":{"rendered":"\n<figure class=\"wp-block-image aligncenter size-large is-resized is-style-default\" style=\"margin-right:0;margin-left:0\"><a href=\"https:\/\/agora.xtec.cat\/esc-riusegre\/wp-content\/uploads\/usu568\/2026\/03\/CARTEL-AFANOC.jpg\"><img loading=\"lazy\" decoding=\"async\" width=\"724\" height=\"1024\" src=\"https:\/\/agora.xtec.cat\/esc-riusegre\/wp-content\/uploads\/usu568\/2026\/03\/CARTEL-AFANOC-724x1024.jpg\" alt=\"\" class=\"wp-image-10649\" style=\"width:583px;height:auto\" srcset=\"https:\/\/agora.xtec.cat\/esc-riusegre\/wp-content\/uploads\/usu568\/2026\/03\/CARTEL-AFANOC-724x1024.jpg 724w, https:\/\/agora.xtec.cat\/esc-riusegre\/wp-content\/uploads\/usu568\/2026\/03\/CARTEL-AFANOC-212x300.jpg 212w, https:\/\/agora.xtec.cat\/esc-riusegre\/wp-content\/uploads\/usu568\/2026\/03\/CARTEL-AFANOC.jpg 736w\" sizes=\"auto, (max-width: 724px) 100vw, 724px\" \/><\/a><\/figure>\n\n\n\n<p>Ens complau convidar-vos a la&nbsp;<strong>Festa del dia 13<\/strong>, una jornada plena d\u2019activitats, diversi\u00f3 i conviv\u00e8ncia per a tothom!<\/p>\n\n\n\n<p>Durant la tarda es duran a terme diverses activitats per a totes les edats:<\/p>\n\n\n\n<ul class=\"wp-block-list\">\n<li>\ud83c\udfb5&nbsp;<strong>Bingo musical<\/strong><\/li>\n\n\n\n<li>\ud83c\udfa8&nbsp;<strong>Pintacares<\/strong><\/li>\n\n\n\n<li>\ud83c\udfa7&nbsp;<strong>DJ amb m\u00fasica en directe<\/strong><\/li>\n\n\n\n<li>\ud83d\udc83&nbsp;<strong>Exhibici\u00f3 de zumba<\/strong><\/li>\n\n\n\n<li>\u26bd&nbsp;<strong>Partit de futbol fam\u00edlies<\/strong><\/li>\n\n\n\n<li>\ud83d\udc55\ud83c\udfc0&nbsp;<strong>Presentaci\u00f3 oficial de la nova equipaci\u00f3 de futbol i b\u00e0squet<\/strong><\/li>\n<\/ul>\n\n\n\n<p>Ser\u00e0 una gran oportunitat per compartir moments especials, fomentar l\u2019esperit d\u2019equip i gaudir d\u2019un ambient festiu tots junts.<\/p>\n\n\n\n<p>Us hi esperem amb molta il\u00b7lusi\u00f3! No hi falteu!<\/p>\n\n\n\n<p><\/p>\n","protected":false},"excerpt":{"rendered":"<p>Ens complau convidar-vos a la&nbsp;Festa del dia 13, una jornada plena d\u2019activitats, diversi\u00f3 i conviv\u00e8ncia per a tothom! Durant la tarda es duran a terme diverses activitats per a totes les edats: Ser\u00e0 una gran oportunitat per compartir moments especials, fomentar l\u2019esperit d\u2019equip i gaudir d\u2019un ambient festiu tots junts. Us hi esperem amb molta [&hellip;]<\/p>\n","protected":false},"author":47,"featured_media":0,"parent":10422,"menu_order":3,"comment_status":"closed","ping_status":"closed","template":"","meta":{"_bbp_topic_count":0,"_bbp_reply_count":0,"_bbp_total_topic_count":0,"_bbp_total_reply_count":0,"_bbp_voice_count":0,"_bbp_anonymous_reply_count":0,"_bbp_topic_count_hidden":0,"_bbp_reply_count_hidden":0,"_bbp_forum_subforum_count":0,"site-sidebar-layout":"default","site-content-layout":"","ast-site-content-layout":"default","site-content-style":"default","site-sidebar-style":"default","ast-global-header-display":"","ast-banner-title-visibility":"","ast-main-header-display":"","ast-hfb-above-header-display":"","ast-hfb-below-header-display":"","ast-hfb-mobile-header-display":"","site-post-title":"","ast-breadcrumbs-content":"","ast-featured-img":"","footer-sml-layout":"","theme-transparent-header-meta":"default","adv-header-id-meta":"","stick-header-meta":"","header-above-stick-meta":"","header-main-stick-meta":"","header-below-stick-meta":"","astra-migrate-meta-layouts":"set","ast-page-background-enabled":"default","ast-page-background-meta":{"desktop":{"background-color":"var(--ast-global-color-4)","background-image":"","background-repeat":"repeat","background-position":"center center","background-size":"auto","background-attachment":"scroll","background-type":"","background-media":"","overlay-type":"","overlay-color":"","overlay-opacity":"","overlay-gradient":""},"tablet":{"background-color":"","background-image":"","background-repeat":"repeat","background-position":"center center","background-size":"auto","background-attachment":"scroll","background-type":"","background-media":"","overlay-type":"","overlay-color":"","overlay-opacity":"","overlay-gradient":""},"mobile":{"background-color":"","background-image":"","background-repeat":"repeat","background-position":"center center","background-size":"auto","background-attachment":"scroll","background-type":"","background-media":"","overlay-type":"","overlay-color":"","overlay-opacity":"","overlay-gradient":""}},"ast-content-background-meta":{"desktop":{"background-color":"var(--ast-global-color-5)","background-image":"","background-repeat":"repeat","background-position":"center center","background-size":"auto","background-attachment":"scroll","background-type":"","background-media":"","overlay-type":"","overlay-color":"","overlay-opacity":"","overlay-gradient":""},"tablet":{"background-color":"var(--ast-global-color-5)","background-image":"","background-repeat":"repeat","background-position":"center center","background-size":"auto","background-attachment":"scroll","background-type":"","background-media":"","overlay-type":"","overlay-color":"","overlay-opacity":"","overlay-gradient":""},"mobile":{"background-color":"var(--ast-global-color-5)","background-image":"","background-repeat":"repeat","background-position":"center center","background-size":"auto","background-attachment":"scroll","background-type":"","background-media":"","overlay-type":"","overlay-color":"","overlay-opacity":"","overlay-gradient":""}},"footnotes":""},"class_list":["post-10432","page","type-page","status-publish","hentry"],"post_mailing_queue_ids":[],"_links":{"self":[{"href":"https:\/\/agora.xtec.cat\/esc-riusegre\/wp-json\/wp\/v2\/pages\/10432","targetHints":{"allow":["GET"]}}],"collection":[{"href":"https:\/\/agora.xtec.cat\/esc-riusegre\/wp-json\/wp\/v2\/pages"}],"about":[{"href":"https:\/\/agora.xtec.cat\/esc-riusegre\/wp-json\/wp\/v2\/types\/page"}],"author":[{"embeddable":true,"href":"https:\/\/agora.xtec.cat\/esc-riusegre\/wp-json\/wp\/v2\/users\/47"}],"replies":[{"embeddable":true,"href":"https:\/\/agora.xtec.cat\/esc-riusegre\/wp-json\/wp\/v2\/comments?post=10432"}],"version-history":[{"count":6,"href":"https:\/\/agora.xtec.cat\/esc-riusegre\/wp-json\/wp\/v2\/pages\/10432\/revisions"}],"predecessor-version":[{"id":10746,"href":"https:\/\/agora.xtec.cat\/esc-riusegre\/wp-json\/wp\/v2\/pages\/10432\/revisions\/10746"}],"up":[{"embeddable":true,"href":"https:\/\/agora.xtec.cat\/esc-riusegre\/wp-json\/wp\/v2\/pages\/10422"}],"wp:attachment":[{"href":"https:\/\/agora.xtec.cat\/esc-riusegre\/wp-json\/wp\/v2\/media?parent=10432"}],"curies":[{"name":"wp","href":"https:\/\/api.w.org\/{rel}","templated":true}]}}