{"id":10408,"date":"2026-03-01T01:00:02","date_gmt":"2026-03-01T00:00:02","guid":{"rendered":"https:\/\/agora.xtec.cat\/esc-riusegre\/?page_id=10408"},"modified":"2026-03-01T01:01:29","modified_gmt":"2026-03-01T00:01:29","slug":"app-dinantia","status":"publish","type":"page","link":"https:\/\/agora.xtec.cat\/esc-riusegre\/families\/app-dinantia\/","title":{"rendered":"APP Dinantia"},"content":{"rendered":"<div>\n<p data-olk-copy-source=\"MessageBody\"><a href=\"https:\/\/agora.xtec.cat\/esc-riusegre\/wp-content\/uploads\/usu568\/2026\/03\/DINANTIA.png\"><img loading=\"lazy\" decoding=\"async\" class=\"size-full wp-image-10410 aligncenter\" src=\"https:\/\/agora.xtec.cat\/esc-riusegre\/wp-content\/uploads\/usu568\/2026\/03\/DINANTIA.png\" alt=\"\" width=\"278\" height=\"93\" \/><\/a><\/p>\n<p data-olk-copy-source=\"MessageBody\">Benvolgudes fam\u00edlies,<\/p>\n<p>A l&#8217;escola Riu Segre apostem per les noves tecnologies. Per aquest motiu hem decidit comen\u00e7ar a utilitzar l&#8217;aplicaci\u00f3 m\u00f2bil\u00a0<a title=\"http:\/\/dinantia.com\" href=\"http:\/\/dinantia.com\/\" target=\"_blank\" rel=\"noopener noreferrer nofollow\" data-auth=\"NotApplicable\" data-linkindex=\"0\"><span class=\"mark7lvxaqyr8\" data-markjs=\"true\" data-ogac=\"\" data-ogab=\"\" data-ogsc=\"\" data-ogsb=\"\">Dinantia<\/span><\/a>\u00a0per a la comunicaci\u00f3 entre el centre i les fam\u00edlies. Es tracta d&#8217;una nova eina senzilla i r\u00e0pida.<\/p>\n<p>Amb\u00a0<span class=\"mark7lvxaqyr8\" data-markjs=\"true\" data-ogac=\"\" data-ogab=\"\" data-ogsc=\"\" data-ogsb=\"\">Dinantia<\/span>\u00a0rebreu en el vostre m\u00f2bil les notificacions oficials del col\u00b7legi, informaci\u00f3 directa i immediata del tutor\/a del vostre fill\/a, recordatoris importants, pagaments de sortides, assist\u00e8ncia, consulta del men\u00fa escolar, etc.<\/p>\n<p>Donar-se d&#8217;alta \u00e9s molt senzill, nom\u00e9s heu de seguir les instruccions que figuren al seg\u00fcent enlla\u00e7:\u00a0<a title=\"http:\/\/dinantia.com\/mkt\/Dinantia_instalacion.pdf\" href=\"http:\/\/dinantia.com\/mkt\/Dinantia_instalacion.pdf\" target=\"_blank\" rel=\"noopener noreferrer nofollow\" data-auth=\"NotApplicable\" data-linkindex=\"1\">http:\/\/<span class=\"mark7lvxaqyr8\" data-markjs=\"true\" data-ogac=\"\" data-ogab=\"\" data-ogsc=\"\" data-ogsb=\"\">dinantia<\/span>.com\/mkt\/<span class=\"mark7lvxaqyr8\" data-markjs=\"true\" data-ogac=\"\" data-ogab=\"\" data-ogsc=\"\" data-ogsb=\"\">Dinantia<\/span>_instalacion.pdf<\/a>. Properament rebreu la invitaci\u00f3 on podreu crear el vostre usuari.<\/p>\n<p>Un cop us doneu d&#8217;alta, estareu acceptant autom\u00e0ticament el consentiment de la gesti\u00f3 de dades i la pol\u00edtica de cookies de l&#8217;aplicaci\u00f3. Us adjuntem els enlla\u00e7os dels avisos legals, que tamb\u00e9 podreu consultar a l&#8217;apartat Condicions Generals de l&#8217;App.<\/p>\n<p>&nbsp;<\/p>\n<ul>\n<li><a title=\"https:\/\/dinantia.com\/es\/politica-privacidad\/\" href=\"https:\/\/dinantia.com\/es\/politica-privacidad\/\" target=\"_blank\" rel=\"noopener noreferrer\" data-auth=\"NotApplicable\" data-linkindex=\"2\">Pol\u00edtica privacitat<\/a><\/li>\n<li><a title=\"https:\/\/dinantia.com\/es\/condiciones-generales\/\" href=\"https:\/\/dinantia.com\/es\/condiciones-generales\/\" target=\"_blank\" rel=\"noopener noreferrer\" data-auth=\"NotApplicable\" data-linkindex=\"3\">Avisos legals i condicions generals<\/a><\/li>\n<li><a title=\"https:\/\/dinantia.com\/es\/politica-de-cookies\/\" href=\"https:\/\/dinantia.com\/es\/politica-de-cookies\/\" target=\"_blank\" rel=\"noopener noreferrer\" data-auth=\"NotApplicable\" data-linkindex=\"4\">Pol\u00edtica de cookies<\/a><\/li>\n<\/ul>\n<p>&nbsp;<\/p>\n<p>Moltes gr\u00e0cies per la vostra col\u00b7laboraci\u00f3.<\/p>\n<p>Salutacions cordials,<\/p>\n<\/div>\n<div><\/div>\n<div>\n<div class=\"x_gmail_signature\" dir=\"ltr\">\n<div dir=\"ltr\">\n<div><b>Escola Riu Segre<\/b><\/div>\n<div>Av. Tortosa, 86 &#8211; Lleida 25005 &#8211; 973 23 45 07<\/div>\n<div><span style=\"font-family: verdana, sans-serif;\"><img loading=\"lazy\" decoding=\"async\" src=\"https:\/\/ci3.googleusercontent.com\/mail-sig\/AIorK4wktBEIxCgTeCBt5PHutrZL0-fJ0f_f2jNgusyRw11ilKLYoirF-PxUNCwoRMcZfnOGgixL0wHdN05x\" width=\"96\" height=\"82\" data-imagetype=\"External\" \/><\/span><\/div>\n<\/div>\n<\/div>\n<\/div>\n","protected":false},"excerpt":{"rendered":"<p>Benvolgudes fam\u00edlies, A l&#8217;escola Riu Segre apostem per les noves tecnologies. Per aquest motiu hem decidit comen\u00e7ar a utilitzar l&#8217;aplicaci\u00f3 m\u00f2bil\u00a0Dinantia\u00a0per a la comunicaci\u00f3 entre el centre i les fam\u00edlies. Es tracta d&#8217;una nova eina senzilla i r\u00e0pida. Amb\u00a0Dinantia\u00a0rebreu en el vostre m\u00f2bil les notificacions oficials del col\u00b7legi, informaci\u00f3 directa i immediata del tutor\/a del [&hellip;]<\/p>\n","protected":false},"author":47,"featured_media":0,"parent":10249,"menu_order":5,"comment_status":"closed","ping_status":"closed","template":"","meta":{"_bbp_topic_count":0,"_bbp_reply_count":0,"_bbp_total_topic_count":0,"_bbp_total_reply_count":0,"_bbp_voice_count":0,"_bbp_anonymous_reply_count":0,"_bbp_topic_count_hidden":0,"_bbp_reply_count_hidden":0,"_bbp_forum_subforum_count":0,"site-sidebar-layout":"default","site-content-layout":"","ast-site-content-layout":"default","site-content-style":"default","site-sidebar-style":"default","ast-global-header-display":"","ast-banner-title-visibility":"","ast-main-header-display":"","ast-hfb-above-header-display":"","ast-hfb-below-header-display":"","ast-hfb-mobile-header-display":"","site-post-title":"","ast-breadcrumbs-content":"","ast-featured-img":"","footer-sml-layout":"","theme-transparent-header-meta":"default","adv-header-id-meta":"","stick-header-meta":"","header-above-stick-meta":"","header-main-stick-meta":"","header-below-stick-meta":"","astra-migrate-meta-layouts":"set","ast-page-background-enabled":"default","ast-page-background-meta":{"desktop":{"background-color":"var(--ast-global-color-4)","background-image":"","background-repeat":"repeat","background-position":"center center","background-size":"auto","background-attachment":"scroll","background-type":"","background-media":"","overlay-type":"","overlay-color":"","overlay-opacity":"","overlay-gradient":""},"tablet":{"background-color":"","background-image":"","background-repeat":"repeat","background-position":"center center","background-size":"auto","background-attachment":"scroll","background-type":"","background-media":"","overlay-type":"","overlay-color":"","overlay-opacity":"","overlay-gradient":""},"mobile":{"background-color":"","background-image":"","background-repeat":"repeat","background-position":"center center","background-size":"auto","background-attachment":"scroll","background-type":"","background-media":"","overlay-type":"","overlay-color":"","overlay-opacity":"","overlay-gradient":""}},"ast-content-background-meta":{"desktop":{"background-color":"var(--ast-global-color-5)","background-image":"","background-repeat":"repeat","background-position":"center center","background-size":"auto","background-attachment":"scroll","background-type":"","background-media":"","overlay-type":"","overlay-color":"","overlay-opacity":"","overlay-gradient":""},"tablet":{"background-color":"var(--ast-global-color-5)","background-image":"","background-repeat":"repeat","background-position":"center center","background-size":"auto","background-attachment":"scroll","background-type":"","background-media":"","overlay-type":"","overlay-color":"","overlay-opacity":"","overlay-gradient":""},"mobile":{"background-color":"var(--ast-global-color-5)","background-image":"","background-repeat":"repeat","background-position":"center center","background-size":"auto","background-attachment":"scroll","background-type":"","background-media":"","overlay-type":"","overlay-color":"","overlay-opacity":"","overlay-gradient":""}},"footnotes":""},"class_list":["post-10408","page","type-page","status-publish","hentry"],"post_mailing_queue_ids":[],"_links":{"self":[{"href":"https:\/\/agora.xtec.cat\/esc-riusegre\/wp-json\/wp\/v2\/pages\/10408","targetHints":{"allow":["GET"]}}],"collection":[{"href":"https:\/\/agora.xtec.cat\/esc-riusegre\/wp-json\/wp\/v2\/pages"}],"about":[{"href":"https:\/\/agora.xtec.cat\/esc-riusegre\/wp-json\/wp\/v2\/types\/page"}],"author":[{"embeddable":true,"href":"https:\/\/agora.xtec.cat\/esc-riusegre\/wp-json\/wp\/v2\/users\/47"}],"replies":[{"embeddable":true,"href":"https:\/\/agora.xtec.cat\/esc-riusegre\/wp-json\/wp\/v2\/comments?post=10408"}],"version-history":[{"count":2,"href":"https:\/\/agora.xtec.cat\/esc-riusegre\/wp-json\/wp\/v2\/pages\/10408\/revisions"}],"predecessor-version":[{"id":10411,"href":"https:\/\/agora.xtec.cat\/esc-riusegre\/wp-json\/wp\/v2\/pages\/10408\/revisions\/10411"}],"up":[{"embeddable":true,"href":"https:\/\/agora.xtec.cat\/esc-riusegre\/wp-json\/wp\/v2\/pages\/10249"}],"wp:attachment":[{"href":"https:\/\/agora.xtec.cat\/esc-riusegre\/wp-json\/wp\/v2\/media?parent=10408"}],"curies":[{"name":"wp","href":"https:\/\/api.w.org\/{rel}","templated":true}]}}