{"id":9416,"date":"2017-12-01T23:37:45","date_gmt":"2017-12-01T22:37:45","guid":{"rendered":"http:\/\/agora.xtec.cat\/esc-riera-alta\/?page_id=9416"},"modified":"2017-12-03T23:35:07","modified_gmt":"2017-12-03T22:35:07","slug":"viure-i-tocar-les-mates","status":"publish","type":"page","link":"https:\/\/agora.xtec.cat\/esc-riera-alta\/viure-i-tocar-les-mates\/","title":{"rendered":"Viure i tocar les mates"},"content":{"rendered":"<p>I&#8230; qu\u00e8 vol dir que &#8220;ens emportem 1&#8221;?<\/p>\n<p>A l&#8217;escola procurem que els nostres infants gaudeixin amb el m\u00f3n matem\u00e0tic. Durant molt de temps, l&#8217;aprenentatge de les matem\u00e0tiques es va basar en processos memor\u00edstics mec\u00e0nics, buits de raonament i comprensi\u00f3. El que volem potenciar en els infants \u00e9s la seva capacitat de manera comprensiva i efica\u00e7 els coneixements que s&#8217;aprenen a l&#8217;escola i d&#8217;aplicar-los a les situacions de la vida quotidana.<\/p>\n<p>Aix\u00ed doncs, a partir del propi cos, de contexts reals, de materials manipulables (inespec\u00edfics, comercialitzats o dissenyats pel mestre) i de jocs iniciem als infants en la vivenciaci\u00f3 i la manipulaci\u00f3 de les matem\u00e0tiques per anar avan\u00e7ant cap a la seva simbolitzaci\u00f3 i abstracci\u00f3 i aix\u00ed arribar en \u00faltim terme a generalitzar i aplicar all\u00f2 apr\u00e8s.<\/p>\n<p>Un dels recursos clau que fem sevir a l&#8217;escola pel treball de la numeraci\u00f3 i el c\u00e0lcul s\u00f3n els reglets* (multibase de colors). Els reglets permeten visualitzar i manipular les quantitats, a partir del seu \u00fas, millorem el c\u00e0lcul mental, i afavorim la comprensi\u00f3\u00a0de les operacions.<\/p>\n<p>Els seg\u00fcent recull de videos \u00e9s una petita mostra de com treballem les operacions matem\u00e0tiques b\u00e0siques (suma, resta, multiplicaci\u00f3 i divisi\u00f3).<\/p>\n<p>*(Material promogut pels pedagogs Cusinaire i M\u00aa Antonia Canals)<\/p>\n<div class=\"ast-oembed-container \" style=\"height: 100%;\"><iframe loading=\"lazy\" title=\"sumes 1r   Noa\" width=\"500\" height=\"375\" src=\"https:\/\/www.youtube.com\/embed\/82GDejg_sJ4?feature=oembed\" frameborder=\"0\" allow=\"accelerometer; autoplay; clipboard-write; encrypted-media; gyroscope; picture-in-picture; web-share\" referrerpolicy=\"strict-origin-when-cross-origin\" allowfullscreen><\/iframe><\/div>\n<div class=\"ast-oembed-container \" style=\"height: 100%;\"><iframe loading=\"lazy\" title=\"sumes 2\" width=\"500\" height=\"375\" src=\"https:\/\/www.youtube.com\/embed\/EDuctwJ8ojw?feature=oembed\" frameborder=\"0\" allow=\"accelerometer; autoplay; clipboard-write; encrypted-media; gyroscope; picture-in-picture; web-share\" referrerpolicy=\"strict-origin-when-cross-origin\" allowfullscreen><\/iframe><\/div>\n<p>&nbsp;<\/p>\n<div class=\"ast-oembed-container \" style=\"height: 100%;\"><iframe loading=\"lazy\" title=\"restes\" width=\"500\" height=\"375\" src=\"https:\/\/www.youtube.com\/embed\/HQckktuDboo?feature=oembed\" frameborder=\"0\" allow=\"accelerometer; autoplay; clipboard-write; encrypted-media; gyroscope; picture-in-picture; web-share\" referrerpolicy=\"strict-origin-when-cross-origin\" allowfullscreen><\/iframe><\/div>\n<p>&nbsp;<\/p>\n<div class=\"ast-oembed-container \" style=\"height: 100%;\"><iframe loading=\"lazy\" title=\"multiplicacions\" width=\"500\" height=\"375\" src=\"https:\/\/www.youtube.com\/embed\/0KcfzuiolK0?feature=oembed\" frameborder=\"0\" allow=\"accelerometer; autoplay; clipboard-write; encrypted-media; gyroscope; picture-in-picture; web-share\" referrerpolicy=\"strict-origin-when-cross-origin\" allowfullscreen><\/iframe><\/div>\n","protected":false},"excerpt":{"rendered":"<p>I&#8230; qu\u00e8 vol dir que &#8220;ens emportem 1&#8221;? A l&#8217;escola procurem que els nostres infants gaudeixin amb el m\u00f3n matem\u00e0tic. Durant molt de temps, l&#8217;aprenentatge de les matem\u00e0tiques es va basar en processos memor\u00edstics mec\u00e0nics, buits de raonament i comprensi\u00f3. El que volem potenciar en els infants \u00e9s la seva capacitat de manera comprensiva i [&hellip;]<\/p>\n","protected":false},"author":1,"featured_media":0,"parent":0,"menu_order":60,"comment_status":"closed","ping_status":"closed","template":"page-templates\/side-menu.php","meta":{"_bbp_topic_count":0,"_bbp_reply_count":0,"_bbp_total_topic_count":0,"_bbp_total_reply_count":0,"_bbp_voice_count":0,"_bbp_anonymous_reply_count":0,"_bbp_topic_count_hidden":0,"_bbp_reply_count_hidden":0,"_bbp_forum_subforum_count":0,"site-sidebar-layout":"default","site-content-layout":"","ast-site-content-layout":"","site-content-style":"default","site-sidebar-style":"default","ast-global-header-display":"","ast-banner-title-visibility":"","ast-main-header-display":"","ast-hfb-above-header-display":"","ast-hfb-below-header-display":"","ast-hfb-mobile-header-display":"","site-post-title":"","ast-breadcrumbs-content":"","ast-featured-img":"","footer-sml-layout":"","theme-transparent-header-meta":"","adv-header-id-meta":"","stick-header-meta":"","header-above-stick-meta":"","header-main-stick-meta":"","header-below-stick-meta":"","astra-migrate-meta-layouts":"default","ast-page-background-enabled":"default","ast-page-background-meta":{"desktop":{"background-color":"var(--ast-global-color-4)","background-image":"","background-repeat":"repeat","background-position":"center center","background-size":"auto","background-attachment":"scroll","background-type":"","background-media":"","overlay-type":"","overlay-color":"","overlay-opacity":"","overlay-gradient":""},"tablet":{"background-color":"","background-image":"","background-repeat":"repeat","background-position":"center center","background-size":"auto","background-attachment":"scroll","background-type":"","background-media":"","overlay-type":"","overlay-color":"","overlay-opacity":"","overlay-gradient":""},"mobile":{"background-color":"","background-image":"","background-repeat":"repeat","background-position":"center center","background-size":"auto","background-attachment":"scroll","background-type":"","background-media":"","overlay-type":"","overlay-color":"","overlay-opacity":"","overlay-gradient":""}},"ast-content-background-meta":{"desktop":{"background-color":"var(--ast-global-color-5)","background-image":"","background-repeat":"repeat","background-position":"center center","background-size":"auto","background-attachment":"scroll","background-type":"","background-media":"","overlay-type":"","overlay-color":"","overlay-opacity":"","overlay-gradient":""},"tablet":{"background-color":"var(--ast-global-color-5)","background-image":"","background-repeat":"repeat","background-position":"center center","background-size":"auto","background-attachment":"scroll","background-type":"","background-media":"","overlay-type":"","overlay-color":"","overlay-opacity":"","overlay-gradient":""},"mobile":{"background-color":"var(--ast-global-color-5)","background-image":"","background-repeat":"repeat","background-position":"center center","background-size":"auto","background-attachment":"scroll","background-type":"","background-media":"","overlay-type":"","overlay-color":"","overlay-opacity":"","overlay-gradient":""}},"footnotes":""},"class_list":["post-9416","page","type-page","status-publish","hentry"],"post_mailing_queue_ids":[],"_links":{"self":[{"href":"https:\/\/agora.xtec.cat\/esc-riera-alta\/wp-json\/wp\/v2\/pages\/9416","targetHints":{"allow":["GET"]}}],"collection":[{"href":"https:\/\/agora.xtec.cat\/esc-riera-alta\/wp-json\/wp\/v2\/pages"}],"about":[{"href":"https:\/\/agora.xtec.cat\/esc-riera-alta\/wp-json\/wp\/v2\/types\/page"}],"author":[{"embeddable":true,"href":"https:\/\/agora.xtec.cat\/esc-riera-alta\/wp-json\/wp\/v2\/users\/1"}],"replies":[{"embeddable":true,"href":"https:\/\/agora.xtec.cat\/esc-riera-alta\/wp-json\/wp\/v2\/comments?post=9416"}],"version-history":[{"count":3,"href":"https:\/\/agora.xtec.cat\/esc-riera-alta\/wp-json\/wp\/v2\/pages\/9416\/revisions"}],"predecessor-version":[{"id":9550,"href":"https:\/\/agora.xtec.cat\/esc-riera-alta\/wp-json\/wp\/v2\/pages\/9416\/revisions\/9550"}],"wp:attachment":[{"href":"https:\/\/agora.xtec.cat\/esc-riera-alta\/wp-json\/wp\/v2\/media?parent=9416"}],"curies":[{"name":"wp","href":"https:\/\/api.w.org\/{rel}","templated":true}]}}