{"id":9067,"date":"2017-11-10T22:10:25","date_gmt":"2017-11-10T21:10:25","guid":{"rendered":"http:\/\/agora.xtec.cat\/esc-riera-alta\/?page_id=9067"},"modified":"2021-02-25T16:48:38","modified_gmt":"2021-02-25T15:48:38","slug":"ambients","status":"publish","type":"page","link":"https:\/\/agora.xtec.cat\/esc-riera-alta\/ambients\/","title":{"rendered":"Ambients"},"content":{"rendered":"<p>ELS AMBIENTS AL RIERA<\/p>\n<p><em>Una mirada respectuosa cap als nostres infants.<\/em><\/p>\n<p>Creiem en un infant, potent, creador, aut\u00f2nom, actiu, curi\u00f3s, observador, capa\u00e7, amb il\u00b7lusi\u00f3 per aprendre amb ganes de saber i entendre qu\u00e8 passa al seu voltant amb una innata capacitat per explorar.<\/p>\n<p>Per aquesta ra\u00f3, EL TREBALL D\u2019AMBIENTS \u00e9s una part important de la nostra metodologia d\u2019escola al Cicle Infantil i al Cicle Inicial. Volem propiciar situacions on es puguin desenvolupar les capacitats innates perqu\u00e8 l\u2019infant pugui anar construint la seva ment i el seu cos, afavorint la seva socialitzaci\u00f3.<\/p>\n<p>El treball mitjan\u00e7ant els ambients d\u2019aprenentatge consisteix, b\u00e0sicament, en una manera diferent d\u2019organitzar els alumnes, l\u2019espai i els materials per tal de propiciar i construir un lloc d\u2019aprenentatge lliure que sorgeix de l\u2019espontane\u00eftat.<\/p>\n<p>En aquest ambient l\u2019infant \u00e9s el protagonista i constructor del seu propi aprenentatge: investiga, prova, assaja, modifica, construeix, destrueix, parla, raona, explica, inventa&#8230; Els nens i nenes\u00a0 dins de cada ambient troben diferents materials i espais per experimentar, manipular, documentar-se i representar les seves descobertes. Aix\u00f2 fa que es desenvolupi en molts aspectes com: l\u2019autonomia, la relaci\u00f3 amb els altres, la iniciativa personal.<\/p>\n<p>Aix\u00ed doncs, mitjan\u00e7ant aquesta orientaci\u00f3 pedag\u00f2gica, volem que els alumnes participin d\u2019una manera m\u00e9s activa, lliure, constructiva, creativa del seu aprenentatge escolar i del seu creixement com a persones.<\/p>\n<p>La mirada de l\u2019adult es centra en observar i orientar a l\u2019infant sense dirigir les seves accions, \u00a0sin\u00f3 acompanyant-lo en el proc\u00e9s d\u2019aprenentatge. Fer de guia, d\u2019organitzador\/a de mediador\/a que faciliti el proc\u00e9s, en definitiva, donar \u00e8mfasi a educar i no tant a ensenyar.<\/p>\n<p>L\u2019infant \u00e9s el constructor del seu propi aprenentatge. Considerem important tamb\u00e9 l\u2019organitzaci\u00f3 de grups naturals, no constitu\u00efts per edats, sin\u00f3 per interessos. Es donen relacions d\u2019ajuda m\u00fatua, on els infants m\u00e9s madurs serveixin de model per tal d\u2019estructurar el joc i construir l\u2019aprenentatge i el creixement com a persona.<\/p>\n<p>Hi ha diferents propostes d\u2019ambients a infantil:<\/p>\n<ul>\n<li>A JUGAR (jocs cooperatius)<\/li>\n<li>ART<\/li>\n<li>CONSTRU\u00cfM HIST\u00d2RIES<\/li>\n<li>LA LLUM<\/li>\n<li>ART<\/li>\n<li>EXPERIMENTEM<\/li>\n<li>CIUTAT RIERA (joc simb\u00f2lic: Hospital, Botigueta, Teatre i Caseta)<\/li>\n<li><iframe loading=\"lazy\" src=\"https:\/\/www.youtube.com\/embed\/UgHoQbPB3eg?feature=oembed\" width=\"1383\" height=\"778\" frameborder=\"0\"><\/iframe><\/li>\n<\/ul>\n","protected":false},"excerpt":{"rendered":"<p>ELS AMBIENTS AL RIERA Una mirada respectuosa cap als nostres infants. Creiem en un infant, potent, creador, aut\u00f2nom, actiu, curi\u00f3s, observador, capa\u00e7, amb il\u00b7lusi\u00f3 per aprendre amb ganes de saber i entendre qu\u00e8 passa al seu voltant amb una innata capacitat per explorar. Per aquesta ra\u00f3, EL TREBALL D\u2019AMBIENTS \u00e9s una part important de la [&hellip;]<\/p>\n","protected":false},"author":3,"featured_media":0,"parent":0,"menu_order":30,"comment_status":"closed","ping_status":"closed","template":"page-templates\/side-menu.php","meta":{"_bbp_topic_count":0,"_bbp_reply_count":0,"_bbp_total_topic_count":0,"_bbp_total_reply_count":0,"_bbp_voice_count":0,"_bbp_anonymous_reply_count":0,"_bbp_topic_count_hidden":0,"_bbp_reply_count_hidden":0,"_bbp_forum_subforum_count":0,"site-sidebar-layout":"default","site-content-layout":"","ast-site-content-layout":"","site-content-style":"default","site-sidebar-style":"default","ast-global-header-display":"","ast-banner-title-visibility":"","ast-main-header-display":"","ast-hfb-above-header-display":"","ast-hfb-below-header-display":"","ast-hfb-mobile-header-display":"","site-post-title":"","ast-breadcrumbs-content":"","ast-featured-img":"","footer-sml-layout":"","theme-transparent-header-meta":"","adv-header-id-meta":"","stick-header-meta":"","header-above-stick-meta":"","header-main-stick-meta":"","header-below-stick-meta":"","astra-migrate-meta-layouts":"default","ast-page-background-enabled":"default","ast-page-background-meta":{"desktop":{"background-color":"var(--ast-global-color-4)","background-image":"","background-repeat":"repeat","background-position":"center center","background-size":"auto","background-attachment":"scroll","background-type":"","background-media":"","overlay-type":"","overlay-color":"","overlay-opacity":"","overlay-gradient":""},"tablet":{"background-color":"","background-image":"","background-repeat":"repeat","background-position":"center center","background-size":"auto","background-attachment":"scroll","background-type":"","background-media":"","overlay-type":"","overlay-color":"","overlay-opacity":"","overlay-gradient":""},"mobile":{"background-color":"","background-image":"","background-repeat":"repeat","background-position":"center center","background-size":"auto","background-attachment":"scroll","background-type":"","background-media":"","overlay-type":"","overlay-color":"","overlay-opacity":"","overlay-gradient":""}},"ast-content-background-meta":{"desktop":{"background-color":"var(--ast-global-color-5)","background-image":"","background-repeat":"repeat","background-position":"center center","background-size":"auto","background-attachment":"scroll","background-type":"","background-media":"","overlay-type":"","overlay-color":"","overlay-opacity":"","overlay-gradient":""},"tablet":{"background-color":"var(--ast-global-color-5)","background-image":"","background-repeat":"repeat","background-position":"center center","background-size":"auto","background-attachment":"scroll","background-type":"","background-media":"","overlay-type":"","overlay-color":"","overlay-opacity":"","overlay-gradient":""},"mobile":{"background-color":"var(--ast-global-color-5)","background-image":"","background-repeat":"repeat","background-position":"center center","background-size":"auto","background-attachment":"scroll","background-type":"","background-media":"","overlay-type":"","overlay-color":"","overlay-opacity":"","overlay-gradient":""}},"footnotes":""},"class_list":["post-9067","page","type-page","status-publish","hentry"],"post_mailing_queue_ids":[],"_links":{"self":[{"href":"https:\/\/agora.xtec.cat\/esc-riera-alta\/wp-json\/wp\/v2\/pages\/9067","targetHints":{"allow":["GET"]}}],"collection":[{"href":"https:\/\/agora.xtec.cat\/esc-riera-alta\/wp-json\/wp\/v2\/pages"}],"about":[{"href":"https:\/\/agora.xtec.cat\/esc-riera-alta\/wp-json\/wp\/v2\/types\/page"}],"author":[{"embeddable":true,"href":"https:\/\/agora.xtec.cat\/esc-riera-alta\/wp-json\/wp\/v2\/users\/3"}],"replies":[{"embeddable":true,"href":"https:\/\/agora.xtec.cat\/esc-riera-alta\/wp-json\/wp\/v2\/comments?post=9067"}],"version-history":[{"count":3,"href":"https:\/\/agora.xtec.cat\/esc-riera-alta\/wp-json\/wp\/v2\/pages\/9067\/revisions"}],"predecessor-version":[{"id":17525,"href":"https:\/\/agora.xtec.cat\/esc-riera-alta\/wp-json\/wp\/v2\/pages\/9067\/revisions\/17525"}],"wp:attachment":[{"href":"https:\/\/agora.xtec.cat\/esc-riera-alta\/wp-json\/wp\/v2\/media?parent=9067"}],"curies":[{"name":"wp","href":"https:\/\/api.w.org\/{rel}","templated":true}]}}