{"id":8830,"date":"2017-07-23T10:41:37","date_gmt":"2017-07-23T08:41:37","guid":{"rendered":"http:\/\/agora.xtec.cat\/esc-riera-alta\/?page_id=8830"},"modified":"2024-04-29T13:46:01","modified_gmt":"2024-04-29T11:46:01","slug":"documents","status":"publish","type":"page","link":"https:\/\/agora.xtec.cat\/esc-riera-alta\/lescola\/documents\/","title":{"rendered":"Documents"},"content":{"rendered":"<table style=\"border-collapse: collapse; width: 100%;\" border=\"1\">\n<tbody>\n<tr>\n<td style=\"width: 50%;\"><a href=\"http:\/\/agora.xtec.cat\/esc-riera-alta\/wp-content\/uploads\/usu797\/bp-attachments\/9532\/carta-comprom\u00eds.pdf\" target=\"_blank\" rel=\"noopener noreferrer\">Carta comprom\u00eds\u00a0educatiu<\/a><\/p>\n<p>&nbsp;<\/p>\n<p><a href=\"https:\/\/agora.xtec.cat\/esc-riera-alta\/wp-content\/uploads\/usu797\/2019\/02\/NOFC-PDF.pdf\" target=\"_blank\" rel=\"noopener noreferrer\">NOFC PDF<\/a><\/p>\n<p>&nbsp;<\/p>\n<p><a href=\"https:\/\/agora.xtec.cat\/esc-riera-alta\/wp-content\/uploads\/usu797\/2020\/03\/PLA-LING\u00dc\u00cdSTIC-RIERA-ALTA-1-3.pdf\">PLA LING\u00dc\u00cdSTIC RIERA ALTA<\/a><\/p>\n<p>&nbsp;<\/p>\n<p><a href=\"https:\/\/agora.xtec.cat\/esc-riera-alta\/wp-content\/uploads\/usu797\/2019\/12\/PEC-Escola-Riera-Alta-19-20-WEB.pdf\">PEC &#8211; Escola Riera Alta 19-20 WEB<\/a><\/p>\n<p>&nbsp;<\/p>\n<p><a href=\"https:\/\/drive.google.com\/file\/d\/1so65w3IJ_ojbOGRjkFzgbA82hIHsUSae\/view?usp=sharing\">Escola Riera Alta &#8211; PROJECTE DE CONVIV\u00c8NCIA<\/a><\/p>\n<p>&nbsp;<\/p>\n<p><a href=\"https:\/\/sites.google.com\/xtec.cat\/edc-escolarieraalta\/inici\">ESTRAT\u00c8GIA DIGITAL DE CENTRE<\/a><\/p>\n<p>&nbsp;<\/td>\n<td style=\"width: 50%;\"><a style=\"color: #2795b6; font-size: 16px;\" href=\"http:\/\/agora.xtec.cat\/esc-riera-alta\/wp-content\/uploads\/usu797\/bp-attachments\/9537\/autoritzacio-medicaments.pdf\" target=\"_blank\" rel=\"noopener noreferrer\">Autoritzaci\u00f3 medicaments<\/a><\/p>\n<p>&nbsp;<\/p>\n<p>&nbsp;<\/td>\n<\/tr>\n<\/tbody>\n<\/table>\n<p>&nbsp;<\/p>\n<p>&nbsp;<\/p>\n","protected":false},"excerpt":{"rendered":"<p>Carta comprom\u00eds\u00a0educatiu &nbsp; NOFC PDF &nbsp; PLA LING\u00dc\u00cdSTIC RIERA ALTA &nbsp; PEC &#8211; Escola Riera Alta 19-20 WEB &nbsp; Escola Riera Alta &#8211; PROJECTE DE CONVIV\u00c8NCIA &nbsp; ESTRAT\u00c8GIA DIGITAL DE CENTRE &nbsp; Autoritzaci\u00f3 medicaments &nbsp; &nbsp; &nbsp; &nbsp;<\/p>\n","protected":false},"author":1,"featured_media":0,"parent":22,"menu_order":90,"comment_status":"closed","ping_status":"closed","template":"page-templates\/side-menu.php","meta":{"_bbp_topic_count":0,"_bbp_reply_count":0,"_bbp_total_topic_count":0,"_bbp_total_reply_count":0,"_bbp_voice_count":0,"_bbp_anonymous_reply_count":0,"_bbp_topic_count_hidden":0,"_bbp_reply_count_hidden":0,"_bbp_forum_subforum_count":0,"site-sidebar-layout":"default","site-content-layout":"","ast-site-content-layout":"","site-content-style":"default","site-sidebar-style":"default","ast-global-header-display":"","ast-banner-title-visibility":"","ast-main-header-display":"","ast-hfb-above-header-display":"","ast-hfb-below-header-display":"","ast-hfb-mobile-header-display":"","site-post-title":"","ast-breadcrumbs-content":"","ast-featured-img":"","footer-sml-layout":"","theme-transparent-header-meta":"","adv-header-id-meta":"","stick-header-meta":"","header-above-stick-meta":"","header-main-stick-meta":"","header-below-stick-meta":"","astra-migrate-meta-layouts":"default","ast-page-background-enabled":"default","ast-page-background-meta":{"desktop":{"background-color":"var(--ast-global-color-4)","background-image":"","background-repeat":"repeat","background-position":"center center","background-size":"auto","background-attachment":"scroll","background-type":"","background-media":"","overlay-type":"","overlay-color":"","overlay-opacity":"","overlay-gradient":""},"tablet":{"background-color":"","background-image":"","background-repeat":"repeat","background-position":"center center","background-size":"auto","background-attachment":"scroll","background-type":"","background-media":"","overlay-type":"","overlay-color":"","overlay-opacity":"","overlay-gradient":""},"mobile":{"background-color":"","background-image":"","background-repeat":"repeat","background-position":"center center","background-size":"auto","background-attachment":"scroll","background-type":"","background-media":"","overlay-type":"","overlay-color":"","overlay-opacity":"","overlay-gradient":""}},"ast-content-background-meta":{"desktop":{"background-color":"var(--ast-global-color-5)","background-image":"","background-repeat":"repeat","background-position":"center center","background-size":"auto","background-attachment":"scroll","background-type":"","background-media":"","overlay-type":"","overlay-color":"","overlay-opacity":"","overlay-gradient":""},"tablet":{"background-color":"var(--ast-global-color-5)","background-image":"","background-repeat":"repeat","background-position":"center center","background-size":"auto","background-attachment":"scroll","background-type":"","background-media":"","overlay-type":"","overlay-color":"","overlay-opacity":"","overlay-gradient":""},"mobile":{"background-color":"var(--ast-global-color-5)","background-image":"","background-repeat":"repeat","background-position":"center center","background-size":"auto","background-attachment":"scroll","background-type":"","background-media":"","overlay-type":"","overlay-color":"","overlay-opacity":"","overlay-gradient":""}},"footnotes":""},"class_list":["post-8830","page","type-page","status-publish","hentry"],"post_mailing_queue_ids":[],"_links":{"self":[{"href":"https:\/\/agora.xtec.cat\/esc-riera-alta\/wp-json\/wp\/v2\/pages\/8830","targetHints":{"allow":["GET"]}}],"collection":[{"href":"https:\/\/agora.xtec.cat\/esc-riera-alta\/wp-json\/wp\/v2\/pages"}],"about":[{"href":"https:\/\/agora.xtec.cat\/esc-riera-alta\/wp-json\/wp\/v2\/types\/page"}],"author":[{"embeddable":true,"href":"https:\/\/agora.xtec.cat\/esc-riera-alta\/wp-json\/wp\/v2\/users\/1"}],"replies":[{"embeddable":true,"href":"https:\/\/agora.xtec.cat\/esc-riera-alta\/wp-json\/wp\/v2\/comments?post=8830"}],"version-history":[{"count":5,"href":"https:\/\/agora.xtec.cat\/esc-riera-alta\/wp-json\/wp\/v2\/pages\/8830\/revisions"}],"predecessor-version":[{"id":23114,"href":"https:\/\/agora.xtec.cat\/esc-riera-alta\/wp-json\/wp\/v2\/pages\/8830\/revisions\/23114"}],"up":[{"embeddable":true,"href":"https:\/\/agora.xtec.cat\/esc-riera-alta\/wp-json\/wp\/v2\/pages\/22"}],"wp:attachment":[{"href":"https:\/\/agora.xtec.cat\/esc-riera-alta\/wp-json\/wp\/v2\/media?parent=8830"}],"curies":[{"name":"wp","href":"https:\/\/api.w.org\/{rel}","templated":true}]}}