{"id":87,"date":"2014-09-18T14:28:12","date_gmt":"2014-09-18T13:28:12","guid":{"rendered":"http:\/\/agora.xtec.cat\/esc-riera-alta\/?page_id=87"},"modified":"2026-01-11T10:30:33","modified_gmt":"2026-01-11T09:30:33","slug":"nivells","status":"publish","type":"page","link":"https:\/\/agora.xtec.cat\/esc-riera-alta\/nivells\/","title":{"rendered":"CICLES"},"content":{"rendered":"<div id=\"sites-chrome-adminfooter-container\">\n<ul class=\"sub-menu menu-odd menu-depth-1\">\n<li id=\"nav-menu-item-9340\" class=\"sub-menu-item menu-item-odd menu-item-depth-1 menu-item menu-item-type-taxonomy menu-item-object-category menu-item-has-children\" style=\"text-align: left;\"><a class=\"menu-link sub-menu-link\" href=\"http:\/\/agora.xtec.cat\/esc-riera-alta\/categoria\/infantil\/\">PETITS<\/a>\n<ul class=\"sub-menu menu-even sub-sub-menu menu-depth-2\">\n<li id=\"nav-menu-item-9343\" class=\"sub-menu-item sub-sub-menu-item menu-item-even menu-item-depth-2 menu-item menu-item-type-taxonomy menu-item-object-category\"><a class=\"menu-link sub-menu-link\" href=\"http:\/\/agora.xtec.cat\/esc-riera-alta\/categoria\/infantil\/p-3\/\">I &#8211; 3<\/a><\/li>\n<li id=\"nav-menu-item-9341\" class=\"sub-menu-item sub-sub-menu-item menu-item-even menu-item-depth-2 menu-item menu-item-type-taxonomy menu-item-object-category\"><a class=\"menu-link sub-menu-link\" href=\"http:\/\/agora.xtec.cat\/esc-riera-alta\/categoria\/infantil\/p4\/\">I &#8211; 4<\/a><\/li>\n<li id=\"nav-menu-item-9342\" class=\"sub-menu-item sub-sub-menu-item menu-item-even menu-item-depth-2 menu-item menu-item-type-taxonomy menu-item-object-category\"><a class=\"menu-link sub-menu-link\" href=\"http:\/\/agora.xtec.cat\/esc-riera-alta\/categoria\/infantil\/p5\/\">I\u00a0 &#8211; 5<\/a><\/li>\n<\/ul>\n<\/li>\n<li id=\"nav-menu-item-9350\" class=\"sub-menu-item menu-item-odd menu-item-depth-1 menu-item menu-item-type-taxonomy menu-item-object-category menu-item-has-children\" style=\"text-align: left;\">MITJANS\n<ul class=\"sub-menu menu-even sub-sub-menu menu-depth-2\">\n<li id=\"nav-menu-item-9344\" class=\"sub-menu-item sub-sub-menu-item menu-item-even menu-item-depth-2 menu-item menu-item-type-taxonomy menu-item-object-category\"><a class=\"menu-link sub-menu-link\" href=\"http:\/\/agora.xtec.cat\/esc-riera-alta\/categoria\/primaria\/1r\/\">1r<\/a><\/li>\n<li id=\"nav-menu-item-9345\" class=\"sub-menu-item sub-sub-menu-item menu-item-even menu-item-depth-2 menu-item menu-item-type-taxonomy menu-item-object-category\"><a class=\"menu-link sub-menu-link\" href=\"http:\/\/agora.xtec.cat\/esc-riera-alta\/categoria\/primaria\/2n\/\">2n<\/a><\/li>\n<li id=\"nav-menu-item-9346\" class=\"sub-menu-item sub-sub-menu-item menu-item-even menu-item-depth-2 menu-item menu-item-type-taxonomy menu-item-object-category\"><a class=\"menu-link sub-menu-link\" href=\"http:\/\/agora.xtec.cat\/esc-riera-alta\/categoria\/primaria\/3r\/\">3r<\/a><\/li>\n<\/ul>\n<\/li>\n<li id=\"nav-menu-item-9350\" class=\"sub-menu-item menu-item-odd menu-item-depth-1 menu-item menu-item-type-taxonomy menu-item-object-category menu-item-has-children\" style=\"text-align: left;\">GRANS\n<ul class=\"sub-menu menu-even sub-sub-menu menu-depth-2\">\n<li id=\"nav-menu-item-9347\" class=\"sub-menu-item sub-sub-menu-item menu-item-even menu-item-depth-2 menu-item menu-item-type-taxonomy menu-item-object-category\"><a class=\"menu-link sub-menu-link\" href=\"http:\/\/agora.xtec.cat\/esc-riera-alta\/categoria\/primaria\/4t\/\">4t<\/a><\/li>\n<li id=\"nav-menu-item-9348\" class=\"sub-menu-item sub-sub-menu-item menu-item-even menu-item-depth-2 menu-item menu-item-type-taxonomy menu-item-object-category\"><a class=\"menu-link sub-menu-link\" href=\"http:\/\/agora.xtec.cat\/esc-riera-alta\/categoria\/primaria\/5e\/\">5\u00e8<\/a><\/li>\n<li id=\"nav-menu-item-9349\" class=\"sub-menu-item sub-sub-menu-item menu-item-even menu-item-depth-2 menu-item menu-item-type-taxonomy menu-item-object-category\"><a class=\"menu-link sub-menu-link\" href=\"http:\/\/agora.xtec.cat\/esc-riera-alta\/categoria\/primaria\/6e\/\">6\u00e8<\/a><\/li>\n<\/ul>\n<\/li>\n<\/ul>\n<ul id=\"menu-menu-principal\" class=\"menu-principal\">\n<li id=\"nav-menu-item-9480\" class=\"main-menu-item menu-item-even menu-item-depth-0 menu-item menu-item-type-taxonomy menu-item-object-category menu-item-has-children\"><a class=\"menu-link main-menu-link\" href=\"http:\/\/agora.xtec.cat\/esc-riera-alta\/categoria\/mes\/\">i m\u00e9s\u2026<\/a>\n<ul class=\"sub-menu menu-odd menu-depth-1\">\n<li id=\"nav-menu-item-9481\" class=\"sub-menu-item menu-item-odd menu-item-depth-1 menu-item menu-item-type-taxonomy menu-item-object-category\" style=\"text-align: left;\"><a class=\"menu-link sub-menu-link\" href=\"http:\/\/agora.xtec.cat\/esc-riera-alta\/categoria\/mes\/angles\/\">Angl\u00e8s<\/a><\/li>\n<li id=\"nav-menu-item-9483\" class=\"sub-menu-item menu-item-odd menu-item-depth-1 menu-item menu-item-type-taxonomy menu-item-object-category\" style=\"text-align: left;\"><a class=\"menu-link sub-menu-link\" href=\"http:\/\/agora.xtec.cat\/esc-riera-alta\/categoria\/mes\/e-f\/\">Educaci\u00f3 F\u00edsica<\/a><\/li>\n<li id=\"nav-menu-item-9484\" class=\"sub-menu-item menu-item-odd menu-item-depth-1 menu-item menu-item-type-taxonomy menu-item-object-category\" style=\"text-align: left;\"><a class=\"menu-link sub-menu-link\" href=\"http:\/\/agora.xtec.cat\/esc-riera-alta\/categoria\/mes\/musica\/\">M\u00fasica<\/a><\/li>\n<li id=\"nav-menu-item-9482\" class=\"sub-menu-item menu-item-odd menu-item-depth-1 menu-item menu-item-type-taxonomy menu-item-object-category\" style=\"text-align: left;\"><a class=\"menu-link sub-menu-link\" href=\"http:\/\/agora.xtec.cat\/esc-riera-alta\/categoria\/mes\/booktrailers\/\">Booktrailers<\/a><\/li>\n<li id=\"nav-menu-item-9485\" class=\"sub-menu-item menu-item-odd menu-item-depth-1 menu-item menu-item-type-taxonomy menu-item-object-category\" style=\"text-align: left;\"><a class=\"menu-link sub-menu-link\" href=\"http:\/\/agora.xtec.cat\/esc-riera-alta\/categoria\/mes\/tic\/\">Rac\u00f3 Tic<\/a><\/li>\n<li>English<\/li>\n<\/ul>\n<\/li>\n<\/ul>\n<\/div>\n","protected":false},"excerpt":{"rendered":"<p>PETITS I &#8211; 3 I &#8211; 4 I\u00a0 &#8211; 5 MITJANS 1r 2n 3r GRANS 4t 5\u00e8 6\u00e8 i m\u00e9s\u2026 Angl\u00e8s Educaci\u00f3 F\u00edsica M\u00fasica Booktrailers Rac\u00f3 Tic English<\/p>\n","protected":false},"author":1,"featured_media":0,"parent":0,"menu_order":0,"comment_status":"closed","ping_status":"closed","template":"","meta":{"_bbp_topic_count":0,"_bbp_reply_count":0,"_bbp_total_topic_count":0,"_bbp_total_reply_count":0,"_bbp_voice_count":0,"_bbp_anonymous_reply_count":0,"_bbp_topic_count_hidden":0,"_bbp_reply_count_hidden":0,"_bbp_forum_subforum_count":0,"site-sidebar-layout":"default","site-content-layout":"","ast-site-content-layout":"default","site-content-style":"default","site-sidebar-style":"default","ast-global-header-display":"","ast-banner-title-visibility":"","ast-main-header-display":"","ast-hfb-above-header-display":"","ast-hfb-below-header-display":"","ast-hfb-mobile-header-display":"","site-post-title":"","ast-breadcrumbs-content":"","ast-featured-img":"","footer-sml-layout":"","theme-transparent-header-meta":"default","adv-header-id-meta":"","stick-header-meta":"","header-above-stick-meta":"","header-main-stick-meta":"","header-below-stick-meta":"","astra-migrate-meta-layouts":"set","ast-page-background-enabled":"default","ast-page-background-meta":{"desktop":{"background-color":"var(--ast-global-color-4)","background-image":"","background-repeat":"repeat","background-position":"center center","background-size":"auto","background-attachment":"scroll","background-type":"","background-media":"","overlay-type":"","overlay-color":"","overlay-opacity":"","overlay-gradient":""},"tablet":{"background-color":"","background-image":"","background-repeat":"repeat","background-position":"center center","background-size":"auto","background-attachment":"scroll","background-type":"","background-media":"","overlay-type":"","overlay-color":"","overlay-opacity":"","overlay-gradient":""},"mobile":{"background-color":"","background-image":"","background-repeat":"repeat","background-position":"center center","background-size":"auto","background-attachment":"scroll","background-type":"","background-media":"","overlay-type":"","overlay-color":"","overlay-opacity":"","overlay-gradient":""}},"ast-content-background-meta":{"desktop":{"background-color":"var(--ast-global-color-5)","background-image":"","background-repeat":"repeat","background-position":"center center","background-size":"auto","background-attachment":"scroll","background-type":"","background-media":"","overlay-type":"","overlay-color":"","overlay-opacity":"","overlay-gradient":""},"tablet":{"background-color":"var(--ast-global-color-5)","background-image":"","background-repeat":"repeat","background-position":"center center","background-size":"auto","background-attachment":"scroll","background-type":"","background-media":"","overlay-type":"","overlay-color":"","overlay-opacity":"","overlay-gradient":""},"mobile":{"background-color":"var(--ast-global-color-5)","background-image":"","background-repeat":"repeat","background-position":"center center","background-size":"auto","background-attachment":"scroll","background-type":"","background-media":"","overlay-type":"","overlay-color":"","overlay-opacity":"","overlay-gradient":""}},"footnotes":""},"class_list":["post-87","page","type-page","status-publish","hentry"],"post_mailing_queue_ids":[],"_links":{"self":[{"href":"https:\/\/agora.xtec.cat\/esc-riera-alta\/wp-json\/wp\/v2\/pages\/87","targetHints":{"allow":["GET"]}}],"collection":[{"href":"https:\/\/agora.xtec.cat\/esc-riera-alta\/wp-json\/wp\/v2\/pages"}],"about":[{"href":"https:\/\/agora.xtec.cat\/esc-riera-alta\/wp-json\/wp\/v2\/types\/page"}],"author":[{"embeddable":true,"href":"https:\/\/agora.xtec.cat\/esc-riera-alta\/wp-json\/wp\/v2\/users\/1"}],"replies":[{"embeddable":true,"href":"https:\/\/agora.xtec.cat\/esc-riera-alta\/wp-json\/wp\/v2\/comments?post=87"}],"version-history":[{"count":5,"href":"https:\/\/agora.xtec.cat\/esc-riera-alta\/wp-json\/wp\/v2\/pages\/87\/revisions"}],"predecessor-version":[{"id":24352,"href":"https:\/\/agora.xtec.cat\/esc-riera-alta\/wp-json\/wp\/v2\/pages\/87\/revisions\/24352"}],"wp:attachment":[{"href":"https:\/\/agora.xtec.cat\/esc-riera-alta\/wp-json\/wp\/v2\/media?parent=87"}],"curies":[{"name":"wp","href":"https:\/\/api.w.org\/{rel}","templated":true}]}}