{"id":26,"date":"2014-09-18T12:24:32","date_gmt":"2014-09-18T11:24:32","guid":{"rendered":"http:\/\/agora.xtec.cat\/esc-riera-alta\/?page_id=26"},"modified":"2018-06-30T19:04:12","modified_gmt":"2018-06-30T17:04:12","slug":"historia","status":"publish","type":"page","link":"https:\/\/agora.xtec.cat\/esc-riera-alta\/lescola\/historia\/","title":{"rendered":"Hist\u00f2ria"},"content":{"rendered":"<p style=\"text-align: right;\"><strong>HIST\u00d2RIA DE L\u2019ESCOLA\u00a0 \u00a0 \u00a0 \u00a0 \u00a0 \u00a0 \u00a0 \u00a0 \u00a0 \u00a0 \u00a0 \u00a0 \u00a0 \u00a0 \u00a0 \u00a0 \u00a0 \u00a0 \u00a0 \u00a0 \u00a0 \u00a0 \u00a0 \u00a0 \u00a0\u00a0<a href=\"http:\/\/agora.xtec.cat\/esc-riera-alta\/wp-content\/uploads\/usu797\/2014\/09\/pi.jpg\"><img loading=\"lazy\" decoding=\"async\" class=\"alignnone wp-image-12205\" src=\"http:\/\/agora.xtec.cat\/esc-riera-alta\/wp-content\/uploads\/usu797\/2014\/09\/pi.jpg\" alt=\"\" width=\"132\" height=\"176\" srcset=\"https:\/\/agora.xtec.cat\/esc-riera-alta\/wp-content\/uploads\/usu797\/2014\/09\/pi.jpg 279w, https:\/\/agora.xtec.cat\/esc-riera-alta\/wp-content\/uploads\/usu797\/2014\/09\/pi-226x300.jpg 226w\" sizes=\"auto, (max-width: 132px) 100vw, 132px\" \/><\/a><\/strong><\/p>\n<p>Les diferents ubicacions de l&#8217;escola (Serra de Marina i Merc\u00e8 Rodoreda) aix\u00ed com el seguiment d&#8217;obres va crear \u00a0una incertesa al llarg de 4 cursos escolars.L\u2019escola Riera Alta comen\u00e7a el curs 2009-10, amb un Claustre de 4 mestres i 39 fam\u00edlies. Tot i no tenir un edifici propi i haver de compartir un espai amb altres escoles, vam posar en marxa un projecte ple d\u2019il\u00b7lusi\u00f3, d\u2019emoci\u00f3, de comprom\u00eds i de gran esfor\u00e7 per part de mestres i fam\u00edlies.<\/p>\n<p>El curs 2010-11, acabat l\u2019edifici d&#8217;EI, \u00e9s quan l&#8217;escola comen\u00e7a a convertir-se en l\u2019escola del barri.<\/p>\n<p>El curs 2013 ja ten\u00edem tota l\u2019escola acabada i en marxa.<\/p>\n<p><strong>Situaci\u00f3 actual<\/strong><\/p>\n<p>Pel que fa a instal\u00b7lacions, actualment l\u2019escola consta d\u2019un edifici d\u2019EI amb 6 aules, sala de psicomotricitat, aula de petit grup, 2 banys, sala Rack i magatzem. Un edifici d\u2019EP amb gimn\u00e0s, menjador, cuina, sala de mestres, despatx de consergeria, d\u2019Ampa i d\u2019Equip directiu, biblioteca, 3 banys, 4 aules de petit grup , 1 aula de m\u00fasica, 1 aula d\u2019angl\u00e8s i 13 aules grans.<\/p>\n<p>L&#8217; escola \u00e9s de doble l\u00ednia i el curs 2017-18 sortir\u00e0 la primera promoci\u00f3 de 6\u00e8 cap a l&#8217; ESO.<\/p>\n<p>Al ser una escola de nova creaci\u00f3 ha implicat la incorporaci\u00f3 cada curs escolar de nous alumnes, noves fam\u00edlies i nous mestres.<\/p>\n<p>Ara ja tenim un projecte a partir de la nostra manera de veure i entendre l\u2019educaci\u00f3.<\/p>\n<p><a href=\"http:\/\/agora.xtec.cat\/esc-riera-alta\/wp-content\/uploads\/usu797\/2014\/09\/es.jpg\"><img loading=\"lazy\" decoding=\"async\" class=\"alignnone wp-image-12206\" src=\"http:\/\/agora.xtec.cat\/esc-riera-alta\/wp-content\/uploads\/usu797\/2014\/09\/es.jpg\" alt=\"\" width=\"278\" height=\"209\" srcset=\"https:\/\/agora.xtec.cat\/esc-riera-alta\/wp-content\/uploads\/usu797\/2014\/09\/es.jpg 500w, https:\/\/agora.xtec.cat\/esc-riera-alta\/wp-content\/uploads\/usu797\/2014\/09\/es-300x225.jpg 300w, https:\/\/agora.xtec.cat\/esc-riera-alta\/wp-content\/uploads\/usu797\/2014\/09\/es-200x150.jpg 200w\" sizes=\"auto, (max-width: 278px) 100vw, 278px\" \/><\/a><\/p>\n","protected":false},"excerpt":{"rendered":"<p>HIST\u00d2RIA DE L\u2019ESCOLA\u00a0 \u00a0 \u00a0 \u00a0 \u00a0 \u00a0 \u00a0 \u00a0 \u00a0 \u00a0 \u00a0 \u00a0 \u00a0 \u00a0 \u00a0 \u00a0 \u00a0 \u00a0 \u00a0 \u00a0 \u00a0 \u00a0 \u00a0 \u00a0 \u00a0\u00a0 Les diferents ubicacions de l&#8217;escola (Serra de Marina i Merc\u00e8 Rodoreda) aix\u00ed com el seguiment d&#8217;obres va crear \u00a0una incertesa al llarg de 4 cursos escolars.L\u2019escola Riera Alta [&hellip;]<\/p>\n","protected":false},"author":1,"featured_media":0,"parent":22,"menu_order":20,"comment_status":"closed","ping_status":"closed","template":"page-templates\/side-menu.php","meta":{"_bbp_topic_count":0,"_bbp_reply_count":0,"_bbp_total_topic_count":0,"_bbp_total_reply_count":0,"_bbp_voice_count":0,"_bbp_anonymous_reply_count":0,"_bbp_topic_count_hidden":0,"_bbp_reply_count_hidden":0,"_bbp_forum_subforum_count":0,"site-sidebar-layout":"default","site-content-layout":"","ast-site-content-layout":"","site-content-style":"default","site-sidebar-style":"default","ast-global-header-display":"","ast-banner-title-visibility":"","ast-main-header-display":"","ast-hfb-above-header-display":"","ast-hfb-below-header-display":"","ast-hfb-mobile-header-display":"","site-post-title":"","ast-breadcrumbs-content":"","ast-featured-img":"","footer-sml-layout":"","theme-transparent-header-meta":"","adv-header-id-meta":"","stick-header-meta":"","header-above-stick-meta":"","header-main-stick-meta":"","header-below-stick-meta":"","astra-migrate-meta-layouts":"default","ast-page-background-enabled":"default","ast-page-background-meta":{"desktop":{"background-color":"var(--ast-global-color-4)","background-image":"","background-repeat":"repeat","background-position":"center center","background-size":"auto","background-attachment":"scroll","background-type":"","background-media":"","overlay-type":"","overlay-color":"","overlay-opacity":"","overlay-gradient":""},"tablet":{"background-color":"","background-image":"","background-repeat":"repeat","background-position":"center center","background-size":"auto","background-attachment":"scroll","background-type":"","background-media":"","overlay-type":"","overlay-color":"","overlay-opacity":"","overlay-gradient":""},"mobile":{"background-color":"","background-image":"","background-repeat":"repeat","background-position":"center center","background-size":"auto","background-attachment":"scroll","background-type":"","background-media":"","overlay-type":"","overlay-color":"","overlay-opacity":"","overlay-gradient":""}},"ast-content-background-meta":{"desktop":{"background-color":"var(--ast-global-color-5)","background-image":"","background-repeat":"repeat","background-position":"center center","background-size":"auto","background-attachment":"scroll","background-type":"","background-media":"","overlay-type":"","overlay-color":"","overlay-opacity":"","overlay-gradient":""},"tablet":{"background-color":"var(--ast-global-color-5)","background-image":"","background-repeat":"repeat","background-position":"center center","background-size":"auto","background-attachment":"scroll","background-type":"","background-media":"","overlay-type":"","overlay-color":"","overlay-opacity":"","overlay-gradient":""},"mobile":{"background-color":"var(--ast-global-color-5)","background-image":"","background-repeat":"repeat","background-position":"center center","background-size":"auto","background-attachment":"scroll","background-type":"","background-media":"","overlay-type":"","overlay-color":"","overlay-opacity":"","overlay-gradient":""}},"footnotes":""},"class_list":["post-26","page","type-page","status-publish","hentry"],"post_mailing_queue_ids":[],"_links":{"self":[{"href":"https:\/\/agora.xtec.cat\/esc-riera-alta\/wp-json\/wp\/v2\/pages\/26","targetHints":{"allow":["GET"]}}],"collection":[{"href":"https:\/\/agora.xtec.cat\/esc-riera-alta\/wp-json\/wp\/v2\/pages"}],"about":[{"href":"https:\/\/agora.xtec.cat\/esc-riera-alta\/wp-json\/wp\/v2\/types\/page"}],"author":[{"embeddable":true,"href":"https:\/\/agora.xtec.cat\/esc-riera-alta\/wp-json\/wp\/v2\/users\/1"}],"replies":[{"embeddable":true,"href":"https:\/\/agora.xtec.cat\/esc-riera-alta\/wp-json\/wp\/v2\/comments?post=26"}],"version-history":[{"count":4,"href":"https:\/\/agora.xtec.cat\/esc-riera-alta\/wp-json\/wp\/v2\/pages\/26\/revisions"}],"predecessor-version":[{"id":13334,"href":"https:\/\/agora.xtec.cat\/esc-riera-alta\/wp-json\/wp\/v2\/pages\/26\/revisions\/13334"}],"up":[{"embeddable":true,"href":"https:\/\/agora.xtec.cat\/esc-riera-alta\/wp-json\/wp\/v2\/pages\/22"}],"wp:attachment":[{"href":"https:\/\/agora.xtec.cat\/esc-riera-alta\/wp-json\/wp\/v2\/media?parent=26"}],"curies":[{"name":"wp","href":"https:\/\/api.w.org\/{rel}","templated":true}]}}