{"id":16593,"date":"2020-09-27T16:03:14","date_gmt":"2020-09-27T14:03:14","guid":{"rendered":"http:\/\/agora.xtec.cat\/esc-riera-alta\/?page_id=16593"},"modified":"2026-01-11T22:37:51","modified_gmt":"2026-01-11T21:37:51","slug":"imatges-del-dia-a-dia","status":"publish","type":"page","link":"https:\/\/agora.xtec.cat\/esc-riera-alta\/nivells\/imatges-del-dia-a-dia\/","title":{"rendered":"IMATGES DEL DIA A DIA"},"content":{"rendered":"<h2 style=\"text-align: center;\"><a href=\"https:\/\/agora.xtec.cat\/esc-riera-alta\/nivells\/imatges-del-dia-a-dia\/festes-escola\/\"><span style=\"color: #0000ff;\">FESTES ESCOLA<\/span><\/a><\/h2>\n<h3><\/h3>\n<h3><span style=\"color: #0000ff;\">PETITS<\/span><\/h3>\n<h4><a href=\"https:\/\/agora.xtec.cat\/esc-riera-alta\/promocio-2022\/\">PROMOCI\u00d3 2022<\/a><\/h4>\n<h4><a href=\"https:\/\/agora.xtec.cat\/esc-riera-alta\/nivells\/imatges-del-dia-a-dia\/educacio-infantil\/promocio-2021\/\" target=\"_blank\" rel=\"noopener\">PROMOCI\u00d3 2021<\/a><\/h4>\n<h4><a href=\"https:\/\/agora.xtec.cat\/esc-riera-alta\/nivells\/imatges-del-dia-a-dia\/educacio-infantil\/promocio-2020\/\" target=\"_blank\" rel=\"noopener\">PROMOCI\u00d3 2020<\/a><\/h4>\n<p>&nbsp;<\/p>\n<h3><span style=\"color: #0000ff;\">MITJANS<\/span><\/h3>\n<h4><a href=\"https:\/\/agora.xtec.cat\/esc-riera-alta\/nivells\/imatges-del-dia-a-dia\/educacio-infantil\/promocio-2019\/\" target=\"_blank\" rel=\"noopener\">PROMOCI\u00d3 2019<\/a><\/h4>\n<h4><a style=\"color: #2795b6;\" href=\"https:\/\/agora.xtec.cat\/esc-riera-alta\/nivells\/imatges-del-dia-a-dia\/educacio-infantil\/promocio-2018\/\" target=\"_blank\" rel=\"noopener\">PROMOCI\u00d3 2018<\/a><\/h4>\n<h4><a href=\"https:\/\/agora.xtec.cat\/esc-riera-alta\/nivells\/imatges-del-dia-a-dia\/cicle-inicial\/p3\/\" target=\"_blank\" rel=\"noopener\">PROMOCI\u00d3 2017<\/a><\/h4>\n<p>&nbsp;<\/p>\n<h3><span style=\"color: #0000ff;\">GRANS<\/span><\/h3>\n<h4><a style=\"color: #2795b6;\" href=\"https:\/\/agora.xtec.cat\/esc-riera-alta\/nivells\/imatges-del-dia-a-dia\/educacio-infantil\/promocio-2016\/\" target=\"_blank\" rel=\"noopener\">PROMOCI\u00d3 2016<\/a><\/h4>\n<h4><a style=\"font-size: 1.125em; color: #2795b6;\" href=\"https:\/\/agora.xtec.cat\/esc-riera-alta\/nivells\/imatges-del-dia-a-dia\/cicle-inicial\/p5\/\" target=\"_blank\" rel=\"noopener\">PROMOCI\u00d3 2015<\/a><\/h4>\n<h4><a href=\"https:\/\/agora.xtec.cat\/esc-riera-alta\/nivells\/imatges-del-dia-a-dia\/cicle-inicial\/primer\/\" target=\"_blank\" rel=\"noopener\">PROMOCI\u00d3 2014<\/a><\/h4>\n<p>&nbsp;<\/p>\n<h4><\/h4>\n<h4><\/h4>\n","protected":false},"excerpt":{"rendered":"<p>FESTES ESCOLA PETITS PROMOCI\u00d3 2022 PROMOCI\u00d3 2021 PROMOCI\u00d3 2020 &nbsp; MITJANS PROMOCI\u00d3 2019 PROMOCI\u00d3 2018 PROMOCI\u00d3 2017 &nbsp; GRANS PROMOCI\u00d3 2016 PROMOCI\u00d3 2015 PROMOCI\u00d3 2014 &nbsp;<\/p>\n","protected":false},"author":1,"featured_media":0,"parent":87,"menu_order":10,"comment_status":"closed","ping_status":"closed","template":"","meta":{"_bbp_topic_count":0,"_bbp_reply_count":0,"_bbp_total_topic_count":0,"_bbp_total_reply_count":0,"_bbp_voice_count":0,"_bbp_anonymous_reply_count":0,"_bbp_topic_count_hidden":0,"_bbp_reply_count_hidden":0,"_bbp_forum_subforum_count":0,"site-sidebar-layout":"default","site-content-layout":"","ast-site-content-layout":"default","site-content-style":"default","site-sidebar-style":"default","ast-global-header-display":"","ast-banner-title-visibility":"","ast-main-header-display":"","ast-hfb-above-header-display":"","ast-hfb-below-header-display":"","ast-hfb-mobile-header-display":"","site-post-title":"","ast-breadcrumbs-content":"","ast-featured-img":"","footer-sml-layout":"","theme-transparent-header-meta":"default","adv-header-id-meta":"","stick-header-meta":"","header-above-stick-meta":"","header-main-stick-meta":"","header-below-stick-meta":"","astra-migrate-meta-layouts":"set","ast-page-background-enabled":"default","ast-page-background-meta":{"desktop":{"background-color":"var(--ast-global-color-4)","background-image":"","background-repeat":"repeat","background-position":"center center","background-size":"auto","background-attachment":"scroll","background-type":"","background-media":"","overlay-type":"","overlay-color":"","overlay-opacity":"","overlay-gradient":""},"tablet":{"background-color":"","background-image":"","background-repeat":"repeat","background-position":"center center","background-size":"auto","background-attachment":"scroll","background-type":"","background-media":"","overlay-type":"","overlay-color":"","overlay-opacity":"","overlay-gradient":""},"mobile":{"background-color":"","background-image":"","background-repeat":"repeat","background-position":"center center","background-size":"auto","background-attachment":"scroll","background-type":"","background-media":"","overlay-type":"","overlay-color":"","overlay-opacity":"","overlay-gradient":""}},"ast-content-background-meta":{"desktop":{"background-color":"var(--ast-global-color-5)","background-image":"","background-repeat":"repeat","background-position":"center center","background-size":"auto","background-attachment":"scroll","background-type":"","background-media":"","overlay-type":"","overlay-color":"","overlay-opacity":"","overlay-gradient":""},"tablet":{"background-color":"var(--ast-global-color-5)","background-image":"","background-repeat":"repeat","background-position":"center center","background-size":"auto","background-attachment":"scroll","background-type":"","background-media":"","overlay-type":"","overlay-color":"","overlay-opacity":"","overlay-gradient":""},"mobile":{"background-color":"var(--ast-global-color-5)","background-image":"","background-repeat":"repeat","background-position":"center center","background-size":"auto","background-attachment":"scroll","background-type":"","background-media":"","overlay-type":"","overlay-color":"","overlay-opacity":"","overlay-gradient":""}},"footnotes":""},"class_list":["post-16593","page","type-page","status-publish","hentry"],"post_mailing_queue_ids":[],"_links":{"self":[{"href":"https:\/\/agora.xtec.cat\/esc-riera-alta\/wp-json\/wp\/v2\/pages\/16593","targetHints":{"allow":["GET"]}}],"collection":[{"href":"https:\/\/agora.xtec.cat\/esc-riera-alta\/wp-json\/wp\/v2\/pages"}],"about":[{"href":"https:\/\/agora.xtec.cat\/esc-riera-alta\/wp-json\/wp\/v2\/types\/page"}],"author":[{"embeddable":true,"href":"https:\/\/agora.xtec.cat\/esc-riera-alta\/wp-json\/wp\/v2\/users\/1"}],"replies":[{"embeddable":true,"href":"https:\/\/agora.xtec.cat\/esc-riera-alta\/wp-json\/wp\/v2\/comments?post=16593"}],"version-history":[{"count":7,"href":"https:\/\/agora.xtec.cat\/esc-riera-alta\/wp-json\/wp\/v2\/pages\/16593\/revisions"}],"predecessor-version":[{"id":24393,"href":"https:\/\/agora.xtec.cat\/esc-riera-alta\/wp-json\/wp\/v2\/pages\/16593\/revisions\/24393"}],"up":[{"embeddable":true,"href":"https:\/\/agora.xtec.cat\/esc-riera-alta\/wp-json\/wp\/v2\/pages\/87"}],"wp:attachment":[{"href":"https:\/\/agora.xtec.cat\/esc-riera-alta\/wp-json\/wp\/v2\/media?parent=16593"}],"curies":[{"name":"wp","href":"https:\/\/api.w.org\/{rel}","templated":true}]}}